{"id":4362,"date":"2022-03-14T12:37:41","date_gmt":"2022-03-14T11:37:41","guid":{"rendered":"https:\/\/www.italyfamilyhotels.it\/family-hotels\/hotel-internazionale"},"modified":"2022-09-16T13:55:40","modified_gmt":"2022-09-16T11:55:40","slug":"hotel-internazionale-igea-marina","status":"publish","type":"page","link":"https:\/\/www.italyfamilyhotels.it\/de\/family-hotels\/hotel-internazionale-igea-marina","title":{"rendered":"Hotel Internazionale"},"content":{"rendered":"\n<p>\u201eDas Meer, der Duft des Meeres&#8230;\u201c hei\u00dft es in einem ber\u00fchmten Lied, und bei uns begleitet Sie der s\u00fc\u00dfe Duft des Meeres jeden Tag, denn wir befinden uns direkt an unserem <b>eigenen Privatstrand<\/b>. Wir sind in einer <b>strategischen Lage<\/b>, wo Sie w\u00e4hlen k\u00f6nnen, ob Sie sich in das typische Nachtleben der Romagna st\u00fcrzen oder einen Aufenthalt in v\u00f6lliger Ruhe genie\u00dfen m\u00f6chten.<\/p>\n\n\n\n<p>Das <b>Animationsteam<\/b> k\u00fcmmert sich um die Kinder, mit Aktivit\u00e4ten, Gruppenspielen und Workshops, sowohl am Strand als auch <b>in der umz\u00e4unten Gr\u00fcnanlage des Hotels<\/b>, wo es sogar zwei bunte <b>H\u00fcpfburgen<\/b> gibt, das Pink Castle und das Feuerstein-Haus!<\/p>\n\n\n\n<p>Fast h\u00e4tten wir unseren <b>auf 28 \u00b0C<\/b> <b>beheizten Superpool<\/b> vergessen, in dem Sie mit den Animateuren Wasseraerobic-Kurse und Schwimmen genie\u00dfen oder sich mit <b>Hydromassage oder <\/b>auf den Sonnenliegen entspannen k\u00f6nnen, w\u00e4hrend Sie Getr\u00e4nke von der <b>rund um die Uhr ge\u00f6ffneten Open Bar<\/b> zu sich nehmen.<\/p>\n\n\n\n<p>Bei den Mahlzeiten kommt die <b>Tradition der Romagna<\/b> zum Tragen, mit Gerichten aus <b>echten Zutaten<\/b> und einem besonderen Augenmerk auf Kinder und Menschen mit Nahrungsmittelunvertr\u00e4glichkeiten, begleitet von <b>Wasser, Wein, Bier und Getr\u00e4nken ohne Limit<\/b>.<\/p>\n\n\n\n<p>Auch in Ihrem Zimmer ist Entspannung garantiert, denn in den familienfreundlichen Zimmern finden Sie alles, was Sie f\u00fcr eine leichte Reise ben\u00f6tigen, wie <b>Babybetten, Flaschenw\u00e4rmer und Wickeltische<\/b>.<\/p>\n","protected":false},"excerpt":{"rendered":"<p>\u201eDas Meer, der Duft des Meeres&#8230;\u201c hei\u00dft es in einem ber\u00fchmten Lied, und bei uns begleitet Sie der s\u00fc\u00dfe Duft des Meeres jeden Tag, denn wir befinden uns direkt an unserem eigenen Privatstrand. Wir sind in einer strategischen Lage, wo Sie w\u00e4hlen k\u00f6nnen, ob Sie sich in das typische Nachtleben der Romagna st\u00fcrzen oder einen &hellip;<\/p>\n","protected":false},"author":70,"featured_media":0,"parent":94,"menu_order":0,"comment_status":"closed","ping_status":"closed","template":"page-templates\/scheda_hotel.php","meta":{"_acf_changed":false,"inline_featured_image":false,"footnotes":""},"class_list":["post-4362","page","type-page","status-publish","hentry"],"acf":[],"yoast_head":"<!-- This site is optimized with the Yoast SEO plugin v27.1 - https:\/\/yoast.com\/product\/yoast-seo-wordpress\/ -->\n<title>Hotel Internazionale, 3 Sterne, Igea Marina<\/title>\n<meta name=\"description\" content=\"Lust auf Urlaub mit Ihrer Familie? Entdecken Sie die Familienangebote im Hotel Internazionale in Igea Marina\" \/>\n<meta name=\"robots\" content=\"index, follow, max-snippet:-1, max-image-preview:large, max-video-preview:-1\" \/>\n<link rel=\"canonical\" href=\"https:\/\/www.italyfamilyhotels.it\/de\/family-hotels\/hotel-internazionale-igea-marina\" \/>\n<meta property=\"og:locale\" content=\"de_DE\" \/>\n<meta property=\"og:type\" content=\"article\" \/>\n<meta property=\"og:title\" content=\"Hotel Internazionale, 3 Sterne, Igea Marina\" \/>\n<meta property=\"og:description\" content=\"Lust auf Urlaub mit Ihrer Familie? Entdecken Sie die Familienangebote im Hotel Internazionale in Igea Marina\" \/>\n<meta property=\"og:url\" content=\"https:\/\/www.italyfamilyhotels.it\/de\/family-hotels\/hotel-internazionale-igea-marina\" \/>\n<meta property=\"og:site_name\" content=\"Italy Family Hotels\" \/>\n<meta property=\"article:publisher\" content=\"https:\/\/www.facebook.com\/ItalyFamilyHotels\/\" \/>\n<meta property=\"article:modified_time\" content=\"2022-09-16T11:55:40+00:00\" \/>\n<meta name=\"twitter:card\" content=\"summary_large_image\" \/>\n<meta name=\"twitter:label1\" content=\"Gesch\u00e4tzte Lesezeit\" \/>\n\t<meta name=\"twitter:data1\" content=\"1\u00a0Minute\" \/>\n<script type=\"application\/ld+json\" class=\"yoast-schema-graph\">{\"@context\":\"https:\/\/schema.org\",\"@graph\":[{\"@type\":\"WebPage\",\"@id\":\"https:\/\/www.italyfamilyhotels.it\/de\/family-hotels\/hotel-internazionale-igea-marina\",\"url\":\"https:\/\/www.italyfamilyhotels.it\/de\/family-hotels\/hotel-internazionale-igea-marina\",\"name\":\"Hotel Internazionale, 3 Sterne, Igea Marina\",\"isPartOf\":{\"@id\":\"https:\/\/www.italyfamilyhotels.it\/#website\"},\"datePublished\":\"2022-03-14T11:37:41+00:00\",\"dateModified\":\"2022-09-16T11:55:40+00:00\",\"description\":\"Lust auf Urlaub mit Ihrer Familie? Entdecken Sie die Familienangebote im Hotel Internazionale in Igea Marina\",\"breadcrumb\":{\"@id\":\"https:\/\/www.italyfamilyhotels.it\/de\/family-hotels\/hotel-internazionale-igea-marina#breadcrumb\"},\"inLanguage\":\"de\",\"potentialAction\":[{\"@type\":\"ReadAction\",\"target\":[\"https:\/\/www.italyfamilyhotels.it\/de\/family-hotels\/hotel-internazionale-igea-marina\"]}]},{\"@type\":\"BreadcrumbList\",\"@id\":\"https:\/\/www.italyfamilyhotels.it\/de\/family-hotels\/hotel-internazionale-igea-marina#breadcrumb\",\"itemListElement\":[{\"@type\":\"ListItem\",\"position\":1,\"name\":\"Home\",\"item\":\"https:\/\/www.italyfamilyhotels.it\/de\"},{\"@type\":\"ListItem\",\"position\":2,\"name\":\"Family Hotels\",\"item\":\"https:\/\/www.italyfamilyhotels.it\/de\/family-hotels\"},{\"@type\":\"ListItem\",\"position\":3,\"name\":\"Hotel Internazionale\"}]},{\"@type\":\"WebSite\",\"@id\":\"https:\/\/www.italyfamilyhotels.it\/#website\",\"url\":\"https:\/\/www.italyfamilyhotels.it\/\",\"name\":\"Italy Family Hotels\",\"description\":\"\",\"potentialAction\":[{\"@type\":\"SearchAction\",\"target\":{\"@type\":\"EntryPoint\",\"urlTemplate\":\"https:\/\/www.italyfamilyhotels.it\/?s={search_term_string}\"},\"query-input\":{\"@type\":\"PropertyValueSpecification\",\"valueRequired\":true,\"valueName\":\"search_term_string\"}}],\"inLanguage\":\"de\"}]}<\/script>\n<!-- \/ Yoast SEO plugin. -->","yoast_head_json":{"title":"Hotel Internazionale, 3 Sterne, Igea Marina","description":"Lust auf Urlaub mit Ihrer Familie? Entdecken Sie die Familienangebote im Hotel Internazionale in Igea Marina","robots":{"index":"index","follow":"follow","max-snippet":"max-snippet:-1","max-image-preview":"max-image-preview:large","max-video-preview":"max-video-preview:-1"},"canonical":"https:\/\/www.italyfamilyhotels.it\/de\/family-hotels\/hotel-internazionale-igea-marina","og_locale":"de_DE","og_type":"article","og_title":"Hotel Internazionale, 3 Sterne, Igea Marina","og_description":"Lust auf Urlaub mit Ihrer Familie? Entdecken Sie die Familienangebote im Hotel Internazionale in Igea Marina","og_url":"https:\/\/www.italyfamilyhotels.it\/de\/family-hotels\/hotel-internazionale-igea-marina","og_site_name":"Italy Family Hotels","article_publisher":"https:\/\/www.facebook.com\/ItalyFamilyHotels\/","article_modified_time":"2022-09-16T11:55:40+00:00","twitter_card":"summary_large_image","twitter_misc":{"Gesch\u00e4tzte Lesezeit":"1\u00a0Minute"},"schema":{"@context":"https:\/\/schema.org","@graph":[{"@type":"WebPage","@id":"https:\/\/www.italyfamilyhotels.it\/de\/family-hotels\/hotel-internazionale-igea-marina","url":"https:\/\/www.italyfamilyhotels.it\/de\/family-hotels\/hotel-internazionale-igea-marina","name":"Hotel Internazionale, 3 Sterne, Igea Marina","isPartOf":{"@id":"https:\/\/www.italyfamilyhotels.it\/#website"},"datePublished":"2022-03-14T11:37:41+00:00","dateModified":"2022-09-16T11:55:40+00:00","description":"Lust auf Urlaub mit Ihrer Familie? Entdecken Sie die Familienangebote im Hotel Internazionale in Igea Marina","breadcrumb":{"@id":"https:\/\/www.italyfamilyhotels.it\/de\/family-hotels\/hotel-internazionale-igea-marina#breadcrumb"},"inLanguage":"de","potentialAction":[{"@type":"ReadAction","target":["https:\/\/www.italyfamilyhotels.it\/de\/family-hotels\/hotel-internazionale-igea-marina"]}]},{"@type":"BreadcrumbList","@id":"https:\/\/www.italyfamilyhotels.it\/de\/family-hotels\/hotel-internazionale-igea-marina#breadcrumb","itemListElement":[{"@type":"ListItem","position":1,"name":"Home","item":"https:\/\/www.italyfamilyhotels.it\/de"},{"@type":"ListItem","position":2,"name":"Family Hotels","item":"https:\/\/www.italyfamilyhotels.it\/de\/family-hotels"},{"@type":"ListItem","position":3,"name":"Hotel Internazionale"}]},{"@type":"WebSite","@id":"https:\/\/www.italyfamilyhotels.it\/#website","url":"https:\/\/www.italyfamilyhotels.it\/","name":"Italy Family Hotels","description":"","potentialAction":[{"@type":"SearchAction","target":{"@type":"EntryPoint","urlTemplate":"https:\/\/www.italyfamilyhotels.it\/?s={search_term_string}"},"query-input":{"@type":"PropertyValueSpecification","valueRequired":true,"valueName":"search_term_string"}}],"inLanguage":"de"}]}},"_links":{"self":[{"href":"https:\/\/www.italyfamilyhotels.it\/de\/wp-json\/wp\/v2\/pages\/4362","targetHints":{"allow":["GET"]}}],"collection":[{"href":"https:\/\/www.italyfamilyhotels.it\/de\/wp-json\/wp\/v2\/pages"}],"about":[{"href":"https:\/\/www.italyfamilyhotels.it\/de\/wp-json\/wp\/v2\/types\/page"}],"author":[{"embeddable":true,"href":"https:\/\/www.italyfamilyhotels.it\/de\/wp-json\/wp\/v2\/users\/70"}],"replies":[{"embeddable":true,"href":"https:\/\/www.italyfamilyhotels.it\/de\/wp-json\/wp\/v2\/comments?post=4362"}],"version-history":[{"count":3,"href":"https:\/\/www.italyfamilyhotels.it\/de\/wp-json\/wp\/v2\/pages\/4362\/revisions"}],"predecessor-version":[{"id":40483,"href":"https:\/\/www.italyfamilyhotels.it\/de\/wp-json\/wp\/v2\/pages\/4362\/revisions\/40483"}],"up":[{"embeddable":true,"href":"https:\/\/www.italyfamilyhotels.it\/de\/wp-json\/wp\/v2\/pages\/94"}],"wp:attachment":[{"href":"https:\/\/www.italyfamilyhotels.it\/de\/wp-json\/wp\/v2\/media?parent=4362"}],"curies":[{"name":"wp","href":"https:\/\/api.w.org\/{rel}","templated":true}]}}