{"id":4357,"date":"2022-03-14T12:37:40","date_gmt":"2022-03-14T11:37:40","guid":{"rendered":"https:\/\/www.italyfamilyhotels.it\/family-hotels\/family-hotel-serena"},"modified":"2025-07-15T09:09:46","modified_gmt":"2025-07-15T07:09:46","slug":"family-hotel-serena-andalo","status":"publish","type":"page","link":"https:\/\/www.italyfamilyhotels.it\/de\/family-hotels\/family-hotel-serena-andalo","title":{"rendered":"Family Hotel Serena"},"content":{"rendered":"\n<p>Schlie\u00dfen Sie die Augen und stellen Sie sich einen Urlaub inmitten der Natur der wundersch\u00f6nen <b>Dolomiten<\/b> vor, in dem Sie sich in <b>ger\u00e4umigen und komfortablen Zimmern<\/b> ausruhen, mit Ihren Kindern in den gro\u00dfz\u00fcgigen Spielbereichen innerhalb und au\u00dferhalb des Hotels spielen und sich in einem fantastischen Wellnessbereich mit <b>Swimmingpool<\/b> und <b>Spa<\/b> entspannen k\u00f6nnen. Jetzt \u00f6ffnen Sie sie und Sie befinden sich im <b>Family Hotel Serena<\/b>, im Herzen von <b>Andalo<\/b>, wo die Tr\u00e4ume von Jung und Alt wahr werden!<\/p>\n\n\n\n<p>Hier finden Sie eine fantastische Welt f\u00fcr Kinder, die <b>Zuffolo-H\u00f6hle<\/b>. Ein echtes Fantasie-K\u00f6nigreich auf <b>200 Quadratmetern<\/b>, in dem man sich zusammen mit dem allgegenw\u00e4rtigen freundlichen <b>Animationsteam<\/b> auf Rutschen, Netzen und in den bunten B\u00e4lleb\u00e4dern vergn\u00fcgen kann. Fast h\u00e4tten wir <b>Zuffolandia<\/b> vergessen, unseren <b>3000 m<\/b><b><sup>2<\/b><\/sup><b> gro\u00dfen Park<\/b>, in dem man sich in der Natur vergn\u00fcgen kann! Unsere freundlichen Babysitter k\u00fcmmern sich in Brikys H\u00f6hle um <b>Babys von 12 bis 36 Monaten<\/b>.<\/p>\n\n\n\n<p>Das Family Hotel Serena verf\u00fcgt \u00fcber ein herrliches <b>beheiztes Hallenbad<\/b> mit einer konstanten Temperatur von 31 \u00b0C und einem 35 cm tiefen <b>Kinderbecken<\/b>, in dem Sie sicher Ihr erstes Bad nehmen k\u00f6nnen. F\u00fcr Mama und Papa hingegen ist das <b>Wellness-Center Carpe Diem<\/b> reserviert, mit t\u00fcrkischem Bad, finnischer Sauna, mediterranem Bad, Whirlpool, Erlebnisduschen und Entspannungsbereich. Im Wellnessbereich finden Sie ein umfangreiches Angebot an <b>Massagen und Behandlungen<\/b>, aus dem Sie ausw\u00e4hlen k\u00f6nnen. Auch f\u00fcr Ihre <b>Kinder <\/b>gibt es Angebote, wie z. B. ein nat\u00fcrliches Peeling, eine Baby-Manik\u00fcre oder eine sanfte Massage.<\/p>\n\n\n\n<p>Unser <b>Restaurant<\/b> ist komplett mit <b>Holz<\/b> eingerichtet, so dass Sie die exquisiten <b>Gerichte der Trentiner Tradition<\/b> in einem Ambiente wie in den Bergen genie\u00dfen k\u00f6nnen. Ein <b>farbenfrohes Restaurant<\/b> ist den Kindern gewidmet, wo sie<b> zusammen mit den Animateuren<\/b> ausgewogene Gerichte mit gesunden Zutaten genie\u00dfen k\u00f6nnen.<\/p>\n\n\n\n<p>F\u00fcr Liebhaber eines aktiven Urlaubs bereiten wir ein reichhaltiges <b>Programm an Ausfl\u00fcgen<\/b> und <b>Erlebnissen<\/b> vor, um die Umgebung zu entdecken, wie z. B. einen Ausflug zu den Bauernh\u00f6fen von Andalo oder dem Molveno-See, eine Besichtigung der St\u00e4lle in Fai della Paganella, den Sinnespfad \u201ePlan de Sarnacil\u201c mit Picknick in Pian del Piof.<\/p>\n","protected":false},"excerpt":{"rendered":"<p>Schlie\u00dfen Sie die Augen und stellen Sie sich einen Urlaub inmitten der Natur der wundersch\u00f6nen Dolomiten vor, in dem Sie sich in ger\u00e4umigen und komfortablen Zimmern ausruhen, mit Ihren Kindern in den gro\u00dfz\u00fcgigen Spielbereichen innerhalb und au\u00dferhalb des Hotels spielen und sich in einem fantastischen Wellnessbereich mit Swimmingpool und Spa entspannen k\u00f6nnen. Jetzt \u00f6ffnen Sie &hellip;<\/p>\n","protected":false},"author":116,"featured_media":0,"parent":94,"menu_order":0,"comment_status":"closed","ping_status":"closed","template":"page-templates\/scheda_hotel.php","meta":{"_acf_changed":false,"inline_featured_image":false,"footnotes":""},"class_list":["post-4357","page","type-page","status-publish","hentry"],"acf":[],"yoast_head":"<!-- This site is optimized with the Yoast SEO plugin v27.1 - https:\/\/yoast.com\/product\/yoast-seo-wordpress\/ -->\n<title>Family Hotel Serena, 4 Sterne, Andalo<\/title>\n<meta name=\"description\" content=\"Lust auf Urlaub mit Ihrer Familie? Entdecken Sie die Familienangebote im Family Hotel Serena in Andalo\" \/>\n<meta name=\"robots\" content=\"index, follow, max-snippet:-1, max-image-preview:large, max-video-preview:-1\" \/>\n<link rel=\"canonical\" href=\"https:\/\/www.italyfamilyhotels.it\/de\/family-hotels\/family-hotel-serena-andalo\" \/>\n<meta property=\"og:locale\" content=\"de_DE\" \/>\n<meta property=\"og:type\" content=\"article\" \/>\n<meta property=\"og:title\" content=\"Family Hotel Serena, 4 Sterne, Andalo\" \/>\n<meta property=\"og:description\" content=\"Lust auf Urlaub mit Ihrer Familie? Entdecken Sie die Familienangebote im Family Hotel Serena in Andalo\" \/>\n<meta property=\"og:url\" content=\"https:\/\/www.italyfamilyhotels.it\/de\/family-hotels\/family-hotel-serena-andalo\" \/>\n<meta property=\"og:site_name\" content=\"Italy Family Hotels\" \/>\n<meta property=\"article:publisher\" content=\"https:\/\/www.facebook.com\/ItalyFamilyHotels\/\" \/>\n<meta property=\"article:modified_time\" content=\"2025-07-15T07:09:46+00:00\" \/>\n<meta name=\"twitter:card\" content=\"summary_large_image\" \/>\n<meta name=\"twitter:label1\" content=\"Gesch\u00e4tzte Lesezeit\" \/>\n\t<meta name=\"twitter:data1\" content=\"1\u00a0Minute\" \/>\n<script type=\"application\/ld+json\" class=\"yoast-schema-graph\">{\"@context\":\"https:\/\/schema.org\",\"@graph\":[{\"@type\":\"WebPage\",\"@id\":\"https:\/\/www.italyfamilyhotels.it\/de\/family-hotels\/family-hotel-serena-andalo\",\"url\":\"https:\/\/www.italyfamilyhotels.it\/de\/family-hotels\/family-hotel-serena-andalo\",\"name\":\"Family Hotel Serena, 4 Sterne, Andalo\",\"isPartOf\":{\"@id\":\"https:\/\/www.italyfamilyhotels.it\/#website\"},\"datePublished\":\"2022-03-14T11:37:40+00:00\",\"dateModified\":\"2025-07-15T07:09:46+00:00\",\"description\":\"Lust auf Urlaub mit Ihrer Familie? Entdecken Sie die Familienangebote im Family Hotel Serena in Andalo\",\"breadcrumb\":{\"@id\":\"https:\/\/www.italyfamilyhotels.it\/de\/family-hotels\/family-hotel-serena-andalo#breadcrumb\"},\"inLanguage\":\"de\",\"potentialAction\":[{\"@type\":\"ReadAction\",\"target\":[\"https:\/\/www.italyfamilyhotels.it\/de\/family-hotels\/family-hotel-serena-andalo\"]}]},{\"@type\":\"BreadcrumbList\",\"@id\":\"https:\/\/www.italyfamilyhotels.it\/de\/family-hotels\/family-hotel-serena-andalo#breadcrumb\",\"itemListElement\":[{\"@type\":\"ListItem\",\"position\":1,\"name\":\"Home\",\"item\":\"https:\/\/www.italyfamilyhotels.it\/de\"},{\"@type\":\"ListItem\",\"position\":2,\"name\":\"Family Hotels\",\"item\":\"https:\/\/www.italyfamilyhotels.it\/de\/family-hotels\"},{\"@type\":\"ListItem\",\"position\":3,\"name\":\"Family Hotel Serena\"}]},{\"@type\":\"WebSite\",\"@id\":\"https:\/\/www.italyfamilyhotels.it\/#website\",\"url\":\"https:\/\/www.italyfamilyhotels.it\/\",\"name\":\"Italy Family Hotels\",\"description\":\"\",\"potentialAction\":[{\"@type\":\"SearchAction\",\"target\":{\"@type\":\"EntryPoint\",\"urlTemplate\":\"https:\/\/www.italyfamilyhotels.it\/?s={search_term_string}\"},\"query-input\":{\"@type\":\"PropertyValueSpecification\",\"valueRequired\":true,\"valueName\":\"search_term_string\"}}],\"inLanguage\":\"de\"}]}<\/script>\n<!-- \/ Yoast SEO plugin. -->","yoast_head_json":{"title":"Family Hotel Serena, 4 Sterne, Andalo","description":"Lust auf Urlaub mit Ihrer Familie? Entdecken Sie die Familienangebote im Family Hotel Serena in Andalo","robots":{"index":"index","follow":"follow","max-snippet":"max-snippet:-1","max-image-preview":"max-image-preview:large","max-video-preview":"max-video-preview:-1"},"canonical":"https:\/\/www.italyfamilyhotels.it\/de\/family-hotels\/family-hotel-serena-andalo","og_locale":"de_DE","og_type":"article","og_title":"Family Hotel Serena, 4 Sterne, Andalo","og_description":"Lust auf Urlaub mit Ihrer Familie? Entdecken Sie die Familienangebote im Family Hotel Serena in Andalo","og_url":"https:\/\/www.italyfamilyhotels.it\/de\/family-hotels\/family-hotel-serena-andalo","og_site_name":"Italy Family Hotels","article_publisher":"https:\/\/www.facebook.com\/ItalyFamilyHotels\/","article_modified_time":"2025-07-15T07:09:46+00:00","twitter_card":"summary_large_image","twitter_misc":{"Gesch\u00e4tzte Lesezeit":"1\u00a0Minute"},"schema":{"@context":"https:\/\/schema.org","@graph":[{"@type":"WebPage","@id":"https:\/\/www.italyfamilyhotels.it\/de\/family-hotels\/family-hotel-serena-andalo","url":"https:\/\/www.italyfamilyhotels.it\/de\/family-hotels\/family-hotel-serena-andalo","name":"Family Hotel Serena, 4 Sterne, Andalo","isPartOf":{"@id":"https:\/\/www.italyfamilyhotels.it\/#website"},"datePublished":"2022-03-14T11:37:40+00:00","dateModified":"2025-07-15T07:09:46+00:00","description":"Lust auf Urlaub mit Ihrer Familie? Entdecken Sie die Familienangebote im Family Hotel Serena in Andalo","breadcrumb":{"@id":"https:\/\/www.italyfamilyhotels.it\/de\/family-hotels\/family-hotel-serena-andalo#breadcrumb"},"inLanguage":"de","potentialAction":[{"@type":"ReadAction","target":["https:\/\/www.italyfamilyhotels.it\/de\/family-hotels\/family-hotel-serena-andalo"]}]},{"@type":"BreadcrumbList","@id":"https:\/\/www.italyfamilyhotels.it\/de\/family-hotels\/family-hotel-serena-andalo#breadcrumb","itemListElement":[{"@type":"ListItem","position":1,"name":"Home","item":"https:\/\/www.italyfamilyhotels.it\/de"},{"@type":"ListItem","position":2,"name":"Family Hotels","item":"https:\/\/www.italyfamilyhotels.it\/de\/family-hotels"},{"@type":"ListItem","position":3,"name":"Family Hotel Serena"}]},{"@type":"WebSite","@id":"https:\/\/www.italyfamilyhotels.it\/#website","url":"https:\/\/www.italyfamilyhotels.it\/","name":"Italy Family Hotels","description":"","potentialAction":[{"@type":"SearchAction","target":{"@type":"EntryPoint","urlTemplate":"https:\/\/www.italyfamilyhotels.it\/?s={search_term_string}"},"query-input":{"@type":"PropertyValueSpecification","valueRequired":true,"valueName":"search_term_string"}}],"inLanguage":"de"}]}},"_links":{"self":[{"href":"https:\/\/www.italyfamilyhotels.it\/de\/wp-json\/wp\/v2\/pages\/4357","targetHints":{"allow":["GET"]}}],"collection":[{"href":"https:\/\/www.italyfamilyhotels.it\/de\/wp-json\/wp\/v2\/pages"}],"about":[{"href":"https:\/\/www.italyfamilyhotels.it\/de\/wp-json\/wp\/v2\/types\/page"}],"author":[{"embeddable":true,"href":"https:\/\/www.italyfamilyhotels.it\/de\/wp-json\/wp\/v2\/users\/116"}],"replies":[{"embeddable":true,"href":"https:\/\/www.italyfamilyhotels.it\/de\/wp-json\/wp\/v2\/comments?post=4357"}],"version-history":[{"count":8,"href":"https:\/\/www.italyfamilyhotels.it\/de\/wp-json\/wp\/v2\/pages\/4357\/revisions"}],"predecessor-version":[{"id":70638,"href":"https:\/\/www.italyfamilyhotels.it\/de\/wp-json\/wp\/v2\/pages\/4357\/revisions\/70638"}],"up":[{"embeddable":true,"href":"https:\/\/www.italyfamilyhotels.it\/de\/wp-json\/wp\/v2\/pages\/94"}],"wp:attachment":[{"href":"https:\/\/www.italyfamilyhotels.it\/de\/wp-json\/wp\/v2\/media?parent=4357"}],"curies":[{"name":"wp","href":"https:\/\/api.w.org\/{rel}","templated":true}]}}