{"id":4352,"date":"2022-03-14T12:37:39","date_gmt":"2022-03-14T11:37:39","guid":{"rendered":"https:\/\/www.italyfamilyhotels.it\/family-hotels\/family-resort-rainer"},"modified":"2023-02-01T14:52:00","modified_gmt":"2023-02-01T13:52:00","slug":"family-resort-rainer-sesto","status":"publish","type":"page","link":"https:\/\/www.italyfamilyhotels.it\/de\/family-hotels\/family-resort-rainer-sesto","title":{"rendered":"Family Resort Rainer"},"content":{"rendered":"\n<p>Hier im <b>Family Resort Rainer<\/b> in <b>Sexten <\/b>sind Sie umgeben von der Natur und den W\u00e4ldern des Hochpustertals, f\u00fcr unvergessliche Momente von Spiel und Entspannung inmitten eines unvergleichlichen Panoramas. Machen Sie sich bereit f\u00fcr besondere Ferien voller Freiheit und Leichtigkeit, in denen Sie gemeinsam mit der ganzen Familie die Sch\u00f6nheit der kleinen Dinge wiederentdecken k\u00f6nnen.<\/p>\n\n\n\n<p>Bei uns sind die Hauptg\u00e4ste die <b>Kinder<\/b>! Es gibt viel Platz f\u00fcr sie, um sich innerhalb und au\u00dferhalb des Hotels zu vergn\u00fcgen, ein <b>60-st\u00fcndiges w\u00f6chentliches Unterhaltungsprogramm<\/b> f\u00fcr Kinder von 1 bis 14 Jahren, <b>gef\u00fchrte Wanderungen und Abenteuernachmittage<\/b> f\u00fcr die ganze Familie, <b>Babyservice <\/b>auf dem Zimmer und im Restaurant<b> <\/b>und einen fantastischen<b> Pool im Wellnessbereich<\/b> mit einer schlangenf\u00f6rmigen <b>Rutsche <\/b>und vielen Attraktionen.<\/p>\n\n\n\n<p>Wir haben auch Mama und Papa nicht vergessen&#8230; w\u00e4hrend sich die Kinder in aller Sicherheit mit unserem freundlichen <b>Kinderteam<\/b> vergn\u00fcgen, k\u00f6nnen Sie sich in der Umgebung mit <b>Outdoor-Aktivit\u00e4ten <\/b>vergn\u00fcgen oder romantische Momente im <b>Dolomit Panorama Spa <\/b>genie\u00dfen. Eine <b>2.000 m\u00b2 gro\u00dfe<\/b>, auf <b>zwei Etagen <\/b>angelegte Wellnesswelt mit beheizten Innen- und Au\u00dfenbecken, Saunen, Ruhebereich, Sonnenterrasse, Garten, Kneippbecken und Hydromassage-Duschen, in der Sie sich bei einem herrlichen<b> Blick auf die Sextner Dolomiten <\/b>regenerieren k\u00f6nnen.<\/p>\n\n\n\n<p>Dann die <b>K\u00fcche<\/b>, ein wahres Schmuckst\u00fcck in unserem Hotel! Die Verbindung von <b>Tiroler <\/b>und <b>mediterraner Tradition <\/b>und die Verwendung<b> lokaler S\u00fcdtiroler Produkte <\/b>sorgen f\u00fcr eine Geschmacksreise, die Sie so schnell nicht vergessen werden. F\u00fcr Kinder gibt es <b>echte individuell zubereitete Gerichte<\/b> mit einem <b>Buffet <\/b>nur f\u00fcr sie.<\/p>\n\n\n\n<p>Im Hotel finden Sie ein gut ausgestattetes<b> Skidepot<\/b>, einen <b>Skiverleih<\/b>, Skilehrer f\u00fcr<b> Alpin-<\/b> und<b> Langlaufski<\/b> sowie einen <b>Ruheraum <\/b>f\u00fcr die Skischule. Bei sch\u00f6nem Wetter werden gef\u00fchrte <b>Nordic Walking-Touren <\/b>angeboten, die auch f\u00fcr Familien geeignet sind.<\/p>\n","protected":false},"excerpt":{"rendered":"<p>Hier im Family Resort Rainer in Sexten sind Sie umgeben von der Natur und den W\u00e4ldern des Hochpustertals, f\u00fcr unvergessliche Momente von Spiel und Entspannung inmitten eines unvergleichlichen Panoramas. Machen Sie sich bereit f\u00fcr besondere Ferien voller Freiheit und Leichtigkeit, in denen Sie gemeinsam mit der ganzen Familie die Sch\u00f6nheit der kleinen Dinge wiederentdecken k\u00f6nnen. &hellip;<\/p>\n","protected":false},"author":34,"featured_media":0,"parent":94,"menu_order":0,"comment_status":"closed","ping_status":"closed","template":"page-templates\/scheda_hotel.php","meta":{"_acf_changed":false,"inline_featured_image":false,"footnotes":""},"class_list":["post-4352","page","type-page","status-publish","hentry"],"acf":[],"yoast_head":"<!-- This site is optimized with the Yoast SEO plugin v27.1 - https:\/\/yoast.com\/product\/yoast-seo-wordpress\/ -->\n<title>Family Resort Rainer, 4 Sterne Superior, Sexten<\/title>\n<meta name=\"description\" content=\"Lust auf einen Urlaub mit Ihrer Familie? Entdecken Sie die Familienangebote im Family Resort Rainer in Sexten\" \/>\n<meta name=\"robots\" content=\"index, follow, max-snippet:-1, max-image-preview:large, max-video-preview:-1\" \/>\n<link rel=\"canonical\" href=\"https:\/\/www.italyfamilyhotels.it\/de\/family-hotels\/family-resort-rainer-sesto\" \/>\n<meta property=\"og:locale\" content=\"de_DE\" \/>\n<meta property=\"og:type\" content=\"article\" \/>\n<meta property=\"og:title\" content=\"Family Resort Rainer, 4 Sterne Superior, Sexten\" \/>\n<meta property=\"og:description\" content=\"Lust auf einen Urlaub mit Ihrer Familie? Entdecken Sie die Familienangebote im Family Resort Rainer in Sexten\" \/>\n<meta property=\"og:url\" content=\"https:\/\/www.italyfamilyhotels.it\/de\/family-hotels\/family-resort-rainer-sesto\" \/>\n<meta property=\"og:site_name\" content=\"Italy Family Hotels\" \/>\n<meta property=\"article:publisher\" content=\"https:\/\/www.facebook.com\/ItalyFamilyHotels\/\" \/>\n<meta property=\"article:modified_time\" content=\"2023-02-01T13:52:00+00:00\" \/>\n<meta name=\"twitter:card\" content=\"summary_large_image\" \/>\n<meta name=\"twitter:label1\" content=\"Gesch\u00e4tzte Lesezeit\" \/>\n\t<meta name=\"twitter:data1\" content=\"1\u00a0Minute\" \/>\n<script type=\"application\/ld+json\" class=\"yoast-schema-graph\">{\"@context\":\"https:\/\/schema.org\",\"@graph\":[{\"@type\":\"WebPage\",\"@id\":\"https:\/\/www.italyfamilyhotels.it\/de\/family-hotels\/family-resort-rainer-sesto\",\"url\":\"https:\/\/www.italyfamilyhotels.it\/de\/family-hotels\/family-resort-rainer-sesto\",\"name\":\"Family Resort Rainer, 4 Sterne Superior, Sexten\",\"isPartOf\":{\"@id\":\"https:\/\/www.italyfamilyhotels.it\/#website\"},\"datePublished\":\"2022-03-14T11:37:39+00:00\",\"dateModified\":\"2023-02-01T13:52:00+00:00\",\"description\":\"Lust auf einen Urlaub mit Ihrer Familie? Entdecken Sie die Familienangebote im Family Resort Rainer in Sexten\",\"breadcrumb\":{\"@id\":\"https:\/\/www.italyfamilyhotels.it\/de\/family-hotels\/family-resort-rainer-sesto#breadcrumb\"},\"inLanguage\":\"de\",\"potentialAction\":[{\"@type\":\"ReadAction\",\"target\":[\"https:\/\/www.italyfamilyhotels.it\/de\/family-hotels\/family-resort-rainer-sesto\"]}]},{\"@type\":\"BreadcrumbList\",\"@id\":\"https:\/\/www.italyfamilyhotels.it\/de\/family-hotels\/family-resort-rainer-sesto#breadcrumb\",\"itemListElement\":[{\"@type\":\"ListItem\",\"position\":1,\"name\":\"Home\",\"item\":\"https:\/\/www.italyfamilyhotels.it\/de\"},{\"@type\":\"ListItem\",\"position\":2,\"name\":\"Family Hotels\",\"item\":\"https:\/\/www.italyfamilyhotels.it\/de\/family-hotels\"},{\"@type\":\"ListItem\",\"position\":3,\"name\":\"Family Resort Rainer\"}]},{\"@type\":\"WebSite\",\"@id\":\"https:\/\/www.italyfamilyhotels.it\/#website\",\"url\":\"https:\/\/www.italyfamilyhotels.it\/\",\"name\":\"Italy Family Hotels\",\"description\":\"\",\"potentialAction\":[{\"@type\":\"SearchAction\",\"target\":{\"@type\":\"EntryPoint\",\"urlTemplate\":\"https:\/\/www.italyfamilyhotels.it\/?s={search_term_string}\"},\"query-input\":{\"@type\":\"PropertyValueSpecification\",\"valueRequired\":true,\"valueName\":\"search_term_string\"}}],\"inLanguage\":\"de\"}]}<\/script>\n<!-- \/ Yoast SEO plugin. -->","yoast_head_json":{"title":"Family Resort Rainer, 4 Sterne Superior, Sexten","description":"Lust auf einen Urlaub mit Ihrer Familie? Entdecken Sie die Familienangebote im Family Resort Rainer in Sexten","robots":{"index":"index","follow":"follow","max-snippet":"max-snippet:-1","max-image-preview":"max-image-preview:large","max-video-preview":"max-video-preview:-1"},"canonical":"https:\/\/www.italyfamilyhotels.it\/de\/family-hotels\/family-resort-rainer-sesto","og_locale":"de_DE","og_type":"article","og_title":"Family Resort Rainer, 4 Sterne Superior, Sexten","og_description":"Lust auf einen Urlaub mit Ihrer Familie? Entdecken Sie die Familienangebote im Family Resort Rainer in Sexten","og_url":"https:\/\/www.italyfamilyhotels.it\/de\/family-hotels\/family-resort-rainer-sesto","og_site_name":"Italy Family Hotels","article_publisher":"https:\/\/www.facebook.com\/ItalyFamilyHotels\/","article_modified_time":"2023-02-01T13:52:00+00:00","twitter_card":"summary_large_image","twitter_misc":{"Gesch\u00e4tzte Lesezeit":"1\u00a0Minute"},"schema":{"@context":"https:\/\/schema.org","@graph":[{"@type":"WebPage","@id":"https:\/\/www.italyfamilyhotels.it\/de\/family-hotels\/family-resort-rainer-sesto","url":"https:\/\/www.italyfamilyhotels.it\/de\/family-hotels\/family-resort-rainer-sesto","name":"Family Resort Rainer, 4 Sterne Superior, Sexten","isPartOf":{"@id":"https:\/\/www.italyfamilyhotels.it\/#website"},"datePublished":"2022-03-14T11:37:39+00:00","dateModified":"2023-02-01T13:52:00+00:00","description":"Lust auf einen Urlaub mit Ihrer Familie? Entdecken Sie die Familienangebote im Family Resort Rainer in Sexten","breadcrumb":{"@id":"https:\/\/www.italyfamilyhotels.it\/de\/family-hotels\/family-resort-rainer-sesto#breadcrumb"},"inLanguage":"de","potentialAction":[{"@type":"ReadAction","target":["https:\/\/www.italyfamilyhotels.it\/de\/family-hotels\/family-resort-rainer-sesto"]}]},{"@type":"BreadcrumbList","@id":"https:\/\/www.italyfamilyhotels.it\/de\/family-hotels\/family-resort-rainer-sesto#breadcrumb","itemListElement":[{"@type":"ListItem","position":1,"name":"Home","item":"https:\/\/www.italyfamilyhotels.it\/de"},{"@type":"ListItem","position":2,"name":"Family Hotels","item":"https:\/\/www.italyfamilyhotels.it\/de\/family-hotels"},{"@type":"ListItem","position":3,"name":"Family Resort Rainer"}]},{"@type":"WebSite","@id":"https:\/\/www.italyfamilyhotels.it\/#website","url":"https:\/\/www.italyfamilyhotels.it\/","name":"Italy Family Hotels","description":"","potentialAction":[{"@type":"SearchAction","target":{"@type":"EntryPoint","urlTemplate":"https:\/\/www.italyfamilyhotels.it\/?s={search_term_string}"},"query-input":{"@type":"PropertyValueSpecification","valueRequired":true,"valueName":"search_term_string"}}],"inLanguage":"de"}]}},"_links":{"self":[{"href":"https:\/\/www.italyfamilyhotels.it\/de\/wp-json\/wp\/v2\/pages\/4352","targetHints":{"allow":["GET"]}}],"collection":[{"href":"https:\/\/www.italyfamilyhotels.it\/de\/wp-json\/wp\/v2\/pages"}],"about":[{"href":"https:\/\/www.italyfamilyhotels.it\/de\/wp-json\/wp\/v2\/types\/page"}],"author":[{"embeddable":true,"href":"https:\/\/www.italyfamilyhotels.it\/de\/wp-json\/wp\/v2\/users\/34"}],"replies":[{"embeddable":true,"href":"https:\/\/www.italyfamilyhotels.it\/de\/wp-json\/wp\/v2\/comments?post=4352"}],"version-history":[{"count":8,"href":"https:\/\/www.italyfamilyhotels.it\/de\/wp-json\/wp\/v2\/pages\/4352\/revisions"}],"predecessor-version":[{"id":45118,"href":"https:\/\/www.italyfamilyhotels.it\/de\/wp-json\/wp\/v2\/pages\/4352\/revisions\/45118"}],"up":[{"embeddable":true,"href":"https:\/\/www.italyfamilyhotels.it\/de\/wp-json\/wp\/v2\/pages\/94"}],"wp:attachment":[{"href":"https:\/\/www.italyfamilyhotels.it\/de\/wp-json\/wp\/v2\/media?parent=4352"}],"curies":[{"name":"wp","href":"https:\/\/api.w.org\/{rel}","templated":true}]}}