{"id":4347,"date":"2022-03-14T12:37:38","date_gmt":"2022-03-14T11:37:38","guid":{"rendered":"https:\/\/www.italyfamilyhotels.it\/family-hotels\/hotel-germania"},"modified":"2024-02-06T14:51:06","modified_gmt":"2024-02-06T13:51:06","slug":"hotel-germania-jesolo-lido","status":"publish","type":"page","link":"https:\/\/www.italyfamilyhotels.it\/de\/family-hotels\/hotel-germania-jesolo-lido","title":{"rendered":"Hotel Germania"},"content":{"rendered":"\n<p>Unser Hotel liegt an der Fu\u00dfg\u00e4ngerzone von Jesolo Lido, <b>80 m vom Strand<\/b>, an dem Euch ein Platz mit Sonnenschirm und (gr\u00fcndlich desinfizierten) Liegen zur Verf\u00fcgung steht. Wenn Ihr dort auch \u00fcber Mittag bleiben wollt, packen wir Euch ein <b>gutes Mittagessen zum Mitnehmen<\/b> ein.<\/p>\n\n\n\n<p>Bei uns erwartet Euch ein <b>sorgenloser All-Inclusive-Aufenthalt<\/b>, alles was Ihr f\u00fcr einen entspannenden Urlaub mit Kindern braucht \u2013 <b>und auch einiges mehr!<\/b> &#8211; ist inbegriffen.<\/p>\n\n\n\n<p>Ihr k\u00f6nnt w\u00e4hlen zwischen komfortablen <b>Hotelzimmern<\/b> oder <b>16 Apartments<\/b>, die sich in zwei Villen gegen\u00fcber vom Hotel befinden und so gro\u00df sind, dass sie bis zu 8 Personen aufnehmen k\u00f6nnen. <\/p>\n\n\n\n<p>Die Atmosph\u00e4re bei uns ist so, dass sich Familien mit Kindern wohl und schnell zuhause f\u00fchlen, viele kommen wieder &#8211; warum sollten sie auch auf soviel Komfort und Freude verzichten!<\/p>\n\n\n\n<p><b>Animation f\u00fcr kleine und f\u00fcr gro\u00dfe G\u00e4ste findet sowohl am Meer, als auch im Hotel statt, <\/b>mit vielen Aktivit\u00e4ten im Freien, Spielen und Sport am Tag; Baby-Dance, Shows und thematischen Festen am Abend.<\/p>\n\n\n\n<p>F\u00fcr unsere <b>K\u00fcche<\/b> suchen wir sorgf\u00e4ltig die besten Erzeugnisse aus unserer Gegend aus, zum Beispiel Gem\u00fcse und K\u00e4se aus biodynamischer Landwirtschaft. Die schmecken am besten, sind gesund, respektieren die Umwelt, und geben dem Essen seinen einzigartigen lokalen Charakter. Bei Tisch lernt Ihr die <b>kulinarische Tradition Venetiens<\/b> kennen!<\/p>\n\n\n\n<p>Unsere <b>gr\u00fcne Gesinnung<\/b> zeigt sich auch in den t\u00e4glichen Abl\u00e4ufen: biologisch abbaubare Reinigungsmittel, Vermeidung von Wegwerf-Plastik, \u00f6kologische K\u00f6rperflege-Produkte und M\u00fclltrennung.<\/p>\n","protected":false},"excerpt":{"rendered":"<p>Unser Hotel liegt an der Fu\u00dfg\u00e4ngerzone von Jesolo Lido, 80 m vom Strand, an dem Euch ein Platz mit Sonnenschirm und (gr\u00fcndlich desinfizierten) Liegen zur Verf\u00fcgung steht. Wenn Ihr dort auch \u00fcber Mittag bleiben wollt, packen wir Euch ein gutes Mittagessen zum Mitnehmen ein. Bei uns erwartet Euch ein sorgenloser All-Inclusive-Aufenthalt, alles was Ihr f\u00fcr &hellip;<\/p>\n","protected":false},"author":65,"featured_media":0,"parent":94,"menu_order":0,"comment_status":"closed","ping_status":"closed","template":"page-templates\/scheda_hotel.php","meta":{"_acf_changed":false,"inline_featured_image":false,"footnotes":""},"class_list":["post-4347","page","type-page","status-publish","hentry"],"acf":[],"yoast_head":"<!-- This site is optimized with the Yoast SEO plugin v27.1 - https:\/\/yoast.com\/product\/yoast-seo-wordpress\/ -->\n<title>Hotel Germania 3-Sterne, Jesolo Lido<\/title>\n<meta name=\"description\" content=\"Lust auf Familienurlaub? Entdecken Sie die Familienangebote f\u00fcr Hotel Germania in Jesolo Lido\" \/>\n<meta name=\"robots\" content=\"index, follow, max-snippet:-1, max-image-preview:large, max-video-preview:-1\" \/>\n<link rel=\"canonical\" href=\"https:\/\/www.italyfamilyhotels.it\/de\/family-hotels\/hotel-germania-jesolo-lido\" \/>\n<meta property=\"og:locale\" content=\"de_DE\" \/>\n<meta property=\"og:type\" content=\"article\" \/>\n<meta property=\"og:title\" content=\"Hotel Germania 3-Sterne, Jesolo Lido\" \/>\n<meta property=\"og:description\" content=\"Lust auf Familienurlaub? Entdecken Sie die Familienangebote f\u00fcr Hotel Germania in Jesolo Lido\" \/>\n<meta property=\"og:url\" content=\"https:\/\/www.italyfamilyhotels.it\/de\/family-hotels\/hotel-germania-jesolo-lido\" \/>\n<meta property=\"og:site_name\" content=\"Italy Family Hotels\" \/>\n<meta property=\"article:publisher\" content=\"https:\/\/www.facebook.com\/ItalyFamilyHotels\/\" \/>\n<meta property=\"article:modified_time\" content=\"2024-02-06T13:51:06+00:00\" \/>\n<meta name=\"twitter:card\" content=\"summary_large_image\" \/>\n<meta name=\"twitter:label1\" content=\"Gesch\u00e4tzte Lesezeit\" \/>\n\t<meta name=\"twitter:data1\" content=\"2\u00a0Minuten\" \/>\n<script type=\"application\/ld+json\" class=\"yoast-schema-graph\">{\"@context\":\"https:\/\/schema.org\",\"@graph\":[{\"@type\":\"WebPage\",\"@id\":\"https:\/\/www.italyfamilyhotels.it\/de\/family-hotels\/hotel-germania-jesolo-lido\",\"url\":\"https:\/\/www.italyfamilyhotels.it\/de\/family-hotels\/hotel-germania-jesolo-lido\",\"name\":\"Hotel Germania 3-Sterne, Jesolo Lido\",\"isPartOf\":{\"@id\":\"https:\/\/www.italyfamilyhotels.it\/#website\"},\"datePublished\":\"2022-03-14T11:37:38+00:00\",\"dateModified\":\"2024-02-06T13:51:06+00:00\",\"description\":\"Lust auf Familienurlaub? Entdecken Sie die Familienangebote f\u00fcr Hotel Germania in Jesolo Lido\",\"breadcrumb\":{\"@id\":\"https:\/\/www.italyfamilyhotels.it\/de\/family-hotels\/hotel-germania-jesolo-lido#breadcrumb\"},\"inLanguage\":\"de\",\"potentialAction\":[{\"@type\":\"ReadAction\",\"target\":[\"https:\/\/www.italyfamilyhotels.it\/de\/family-hotels\/hotel-germania-jesolo-lido\"]}]},{\"@type\":\"BreadcrumbList\",\"@id\":\"https:\/\/www.italyfamilyhotels.it\/de\/family-hotels\/hotel-germania-jesolo-lido#breadcrumb\",\"itemListElement\":[{\"@type\":\"ListItem\",\"position\":1,\"name\":\"Home\",\"item\":\"https:\/\/www.italyfamilyhotels.it\/de\"},{\"@type\":\"ListItem\",\"position\":2,\"name\":\"Family Hotels\",\"item\":\"https:\/\/www.italyfamilyhotels.it\/de\/family-hotels\"},{\"@type\":\"ListItem\",\"position\":3,\"name\":\"Hotel Germania\"}]},{\"@type\":\"WebSite\",\"@id\":\"https:\/\/www.italyfamilyhotels.it\/#website\",\"url\":\"https:\/\/www.italyfamilyhotels.it\/\",\"name\":\"Italy Family Hotels\",\"description\":\"\",\"potentialAction\":[{\"@type\":\"SearchAction\",\"target\":{\"@type\":\"EntryPoint\",\"urlTemplate\":\"https:\/\/www.italyfamilyhotels.it\/?s={search_term_string}\"},\"query-input\":{\"@type\":\"PropertyValueSpecification\",\"valueRequired\":true,\"valueName\":\"search_term_string\"}}],\"inLanguage\":\"de\"}]}<\/script>\n<!-- \/ Yoast SEO plugin. -->","yoast_head_json":{"title":"Hotel Germania 3-Sterne, Jesolo Lido","description":"Lust auf Familienurlaub? Entdecken Sie die Familienangebote f\u00fcr Hotel Germania in Jesolo Lido","robots":{"index":"index","follow":"follow","max-snippet":"max-snippet:-1","max-image-preview":"max-image-preview:large","max-video-preview":"max-video-preview:-1"},"canonical":"https:\/\/www.italyfamilyhotels.it\/de\/family-hotels\/hotel-germania-jesolo-lido","og_locale":"de_DE","og_type":"article","og_title":"Hotel Germania 3-Sterne, Jesolo Lido","og_description":"Lust auf Familienurlaub? Entdecken Sie die Familienangebote f\u00fcr Hotel Germania in Jesolo Lido","og_url":"https:\/\/www.italyfamilyhotels.it\/de\/family-hotels\/hotel-germania-jesolo-lido","og_site_name":"Italy Family Hotels","article_publisher":"https:\/\/www.facebook.com\/ItalyFamilyHotels\/","article_modified_time":"2024-02-06T13:51:06+00:00","twitter_card":"summary_large_image","twitter_misc":{"Gesch\u00e4tzte Lesezeit":"2\u00a0Minuten"},"schema":{"@context":"https:\/\/schema.org","@graph":[{"@type":"WebPage","@id":"https:\/\/www.italyfamilyhotels.it\/de\/family-hotels\/hotel-germania-jesolo-lido","url":"https:\/\/www.italyfamilyhotels.it\/de\/family-hotels\/hotel-germania-jesolo-lido","name":"Hotel Germania 3-Sterne, Jesolo Lido","isPartOf":{"@id":"https:\/\/www.italyfamilyhotels.it\/#website"},"datePublished":"2022-03-14T11:37:38+00:00","dateModified":"2024-02-06T13:51:06+00:00","description":"Lust auf Familienurlaub? Entdecken Sie die Familienangebote f\u00fcr Hotel Germania in Jesolo Lido","breadcrumb":{"@id":"https:\/\/www.italyfamilyhotels.it\/de\/family-hotels\/hotel-germania-jesolo-lido#breadcrumb"},"inLanguage":"de","potentialAction":[{"@type":"ReadAction","target":["https:\/\/www.italyfamilyhotels.it\/de\/family-hotels\/hotel-germania-jesolo-lido"]}]},{"@type":"BreadcrumbList","@id":"https:\/\/www.italyfamilyhotels.it\/de\/family-hotels\/hotel-germania-jesolo-lido#breadcrumb","itemListElement":[{"@type":"ListItem","position":1,"name":"Home","item":"https:\/\/www.italyfamilyhotels.it\/de"},{"@type":"ListItem","position":2,"name":"Family Hotels","item":"https:\/\/www.italyfamilyhotels.it\/de\/family-hotels"},{"@type":"ListItem","position":3,"name":"Hotel Germania"}]},{"@type":"WebSite","@id":"https:\/\/www.italyfamilyhotels.it\/#website","url":"https:\/\/www.italyfamilyhotels.it\/","name":"Italy Family Hotels","description":"","potentialAction":[{"@type":"SearchAction","target":{"@type":"EntryPoint","urlTemplate":"https:\/\/www.italyfamilyhotels.it\/?s={search_term_string}"},"query-input":{"@type":"PropertyValueSpecification","valueRequired":true,"valueName":"search_term_string"}}],"inLanguage":"de"}]}},"_links":{"self":[{"href":"https:\/\/www.italyfamilyhotels.it\/de\/wp-json\/wp\/v2\/pages\/4347","targetHints":{"allow":["GET"]}}],"collection":[{"href":"https:\/\/www.italyfamilyhotels.it\/de\/wp-json\/wp\/v2\/pages"}],"about":[{"href":"https:\/\/www.italyfamilyhotels.it\/de\/wp-json\/wp\/v2\/types\/page"}],"author":[{"embeddable":true,"href":"https:\/\/www.italyfamilyhotels.it\/de\/wp-json\/wp\/v2\/users\/65"}],"replies":[{"embeddable":true,"href":"https:\/\/www.italyfamilyhotels.it\/de\/wp-json\/wp\/v2\/comments?post=4347"}],"version-history":[{"count":9,"href":"https:\/\/www.italyfamilyhotels.it\/de\/wp-json\/wp\/v2\/pages\/4347\/revisions"}],"predecessor-version":[{"id":56051,"href":"https:\/\/www.italyfamilyhotels.it\/de\/wp-json\/wp\/v2\/pages\/4347\/revisions\/56051"}],"up":[{"embeddable":true,"href":"https:\/\/www.italyfamilyhotels.it\/de\/wp-json\/wp\/v2\/pages\/94"}],"wp:attachment":[{"href":"https:\/\/www.italyfamilyhotels.it\/de\/wp-json\/wp\/v2\/media?parent=4347"}],"curies":[{"name":"wp","href":"https:\/\/api.w.org\/{rel}","templated":true}]}}