{"id":4342,"date":"2022-03-14T12:37:38","date_gmt":"2022-03-14T11:37:38","guid":{"rendered":"https:\/\/www.italyfamilyhotels.it\/family-hotels\/harmony-suite-hotel"},"modified":"2022-09-15T10:10:42","modified_gmt":"2022-09-15T08:10:42","slug":"harmony-suite-hotel-selvino","status":"publish","type":"page","link":"https:\/\/www.italyfamilyhotels.it\/de\/family-hotels\/harmony-suite-hotel-selvino","title":{"rendered":"Harmony Suite Hotel"},"content":{"rendered":"\n<p>Im <b>Harmony Suite Hotel <\/b>in <b>Selvino <\/b>sind wir immer bereit, Sie mit <b>familienfreundlichen Serviceleistungen<\/b> zu verw\u00f6hnen, um Ihnen einen Urlaub voller Spa\u00df und Entspannung inmitten der D\u00fcfte und Farben der T\u00e4ler <b>Val Brembana<\/b> und <b>Val Seriana <\/b>am Fu\u00dfe der Bergamasker Voralpen zu bieten.<\/p>\n\n\n\n<p>Die Kinder haben nicht weniger als <b>3 Innenbereiche<\/b> f\u00fcr sich, in denen sie, auch zusammen mit unserem freundlichen <b>Animationsteam<\/b>, mit weichen Kissen, Riesen-Lego, B\u00e4llebad, Maltischen, Riesen-Vier-gewinnt und superbunten W\u00e4nden spielen k\u00f6nnen.<\/p>\n\n\n\n<p>Und w\u00e4hrend die kleinen G\u00e4ste mit unserem Aktivprogramm besch\u00e4ftigt sind, k\u00f6nnen Mama und Papa die Gegend entdecken, verschiedene<b> Outdoor-Aktivit\u00e4ten<\/b> wie<b> Nordic Walking<\/b>, <b>Trekking<\/b>, <b>Mountainbiking<\/b> und im Winter <b>Skifahren<\/b>, <b>Snowboarden <\/b>und <b>Schneeschuhwandern<\/b> aus\u00fcben oder ein paar Momente der Entspannung im <b>Thermalbad von San Pellegrino<\/b> genie\u00dfen, mit denen wir eine Partnerschaft vereinbart haben.<\/p>\n\n\n\n<p>Genie\u00dfen Sie bei Tisch die Aromen der <b>traditionellen K\u00fcche<\/b> auf der Grundlage von <b>saisonalen Produkten<\/b>, w\u00e4hrend das <b>Kindermen\u00fc<\/b> schmackhafte und gesunde Gerichte umfasst.<\/p>\n\n\n\n<p>Unsere ger\u00e4umigen <b>Zimmer <\/b>sind<b> ideal f\u00fcr Familien<\/b> und bieten einen angenehmen Aufenthalt. Wenn Sie auf der Suche nach einem exklusiven Aufenthalt sind, sollten Sie unsere <b>Familiensuiten<\/b> ausprobieren, um die magische Erfahrung des Schlafens in der <b>B\u00e4renh\u00f6hle<\/b>, im <b>Baumhaus<\/b>, in der exklusiven <b>Spa-Suite <\/b>mit Whirlpool oder in der <b>K\u00f6nigssuite<\/b> mit Himmelbett zu genie\u00dfen.<\/p>\n","protected":false},"excerpt":{"rendered":"<p>Im Harmony Suite Hotel in Selvino sind wir immer bereit, Sie mit familienfreundlichen Serviceleistungen zu verw\u00f6hnen, um Ihnen einen Urlaub voller Spa\u00df und Entspannung inmitten der D\u00fcfte und Farben der T\u00e4ler Val Brembana und Val Seriana am Fu\u00dfe der Bergamasker Voralpen zu bieten. Die Kinder haben nicht weniger als 3 Innenbereiche f\u00fcr sich, in denen &hellip;<\/p>\n","protected":false},"author":39,"featured_media":0,"parent":94,"menu_order":0,"comment_status":"closed","ping_status":"closed","template":"page-templates\/scheda_hotel.php","meta":{"_acf_changed":false,"inline_featured_image":false,"footnotes":""},"class_list":["post-4342","page","type-page","status-publish","hentry"],"acf":[],"yoast_head":"<!-- This site is optimized with the Yoast SEO plugin v27.1 - https:\/\/yoast.com\/product\/yoast-seo-wordpress\/ -->\n<title>Harmony Suite Hotel, 4 Sterne, Selvino<\/title>\n<meta name=\"description\" content=\"Lust auf einen Urlaub mit Ihrer Familie? Entdecken Sie die Familienangebote im Harmony Suite Hotel in Selvino\" \/>\n<meta name=\"robots\" content=\"index, follow, max-snippet:-1, max-image-preview:large, max-video-preview:-1\" \/>\n<link rel=\"canonical\" href=\"https:\/\/www.italyfamilyhotels.it\/de\/family-hotels\/harmony-suite-hotel-selvino\" \/>\n<meta property=\"og:locale\" content=\"de_DE\" \/>\n<meta property=\"og:type\" content=\"article\" \/>\n<meta property=\"og:title\" content=\"Harmony Suite Hotel, 4 Sterne, Selvino\" \/>\n<meta property=\"og:description\" content=\"Lust auf einen Urlaub mit Ihrer Familie? Entdecken Sie die Familienangebote im Harmony Suite Hotel in Selvino\" \/>\n<meta property=\"og:url\" content=\"https:\/\/www.italyfamilyhotels.it\/de\/family-hotels\/harmony-suite-hotel-selvino\" \/>\n<meta property=\"og:site_name\" content=\"Italy Family Hotels\" \/>\n<meta property=\"article:publisher\" content=\"https:\/\/www.facebook.com\/ItalyFamilyHotels\/\" \/>\n<meta property=\"article:modified_time\" content=\"2022-09-15T08:10:42+00:00\" \/>\n<meta name=\"twitter:card\" content=\"summary_large_image\" \/>\n<meta name=\"twitter:label1\" content=\"Gesch\u00e4tzte Lesezeit\" \/>\n\t<meta name=\"twitter:data1\" content=\"1\u00a0Minute\" \/>\n<script type=\"application\/ld+json\" class=\"yoast-schema-graph\">{\"@context\":\"https:\/\/schema.org\",\"@graph\":[{\"@type\":\"WebPage\",\"@id\":\"https:\/\/www.italyfamilyhotels.it\/de\/family-hotels\/harmony-suite-hotel-selvino\",\"url\":\"https:\/\/www.italyfamilyhotels.it\/de\/family-hotels\/harmony-suite-hotel-selvino\",\"name\":\"Harmony Suite Hotel, 4 Sterne, Selvino\",\"isPartOf\":{\"@id\":\"https:\/\/www.italyfamilyhotels.it\/#website\"},\"datePublished\":\"2022-03-14T11:37:38+00:00\",\"dateModified\":\"2022-09-15T08:10:42+00:00\",\"description\":\"Lust auf einen Urlaub mit Ihrer Familie? Entdecken Sie die Familienangebote im Harmony Suite Hotel in Selvino\",\"breadcrumb\":{\"@id\":\"https:\/\/www.italyfamilyhotels.it\/de\/family-hotels\/harmony-suite-hotel-selvino#breadcrumb\"},\"inLanguage\":\"de\",\"potentialAction\":[{\"@type\":\"ReadAction\",\"target\":[\"https:\/\/www.italyfamilyhotels.it\/de\/family-hotels\/harmony-suite-hotel-selvino\"]}]},{\"@type\":\"BreadcrumbList\",\"@id\":\"https:\/\/www.italyfamilyhotels.it\/de\/family-hotels\/harmony-suite-hotel-selvino#breadcrumb\",\"itemListElement\":[{\"@type\":\"ListItem\",\"position\":1,\"name\":\"Home\",\"item\":\"https:\/\/www.italyfamilyhotels.it\/de\"},{\"@type\":\"ListItem\",\"position\":2,\"name\":\"Family Hotels\",\"item\":\"https:\/\/www.italyfamilyhotels.it\/de\/family-hotels\"},{\"@type\":\"ListItem\",\"position\":3,\"name\":\"Harmony Suite Hotel\"}]},{\"@type\":\"WebSite\",\"@id\":\"https:\/\/www.italyfamilyhotels.it\/#website\",\"url\":\"https:\/\/www.italyfamilyhotels.it\/\",\"name\":\"Italy Family Hotels\",\"description\":\"\",\"potentialAction\":[{\"@type\":\"SearchAction\",\"target\":{\"@type\":\"EntryPoint\",\"urlTemplate\":\"https:\/\/www.italyfamilyhotels.it\/?s={search_term_string}\"},\"query-input\":{\"@type\":\"PropertyValueSpecification\",\"valueRequired\":true,\"valueName\":\"search_term_string\"}}],\"inLanguage\":\"de\"}]}<\/script>\n<!-- \/ Yoast SEO plugin. -->","yoast_head_json":{"title":"Harmony Suite Hotel, 4 Sterne, Selvino","description":"Lust auf einen Urlaub mit Ihrer Familie? Entdecken Sie die Familienangebote im Harmony Suite Hotel in Selvino","robots":{"index":"index","follow":"follow","max-snippet":"max-snippet:-1","max-image-preview":"max-image-preview:large","max-video-preview":"max-video-preview:-1"},"canonical":"https:\/\/www.italyfamilyhotels.it\/de\/family-hotels\/harmony-suite-hotel-selvino","og_locale":"de_DE","og_type":"article","og_title":"Harmony Suite Hotel, 4 Sterne, Selvino","og_description":"Lust auf einen Urlaub mit Ihrer Familie? Entdecken Sie die Familienangebote im Harmony Suite Hotel in Selvino","og_url":"https:\/\/www.italyfamilyhotels.it\/de\/family-hotels\/harmony-suite-hotel-selvino","og_site_name":"Italy Family Hotels","article_publisher":"https:\/\/www.facebook.com\/ItalyFamilyHotels\/","article_modified_time":"2022-09-15T08:10:42+00:00","twitter_card":"summary_large_image","twitter_misc":{"Gesch\u00e4tzte Lesezeit":"1\u00a0Minute"},"schema":{"@context":"https:\/\/schema.org","@graph":[{"@type":"WebPage","@id":"https:\/\/www.italyfamilyhotels.it\/de\/family-hotels\/harmony-suite-hotel-selvino","url":"https:\/\/www.italyfamilyhotels.it\/de\/family-hotels\/harmony-suite-hotel-selvino","name":"Harmony Suite Hotel, 4 Sterne, Selvino","isPartOf":{"@id":"https:\/\/www.italyfamilyhotels.it\/#website"},"datePublished":"2022-03-14T11:37:38+00:00","dateModified":"2022-09-15T08:10:42+00:00","description":"Lust auf einen Urlaub mit Ihrer Familie? Entdecken Sie die Familienangebote im Harmony Suite Hotel in Selvino","breadcrumb":{"@id":"https:\/\/www.italyfamilyhotels.it\/de\/family-hotels\/harmony-suite-hotel-selvino#breadcrumb"},"inLanguage":"de","potentialAction":[{"@type":"ReadAction","target":["https:\/\/www.italyfamilyhotels.it\/de\/family-hotels\/harmony-suite-hotel-selvino"]}]},{"@type":"BreadcrumbList","@id":"https:\/\/www.italyfamilyhotels.it\/de\/family-hotels\/harmony-suite-hotel-selvino#breadcrumb","itemListElement":[{"@type":"ListItem","position":1,"name":"Home","item":"https:\/\/www.italyfamilyhotels.it\/de"},{"@type":"ListItem","position":2,"name":"Family Hotels","item":"https:\/\/www.italyfamilyhotels.it\/de\/family-hotels"},{"@type":"ListItem","position":3,"name":"Harmony Suite Hotel"}]},{"@type":"WebSite","@id":"https:\/\/www.italyfamilyhotels.it\/#website","url":"https:\/\/www.italyfamilyhotels.it\/","name":"Italy Family Hotels","description":"","potentialAction":[{"@type":"SearchAction","target":{"@type":"EntryPoint","urlTemplate":"https:\/\/www.italyfamilyhotels.it\/?s={search_term_string}"},"query-input":{"@type":"PropertyValueSpecification","valueRequired":true,"valueName":"search_term_string"}}],"inLanguage":"de"}]}},"_links":{"self":[{"href":"https:\/\/www.italyfamilyhotels.it\/de\/wp-json\/wp\/v2\/pages\/4342","targetHints":{"allow":["GET"]}}],"collection":[{"href":"https:\/\/www.italyfamilyhotels.it\/de\/wp-json\/wp\/v2\/pages"}],"about":[{"href":"https:\/\/www.italyfamilyhotels.it\/de\/wp-json\/wp\/v2\/types\/page"}],"author":[{"embeddable":true,"href":"https:\/\/www.italyfamilyhotels.it\/de\/wp-json\/wp\/v2\/users\/39"}],"replies":[{"embeddable":true,"href":"https:\/\/www.italyfamilyhotels.it\/de\/wp-json\/wp\/v2\/comments?post=4342"}],"version-history":[{"count":6,"href":"https:\/\/www.italyfamilyhotels.it\/de\/wp-json\/wp\/v2\/pages\/4342\/revisions"}],"predecessor-version":[{"id":40447,"href":"https:\/\/www.italyfamilyhotels.it\/de\/wp-json\/wp\/v2\/pages\/4342\/revisions\/40447"}],"up":[{"embeddable":true,"href":"https:\/\/www.italyfamilyhotels.it\/de\/wp-json\/wp\/v2\/pages\/94"}],"wp:attachment":[{"href":"https:\/\/www.italyfamilyhotels.it\/de\/wp-json\/wp\/v2\/media?parent=4342"}],"curies":[{"name":"wp","href":"https:\/\/api.w.org\/{rel}","templated":true}]}}