{"id":4337,"date":"2022-03-14T12:37:37","date_gmt":"2022-03-14T11:37:37","guid":{"rendered":"https:\/\/www.italyfamilyhotels.it\/family-hotels\/oxygen-lifestyle-hotel"},"modified":"2025-07-15T09:21:03","modified_gmt":"2025-07-15T07:21:03","slug":"oxygen-lifestyle-hotel-viserbella-di-rimini","status":"publish","type":"page","link":"https:\/\/www.italyfamilyhotels.it\/de\/family-hotels\/oxygen-lifestyle-hotel-viserbella-di-rimini","title":{"rendered":"Oxygen Lifestyle Hotel"},"content":{"rendered":"\n<p>Kommt und atmet wahre Urlaubsluft im <b>Oxygen Lifestyle Hotel<\/b>, <b>20 Meter vom Strand<\/b>, wo Fr\u00f6hlichkeit und Erholung im Familienformat den Tag bestimmen, vom Aufwachen bis zum Schlafengehen!<\/p>\n\n\n\n<p>Am Vormittag <strong>Spiele am Strand mit Animation<\/strong>, w\u00e4hrend Mama und Papa sich unter dem Sonnenschirm entspannen, Sport treiben oder Wassergymnastik machen und dann einfach <strong>frei entscheiden, was und wo sie zu Mittag essen<\/strong>, vielleicht in der <strong>Folya Garden Lounge<\/strong>. Unser Garten ist ein Ort der Entspannung und auch ideal, um dort <strong>frische Gerichte \u00e0 la carte,<\/strong> kleine Zwischenmahlzeiten und leckere Aperitife zu bestellen. <strong>Die Kinder<\/strong> sind hingegen zum <strong>Mittagessen<\/strong> im Restaurant zu Gast, wo sie gemeinsam und kostenlos mit den liebevollen <strong>Kinderm\u00e4dchen<\/strong> essen, die sich um sie k\u00fcmmern.<\/p>\n\n\n\n<p>Nach einem leckeren Mittagessen in geselliger Runde mit den neuen Urlaubsfreunden, und vielleicht einem Nickerchen, geht es ab in den <strong>Pool mit dem Mini Club<\/strong>, die Workshops im neuen<strong> Kids Room <\/strong>&#8211; einem exklusiven Bereich f\u00fcr das Vergn\u00fcgen der ganz Kleinen, mit weichen Einrichtungselementen, neuen modularen und p\u00e4dagogischen Spielen &#8211; und ein superleckeres <strong>Vesper<\/strong>.<\/p>\n\n\n\n<p>Unseren neuen, <strong>angenehm temperierten Salzwasserpool<\/strong> k\u00f6nnen unsere G\u00e4ste auch in den Herbstmonaten genie\u00dfen. Es gibt ein <strong>tiefes Becken<\/strong>, um frei zu schwimmen, <strong>Hydromassage-Stationen<\/strong> mit Nackenschwallen und verschiedenen D\u00fcsen, einen besonders lustigen Bereich mit<strong> Springbrunnen und Wasserspielen<\/strong> zur Freude der Kleinsten! Zwischen den verschiedenen Spr\u00fcngen ins Wasser k\u00f6nnen Sie sich auf der <strong>Sonnenterrasse <\/strong>mit Designer-Sonnenschirmen, Liegest\u00fchlen und Sesseln entspannen. Und f\u00fcr einen romantischen und entspannenden Moment: Genie\u00dfen Sie die <strong>neue Garden Pool you &amp; me<\/strong> \u2013 ein exklusiver Bereich im Garten mit <strong>Whirlpool<\/strong> und <strong>Lounge-Atmosph\u00e4re<\/strong>, t\u00e4glich <strong>von 9:00 bis 19:30 Uhr<\/strong> f\u00fcr Sie ge\u00f6ffnet. Und ab 20:00 Uhr k\u00f6nnen Sie den gesamten Bereich zur exklusiven Nutzung reservieren \u2013 ideal, um deine bessere H\u00e4lfte mit einer Flasche prickelndem Sekt und frischem Obst zu \u00fcberraschen.<\/p>\n\n\n\n<p>Nach dem Abendessen folgt Unterhaltung und viel Humor, mit <b>Shows<\/b> und <b>Baby-Dance<\/b>. Danach werdet Ihr Euch in Euer behagliches Zimmer zur\u00fcckziehen, vielleicht noch ein M\u00e4rchen vorlesen und bestens schlafen.<\/p>\n\n\n\n<p>So sehen die Tage aus, die wir unseren kleinen und gro\u00dfen G\u00e4sten bieten m\u00f6chten.<\/p>\n\n\n\n<p>Radsport-Liebhabern bieten wir spezifische Serviceleistungen und die M\u00f6glichkeit, an gef\u00fchrten Touren teilzunehmen. F\u00fcr sicheres und spannendes Vergn\u00fcgen der Kinder sorgt <b>jeden Tag 8 Stunden lang die Animation<\/b> und am Abend feiern alle zusammen mit Festen am Pool und im Garten!<\/p>\n","protected":false},"excerpt":{"rendered":"<p>Kommt und atmet wahre Urlaubsluft im Oxygen Lifestyle Hotel, 20 Meter vom Strand, wo Fr\u00f6hlichkeit und Erholung im Familienformat den Tag bestimmen, vom Aufwachen bis zum Schlafengehen! Am Vormittag Spiele am Strand mit Animation, w\u00e4hrend Mama und Papa sich unter dem Sonnenschirm entspannen, Sport treiben oder Wassergymnastik machen und dann einfach frei entscheiden, was und &hellip;<\/p>\n","protected":false},"author":40,"featured_media":0,"parent":94,"menu_order":0,"comment_status":"closed","ping_status":"closed","template":"page-templates\/scheda_hotel.php","meta":{"_acf_changed":false,"inline_featured_image":false,"footnotes":""},"class_list":["post-4337","page","type-page","status-publish","hentry"],"acf":[],"yoast_head":"<!-- This site is optimized with the Yoast SEO plugin v27.1 - https:\/\/yoast.com\/product\/yoast-seo-wordpress\/ -->\n<title>Oxygen Lifestyle Hotel 4-Sterne, Viserbella di Rimini<\/title>\n<meta name=\"description\" content=\"Lust auf Familienurlaub? Entdecken Sie die Familienangebote f\u00fcr Oxygen Lifestyle Hotel in Viserbella di Rimini\" \/>\n<meta name=\"robots\" content=\"index, follow, max-snippet:-1, max-image-preview:large, max-video-preview:-1\" \/>\n<link rel=\"canonical\" href=\"https:\/\/www.italyfamilyhotels.it\/de\/family-hotels\/oxygen-lifestyle-hotel-viserbella-di-rimini\" \/>\n<meta property=\"og:locale\" content=\"de_DE\" \/>\n<meta property=\"og:type\" content=\"article\" \/>\n<meta property=\"og:title\" content=\"Oxygen Lifestyle Hotel 4-Sterne, Viserbella di Rimini\" \/>\n<meta property=\"og:description\" content=\"Lust auf Familienurlaub? Entdecken Sie die Familienangebote f\u00fcr Oxygen Lifestyle Hotel in Viserbella di Rimini\" \/>\n<meta property=\"og:url\" content=\"https:\/\/www.italyfamilyhotels.it\/de\/family-hotels\/oxygen-lifestyle-hotel-viserbella-di-rimini\" \/>\n<meta property=\"og:site_name\" content=\"Italy Family Hotels\" \/>\n<meta property=\"article:publisher\" content=\"https:\/\/www.facebook.com\/ItalyFamilyHotels\/\" \/>\n<meta property=\"article:modified_time\" content=\"2025-07-15T07:21:03+00:00\" \/>\n<meta name=\"twitter:card\" content=\"summary_large_image\" \/>\n<meta name=\"twitter:label1\" content=\"Gesch\u00e4tzte Lesezeit\" \/>\n\t<meta name=\"twitter:data1\" content=\"1\u00a0Minute\" \/>\n<script type=\"application\/ld+json\" class=\"yoast-schema-graph\">{\"@context\":\"https:\/\/schema.org\",\"@graph\":[{\"@type\":\"WebPage\",\"@id\":\"https:\/\/www.italyfamilyhotels.it\/de\/family-hotels\/oxygen-lifestyle-hotel-viserbella-di-rimini\",\"url\":\"https:\/\/www.italyfamilyhotels.it\/de\/family-hotels\/oxygen-lifestyle-hotel-viserbella-di-rimini\",\"name\":\"Oxygen Lifestyle Hotel 4-Sterne, Viserbella di Rimini\",\"isPartOf\":{\"@id\":\"https:\/\/www.italyfamilyhotels.it\/#website\"},\"datePublished\":\"2022-03-14T11:37:37+00:00\",\"dateModified\":\"2025-07-15T07:21:03+00:00\",\"description\":\"Lust auf Familienurlaub? Entdecken Sie die Familienangebote f\u00fcr Oxygen Lifestyle Hotel in Viserbella di Rimini\",\"breadcrumb\":{\"@id\":\"https:\/\/www.italyfamilyhotels.it\/de\/family-hotels\/oxygen-lifestyle-hotel-viserbella-di-rimini#breadcrumb\"},\"inLanguage\":\"de\",\"potentialAction\":[{\"@type\":\"ReadAction\",\"target\":[\"https:\/\/www.italyfamilyhotels.it\/de\/family-hotels\/oxygen-lifestyle-hotel-viserbella-di-rimini\"]}]},{\"@type\":\"BreadcrumbList\",\"@id\":\"https:\/\/www.italyfamilyhotels.it\/de\/family-hotels\/oxygen-lifestyle-hotel-viserbella-di-rimini#breadcrumb\",\"itemListElement\":[{\"@type\":\"ListItem\",\"position\":1,\"name\":\"Home\",\"item\":\"https:\/\/www.italyfamilyhotels.it\/de\"},{\"@type\":\"ListItem\",\"position\":2,\"name\":\"Family Hotels\",\"item\":\"https:\/\/www.italyfamilyhotels.it\/de\/family-hotels\"},{\"@type\":\"ListItem\",\"position\":3,\"name\":\"Oxygen Lifestyle Hotel\"}]},{\"@type\":\"WebSite\",\"@id\":\"https:\/\/www.italyfamilyhotels.it\/#website\",\"url\":\"https:\/\/www.italyfamilyhotels.it\/\",\"name\":\"Italy Family Hotels\",\"description\":\"\",\"potentialAction\":[{\"@type\":\"SearchAction\",\"target\":{\"@type\":\"EntryPoint\",\"urlTemplate\":\"https:\/\/www.italyfamilyhotels.it\/?s={search_term_string}\"},\"query-input\":{\"@type\":\"PropertyValueSpecification\",\"valueRequired\":true,\"valueName\":\"search_term_string\"}}],\"inLanguage\":\"de\"}]}<\/script>\n<!-- \/ Yoast SEO plugin. -->","yoast_head_json":{"title":"Oxygen Lifestyle Hotel 4-Sterne, Viserbella di Rimini","description":"Lust auf Familienurlaub? Entdecken Sie die Familienangebote f\u00fcr Oxygen Lifestyle Hotel in Viserbella di Rimini","robots":{"index":"index","follow":"follow","max-snippet":"max-snippet:-1","max-image-preview":"max-image-preview:large","max-video-preview":"max-video-preview:-1"},"canonical":"https:\/\/www.italyfamilyhotels.it\/de\/family-hotels\/oxygen-lifestyle-hotel-viserbella-di-rimini","og_locale":"de_DE","og_type":"article","og_title":"Oxygen Lifestyle Hotel 4-Sterne, Viserbella di Rimini","og_description":"Lust auf Familienurlaub? Entdecken Sie die Familienangebote f\u00fcr Oxygen Lifestyle Hotel in Viserbella di Rimini","og_url":"https:\/\/www.italyfamilyhotels.it\/de\/family-hotels\/oxygen-lifestyle-hotel-viserbella-di-rimini","og_site_name":"Italy Family Hotels","article_publisher":"https:\/\/www.facebook.com\/ItalyFamilyHotels\/","article_modified_time":"2025-07-15T07:21:03+00:00","twitter_card":"summary_large_image","twitter_misc":{"Gesch\u00e4tzte Lesezeit":"1\u00a0Minute"},"schema":{"@context":"https:\/\/schema.org","@graph":[{"@type":"WebPage","@id":"https:\/\/www.italyfamilyhotels.it\/de\/family-hotels\/oxygen-lifestyle-hotel-viserbella-di-rimini","url":"https:\/\/www.italyfamilyhotels.it\/de\/family-hotels\/oxygen-lifestyle-hotel-viserbella-di-rimini","name":"Oxygen Lifestyle Hotel 4-Sterne, Viserbella di Rimini","isPartOf":{"@id":"https:\/\/www.italyfamilyhotels.it\/#website"},"datePublished":"2022-03-14T11:37:37+00:00","dateModified":"2025-07-15T07:21:03+00:00","description":"Lust auf Familienurlaub? Entdecken Sie die Familienangebote f\u00fcr Oxygen Lifestyle Hotel in Viserbella di Rimini","breadcrumb":{"@id":"https:\/\/www.italyfamilyhotels.it\/de\/family-hotels\/oxygen-lifestyle-hotel-viserbella-di-rimini#breadcrumb"},"inLanguage":"de","potentialAction":[{"@type":"ReadAction","target":["https:\/\/www.italyfamilyhotels.it\/de\/family-hotels\/oxygen-lifestyle-hotel-viserbella-di-rimini"]}]},{"@type":"BreadcrumbList","@id":"https:\/\/www.italyfamilyhotels.it\/de\/family-hotels\/oxygen-lifestyle-hotel-viserbella-di-rimini#breadcrumb","itemListElement":[{"@type":"ListItem","position":1,"name":"Home","item":"https:\/\/www.italyfamilyhotels.it\/de"},{"@type":"ListItem","position":2,"name":"Family Hotels","item":"https:\/\/www.italyfamilyhotels.it\/de\/family-hotels"},{"@type":"ListItem","position":3,"name":"Oxygen Lifestyle Hotel"}]},{"@type":"WebSite","@id":"https:\/\/www.italyfamilyhotels.it\/#website","url":"https:\/\/www.italyfamilyhotels.it\/","name":"Italy Family Hotels","description":"","potentialAction":[{"@type":"SearchAction","target":{"@type":"EntryPoint","urlTemplate":"https:\/\/www.italyfamilyhotels.it\/?s={search_term_string}"},"query-input":{"@type":"PropertyValueSpecification","valueRequired":true,"valueName":"search_term_string"}}],"inLanguage":"de"}]}},"_links":{"self":[{"href":"https:\/\/www.italyfamilyhotels.it\/de\/wp-json\/wp\/v2\/pages\/4337","targetHints":{"allow":["GET"]}}],"collection":[{"href":"https:\/\/www.italyfamilyhotels.it\/de\/wp-json\/wp\/v2\/pages"}],"about":[{"href":"https:\/\/www.italyfamilyhotels.it\/de\/wp-json\/wp\/v2\/types\/page"}],"author":[{"embeddable":true,"href":"https:\/\/www.italyfamilyhotels.it\/de\/wp-json\/wp\/v2\/users\/40"}],"replies":[{"embeddable":true,"href":"https:\/\/www.italyfamilyhotels.it\/de\/wp-json\/wp\/v2\/comments?post=4337"}],"version-history":[{"count":10,"href":"https:\/\/www.italyfamilyhotels.it\/de\/wp-json\/wp\/v2\/pages\/4337\/revisions"}],"predecessor-version":[{"id":70646,"href":"https:\/\/www.italyfamilyhotels.it\/de\/wp-json\/wp\/v2\/pages\/4337\/revisions\/70646"}],"up":[{"embeddable":true,"href":"https:\/\/www.italyfamilyhotels.it\/de\/wp-json\/wp\/v2\/pages\/94"}],"wp:attachment":[{"href":"https:\/\/www.italyfamilyhotels.it\/de\/wp-json\/wp\/v2\/media?parent=4337"}],"curies":[{"name":"wp","href":"https:\/\/api.w.org\/{rel}","templated":true}]}}