{"id":4332,"date":"2022-03-14T12:37:36","date_gmt":"2022-03-14T11:37:36","guid":{"rendered":"https:\/\/www.italyfamilyhotels.it\/family-hotels\/club-village-hotel-spiaggia-romea"},"modified":"2022-09-16T13:55:38","modified_gmt":"2022-09-16T11:55:38","slug":"club-village-hotel-spiaggia-romea-lido-delle-nazioni","status":"publish","type":"page","link":"https:\/\/www.italyfamilyhotels.it\/de\/family-hotels\/club-village-hotel-spiaggia-romea-lido-delle-nazioni","title":{"rendered":"Club Village &#038; Hotel Spiaggia Romea"},"content":{"rendered":"\n<p>Haben Sie schon einmal einen <b>Familienurlaub<\/b> in einem \u201e<b>Feriendorf <\/b>in der Natur\u201c gemacht? Dann sollten Sie es jetzt unbedingt versuchen! Hier im <b>Club Village &amp; Hotel Spiaggia Romea<\/b> in <b>Lido delle Nazioni<\/b>, im duftenden gr\u00fcnen Herzen des Po-Delta-Parks, k\u00f6nnen Sie Ihre Kinder mit einer unvergesslichen Erfahrung im Kontakt mit der Natur begeistern.<\/p>\n\n\n\n<p>Wir sind von einem <b>riesigen Park<\/b> umgeben, in dem sich ein <b>privater See mit Strand<\/b> befindet, an dem Sie Kanu, Windsurfen, Kajak oder Tretboote fahren k\u00f6nnen. Au\u00dferdem gibt es <b>3 fantastische Swimmingpools<\/b>: ein halb-olympisches f\u00fcr Schwimmbegeisterte, eines f\u00fcr Kinder mit geringer Wassertiefe und eine 40 cm tiefe Lagune mit Rutschen, Tunneln und Whirlpool. Oder Sie gelangen mit einem angenehmen Spaziergang im Schatten des Pinienwaldes zu unserem <b>Privatstrand<\/b>, der auch f\u00fcr Haustiere zug\u00e4nglich ist.<\/p>\n\n\n\n<p>Wir haben es Ihnen vielleicht noch nicht gesagt, aber wir haben eine wichtige Mission: Spa\u00df! Aus diesem Grund bezieht das Animationsteam die Kinder den ganzen Tag \u00fcber mit ein, indem es Unterhaltung mit einem reichhaltigen Bildungs- und Sportprogramm kombiniert, mit <b>Aktivit\u00e4ten und Erlebnissen<\/b> wie einer Mini-Safari auf unserem <b>Bauernhof<\/b> oder Natur-Workshops.<\/p>\n\n\n\n<p>Dar\u00fcber hinaus k\u00f6nnen Kinder und Jugendliche ihre \u201eSatteltaufe\u201c feiern! Hier finden Sie eine <b>Reitschule<\/b>, wir organisieren <b>Reitstunden<\/b> und <b>Ausritte<\/b>, bei denen Sie Rehe, Stiere und zahlreiche Vogelarten bewundern k\u00f6nnen. Kurzum, die Kleinen sollen lernen, die Umwelt zu lieben und sich der Natur aktiv zu n\u00e4hern!<\/p>\n\n\n\n<p>Ein Grund mehr, mit uns in den Urlaub zu fahren? Die <b>All-inclusive-Clubformel<\/b> <b>umfasst alle Familienleistungen<\/b>, Aktivit\u00e4ten, gastronomische Erlebnisse, <b>Sonnenschirme und Liegen in den Badebereichen<\/b> f\u00fcr einen Urlaub ohne \u00dcberraschungen. Au\u00dferdem stellen wir Ihnen <b>bei Ihrer Ankunft alles zur Verf\u00fcgung, was Sie f\u00fcr die Kinder brauchen<\/b>: Kinderbett mit Bettlaken, Babyfon, Flaschenw\u00e4rmer, Wickeltisch, Babybadewanne, Babyhocker, Kinder-Toilettensitz, Nachtlicht, Aroma-Diffusor zum Einschlafen, Hochstuhl, Kinderwagenverleih, Babynahrungsecke, Baby- und Kleinkindermen\u00fc.<\/p>\n","protected":false},"excerpt":{"rendered":"<p>Haben Sie schon einmal einen Familienurlaub in einem \u201eFeriendorf in der Natur\u201c gemacht? Dann sollten Sie es jetzt unbedingt versuchen! Hier im Club Village &amp; Hotel Spiaggia Romea in Lido delle Nazioni, im duftenden gr\u00fcnen Herzen des Po-Delta-Parks, k\u00f6nnen Sie Ihre Kinder mit einer unvergesslichen Erfahrung im Kontakt mit der Natur begeistern. Wir sind von &hellip;<\/p>\n","protected":false},"author":19,"featured_media":0,"parent":94,"menu_order":0,"comment_status":"closed","ping_status":"closed","template":"page-templates\/scheda_hotel.php","meta":{"_acf_changed":false,"inline_featured_image":false,"footnotes":""},"class_list":["post-4332","page","type-page","status-publish","hentry"],"acf":[],"yoast_head":"<!-- This site is optimized with the Yoast SEO plugin v27.1 - https:\/\/yoast.com\/product\/yoast-seo-wordpress\/ -->\n<title>Club Village &amp; Hotel Spiaggia Romea, 3 Sterne Superior, Lido delle Nazioni<\/title>\n<meta name=\"description\" content=\"Lust auf Urlaub mit Ihrer Familie? Entdecken Sie die Familienangebote im Club Village &amp; Hotel Spiaggia Romea in Lido delle Nazioni\" \/>\n<meta name=\"robots\" content=\"index, follow, max-snippet:-1, max-image-preview:large, max-video-preview:-1\" \/>\n<link rel=\"canonical\" href=\"https:\/\/www.italyfamilyhotels.it\/de\/family-hotels\/club-village-hotel-spiaggia-romea-lido-delle-nazioni\" \/>\n<meta property=\"og:locale\" content=\"de_DE\" \/>\n<meta property=\"og:type\" content=\"article\" \/>\n<meta property=\"og:title\" content=\"Club Village &amp; Hotel Spiaggia Romea, 3 Sterne Superior, Lido delle Nazioni\" \/>\n<meta property=\"og:description\" content=\"Lust auf Urlaub mit Ihrer Familie? Entdecken Sie die Familienangebote im Club Village &amp; Hotel Spiaggia Romea in Lido delle Nazioni\" \/>\n<meta property=\"og:url\" content=\"https:\/\/www.italyfamilyhotels.it\/de\/family-hotels\/club-village-hotel-spiaggia-romea-lido-delle-nazioni\" \/>\n<meta property=\"og:site_name\" content=\"Italy Family Hotels\" \/>\n<meta property=\"article:publisher\" content=\"https:\/\/www.facebook.com\/ItalyFamilyHotels\/\" \/>\n<meta property=\"article:modified_time\" content=\"2022-09-16T11:55:38+00:00\" \/>\n<meta name=\"twitter:card\" content=\"summary_large_image\" \/>\n<meta name=\"twitter:label1\" content=\"Gesch\u00e4tzte Lesezeit\" \/>\n\t<meta name=\"twitter:data1\" content=\"1\u00a0Minute\" \/>\n<script type=\"application\/ld+json\" class=\"yoast-schema-graph\">{\"@context\":\"https:\/\/schema.org\",\"@graph\":[{\"@type\":\"WebPage\",\"@id\":\"https:\/\/www.italyfamilyhotels.it\/de\/family-hotels\/club-village-hotel-spiaggia-romea-lido-delle-nazioni\",\"url\":\"https:\/\/www.italyfamilyhotels.it\/de\/family-hotels\/club-village-hotel-spiaggia-romea-lido-delle-nazioni\",\"name\":\"Club Village & Hotel Spiaggia Romea, 3 Sterne Superior, Lido delle Nazioni\",\"isPartOf\":{\"@id\":\"https:\/\/www.italyfamilyhotels.it\/#website\"},\"datePublished\":\"2022-03-14T11:37:36+00:00\",\"dateModified\":\"2022-09-16T11:55:38+00:00\",\"description\":\"Lust auf Urlaub mit Ihrer Familie? Entdecken Sie die Familienangebote im Club Village & Hotel Spiaggia Romea in Lido delle Nazioni\",\"breadcrumb\":{\"@id\":\"https:\/\/www.italyfamilyhotels.it\/de\/family-hotels\/club-village-hotel-spiaggia-romea-lido-delle-nazioni#breadcrumb\"},\"inLanguage\":\"de\",\"potentialAction\":[{\"@type\":\"ReadAction\",\"target\":[\"https:\/\/www.italyfamilyhotels.it\/de\/family-hotels\/club-village-hotel-spiaggia-romea-lido-delle-nazioni\"]}]},{\"@type\":\"BreadcrumbList\",\"@id\":\"https:\/\/www.italyfamilyhotels.it\/de\/family-hotels\/club-village-hotel-spiaggia-romea-lido-delle-nazioni#breadcrumb\",\"itemListElement\":[{\"@type\":\"ListItem\",\"position\":1,\"name\":\"Home\",\"item\":\"https:\/\/www.italyfamilyhotels.it\/de\"},{\"@type\":\"ListItem\",\"position\":2,\"name\":\"Family Hotels\",\"item\":\"https:\/\/www.italyfamilyhotels.it\/de\/family-hotels\"},{\"@type\":\"ListItem\",\"position\":3,\"name\":\"Club Village &#038; Hotel Spiaggia Romea\"}]},{\"@type\":\"WebSite\",\"@id\":\"https:\/\/www.italyfamilyhotels.it\/#website\",\"url\":\"https:\/\/www.italyfamilyhotels.it\/\",\"name\":\"Italy Family Hotels\",\"description\":\"\",\"potentialAction\":[{\"@type\":\"SearchAction\",\"target\":{\"@type\":\"EntryPoint\",\"urlTemplate\":\"https:\/\/www.italyfamilyhotels.it\/?s={search_term_string}\"},\"query-input\":{\"@type\":\"PropertyValueSpecification\",\"valueRequired\":true,\"valueName\":\"search_term_string\"}}],\"inLanguage\":\"de\"}]}<\/script>\n<!-- \/ Yoast SEO plugin. -->","yoast_head_json":{"title":"Club Village & Hotel Spiaggia Romea, 3 Sterne Superior, Lido delle Nazioni","description":"Lust auf Urlaub mit Ihrer Familie? Entdecken Sie die Familienangebote im Club Village & Hotel Spiaggia Romea in Lido delle Nazioni","robots":{"index":"index","follow":"follow","max-snippet":"max-snippet:-1","max-image-preview":"max-image-preview:large","max-video-preview":"max-video-preview:-1"},"canonical":"https:\/\/www.italyfamilyhotels.it\/de\/family-hotels\/club-village-hotel-spiaggia-romea-lido-delle-nazioni","og_locale":"de_DE","og_type":"article","og_title":"Club Village & Hotel Spiaggia Romea, 3 Sterne Superior, Lido delle Nazioni","og_description":"Lust auf Urlaub mit Ihrer Familie? Entdecken Sie die Familienangebote im Club Village & Hotel Spiaggia Romea in Lido delle Nazioni","og_url":"https:\/\/www.italyfamilyhotels.it\/de\/family-hotels\/club-village-hotel-spiaggia-romea-lido-delle-nazioni","og_site_name":"Italy Family Hotels","article_publisher":"https:\/\/www.facebook.com\/ItalyFamilyHotels\/","article_modified_time":"2022-09-16T11:55:38+00:00","twitter_card":"summary_large_image","twitter_misc":{"Gesch\u00e4tzte Lesezeit":"1\u00a0Minute"},"schema":{"@context":"https:\/\/schema.org","@graph":[{"@type":"WebPage","@id":"https:\/\/www.italyfamilyhotels.it\/de\/family-hotels\/club-village-hotel-spiaggia-romea-lido-delle-nazioni","url":"https:\/\/www.italyfamilyhotels.it\/de\/family-hotels\/club-village-hotel-spiaggia-romea-lido-delle-nazioni","name":"Club Village & Hotel Spiaggia Romea, 3 Sterne Superior, Lido delle Nazioni","isPartOf":{"@id":"https:\/\/www.italyfamilyhotels.it\/#website"},"datePublished":"2022-03-14T11:37:36+00:00","dateModified":"2022-09-16T11:55:38+00:00","description":"Lust auf Urlaub mit Ihrer Familie? Entdecken Sie die Familienangebote im Club Village & Hotel Spiaggia Romea in Lido delle Nazioni","breadcrumb":{"@id":"https:\/\/www.italyfamilyhotels.it\/de\/family-hotels\/club-village-hotel-spiaggia-romea-lido-delle-nazioni#breadcrumb"},"inLanguage":"de","potentialAction":[{"@type":"ReadAction","target":["https:\/\/www.italyfamilyhotels.it\/de\/family-hotels\/club-village-hotel-spiaggia-romea-lido-delle-nazioni"]}]},{"@type":"BreadcrumbList","@id":"https:\/\/www.italyfamilyhotels.it\/de\/family-hotels\/club-village-hotel-spiaggia-romea-lido-delle-nazioni#breadcrumb","itemListElement":[{"@type":"ListItem","position":1,"name":"Home","item":"https:\/\/www.italyfamilyhotels.it\/de"},{"@type":"ListItem","position":2,"name":"Family Hotels","item":"https:\/\/www.italyfamilyhotels.it\/de\/family-hotels"},{"@type":"ListItem","position":3,"name":"Club Village &#038; Hotel Spiaggia Romea"}]},{"@type":"WebSite","@id":"https:\/\/www.italyfamilyhotels.it\/#website","url":"https:\/\/www.italyfamilyhotels.it\/","name":"Italy Family Hotels","description":"","potentialAction":[{"@type":"SearchAction","target":{"@type":"EntryPoint","urlTemplate":"https:\/\/www.italyfamilyhotels.it\/?s={search_term_string}"},"query-input":{"@type":"PropertyValueSpecification","valueRequired":true,"valueName":"search_term_string"}}],"inLanguage":"de"}]}},"_links":{"self":[{"href":"https:\/\/www.italyfamilyhotels.it\/de\/wp-json\/wp\/v2\/pages\/4332","targetHints":{"allow":["GET"]}}],"collection":[{"href":"https:\/\/www.italyfamilyhotels.it\/de\/wp-json\/wp\/v2\/pages"}],"about":[{"href":"https:\/\/www.italyfamilyhotels.it\/de\/wp-json\/wp\/v2\/types\/page"}],"author":[{"embeddable":true,"href":"https:\/\/www.italyfamilyhotels.it\/de\/wp-json\/wp\/v2\/users\/19"}],"replies":[{"embeddable":true,"href":"https:\/\/www.italyfamilyhotels.it\/de\/wp-json\/wp\/v2\/comments?post=4332"}],"version-history":[{"count":3,"href":"https:\/\/www.italyfamilyhotels.it\/de\/wp-json\/wp\/v2\/pages\/4332\/revisions"}],"predecessor-version":[{"id":40481,"href":"https:\/\/www.italyfamilyhotels.it\/de\/wp-json\/wp\/v2\/pages\/4332\/revisions\/40481"}],"up":[{"embeddable":true,"href":"https:\/\/www.italyfamilyhotels.it\/de\/wp-json\/wp\/v2\/pages\/94"}],"wp:attachment":[{"href":"https:\/\/www.italyfamilyhotels.it\/de\/wp-json\/wp\/v2\/media?parent=4332"}],"curies":[{"name":"wp","href":"https:\/\/api.w.org\/{rel}","templated":true}]}}