{"id":4322,"date":"2022-03-14T12:37:35","date_gmt":"2022-03-14T11:37:35","guid":{"rendered":"https:\/\/www.italyfamilyhotels.it\/family-hotels\/hotel-doge"},"modified":"2022-09-16T13:55:37","modified_gmt":"2022-09-16T11:55:37","slug":"hotel-doge-alba-adriatica","status":"publish","type":"page","link":"https:\/\/www.italyfamilyhotels.it\/de\/family-hotels\/hotel-doge-alba-adriatica","title":{"rendered":"Hotel Doge"},"content":{"rendered":"\n<p>Sie finden uns in <b>Alba Adriatica<\/b>, direkt an der Strandpromenade, f\u00fcr einen Urlaub der Entspannung und des Vergn\u00fcgens, in idealer Lage f\u00fcr Spazierg\u00e4nge und f\u00fcr den Zugang zum <b>Privatstrand<\/b>, wo Sonnenschirme, Liegest\u00fchle, Wifi, ein Beachvolleyballplatz, ein eingez\u00e4unter Kinderspielplatz und <b>2 Swimmingpools<\/b> auf Sie warten!<\/p>\n\n\n\n<p>Das Wohlbefinden der ganzen Familie liegt uns am Herzen, deshalb gibt es im Hotel einen <b>Swimmingpool und<\/b> <b>Whirlpools<\/b> unter den Palmen im Garten.<\/p>\n\n\n\n<p>Unsere <b>Animation <\/b>bezieht nicht nur die Kinder, sondern die ganze Familie in Spiele, Sportturniere, Wassergymnastik, Stretching und Gruppent\u00e4nze am Strand ein. F\u00fcr die Kleinen gibt es den <b>Miniclub<\/b>, wo sie sich am Strand mit Workshops, Snacks, Sandburgen und im Pool vergn\u00fcgen k\u00f6nnen, w\u00e4hrend sie im Hotel viel Platz im <b>Garten und <\/b>im <b>kleinen Raum<\/b> mit Spielen, Bilderb\u00fcchern, Fernsehraum und interaktiven digitalen Spielen haben. Nach dem Abendessen gibt es<b> jede Woche nicht weniger als 6 Themenabende<\/b> f\u00fcr die ganze Familie.<\/p>\n\n\n\n<p>F\u00fcr Radtouren am Nachmittag auf dem Radweg oder entspannte Ausfahrten am Abend bietet das Hotel <b>Kinderfahrr\u00e4der<\/b>, <b>Kindersitze <\/b>und <b>Kinderwagen<\/b>. Dar\u00fcber hinaus k\u00f6nnen Rausfallschutz, Wickeltisch, Badewanne, Hocker, Nachtlicht, Flaschenw\u00e4rmer und T\u00f6pfchen im Zimmer angefordert werden.<\/p>\n\n\n\n<p>Ihr<b> vierbeiniger Freund ist bei uns willkommen<\/b>! Bei Ihrer Ankunft finden Sie in Ihrem Zimmer ein Tuch f\u00fcr das Hundebett, einige Beutel f\u00fcr Notf\u00e4lle, Futter- und Wassern\u00e4pfe sowie auf Wunsch und nach vorheriger Angabe der bevorzugten Marke und Art f\u00fcr Ihr Tier Futter f\u00fcr die Dauer Ihres Aufenthalts.<\/p>\n","protected":false},"excerpt":{"rendered":"<p>Sie finden uns in Alba Adriatica, direkt an der Strandpromenade, f\u00fcr einen Urlaub der Entspannung und des Vergn\u00fcgens, in idealer Lage f\u00fcr Spazierg\u00e4nge und f\u00fcr den Zugang zum Privatstrand, wo Sonnenschirme, Liegest\u00fchle, Wifi, ein Beachvolleyballplatz, ein eingez\u00e4unter Kinderspielplatz und 2 Swimmingpools auf Sie warten! Das Wohlbefinden der ganzen Familie liegt uns am Herzen, deshalb gibt &hellip;<\/p>\n","protected":false},"author":55,"featured_media":0,"parent":94,"menu_order":0,"comment_status":"closed","ping_status":"closed","template":"page-templates\/scheda_hotel.php","meta":{"_acf_changed":false,"inline_featured_image":false,"footnotes":""},"class_list":["post-4322","page","type-page","status-publish","hentry"],"acf":[],"yoast_head":"<!-- This site is optimized with the Yoast SEO plugin v27.1 - https:\/\/yoast.com\/product\/yoast-seo-wordpress\/ -->\n<title>Hotel Doge, 3 Sterne, Alba Adriatica<\/title>\n<meta name=\"description\" content=\"Lust auf Urlaub mit Ihrer Familie? Entdecken Sie die Familienangebote im Hotel Doge in Alba Adriatica\" \/>\n<meta name=\"robots\" content=\"index, follow, max-snippet:-1, max-image-preview:large, max-video-preview:-1\" \/>\n<link rel=\"canonical\" href=\"https:\/\/www.italyfamilyhotels.it\/de\/family-hotels\/hotel-doge-alba-adriatica\" \/>\n<meta property=\"og:locale\" content=\"de_DE\" \/>\n<meta property=\"og:type\" content=\"article\" \/>\n<meta property=\"og:title\" content=\"Hotel Doge, 3 Sterne, Alba Adriatica\" \/>\n<meta property=\"og:description\" content=\"Lust auf Urlaub mit Ihrer Familie? Entdecken Sie die Familienangebote im Hotel Doge in Alba Adriatica\" \/>\n<meta property=\"og:url\" content=\"https:\/\/www.italyfamilyhotels.it\/de\/family-hotels\/hotel-doge-alba-adriatica\" \/>\n<meta property=\"og:site_name\" content=\"Italy Family Hotels\" \/>\n<meta property=\"article:publisher\" content=\"https:\/\/www.facebook.com\/ItalyFamilyHotels\/\" \/>\n<meta property=\"article:modified_time\" content=\"2022-09-16T11:55:37+00:00\" \/>\n<meta name=\"twitter:card\" content=\"summary_large_image\" \/>\n<meta name=\"twitter:label1\" content=\"Gesch\u00e4tzte Lesezeit\" \/>\n\t<meta name=\"twitter:data1\" content=\"1\u00a0Minute\" \/>\n<script type=\"application\/ld+json\" class=\"yoast-schema-graph\">{\"@context\":\"https:\/\/schema.org\",\"@graph\":[{\"@type\":\"WebPage\",\"@id\":\"https:\/\/www.italyfamilyhotels.it\/de\/family-hotels\/hotel-doge-alba-adriatica\",\"url\":\"https:\/\/www.italyfamilyhotels.it\/de\/family-hotels\/hotel-doge-alba-adriatica\",\"name\":\"Hotel Doge, 3 Sterne, Alba Adriatica\",\"isPartOf\":{\"@id\":\"https:\/\/www.italyfamilyhotels.it\/#website\"},\"datePublished\":\"2022-03-14T11:37:35+00:00\",\"dateModified\":\"2022-09-16T11:55:37+00:00\",\"description\":\"Lust auf Urlaub mit Ihrer Familie? Entdecken Sie die Familienangebote im Hotel Doge in Alba Adriatica\",\"breadcrumb\":{\"@id\":\"https:\/\/www.italyfamilyhotels.it\/de\/family-hotels\/hotel-doge-alba-adriatica#breadcrumb\"},\"inLanguage\":\"de\",\"potentialAction\":[{\"@type\":\"ReadAction\",\"target\":[\"https:\/\/www.italyfamilyhotels.it\/de\/family-hotels\/hotel-doge-alba-adriatica\"]}]},{\"@type\":\"BreadcrumbList\",\"@id\":\"https:\/\/www.italyfamilyhotels.it\/de\/family-hotels\/hotel-doge-alba-adriatica#breadcrumb\",\"itemListElement\":[{\"@type\":\"ListItem\",\"position\":1,\"name\":\"Home\",\"item\":\"https:\/\/www.italyfamilyhotels.it\/de\"},{\"@type\":\"ListItem\",\"position\":2,\"name\":\"Family Hotels\",\"item\":\"https:\/\/www.italyfamilyhotels.it\/de\/family-hotels\"},{\"@type\":\"ListItem\",\"position\":3,\"name\":\"Hotel Doge\"}]},{\"@type\":\"WebSite\",\"@id\":\"https:\/\/www.italyfamilyhotels.it\/#website\",\"url\":\"https:\/\/www.italyfamilyhotels.it\/\",\"name\":\"Italy Family Hotels\",\"description\":\"\",\"potentialAction\":[{\"@type\":\"SearchAction\",\"target\":{\"@type\":\"EntryPoint\",\"urlTemplate\":\"https:\/\/www.italyfamilyhotels.it\/?s={search_term_string}\"},\"query-input\":{\"@type\":\"PropertyValueSpecification\",\"valueRequired\":true,\"valueName\":\"search_term_string\"}}],\"inLanguage\":\"de\"}]}<\/script>\n<!-- \/ Yoast SEO plugin. -->","yoast_head_json":{"title":"Hotel Doge, 3 Sterne, Alba Adriatica","description":"Lust auf Urlaub mit Ihrer Familie? Entdecken Sie die Familienangebote im Hotel Doge in Alba Adriatica","robots":{"index":"index","follow":"follow","max-snippet":"max-snippet:-1","max-image-preview":"max-image-preview:large","max-video-preview":"max-video-preview:-1"},"canonical":"https:\/\/www.italyfamilyhotels.it\/de\/family-hotels\/hotel-doge-alba-adriatica","og_locale":"de_DE","og_type":"article","og_title":"Hotel Doge, 3 Sterne, Alba Adriatica","og_description":"Lust auf Urlaub mit Ihrer Familie? Entdecken Sie die Familienangebote im Hotel Doge in Alba Adriatica","og_url":"https:\/\/www.italyfamilyhotels.it\/de\/family-hotels\/hotel-doge-alba-adriatica","og_site_name":"Italy Family Hotels","article_publisher":"https:\/\/www.facebook.com\/ItalyFamilyHotels\/","article_modified_time":"2022-09-16T11:55:37+00:00","twitter_card":"summary_large_image","twitter_misc":{"Gesch\u00e4tzte Lesezeit":"1\u00a0Minute"},"schema":{"@context":"https:\/\/schema.org","@graph":[{"@type":"WebPage","@id":"https:\/\/www.italyfamilyhotels.it\/de\/family-hotels\/hotel-doge-alba-adriatica","url":"https:\/\/www.italyfamilyhotels.it\/de\/family-hotels\/hotel-doge-alba-adriatica","name":"Hotel Doge, 3 Sterne, Alba Adriatica","isPartOf":{"@id":"https:\/\/www.italyfamilyhotels.it\/#website"},"datePublished":"2022-03-14T11:37:35+00:00","dateModified":"2022-09-16T11:55:37+00:00","description":"Lust auf Urlaub mit Ihrer Familie? Entdecken Sie die Familienangebote im Hotel Doge in Alba Adriatica","breadcrumb":{"@id":"https:\/\/www.italyfamilyhotels.it\/de\/family-hotels\/hotel-doge-alba-adriatica#breadcrumb"},"inLanguage":"de","potentialAction":[{"@type":"ReadAction","target":["https:\/\/www.italyfamilyhotels.it\/de\/family-hotels\/hotel-doge-alba-adriatica"]}]},{"@type":"BreadcrumbList","@id":"https:\/\/www.italyfamilyhotels.it\/de\/family-hotels\/hotel-doge-alba-adriatica#breadcrumb","itemListElement":[{"@type":"ListItem","position":1,"name":"Home","item":"https:\/\/www.italyfamilyhotels.it\/de"},{"@type":"ListItem","position":2,"name":"Family Hotels","item":"https:\/\/www.italyfamilyhotels.it\/de\/family-hotels"},{"@type":"ListItem","position":3,"name":"Hotel Doge"}]},{"@type":"WebSite","@id":"https:\/\/www.italyfamilyhotels.it\/#website","url":"https:\/\/www.italyfamilyhotels.it\/","name":"Italy Family Hotels","description":"","potentialAction":[{"@type":"SearchAction","target":{"@type":"EntryPoint","urlTemplate":"https:\/\/www.italyfamilyhotels.it\/?s={search_term_string}"},"query-input":{"@type":"PropertyValueSpecification","valueRequired":true,"valueName":"search_term_string"}}],"inLanguage":"de"}]}},"_links":{"self":[{"href":"https:\/\/www.italyfamilyhotels.it\/de\/wp-json\/wp\/v2\/pages\/4322","targetHints":{"allow":["GET"]}}],"collection":[{"href":"https:\/\/www.italyfamilyhotels.it\/de\/wp-json\/wp\/v2\/pages"}],"about":[{"href":"https:\/\/www.italyfamilyhotels.it\/de\/wp-json\/wp\/v2\/types\/page"}],"author":[{"embeddable":true,"href":"https:\/\/www.italyfamilyhotels.it\/de\/wp-json\/wp\/v2\/users\/55"}],"replies":[{"embeddable":true,"href":"https:\/\/www.italyfamilyhotels.it\/de\/wp-json\/wp\/v2\/comments?post=4322"}],"version-history":[{"count":7,"href":"https:\/\/www.italyfamilyhotels.it\/de\/wp-json\/wp\/v2\/pages\/4322\/revisions"}],"predecessor-version":[{"id":40480,"href":"https:\/\/www.italyfamilyhotels.it\/de\/wp-json\/wp\/v2\/pages\/4322\/revisions\/40480"}],"up":[{"embeddable":true,"href":"https:\/\/www.italyfamilyhotels.it\/de\/wp-json\/wp\/v2\/pages\/94"}],"wp:attachment":[{"href":"https:\/\/www.italyfamilyhotels.it\/de\/wp-json\/wp\/v2\/media?parent=4322"}],"curies":[{"name":"wp","href":"https:\/\/api.w.org\/{rel}","templated":true}]}}