{"id":4312,"date":"2022-03-14T12:37:33","date_gmt":"2022-03-14T11:37:33","guid":{"rendered":"https:\/\/www.italyfamilyhotels.it\/family-hotels\/rio-stava-family-resort-spa"},"modified":"2022-09-16T13:55:36","modified_gmt":"2022-09-16T11:55:36","slug":"rio-stava-family-resort-spa-tesero","status":"publish","type":"page","link":"https:\/\/www.italyfamilyhotels.it\/de\/family-hotels\/rio-stava-family-resort-spa-tesero","title":{"rendered":"Rio Stava Family Resort &#038; SPA"},"content":{"rendered":"\n<p>Lassen Sie sich im <b>Rio Stava Family Resort &amp; SPA<\/b> von einem Urlaub voller Erlebnisse inmitten der unber\u00fchrten Natur des <b>Fleimstal<\/b> bezaubern! Unser Hotel ist von einem <b>10.000 m<\/b><b><sup>2<\/b><\/sup><b> gro\u00dfen Park<\/b> umgeben, in dem Sie in Freiheit und Sicherheit im Freien spielen und im <b>Bio-Teich<\/b>, umgeben von alpiner Flora, baden k\u00f6nnen.<\/p>\n\n\n\n<p>Wenn Sie sich gerne am Swimmingpool entspannen, sind Sie hier genau richtig, denn hier finden Sie einen wundersch\u00f6nen <b>Poolbereich<\/b>: ein <b>auf 31\u00b0 beheiztes Hallenbad<\/b>, das mit dem <b>34\u00b0 warmen Au\u00dfenwhirlpool<\/b> verbunden ist; eine stimmungsvolle <b>Whirlpool-Grotte<\/b> mit 35\u00b0 warmen Wasser; ein <b>34\u00b0 warmer Baby-Pool<\/b> mit Wasserpilz und Rutsche.<\/p>\n\n\n\n<p>Wir vom Rio Stava haben eine Mission: Sie aus dem Alltag zu holen, Sie zu verw\u00f6hnen und sich um Ihre Kinder ab <b>2 Jahren zu k\u00fcmmern, mit<\/b> <b>8 Stunden Spiel- und Bildungsaktivit\u00e4ten pro Tag<\/b>. Die Animateure k\u00fcmmern sich um die Kinder in der magischen <b>Welt von Salvan\u00e8l<\/b> &#8211; dem legend\u00e4ren Kobold der Dolomiten, der sich gerne im Hotel versteckt und den G\u00e4sten Streiche spielt &#8211; und organisieren <b>kreative Spiele und gef\u00fchrte Naturwanderungen<\/b> f\u00fcr die ganze Familie.<\/p>\n\n\n\n<p>Selbst der <b>Wellnessbereich<\/b> wird hier zu einem gemeinsamen Erlebnis mit Kindern, in der <b>Bio-Sauna f\u00fcr Familien<\/b> oder mit angenehmen <b>Wellness-Behandlungen f\u00fcr Babys und Jugendliche<\/b>. Ansonsten k\u00f6nnen Sie sie den Animateuren anvertrauen und exklusive Zeit im <b>t\u00fcrkischen Bad<\/b>, in der <b>Kr\u00e4utersauna<\/b>, in der <b>Infrarotsauna<\/b>, in der <b>Panoramasauna<\/b>, in speziellen <b>Entspannungsr\u00e4umen<\/b> &#8211; H\u00e4ngebetten, Lounges mit Himmelbetten, f\u00fcr Salzinhalationen &#8211; und bei <b>Behandlungen<\/b> verbringen.<\/p>\n\n\n\n<p>Hier finden Sie alles, <b>was Sie f\u00fcr Ihre Kinder brauchen<\/b>: alles f\u00fcr das Abstillen, Hochst\u00fchle und Babybesteck; Babybadewannen, Wickeltische, T\u00f6pfchen und Kinder-Toilettensitze, Flaschenw\u00e4rmer, Kinderbetten; Babyrucks\u00e4cke, Kinderwagen und Wanderbuggys.<\/p>\n","protected":false},"excerpt":{"rendered":"<p>Lassen Sie sich im Rio Stava Family Resort &amp; SPA von einem Urlaub voller Erlebnisse inmitten der unber\u00fchrten Natur des Fleimstal bezaubern! Unser Hotel ist von einem 10.000 m2 gro\u00dfen Park umgeben, in dem Sie in Freiheit und Sicherheit im Freien spielen und im Bio-Teich, umgeben von alpiner Flora, baden k\u00f6nnen. Wenn Sie sich gerne &hellip;<\/p>\n","protected":false},"author":102,"featured_media":0,"parent":94,"menu_order":0,"comment_status":"closed","ping_status":"closed","template":"page-templates\/scheda_hotel.php","meta":{"_acf_changed":false,"inline_featured_image":false,"footnotes":""},"class_list":["post-4312","page","type-page","status-publish","hentry"],"acf":[],"yoast_head":"<!-- This site is optimized with the Yoast SEO plugin v27.1 - https:\/\/yoast.com\/product\/yoast-seo-wordpress\/ -->\n<title>Rio Stava Family Resort &amp; SPA, 4 Sterne, Tesero<\/title>\n<meta name=\"description\" content=\"Lust auf Urlaub mit Ihrer Familie? Entdecken Sie die Familienangebote im Rio Stava Family Resort &amp; SPA in Tesero\" \/>\n<meta name=\"robots\" content=\"index, follow, max-snippet:-1, max-image-preview:large, max-video-preview:-1\" \/>\n<link rel=\"canonical\" href=\"https:\/\/www.italyfamilyhotels.it\/de\/family-hotels\/rio-stava-family-resort-spa-tesero\" \/>\n<meta property=\"og:locale\" content=\"de_DE\" \/>\n<meta property=\"og:type\" content=\"article\" \/>\n<meta property=\"og:title\" content=\"Rio Stava Family Resort &amp; SPA, 4 Sterne, Tesero\" \/>\n<meta property=\"og:description\" content=\"Lust auf Urlaub mit Ihrer Familie? Entdecken Sie die Familienangebote im Rio Stava Family Resort &amp; SPA in Tesero\" \/>\n<meta property=\"og:url\" content=\"https:\/\/www.italyfamilyhotels.it\/de\/family-hotels\/rio-stava-family-resort-spa-tesero\" \/>\n<meta property=\"og:site_name\" content=\"Italy Family Hotels\" \/>\n<meta property=\"article:publisher\" content=\"https:\/\/www.facebook.com\/ItalyFamilyHotels\/\" \/>\n<meta property=\"article:modified_time\" content=\"2022-09-16T11:55:36+00:00\" \/>\n<meta name=\"twitter:card\" content=\"summary_large_image\" \/>\n<meta name=\"twitter:label1\" content=\"Gesch\u00e4tzte Lesezeit\" \/>\n\t<meta name=\"twitter:data1\" content=\"1\u00a0Minute\" \/>\n<script type=\"application\/ld+json\" class=\"yoast-schema-graph\">{\"@context\":\"https:\/\/schema.org\",\"@graph\":[{\"@type\":\"WebPage\",\"@id\":\"https:\/\/www.italyfamilyhotels.it\/de\/family-hotels\/rio-stava-family-resort-spa-tesero\",\"url\":\"https:\/\/www.italyfamilyhotels.it\/de\/family-hotels\/rio-stava-family-resort-spa-tesero\",\"name\":\"Rio Stava Family Resort & SPA, 4 Sterne, Tesero\",\"isPartOf\":{\"@id\":\"https:\/\/www.italyfamilyhotels.it\/#website\"},\"datePublished\":\"2022-03-14T11:37:33+00:00\",\"dateModified\":\"2022-09-16T11:55:36+00:00\",\"description\":\"Lust auf Urlaub mit Ihrer Familie? Entdecken Sie die Familienangebote im Rio Stava Family Resort & SPA in Tesero\",\"breadcrumb\":{\"@id\":\"https:\/\/www.italyfamilyhotels.it\/de\/family-hotels\/rio-stava-family-resort-spa-tesero#breadcrumb\"},\"inLanguage\":\"de\",\"potentialAction\":[{\"@type\":\"ReadAction\",\"target\":[\"https:\/\/www.italyfamilyhotels.it\/de\/family-hotels\/rio-stava-family-resort-spa-tesero\"]}]},{\"@type\":\"BreadcrumbList\",\"@id\":\"https:\/\/www.italyfamilyhotels.it\/de\/family-hotels\/rio-stava-family-resort-spa-tesero#breadcrumb\",\"itemListElement\":[{\"@type\":\"ListItem\",\"position\":1,\"name\":\"Home\",\"item\":\"https:\/\/www.italyfamilyhotels.it\/de\"},{\"@type\":\"ListItem\",\"position\":2,\"name\":\"Family Hotels\",\"item\":\"https:\/\/www.italyfamilyhotels.it\/de\/family-hotels\"},{\"@type\":\"ListItem\",\"position\":3,\"name\":\"Rio Stava Family Resort &#038; SPA\"}]},{\"@type\":\"WebSite\",\"@id\":\"https:\/\/www.italyfamilyhotels.it\/#website\",\"url\":\"https:\/\/www.italyfamilyhotels.it\/\",\"name\":\"Italy Family Hotels\",\"description\":\"\",\"potentialAction\":[{\"@type\":\"SearchAction\",\"target\":{\"@type\":\"EntryPoint\",\"urlTemplate\":\"https:\/\/www.italyfamilyhotels.it\/?s={search_term_string}\"},\"query-input\":{\"@type\":\"PropertyValueSpecification\",\"valueRequired\":true,\"valueName\":\"search_term_string\"}}],\"inLanguage\":\"de\"}]}<\/script>\n<!-- \/ Yoast SEO plugin. -->","yoast_head_json":{"title":"Rio Stava Family Resort & SPA, 4 Sterne, Tesero","description":"Lust auf Urlaub mit Ihrer Familie? Entdecken Sie die Familienangebote im Rio Stava Family Resort & SPA in Tesero","robots":{"index":"index","follow":"follow","max-snippet":"max-snippet:-1","max-image-preview":"max-image-preview:large","max-video-preview":"max-video-preview:-1"},"canonical":"https:\/\/www.italyfamilyhotels.it\/de\/family-hotels\/rio-stava-family-resort-spa-tesero","og_locale":"de_DE","og_type":"article","og_title":"Rio Stava Family Resort & SPA, 4 Sterne, Tesero","og_description":"Lust auf Urlaub mit Ihrer Familie? Entdecken Sie die Familienangebote im Rio Stava Family Resort & SPA in Tesero","og_url":"https:\/\/www.italyfamilyhotels.it\/de\/family-hotels\/rio-stava-family-resort-spa-tesero","og_site_name":"Italy Family Hotels","article_publisher":"https:\/\/www.facebook.com\/ItalyFamilyHotels\/","article_modified_time":"2022-09-16T11:55:36+00:00","twitter_card":"summary_large_image","twitter_misc":{"Gesch\u00e4tzte Lesezeit":"1\u00a0Minute"},"schema":{"@context":"https:\/\/schema.org","@graph":[{"@type":"WebPage","@id":"https:\/\/www.italyfamilyhotels.it\/de\/family-hotels\/rio-stava-family-resort-spa-tesero","url":"https:\/\/www.italyfamilyhotels.it\/de\/family-hotels\/rio-stava-family-resort-spa-tesero","name":"Rio Stava Family Resort & SPA, 4 Sterne, Tesero","isPartOf":{"@id":"https:\/\/www.italyfamilyhotels.it\/#website"},"datePublished":"2022-03-14T11:37:33+00:00","dateModified":"2022-09-16T11:55:36+00:00","description":"Lust auf Urlaub mit Ihrer Familie? Entdecken Sie die Familienangebote im Rio Stava Family Resort & SPA in Tesero","breadcrumb":{"@id":"https:\/\/www.italyfamilyhotels.it\/de\/family-hotels\/rio-stava-family-resort-spa-tesero#breadcrumb"},"inLanguage":"de","potentialAction":[{"@type":"ReadAction","target":["https:\/\/www.italyfamilyhotels.it\/de\/family-hotels\/rio-stava-family-resort-spa-tesero"]}]},{"@type":"BreadcrumbList","@id":"https:\/\/www.italyfamilyhotels.it\/de\/family-hotels\/rio-stava-family-resort-spa-tesero#breadcrumb","itemListElement":[{"@type":"ListItem","position":1,"name":"Home","item":"https:\/\/www.italyfamilyhotels.it\/de"},{"@type":"ListItem","position":2,"name":"Family Hotels","item":"https:\/\/www.italyfamilyhotels.it\/de\/family-hotels"},{"@type":"ListItem","position":3,"name":"Rio Stava Family Resort &#038; SPA"}]},{"@type":"WebSite","@id":"https:\/\/www.italyfamilyhotels.it\/#website","url":"https:\/\/www.italyfamilyhotels.it\/","name":"Italy Family Hotels","description":"","potentialAction":[{"@type":"SearchAction","target":{"@type":"EntryPoint","urlTemplate":"https:\/\/www.italyfamilyhotels.it\/?s={search_term_string}"},"query-input":{"@type":"PropertyValueSpecification","valueRequired":true,"valueName":"search_term_string"}}],"inLanguage":"de"}]}},"_links":{"self":[{"href":"https:\/\/www.italyfamilyhotels.it\/de\/wp-json\/wp\/v2\/pages\/4312","targetHints":{"allow":["GET"]}}],"collection":[{"href":"https:\/\/www.italyfamilyhotels.it\/de\/wp-json\/wp\/v2\/pages"}],"about":[{"href":"https:\/\/www.italyfamilyhotels.it\/de\/wp-json\/wp\/v2\/types\/page"}],"author":[{"embeddable":true,"href":"https:\/\/www.italyfamilyhotels.it\/de\/wp-json\/wp\/v2\/users\/102"}],"replies":[{"embeddable":true,"href":"https:\/\/www.italyfamilyhotels.it\/de\/wp-json\/wp\/v2\/comments?post=4312"}],"version-history":[{"count":3,"href":"https:\/\/www.italyfamilyhotels.it\/de\/wp-json\/wp\/v2\/pages\/4312\/revisions"}],"predecessor-version":[{"id":40478,"href":"https:\/\/www.italyfamilyhotels.it\/de\/wp-json\/wp\/v2\/pages\/4312\/revisions\/40478"}],"up":[{"embeddable":true,"href":"https:\/\/www.italyfamilyhotels.it\/de\/wp-json\/wp\/v2\/pages\/94"}],"wp:attachment":[{"href":"https:\/\/www.italyfamilyhotels.it\/de\/wp-json\/wp\/v2\/media?parent=4312"}],"curies":[{"name":"wp","href":"https:\/\/api.w.org\/{rel}","templated":true}]}}