{"id":4307,"date":"2022-03-14T12:37:32","date_gmt":"2022-03-14T11:37:32","guid":{"rendered":"https:\/\/www.italyfamilyhotels.it\/family-hotels\/resort-dolce-casa-family-spa"},"modified":"2026-01-08T14:58:02","modified_gmt":"2026-01-08T13:58:02","slug":"resort-dolce-casa-family-spa-moena","status":"publish","type":"page","link":"https:\/\/www.italyfamilyhotels.it\/de\/family-hotels\/resort-dolce-casa-family-spa-moena","title":{"rendered":"Resort Dolce Casa Family &#038; Spa"},"content":{"rendered":"\n<p>In Moena, am \u00dcbergang des Fassatals ins Fleimstal, im Trentino, erwartet Euch im  <b>Resort Dolce Casa Family &amp; Spa <\/b>das Gef\u00fchl des Zuhause-Seins, w\u00e4hrend Ihr zuseht, <b>wie der Sonnenuntergang die Dolomiten rosa f\u00e4rbt. <\/b>Die Holzeinrichtung der R\u00e4ume strahlt W\u00e4rme aus, und die ganze Anlage ist<b> <\/b>eine kleine Welt<b> voller Reize und Annehmlichkeiten f\u00fcr Kinder, M\u00fctter und V\u00e4ter!<\/b><\/p>\n\n\n\n<p><\/p>\n\n\n\n<p>Die <b>kleinen G\u00e4ste <\/b>haben im <b>Tina Land <\/b>ihr <b>500 m\u00b2 gro\u00dfes Reich<\/b>, mit Burgen, Labyrinthen, Rutschbahnen und einer Sport-Arena. Im Sommer werden sie von <b>kompetenten Animateur*innen<\/b> betreut,<\/p>\n\n\n\n<p>im Winter von den <b>Lehrer*innen der Tina-Skischule<\/b>, den K\u00f6nig*innen der Pisten auf der Alpe Lusia. Ihr k\u00f6nnt die Gelegenheit f\u00fcr einen Besuch des<b> gro\u00dfen Wellnessbereichs<\/b> nutzen.<\/p>\n\n\n\n<p>Wenn Ihr es sorglos und bequem m\u00f6gt, w\u00e4hlt die All-Inclusive-Bewirtung; sie umfasst Fr\u00fchst\u00fcck, Mittagessen, Zwischenmahlzeit und Abendessen, mit Getr\u00e4nkespendern zu den Mahlzeiten.<\/p>\n\n\n\n<p>F\u00fcr Kleinkinder gibt es einen Baby-Pool. Kinderwagen und Trage-Rucks\u00e4cke zum Ausleihen, auf Anfrage Baby-Ausr\u00fcstung im Zimmer bei der Ankunft.<\/p>\n\n\n<figure class=\"wp-block-table ifh_awards\"><table><tbody><tr>\r\n<td><img decoding=\"async\" src=\"https:\/\/www.italyfamilyhotels.it\/wp-content\/themes\/ifh2\/img\/ifh_awards.svg\" alt=\"Italy Family Awards\"><\/td>\r\n<td>Dieses Hotel wurde in der Kategorie auf Platz eins gew\u00e4hlt: <br><strong>Top Baby Family Hotel<span class=\"info\" onclick=\"toggleAwardPopup(event)\"><span class=\"popup\" onclick=\"toggleAwardPopupClose(event)\">\r\n    <span class=\"popup_header\"><\/span>\r\n    <span class=\"popup_content\">Die Auszeichnung f\u00fcr das Hotel, das unter den Unterk\u00fcnften, die sich auf die Betreuung von Familien mit Kindern von 0 bis 2 Jahren spezialisiert haben, die gr\u00f6\u00dfte Anerkennung erhalten hat.<\/span>\r\n    <span class=\"popup_footer\"><\/span>\r\n    <\/span><\/span><\/strong><\/td>\r\n<\/tr><\/tbody><\/table><\/figure>\r\n<script type=\"text\/javascript\">\r\nif(!toggleAwardPopup) {\r\n     var toggleAwardPopup = function(e){\r\n        e = e || window.event;\r\n        e.stopPropagation();\r\n        var target = e.target || e.srcElement;\r\n        jQuery(target).children(\".popup\").fadeToggle();\r\n    };\r\n}\r\nif(!toggleAwardPopupClose) {\r\n     var toggleAwardPopupClose = function(e){\r\n        e = e || window.event;\r\n        e.stopPropagation();\r\n        var target = e.target || e.srcElement;\r\n        jQuery(target).parent(\".popup\").fadeToggle();\r\n    };\r\n}\r\n<\/script>","protected":false},"excerpt":{"rendered":"<p>In Moena, am \u00dcbergang des Fassatals ins Fleimstal, im Trentino, erwartet Euch im Resort Dolce Casa Family &amp; Spa das Gef\u00fchl des Zuhause-Seins, w\u00e4hrend Ihr zuseht, wie der Sonnenuntergang die Dolomiten rosa f\u00e4rbt. Die Holzeinrichtung der R\u00e4ume strahlt W\u00e4rme aus, und die ganze Anlage ist eine kleine Welt voller Reize und Annehmlichkeiten f\u00fcr Kinder, M\u00fctter &hellip;<\/p>\n","protected":false},"author":20,"featured_media":0,"parent":94,"menu_order":0,"comment_status":"closed","ping_status":"closed","template":"page-templates\/scheda_hotel.php","meta":{"_acf_changed":false,"inline_featured_image":false,"footnotes":""},"class_list":["post-4307","page","type-page","status-publish","hentry"],"acf":[],"yoast_head":"<!-- This site is optimized with the Yoast SEO plugin v27.1 - https:\/\/yoast.com\/product\/yoast-seo-wordpress\/ -->\n<title>Resort Dolce Casa Family &amp; Spa 4-Sterne, Moena<\/title>\n<meta name=\"description\" content=\"Lust auf Familienurlaub? Entdecken Sie die Familienangebote f\u00fcr Resort Dolce Casa Family &amp; Spa in Moena\" \/>\n<meta name=\"robots\" content=\"index, follow, max-snippet:-1, max-image-preview:large, max-video-preview:-1\" \/>\n<link rel=\"canonical\" href=\"https:\/\/www.italyfamilyhotels.it\/de\/family-hotels\/resort-dolce-casa-family-spa-moena\" \/>\n<meta property=\"og:locale\" content=\"de_DE\" \/>\n<meta property=\"og:type\" content=\"article\" \/>\n<meta property=\"og:title\" content=\"Resort Dolce Casa Family &amp; Spa 4-Sterne, Moena\" \/>\n<meta property=\"og:description\" content=\"Lust auf Familienurlaub? Entdecken Sie die Familienangebote f\u00fcr Resort Dolce Casa Family &amp; Spa in Moena\" \/>\n<meta property=\"og:url\" content=\"https:\/\/www.italyfamilyhotels.it\/de\/family-hotels\/resort-dolce-casa-family-spa-moena\" \/>\n<meta property=\"og:site_name\" content=\"Italy Family Hotels\" \/>\n<meta property=\"article:publisher\" content=\"https:\/\/www.facebook.com\/ItalyFamilyHotels\/\" \/>\n<meta property=\"article:modified_time\" content=\"2026-01-08T13:58:02+00:00\" \/>\n<meta name=\"twitter:card\" content=\"summary_large_image\" \/>\n<meta name=\"twitter:label1\" content=\"Gesch\u00e4tzte Lesezeit\" \/>\n\t<meta name=\"twitter:data1\" content=\"1\u00a0Minute\" \/>\n<script type=\"application\/ld+json\" class=\"yoast-schema-graph\">{\"@context\":\"https:\/\/schema.org\",\"@graph\":[{\"@type\":\"WebPage\",\"@id\":\"https:\/\/www.italyfamilyhotels.it\/de\/family-hotels\/resort-dolce-casa-family-spa-moena\",\"url\":\"https:\/\/www.italyfamilyhotels.it\/de\/family-hotels\/resort-dolce-casa-family-spa-moena\",\"name\":\"Resort Dolce Casa Family & Spa 4-Sterne, Moena\",\"isPartOf\":{\"@id\":\"https:\/\/www.italyfamilyhotels.it\/#website\"},\"datePublished\":\"2022-03-14T11:37:32+00:00\",\"dateModified\":\"2026-01-08T13:58:02+00:00\",\"description\":\"Lust auf Familienurlaub? Entdecken Sie die Familienangebote f\u00fcr Resort Dolce Casa Family & Spa in Moena\",\"breadcrumb\":{\"@id\":\"https:\/\/www.italyfamilyhotels.it\/de\/family-hotels\/resort-dolce-casa-family-spa-moena#breadcrumb\"},\"inLanguage\":\"de\",\"potentialAction\":[{\"@type\":\"ReadAction\",\"target\":[\"https:\/\/www.italyfamilyhotels.it\/de\/family-hotels\/resort-dolce-casa-family-spa-moena\"]}]},{\"@type\":\"BreadcrumbList\",\"@id\":\"https:\/\/www.italyfamilyhotels.it\/de\/family-hotels\/resort-dolce-casa-family-spa-moena#breadcrumb\",\"itemListElement\":[{\"@type\":\"ListItem\",\"position\":1,\"name\":\"Home\",\"item\":\"https:\/\/www.italyfamilyhotels.it\/de\"},{\"@type\":\"ListItem\",\"position\":2,\"name\":\"Family Hotels\",\"item\":\"https:\/\/www.italyfamilyhotels.it\/de\/family-hotels\"},{\"@type\":\"ListItem\",\"position\":3,\"name\":\"Resort Dolce Casa Family &#038; Spa\"}]},{\"@type\":\"WebSite\",\"@id\":\"https:\/\/www.italyfamilyhotels.it\/#website\",\"url\":\"https:\/\/www.italyfamilyhotels.it\/\",\"name\":\"Italy Family Hotels\",\"description\":\"\",\"potentialAction\":[{\"@type\":\"SearchAction\",\"target\":{\"@type\":\"EntryPoint\",\"urlTemplate\":\"https:\/\/www.italyfamilyhotels.it\/?s={search_term_string}\"},\"query-input\":{\"@type\":\"PropertyValueSpecification\",\"valueRequired\":true,\"valueName\":\"search_term_string\"}}],\"inLanguage\":\"de\"}]}<\/script>\n<!-- \/ Yoast SEO plugin. -->","yoast_head_json":{"title":"Resort Dolce Casa Family & Spa 4-Sterne, Moena","description":"Lust auf Familienurlaub? Entdecken Sie die Familienangebote f\u00fcr Resort Dolce Casa Family & Spa in Moena","robots":{"index":"index","follow":"follow","max-snippet":"max-snippet:-1","max-image-preview":"max-image-preview:large","max-video-preview":"max-video-preview:-1"},"canonical":"https:\/\/www.italyfamilyhotels.it\/de\/family-hotels\/resort-dolce-casa-family-spa-moena","og_locale":"de_DE","og_type":"article","og_title":"Resort Dolce Casa Family & Spa 4-Sterne, Moena","og_description":"Lust auf Familienurlaub? Entdecken Sie die Familienangebote f\u00fcr Resort Dolce Casa Family & Spa in Moena","og_url":"https:\/\/www.italyfamilyhotels.it\/de\/family-hotels\/resort-dolce-casa-family-spa-moena","og_site_name":"Italy Family Hotels","article_publisher":"https:\/\/www.facebook.com\/ItalyFamilyHotels\/","article_modified_time":"2026-01-08T13:58:02+00:00","twitter_card":"summary_large_image","twitter_misc":{"Gesch\u00e4tzte Lesezeit":"1\u00a0Minute"},"schema":{"@context":"https:\/\/schema.org","@graph":[{"@type":"WebPage","@id":"https:\/\/www.italyfamilyhotels.it\/de\/family-hotels\/resort-dolce-casa-family-spa-moena","url":"https:\/\/www.italyfamilyhotels.it\/de\/family-hotels\/resort-dolce-casa-family-spa-moena","name":"Resort Dolce Casa Family & Spa 4-Sterne, Moena","isPartOf":{"@id":"https:\/\/www.italyfamilyhotels.it\/#website"},"datePublished":"2022-03-14T11:37:32+00:00","dateModified":"2026-01-08T13:58:02+00:00","description":"Lust auf Familienurlaub? Entdecken Sie die Familienangebote f\u00fcr Resort Dolce Casa Family & Spa in Moena","breadcrumb":{"@id":"https:\/\/www.italyfamilyhotels.it\/de\/family-hotels\/resort-dolce-casa-family-spa-moena#breadcrumb"},"inLanguage":"de","potentialAction":[{"@type":"ReadAction","target":["https:\/\/www.italyfamilyhotels.it\/de\/family-hotels\/resort-dolce-casa-family-spa-moena"]}]},{"@type":"BreadcrumbList","@id":"https:\/\/www.italyfamilyhotels.it\/de\/family-hotels\/resort-dolce-casa-family-spa-moena#breadcrumb","itemListElement":[{"@type":"ListItem","position":1,"name":"Home","item":"https:\/\/www.italyfamilyhotels.it\/de"},{"@type":"ListItem","position":2,"name":"Family Hotels","item":"https:\/\/www.italyfamilyhotels.it\/de\/family-hotels"},{"@type":"ListItem","position":3,"name":"Resort Dolce Casa Family &#038; Spa"}]},{"@type":"WebSite","@id":"https:\/\/www.italyfamilyhotels.it\/#website","url":"https:\/\/www.italyfamilyhotels.it\/","name":"Italy Family Hotels","description":"","potentialAction":[{"@type":"SearchAction","target":{"@type":"EntryPoint","urlTemplate":"https:\/\/www.italyfamilyhotels.it\/?s={search_term_string}"},"query-input":{"@type":"PropertyValueSpecification","valueRequired":true,"valueName":"search_term_string"}}],"inLanguage":"de"}]}},"_links":{"self":[{"href":"https:\/\/www.italyfamilyhotels.it\/de\/wp-json\/wp\/v2\/pages\/4307","targetHints":{"allow":["GET"]}}],"collection":[{"href":"https:\/\/www.italyfamilyhotels.it\/de\/wp-json\/wp\/v2\/pages"}],"about":[{"href":"https:\/\/www.italyfamilyhotels.it\/de\/wp-json\/wp\/v2\/types\/page"}],"author":[{"embeddable":true,"href":"https:\/\/www.italyfamilyhotels.it\/de\/wp-json\/wp\/v2\/users\/20"}],"replies":[{"embeddable":true,"href":"https:\/\/www.italyfamilyhotels.it\/de\/wp-json\/wp\/v2\/comments?post=4307"}],"version-history":[{"count":11,"href":"https:\/\/www.italyfamilyhotels.it\/de\/wp-json\/wp\/v2\/pages\/4307\/revisions"}],"predecessor-version":[{"id":73517,"href":"https:\/\/www.italyfamilyhotels.it\/de\/wp-json\/wp\/v2\/pages\/4307\/revisions\/73517"}],"up":[{"embeddable":true,"href":"https:\/\/www.italyfamilyhotels.it\/de\/wp-json\/wp\/v2\/pages\/94"}],"wp:attachment":[{"href":"https:\/\/www.italyfamilyhotels.it\/de\/wp-json\/wp\/v2\/media?parent=4307"}],"curies":[{"name":"wp","href":"https:\/\/api.w.org\/{rel}","templated":true}]}}