{"id":4302,"date":"2022-03-14T12:37:32","date_gmt":"2022-03-14T11:37:32","guid":{"rendered":"https:\/\/www.italyfamilyhotels.it\/family-hotels\/park-hotel-terme-michelangelo"},"modified":"2024-11-28T10:23:28","modified_gmt":"2024-11-28T09:23:28","slug":"michelangelo-family-amp-spa-resort-isola-dischia","status":"publish","type":"page","link":"https:\/\/www.italyfamilyhotels.it\/de\/family-hotels\/michelangelo-family-amp-spa-resort-isola-dischia","title":{"rendered":"Michelangelo Family &amp; Spa Resort"},"content":{"rendered":"\n<p>Im <b>Michelangelo Family &amp; Spa Resort<\/b> befinden Sie sich in einem Wellness-Tempel mit Charme, einer \u201eInsel auf der Insel\u201c, wo Sie sich mit Ihrer Familie entspannen k\u00f6nnen, umgeben von einer eleganten Architektur, die sich perfekt in die nat\u00fcrliche Landschaft von Lacco Ameno einf\u00fcgt. Au\u00dferdem finden Sie hier die modernste und bestausgestattete <b>Thermal-Sch\u00f6nheitsfarm<\/b> der Insel Ischia, in der Sie kostenlose <b>Thermalkuren<\/b> genie\u00dfen k\u00f6nnen.<\/p>\n\n\n\n<p>Die Kinder werden t\u00e4glich von geschulten Animateuren betreut, um jede Minute mit Freude und Kreativit\u00e4t zu gestalten, w\u00e4hrend Mama und Papa am <b>Privatstrand<\/b> entspannen oder sich eine <b>Thermalbehandlung<\/b> g\u00f6nnen. Jeden Tag organisieren wir ein reichhaltiges Programm an Unterhaltung, Aktivit\u00e4ten und Vorf\u00fchrungen, die sowohl im <b>Indoor-Spielraum<\/b> als auch auf dem<b> Superspielplatz Miky Land <\/b>stattfinden, 400 m\u00b2 mit H\u00fcpfburgen, Spielpl\u00e4tzen, Karussells, Trampolinen, Schaukeln und vielem mehr! Wir haben auch einen <b>Sportplatz<\/b>, auf dem Sie sich in Fu\u00dfball-, Volleyball- und Tennisturnieren messen k\u00f6nnen.<\/p>\n\n\n\n<p>Au\u00dferdem gibt es <b>drei Thermalbecken im Freien und ein Hallenbad<\/b>, <b>zwei Whirlpools<\/b> und ein <b>S\u00fc\u00dfwasserbecken f\u00fcr Kinder <\/b>mit <b>Wasserrutschen<\/b>.<\/p>\n\n\n\n<p>F\u00fcr einen einfachen Zugang zum Dorf und zum Strand bieten wir einen <b>kostenlosen Shuttle-Service<\/b> sowie alles, was Sie f\u00fcr die Babypflege in Ihrem Zimmer ben\u00f6tigen, wie z. B. <b>Rausfallschutz, Babybetten, Flaschenw\u00e4rmer, Wickeltische<\/b>, <b>Kinder-Toilettensitz und Hocker<\/b>.<\/p>\n","protected":false},"excerpt":{"rendered":"<p>Im Michelangelo Family &amp; Spa Resort befinden Sie sich in einem Wellness-Tempel mit Charme, einer \u201eInsel auf der Insel\u201c, wo Sie sich mit Ihrer Familie entspannen k\u00f6nnen, umgeben von einer eleganten Architektur, die sich perfekt in die nat\u00fcrliche Landschaft von Lacco Ameno einf\u00fcgt. Au\u00dferdem finden Sie hier die modernste und bestausgestattete Thermal-Sch\u00f6nheitsfarm der Insel Ischia, &hellip;<\/p>\n","protected":false},"author":98,"featured_media":0,"parent":94,"menu_order":0,"comment_status":"closed","ping_status":"closed","template":"page-templates\/scheda_hotel.php","meta":{"_acf_changed":false,"inline_featured_image":false,"footnotes":""},"class_list":["post-4302","page","type-page","status-publish","hentry"],"acf":[],"yoast_head":"<!-- This site is optimized with the Yoast SEO plugin v27.1 - https:\/\/yoast.com\/product\/yoast-seo-wordpress\/ -->\n<title>Michelangelo Family &amp; Spa Resort, 4 Sterne, Isola d&#039;Ischia<\/title>\n<meta name=\"description\" content=\"Lust auf Urlaub mit Ihrer Familie? Entdecken Sie die Familienangebote im Michelangelo Family &amp; Spa Resort in Isola d&#039;Ischia\" \/>\n<meta name=\"robots\" content=\"index, follow, max-snippet:-1, max-image-preview:large, max-video-preview:-1\" \/>\n<link rel=\"canonical\" href=\"https:\/\/www.italyfamilyhotels.it\/de\/family-hotels\/michelangelo-family-amp-spa-resort-isola-dischia\" \/>\n<meta property=\"og:locale\" content=\"de_DE\" \/>\n<meta property=\"og:type\" content=\"article\" \/>\n<meta property=\"og:title\" content=\"Michelangelo Family &amp; Spa Resort, 4 Sterne, Isola d&#039;Ischia\" \/>\n<meta property=\"og:description\" content=\"Lust auf Urlaub mit Ihrer Familie? Entdecken Sie die Familienangebote im Michelangelo Family &amp; Spa Resort in Isola d&#039;Ischia\" \/>\n<meta property=\"og:url\" content=\"https:\/\/www.italyfamilyhotels.it\/de\/family-hotels\/michelangelo-family-amp-spa-resort-isola-dischia\" \/>\n<meta property=\"og:site_name\" content=\"Italy Family Hotels\" \/>\n<meta property=\"article:publisher\" content=\"https:\/\/www.facebook.com\/ItalyFamilyHotels\/\" \/>\n<meta property=\"article:modified_time\" content=\"2024-11-28T09:23:28+00:00\" \/>\n<meta name=\"twitter:card\" content=\"summary_large_image\" \/>\n<meta name=\"twitter:label1\" content=\"Gesch\u00e4tzte Lesezeit\" \/>\n\t<meta name=\"twitter:data1\" content=\"1\u00a0Minute\" \/>\n<script type=\"application\/ld+json\" class=\"yoast-schema-graph\">{\"@context\":\"https:\/\/schema.org\",\"@graph\":[{\"@type\":\"WebPage\",\"@id\":\"https:\/\/www.italyfamilyhotels.it\/de\/family-hotels\/michelangelo-family-amp-spa-resort-isola-dischia\",\"url\":\"https:\/\/www.italyfamilyhotels.it\/de\/family-hotels\/michelangelo-family-amp-spa-resort-isola-dischia\",\"name\":\"Michelangelo Family & Spa Resort, 4 Sterne, Isola d'Ischia\",\"isPartOf\":{\"@id\":\"https:\/\/www.italyfamilyhotels.it\/#website\"},\"datePublished\":\"2022-03-14T11:37:32+00:00\",\"dateModified\":\"2024-11-28T09:23:28+00:00\",\"description\":\"Lust auf Urlaub mit Ihrer Familie? Entdecken Sie die Familienangebote im Michelangelo Family & Spa Resort in Isola d'Ischia\",\"breadcrumb\":{\"@id\":\"https:\/\/www.italyfamilyhotels.it\/de\/family-hotels\/michelangelo-family-amp-spa-resort-isola-dischia#breadcrumb\"},\"inLanguage\":\"de\",\"potentialAction\":[{\"@type\":\"ReadAction\",\"target\":[\"https:\/\/www.italyfamilyhotels.it\/de\/family-hotels\/michelangelo-family-amp-spa-resort-isola-dischia\"]}]},{\"@type\":\"BreadcrumbList\",\"@id\":\"https:\/\/www.italyfamilyhotels.it\/de\/family-hotels\/michelangelo-family-amp-spa-resort-isola-dischia#breadcrumb\",\"itemListElement\":[{\"@type\":\"ListItem\",\"position\":1,\"name\":\"Home\",\"item\":\"https:\/\/www.italyfamilyhotels.it\/de\"},{\"@type\":\"ListItem\",\"position\":2,\"name\":\"Family Hotels\",\"item\":\"https:\/\/www.italyfamilyhotels.it\/de\/family-hotels\"},{\"@type\":\"ListItem\",\"position\":3,\"name\":\"Michelangelo Family &amp; Spa Resort\"}]},{\"@type\":\"WebSite\",\"@id\":\"https:\/\/www.italyfamilyhotels.it\/#website\",\"url\":\"https:\/\/www.italyfamilyhotels.it\/\",\"name\":\"Italy Family Hotels\",\"description\":\"\",\"potentialAction\":[{\"@type\":\"SearchAction\",\"target\":{\"@type\":\"EntryPoint\",\"urlTemplate\":\"https:\/\/www.italyfamilyhotels.it\/?s={search_term_string}\"},\"query-input\":{\"@type\":\"PropertyValueSpecification\",\"valueRequired\":true,\"valueName\":\"search_term_string\"}}],\"inLanguage\":\"de\"}]}<\/script>\n<!-- \/ Yoast SEO plugin. -->","yoast_head_json":{"title":"Michelangelo Family & Spa Resort, 4 Sterne, Isola d'Ischia","description":"Lust auf Urlaub mit Ihrer Familie? Entdecken Sie die Familienangebote im Michelangelo Family & Spa Resort in Isola d'Ischia","robots":{"index":"index","follow":"follow","max-snippet":"max-snippet:-1","max-image-preview":"max-image-preview:large","max-video-preview":"max-video-preview:-1"},"canonical":"https:\/\/www.italyfamilyhotels.it\/de\/family-hotels\/michelangelo-family-amp-spa-resort-isola-dischia","og_locale":"de_DE","og_type":"article","og_title":"Michelangelo Family & Spa Resort, 4 Sterne, Isola d'Ischia","og_description":"Lust auf Urlaub mit Ihrer Familie? Entdecken Sie die Familienangebote im Michelangelo Family & Spa Resort in Isola d'Ischia","og_url":"https:\/\/www.italyfamilyhotels.it\/de\/family-hotels\/michelangelo-family-amp-spa-resort-isola-dischia","og_site_name":"Italy Family Hotels","article_publisher":"https:\/\/www.facebook.com\/ItalyFamilyHotels\/","article_modified_time":"2024-11-28T09:23:28+00:00","twitter_card":"summary_large_image","twitter_misc":{"Gesch\u00e4tzte Lesezeit":"1\u00a0Minute"},"schema":{"@context":"https:\/\/schema.org","@graph":[{"@type":"WebPage","@id":"https:\/\/www.italyfamilyhotels.it\/de\/family-hotels\/michelangelo-family-amp-spa-resort-isola-dischia","url":"https:\/\/www.italyfamilyhotels.it\/de\/family-hotels\/michelangelo-family-amp-spa-resort-isola-dischia","name":"Michelangelo Family & Spa Resort, 4 Sterne, Isola d'Ischia","isPartOf":{"@id":"https:\/\/www.italyfamilyhotels.it\/#website"},"datePublished":"2022-03-14T11:37:32+00:00","dateModified":"2024-11-28T09:23:28+00:00","description":"Lust auf Urlaub mit Ihrer Familie? Entdecken Sie die Familienangebote im Michelangelo Family & Spa Resort in Isola d'Ischia","breadcrumb":{"@id":"https:\/\/www.italyfamilyhotels.it\/de\/family-hotels\/michelangelo-family-amp-spa-resort-isola-dischia#breadcrumb"},"inLanguage":"de","potentialAction":[{"@type":"ReadAction","target":["https:\/\/www.italyfamilyhotels.it\/de\/family-hotels\/michelangelo-family-amp-spa-resort-isola-dischia"]}]},{"@type":"BreadcrumbList","@id":"https:\/\/www.italyfamilyhotels.it\/de\/family-hotels\/michelangelo-family-amp-spa-resort-isola-dischia#breadcrumb","itemListElement":[{"@type":"ListItem","position":1,"name":"Home","item":"https:\/\/www.italyfamilyhotels.it\/de"},{"@type":"ListItem","position":2,"name":"Family Hotels","item":"https:\/\/www.italyfamilyhotels.it\/de\/family-hotels"},{"@type":"ListItem","position":3,"name":"Michelangelo Family &amp; Spa Resort"}]},{"@type":"WebSite","@id":"https:\/\/www.italyfamilyhotels.it\/#website","url":"https:\/\/www.italyfamilyhotels.it\/","name":"Italy Family Hotels","description":"","potentialAction":[{"@type":"SearchAction","target":{"@type":"EntryPoint","urlTemplate":"https:\/\/www.italyfamilyhotels.it\/?s={search_term_string}"},"query-input":{"@type":"PropertyValueSpecification","valueRequired":true,"valueName":"search_term_string"}}],"inLanguage":"de"}]}},"_links":{"self":[{"href":"https:\/\/www.italyfamilyhotels.it\/de\/wp-json\/wp\/v2\/pages\/4302","targetHints":{"allow":["GET"]}}],"collection":[{"href":"https:\/\/www.italyfamilyhotels.it\/de\/wp-json\/wp\/v2\/pages"}],"about":[{"href":"https:\/\/www.italyfamilyhotels.it\/de\/wp-json\/wp\/v2\/types\/page"}],"author":[{"embeddable":true,"href":"https:\/\/www.italyfamilyhotels.it\/de\/wp-json\/wp\/v2\/users\/98"}],"replies":[{"embeddable":true,"href":"https:\/\/www.italyfamilyhotels.it\/de\/wp-json\/wp\/v2\/comments?post=4302"}],"version-history":[{"count":5,"href":"https:\/\/www.italyfamilyhotels.it\/de\/wp-json\/wp\/v2\/pages\/4302\/revisions"}],"predecessor-version":[{"id":62486,"href":"https:\/\/www.italyfamilyhotels.it\/de\/wp-json\/wp\/v2\/pages\/4302\/revisions\/62486"}],"up":[{"embeddable":true,"href":"https:\/\/www.italyfamilyhotels.it\/de\/wp-json\/wp\/v2\/pages\/94"}],"wp:attachment":[{"href":"https:\/\/www.italyfamilyhotels.it\/de\/wp-json\/wp\/v2\/media?parent=4302"}],"curies":[{"name":"wp","href":"https:\/\/api.w.org\/{rel}","templated":true}]}}