{"id":42951,"date":"2023-01-18T13:13:29","date_gmt":"2023-01-18T12:13:29","guid":{"rendered":"https:\/\/www.italyfamilyhotels.it\/family-hotels\/hotel-atlantic"},"modified":"2023-02-14T09:35:42","modified_gmt":"2023-02-14T08:35:42","slug":"hotel-atlantic","status":"publish","type":"page","link":"https:\/\/www.italyfamilyhotels.it\/de\/family-hotels\/hotel-atlantic","title":{"rendered":"Hotel Atlantic ****"},"content":{"rendered":"\n<p>Wir befinden uns direkt an der <strong>Strandpromenade<\/strong> von Lignano Sabbiadoro: Wir hei\u00dfen Sie und Ihre Kinder im <strong>Hotel Atlantic <\/strong>willkommen, f\u00fcr einen Familienurlaub, der hier die D\u00fcfte der Adria und die S\u00fc\u00dfe der wohlverdienten Entspannung aufgreift. Das Hotel ist von einem sch\u00f6nen <strong>Garten<\/strong> umgeben, mit <strong>3 beheizten Pools<\/strong> &#8211; einer f\u00fcr Erwachsene, einer f\u00fcr Kinder und ein Whirlpool &#8211; von wo aus Sie den Meerblick genie\u00dfen k\u00f6nnen. Wir organisieren sogar <strong>Schwimmkurse f\u00fcr die Kleinsten<\/strong>! M\u00f6chten Sie sich lieber an einem <strong>Privatstrand<\/strong> entspannen? Sie brauchen nur die Uferpromenade zu \u00fcberqueren, die F\u00fc\u00dfe im Sand versinken zu lassen und es sich auf der Sonnenliege bequem zu machen, w\u00e4hrend die Kinder sicher herumlaufen <strong>und sich mit den Animateuren vergn\u00fcgen<\/strong>.<\/p>\n\n\n\n<p>Wenn Sie Ihren Urlaub mit Wassersport, Golf oder Radfahren bereichern m\u00f6chten, <strong>vertrauen Sie uns Ihre Kinder an<\/strong> und genie\u00dfen Sie einen Tag voller Freizeitspa\u00df ohne Sorgen. Der <strong>Miniclub f\u00fcr Kinder von 3 bis 12 Jahren<\/strong> ist ein wahres Feuerwerk an Spa\u00df, Kreativit\u00e4t und Fr\u00f6hlichkeit, es werden <strong>den ganzen Tag \u00fcber spielerische Aktivit\u00e4ten organisiert<\/strong>. Ansonsten stellen wir Kinderwagen, Fahrr\u00e4der f\u00fcr die Kleinsten und Fahrr\u00e4der mit Sitzen in verschiedenen Gr\u00f6\u00dfen zur Verf\u00fcgung, damit die Familien gemeinsame Besuche, Spazierg\u00e4nge und Erkundungen unternehmen k\u00f6nnen.<\/p>\n\n\n\n<p>Wir wissen, dass das Reisen mit Kindern viel Aufwand bedeutet, aber hier im Hotel Atlantic m\u00fcssen Sie sich um nichts k\u00fcmmern: <strong>Babykits im Zimmer und im Speisesaal<\/strong>, frische <strong>Babynahrung<\/strong> und <strong>Brei<\/strong> zum Mittag- und Abendessen, gesunde <strong>Men\u00fcs<\/strong>, <strong>Snacks<\/strong> und sogar besondere Serviceleistungen wie<strong> Schwimmwindeln<\/strong>, <strong>Fahrradhelme<\/strong>, <strong>W\u00e4scherei<\/strong> f\u00fcr Kinderkleidung und die M\u00f6glichkeit, einen <strong>Kinderarzt<\/strong> zu kontaktieren. Entspannen Sie sich, wir k\u00fcmmern uns um Ihre Familie!<\/p>\n","protected":false},"excerpt":{"rendered":"<p>Wir befinden uns direkt an der Strandpromenade von Lignano Sabbiadoro: Wir hei\u00dfen Sie und Ihre Kinder im Hotel Atlantic willkommen, f\u00fcr einen Familienurlaub, der hier die D\u00fcfte der Adria und die S\u00fc\u00dfe der wohlverdienten Entspannung aufgreift. Das Hotel ist von einem sch\u00f6nen Garten umgeben, mit 3 beheizten Pools &#8211; einer f\u00fcr Erwachsene, einer f\u00fcr Kinder &hellip;<\/p>\n","protected":false},"author":1,"featured_media":0,"parent":94,"menu_order":0,"comment_status":"closed","ping_status":"closed","template":"page-templates\/scheda_hotel.php","meta":{"_acf_changed":false,"inline_featured_image":false,"footnotes":""},"class_list":["post-42951","page","type-page","status-publish","hentry"],"acf":[],"yoast_head":"<!-- This site is optimized with the Yoast SEO plugin v27.1 - https:\/\/yoast.com\/product\/yoast-seo-wordpress\/ -->\n<title>Hotel Atlantic, 4-Sterne-Hotel, Lignano Sabbiadoro<\/title>\n<meta name=\"description\" content=\"Lust auf einen Urlaub mit Ihrer Familie? Entdecken Sie die Familienangebote des Hotel Atlantic in Lignano Sabbiadoro\" \/>\n<meta name=\"robots\" content=\"index, follow, max-snippet:-1, max-image-preview:large, max-video-preview:-1\" \/>\n<link rel=\"canonical\" href=\"https:\/\/www.italyfamilyhotels.it\/de\/family-hotels\/hotel-atlantic\" \/>\n<meta property=\"og:locale\" content=\"de_DE\" \/>\n<meta property=\"og:type\" content=\"article\" \/>\n<meta property=\"og:title\" content=\"Hotel Atlantic, 4-Sterne-Hotel, Lignano Sabbiadoro\" \/>\n<meta property=\"og:description\" content=\"Lust auf einen Urlaub mit Ihrer Familie? Entdecken Sie die Familienangebote des Hotel Atlantic in Lignano Sabbiadoro\" \/>\n<meta property=\"og:url\" content=\"https:\/\/www.italyfamilyhotels.it\/de\/family-hotels\/hotel-atlantic\" \/>\n<meta property=\"og:site_name\" content=\"Italy Family Hotels\" \/>\n<meta property=\"article:publisher\" content=\"https:\/\/www.facebook.com\/ItalyFamilyHotels\/\" \/>\n<meta property=\"article:modified_time\" content=\"2023-02-14T08:35:42+00:00\" \/>\n<meta name=\"twitter:card\" content=\"summary_large_image\" \/>\n<meta name=\"twitter:label1\" content=\"Gesch\u00e4tzte Lesezeit\" \/>\n\t<meta name=\"twitter:data1\" content=\"1\u00a0Minute\" \/>\n<script type=\"application\/ld+json\" class=\"yoast-schema-graph\">{\"@context\":\"https:\/\/schema.org\",\"@graph\":[{\"@type\":\"WebPage\",\"@id\":\"https:\/\/www.italyfamilyhotels.it\/de\/family-hotels\/hotel-atlantic\",\"url\":\"https:\/\/www.italyfamilyhotels.it\/de\/family-hotels\/hotel-atlantic\",\"name\":\"Hotel Atlantic, 4-Sterne-Hotel, Lignano Sabbiadoro\",\"isPartOf\":{\"@id\":\"https:\/\/www.italyfamilyhotels.it\/#website\"},\"datePublished\":\"2023-01-18T12:13:29+00:00\",\"dateModified\":\"2023-02-14T08:35:42+00:00\",\"description\":\"Lust auf einen Urlaub mit Ihrer Familie? Entdecken Sie die Familienangebote des Hotel Atlantic in Lignano Sabbiadoro\",\"breadcrumb\":{\"@id\":\"https:\/\/www.italyfamilyhotels.it\/de\/family-hotels\/hotel-atlantic#breadcrumb\"},\"inLanguage\":\"de\",\"potentialAction\":[{\"@type\":\"ReadAction\",\"target\":[\"https:\/\/www.italyfamilyhotels.it\/de\/family-hotels\/hotel-atlantic\"]}]},{\"@type\":\"BreadcrumbList\",\"@id\":\"https:\/\/www.italyfamilyhotels.it\/de\/family-hotels\/hotel-atlantic#breadcrumb\",\"itemListElement\":[{\"@type\":\"ListItem\",\"position\":1,\"name\":\"Home\",\"item\":\"https:\/\/www.italyfamilyhotels.it\/de\"},{\"@type\":\"ListItem\",\"position\":2,\"name\":\"Family Hotels\",\"item\":\"https:\/\/www.italyfamilyhotels.it\/de\/family-hotels\"},{\"@type\":\"ListItem\",\"position\":3,\"name\":\"Hotel Atlantic ****\"}]},{\"@type\":\"WebSite\",\"@id\":\"https:\/\/www.italyfamilyhotels.it\/#website\",\"url\":\"https:\/\/www.italyfamilyhotels.it\/\",\"name\":\"Italy Family Hotels\",\"description\":\"\",\"potentialAction\":[{\"@type\":\"SearchAction\",\"target\":{\"@type\":\"EntryPoint\",\"urlTemplate\":\"https:\/\/www.italyfamilyhotels.it\/?s={search_term_string}\"},\"query-input\":{\"@type\":\"PropertyValueSpecification\",\"valueRequired\":true,\"valueName\":\"search_term_string\"}}],\"inLanguage\":\"de\"}]}<\/script>\n<!-- \/ Yoast SEO plugin. -->","yoast_head_json":{"title":"Hotel Atlantic, 4-Sterne-Hotel, Lignano Sabbiadoro","description":"Lust auf einen Urlaub mit Ihrer Familie? Entdecken Sie die Familienangebote des Hotel Atlantic in Lignano Sabbiadoro","robots":{"index":"index","follow":"follow","max-snippet":"max-snippet:-1","max-image-preview":"max-image-preview:large","max-video-preview":"max-video-preview:-1"},"canonical":"https:\/\/www.italyfamilyhotels.it\/de\/family-hotels\/hotel-atlantic","og_locale":"de_DE","og_type":"article","og_title":"Hotel Atlantic, 4-Sterne-Hotel, Lignano Sabbiadoro","og_description":"Lust auf einen Urlaub mit Ihrer Familie? Entdecken Sie die Familienangebote des Hotel Atlantic in Lignano Sabbiadoro","og_url":"https:\/\/www.italyfamilyhotels.it\/de\/family-hotels\/hotel-atlantic","og_site_name":"Italy Family Hotels","article_publisher":"https:\/\/www.facebook.com\/ItalyFamilyHotels\/","article_modified_time":"2023-02-14T08:35:42+00:00","twitter_card":"summary_large_image","twitter_misc":{"Gesch\u00e4tzte Lesezeit":"1\u00a0Minute"},"schema":{"@context":"https:\/\/schema.org","@graph":[{"@type":"WebPage","@id":"https:\/\/www.italyfamilyhotels.it\/de\/family-hotels\/hotel-atlantic","url":"https:\/\/www.italyfamilyhotels.it\/de\/family-hotels\/hotel-atlantic","name":"Hotel Atlantic, 4-Sterne-Hotel, Lignano Sabbiadoro","isPartOf":{"@id":"https:\/\/www.italyfamilyhotels.it\/#website"},"datePublished":"2023-01-18T12:13:29+00:00","dateModified":"2023-02-14T08:35:42+00:00","description":"Lust auf einen Urlaub mit Ihrer Familie? Entdecken Sie die Familienangebote des Hotel Atlantic in Lignano Sabbiadoro","breadcrumb":{"@id":"https:\/\/www.italyfamilyhotels.it\/de\/family-hotels\/hotel-atlantic#breadcrumb"},"inLanguage":"de","potentialAction":[{"@type":"ReadAction","target":["https:\/\/www.italyfamilyhotels.it\/de\/family-hotels\/hotel-atlantic"]}]},{"@type":"BreadcrumbList","@id":"https:\/\/www.italyfamilyhotels.it\/de\/family-hotels\/hotel-atlantic#breadcrumb","itemListElement":[{"@type":"ListItem","position":1,"name":"Home","item":"https:\/\/www.italyfamilyhotels.it\/de"},{"@type":"ListItem","position":2,"name":"Family Hotels","item":"https:\/\/www.italyfamilyhotels.it\/de\/family-hotels"},{"@type":"ListItem","position":3,"name":"Hotel Atlantic ****"}]},{"@type":"WebSite","@id":"https:\/\/www.italyfamilyhotels.it\/#website","url":"https:\/\/www.italyfamilyhotels.it\/","name":"Italy Family Hotels","description":"","potentialAction":[{"@type":"SearchAction","target":{"@type":"EntryPoint","urlTemplate":"https:\/\/www.italyfamilyhotels.it\/?s={search_term_string}"},"query-input":{"@type":"PropertyValueSpecification","valueRequired":true,"valueName":"search_term_string"}}],"inLanguage":"de"}]}},"_links":{"self":[{"href":"https:\/\/www.italyfamilyhotels.it\/de\/wp-json\/wp\/v2\/pages\/42951","targetHints":{"allow":["GET"]}}],"collection":[{"href":"https:\/\/www.italyfamilyhotels.it\/de\/wp-json\/wp\/v2\/pages"}],"about":[{"href":"https:\/\/www.italyfamilyhotels.it\/de\/wp-json\/wp\/v2\/types\/page"}],"author":[{"embeddable":true,"href":"https:\/\/www.italyfamilyhotels.it\/de\/wp-json\/wp\/v2\/users\/1"}],"replies":[{"embeddable":true,"href":"https:\/\/www.italyfamilyhotels.it\/de\/wp-json\/wp\/v2\/comments?post=42951"}],"version-history":[{"count":6,"href":"https:\/\/www.italyfamilyhotels.it\/de\/wp-json\/wp\/v2\/pages\/42951\/revisions"}],"predecessor-version":[{"id":46067,"href":"https:\/\/www.italyfamilyhotels.it\/de\/wp-json\/wp\/v2\/pages\/42951\/revisions\/46067"}],"up":[{"embeddable":true,"href":"https:\/\/www.italyfamilyhotels.it\/de\/wp-json\/wp\/v2\/pages\/94"}],"wp:attachment":[{"href":"https:\/\/www.italyfamilyhotels.it\/de\/wp-json\/wp\/v2\/media?parent=42951"}],"curies":[{"name":"wp","href":"https:\/\/api.w.org\/{rel}","templated":true}]}}