{"id":4292,"date":"2022-03-14T12:37:30","date_gmt":"2022-03-14T11:37:30","guid":{"rendered":"https:\/\/www.italyfamilyhotels.it\/family-hotels\/hotel-fabrizio"},"modified":"2026-04-02T10:56:57","modified_gmt":"2026-04-02T08:56:57","slug":"hotel-fabrizio-rimini","status":"publish","type":"page","link":"https:\/\/www.italyfamilyhotels.it\/de\/family-hotels\/hotel-fabrizio-rimini","title":{"rendered":"Hotel Fabrizio"},"content":{"rendered":"\n<p>Wir hei\u00dfen Sie im <b>Hotel Fabrizio<\/b> im Herzen von Marina Centro in <b>Rimini<\/b> herzlich zu einem umweltgerechten und zu 100 % familienfreundlichen Urlaub willkommen, bei dem sich auch die Erwachsenen dank des <b>Unterhaltungsprogramms f\u00fcr die ganze Familie<\/b> <b>von Juni bis September<\/b> wieder ein bisschen wie Kinder f\u00fchlen k\u00f6nnen. Jeden Tag, den ganzen Tag!<\/p>\n\n\n\n<p>Unser Hotel ist von einem <b>\u00fcppig bepflanzten Garten<\/b> umgeben, in dem sich auch ein <b>Swimmingpool mit einer 24 Meter langen Wasserrutsche<\/b> befindet, die auch Mama und Papa (und sogar die Gro\u00dfeltern!) begeistern wird.<\/p>\n\n\n\n<p>Wenn Sie uns hingegen Ihre Kinder anvertrauen m\u00f6chten, um sich an den <b>nahe gelegenen Str\u00e4nden<\/b> zu entspannen, einzukaufen oder romantische Spazierg\u00e4nge zu unternehmen k\u00f6nnen Sie das <b>Baby-Parking-Service<\/b>: Unsere Animateure betreuen <strong>Kinder von 3 bis 12 Jahren<\/strong> und organisieren abwechslungsreiche Aktivit\u00e4ten in den Innen- und Au\u00dfenspielbereichen.<\/p>\n\n\n\n<p>Ja, denn auch das <b>Essenserlebnis<\/b> ist hier eine wahre Wonne: Erwarten Sie kein gew\u00f6hnliches Buffet, sondern genie\u00dfen Sie die wahre Qualit\u00e4t der <b>saisonalen<\/b> <b>biologische Produkte<\/b> <b>aus der unmittelbaren Umgebung <\/b>von kleinen <b>lokalen Bauernh\u00f6fen<\/b>, die mit Sorgfalt und sorgf\u00e4ltiger Auswahl der Zutaten zubereitet werden.<\/p>\n\n\n\n<p>M\u00f6chten Sie wissen, was Familien begeistert? <b>Die 48 fantastischen Themenzimmer<\/b>: Star, Superior, Smart &#8211; egal f\u00fcr welchen Typ Sie sich entscheiden, Sie werden in einer einzigartigen Umgebung schlafen, die Ihre Fantasie in die Ferne schweifen l\u00e4sst. Und dann <b>finden Sie auch schon alles, was Sie f\u00fcr Ihre Kinder brauchen<\/b> &#8211; Babybetten, Rausfallschutz, Wickeltische, Babybadewannen, Nachtlicht, Windelbecher, Waschbeckenhocker, Kinder-Toilettensitz, Hochst\u00fchle, Flaschenw\u00e4rmer, Kinderwagen &#8211; so dass Sie das Auto nicht beladen m\u00fcssen.<\/p>\n\n\n\n<p>Wir haben schon immer eine <b>umweltbewusste Einstellung <\/b>gehabt und lieben es, etwas f\u00fcr das Wohl unseres Planeten zu tun. Verst\u00e4rken jedes Jahr unser Engagement, einen <b>nachhaltigen und verantwortungsvollen Urlaub<\/b> anzubieten! An unserer Bar steht Ihnen rund um die Uhr ein kostenloser <strong>Wasserspender<\/strong> zur Verf\u00fcgung.<\/p>\n","protected":false},"excerpt":{"rendered":"<p>Wir hei\u00dfen Sie im Hotel Fabrizio im Herzen von Marina Centro in Rimini herzlich zu einem umweltgerechten und zu 100 % familienfreundlichen Urlaub willkommen, bei dem sich auch die Erwachsenen dank des Unterhaltungsprogramms f\u00fcr die ganze Familie von Juni bis September wieder ein bisschen wie Kinder f\u00fchlen k\u00f6nnen. Jeden Tag, den ganzen Tag! Unser Hotel &hellip;<\/p>\n","protected":false},"author":62,"featured_media":0,"parent":94,"menu_order":0,"comment_status":"closed","ping_status":"closed","template":"page-templates\/scheda_hotel.php","meta":{"_acf_changed":false,"inline_featured_image":false,"footnotes":""},"class_list":["post-4292","page","type-page","status-publish","hentry"],"acf":[],"yoast_head":"<!-- This site is optimized with the Yoast SEO plugin v27.1 - https:\/\/yoast.com\/product\/yoast-seo-wordpress\/ -->\n<title>Hotel Fabrizio, 3 Sterne, Rimini<\/title>\n<meta name=\"description\" content=\"Lust auf Urlaub mit Ihrer Familie? Entdecken Sie die Familienangebote im Hotel Fabrizio in Rimini\" \/>\n<meta name=\"robots\" content=\"index, follow, max-snippet:-1, max-image-preview:large, max-video-preview:-1\" \/>\n<link rel=\"canonical\" href=\"https:\/\/www.italyfamilyhotels.it\/de\/family-hotels\/hotel-fabrizio-rimini\" \/>\n<meta property=\"og:locale\" content=\"de_DE\" \/>\n<meta property=\"og:type\" content=\"article\" \/>\n<meta property=\"og:title\" content=\"Hotel Fabrizio, 3 Sterne, Rimini\" \/>\n<meta property=\"og:description\" content=\"Lust auf Urlaub mit Ihrer Familie? Entdecken Sie die Familienangebote im Hotel Fabrizio in Rimini\" \/>\n<meta property=\"og:url\" content=\"https:\/\/www.italyfamilyhotels.it\/de\/family-hotels\/hotel-fabrizio-rimini\" \/>\n<meta property=\"og:site_name\" content=\"Italy Family Hotels\" \/>\n<meta property=\"article:publisher\" content=\"https:\/\/www.facebook.com\/ItalyFamilyHotels\/\" \/>\n<meta property=\"article:modified_time\" content=\"2026-04-02T08:56:57+00:00\" \/>\n<meta name=\"twitter:card\" content=\"summary_large_image\" \/>\n<meta name=\"twitter:label1\" content=\"Gesch\u00e4tzte Lesezeit\" \/>\n\t<meta name=\"twitter:data1\" content=\"1\u00a0Minute\" \/>\n<script type=\"application\/ld+json\" class=\"yoast-schema-graph\">{\"@context\":\"https:\/\/schema.org\",\"@graph\":[{\"@type\":\"WebPage\",\"@id\":\"https:\/\/www.italyfamilyhotels.it\/de\/family-hotels\/hotel-fabrizio-rimini\",\"url\":\"https:\/\/www.italyfamilyhotels.it\/de\/family-hotels\/hotel-fabrizio-rimini\",\"name\":\"Hotel Fabrizio, 3 Sterne, Rimini\",\"isPartOf\":{\"@id\":\"https:\/\/www.italyfamilyhotels.it\/#website\"},\"datePublished\":\"2022-03-14T11:37:30+00:00\",\"dateModified\":\"2026-04-02T08:56:57+00:00\",\"description\":\"Lust auf Urlaub mit Ihrer Familie? Entdecken Sie die Familienangebote im Hotel Fabrizio in Rimini\",\"breadcrumb\":{\"@id\":\"https:\/\/www.italyfamilyhotels.it\/de\/family-hotels\/hotel-fabrizio-rimini#breadcrumb\"},\"inLanguage\":\"de\",\"potentialAction\":[{\"@type\":\"ReadAction\",\"target\":[\"https:\/\/www.italyfamilyhotels.it\/de\/family-hotels\/hotel-fabrizio-rimini\"]}]},{\"@type\":\"BreadcrumbList\",\"@id\":\"https:\/\/www.italyfamilyhotels.it\/de\/family-hotels\/hotel-fabrizio-rimini#breadcrumb\",\"itemListElement\":[{\"@type\":\"ListItem\",\"position\":1,\"name\":\"Home\",\"item\":\"https:\/\/www.italyfamilyhotels.it\/de\"},{\"@type\":\"ListItem\",\"position\":2,\"name\":\"Family Hotels\",\"item\":\"https:\/\/www.italyfamilyhotels.it\/de\/family-hotels\"},{\"@type\":\"ListItem\",\"position\":3,\"name\":\"Hotel Fabrizio\"}]},{\"@type\":\"WebSite\",\"@id\":\"https:\/\/www.italyfamilyhotels.it\/#website\",\"url\":\"https:\/\/www.italyfamilyhotels.it\/\",\"name\":\"Italy Family Hotels\",\"description\":\"\",\"potentialAction\":[{\"@type\":\"SearchAction\",\"target\":{\"@type\":\"EntryPoint\",\"urlTemplate\":\"https:\/\/www.italyfamilyhotels.it\/?s={search_term_string}\"},\"query-input\":{\"@type\":\"PropertyValueSpecification\",\"valueRequired\":true,\"valueName\":\"search_term_string\"}}],\"inLanguage\":\"de\"}]}<\/script>\n<!-- \/ Yoast SEO plugin. -->","yoast_head_json":{"title":"Hotel Fabrizio, 3 Sterne, Rimini","description":"Lust auf Urlaub mit Ihrer Familie? Entdecken Sie die Familienangebote im Hotel Fabrizio in Rimini","robots":{"index":"index","follow":"follow","max-snippet":"max-snippet:-1","max-image-preview":"max-image-preview:large","max-video-preview":"max-video-preview:-1"},"canonical":"https:\/\/www.italyfamilyhotels.it\/de\/family-hotels\/hotel-fabrizio-rimini","og_locale":"de_DE","og_type":"article","og_title":"Hotel Fabrizio, 3 Sterne, Rimini","og_description":"Lust auf Urlaub mit Ihrer Familie? Entdecken Sie die Familienangebote im Hotel Fabrizio in Rimini","og_url":"https:\/\/www.italyfamilyhotels.it\/de\/family-hotels\/hotel-fabrizio-rimini","og_site_name":"Italy Family Hotels","article_publisher":"https:\/\/www.facebook.com\/ItalyFamilyHotels\/","article_modified_time":"2026-04-02T08:56:57+00:00","twitter_card":"summary_large_image","twitter_misc":{"Gesch\u00e4tzte Lesezeit":"1\u00a0Minute"},"schema":{"@context":"https:\/\/schema.org","@graph":[{"@type":"WebPage","@id":"https:\/\/www.italyfamilyhotels.it\/de\/family-hotels\/hotel-fabrizio-rimini","url":"https:\/\/www.italyfamilyhotels.it\/de\/family-hotels\/hotel-fabrizio-rimini","name":"Hotel Fabrizio, 3 Sterne, Rimini","isPartOf":{"@id":"https:\/\/www.italyfamilyhotels.it\/#website"},"datePublished":"2022-03-14T11:37:30+00:00","dateModified":"2026-04-02T08:56:57+00:00","description":"Lust auf Urlaub mit Ihrer Familie? Entdecken Sie die Familienangebote im Hotel Fabrizio in Rimini","breadcrumb":{"@id":"https:\/\/www.italyfamilyhotels.it\/de\/family-hotels\/hotel-fabrizio-rimini#breadcrumb"},"inLanguage":"de","potentialAction":[{"@type":"ReadAction","target":["https:\/\/www.italyfamilyhotels.it\/de\/family-hotels\/hotel-fabrizio-rimini"]}]},{"@type":"BreadcrumbList","@id":"https:\/\/www.italyfamilyhotels.it\/de\/family-hotels\/hotel-fabrizio-rimini#breadcrumb","itemListElement":[{"@type":"ListItem","position":1,"name":"Home","item":"https:\/\/www.italyfamilyhotels.it\/de"},{"@type":"ListItem","position":2,"name":"Family Hotels","item":"https:\/\/www.italyfamilyhotels.it\/de\/family-hotels"},{"@type":"ListItem","position":3,"name":"Hotel Fabrizio"}]},{"@type":"WebSite","@id":"https:\/\/www.italyfamilyhotels.it\/#website","url":"https:\/\/www.italyfamilyhotels.it\/","name":"Italy Family Hotels","description":"","potentialAction":[{"@type":"SearchAction","target":{"@type":"EntryPoint","urlTemplate":"https:\/\/www.italyfamilyhotels.it\/?s={search_term_string}"},"query-input":{"@type":"PropertyValueSpecification","valueRequired":true,"valueName":"search_term_string"}}],"inLanguage":"de"}]}},"_links":{"self":[{"href":"https:\/\/www.italyfamilyhotels.it\/de\/wp-json\/wp\/v2\/pages\/4292","targetHints":{"allow":["GET"]}}],"collection":[{"href":"https:\/\/www.italyfamilyhotels.it\/de\/wp-json\/wp\/v2\/pages"}],"about":[{"href":"https:\/\/www.italyfamilyhotels.it\/de\/wp-json\/wp\/v2\/types\/page"}],"author":[{"embeddable":true,"href":"https:\/\/www.italyfamilyhotels.it\/de\/wp-json\/wp\/v2\/users\/62"}],"replies":[{"embeddable":true,"href":"https:\/\/www.italyfamilyhotels.it\/de\/wp-json\/wp\/v2\/comments?post=4292"}],"version-history":[{"count":13,"href":"https:\/\/www.italyfamilyhotels.it\/de\/wp-json\/wp\/v2\/pages\/4292\/revisions"}],"predecessor-version":[{"id":77179,"href":"https:\/\/www.italyfamilyhotels.it\/de\/wp-json\/wp\/v2\/pages\/4292\/revisions\/77179"}],"up":[{"embeddable":true,"href":"https:\/\/www.italyfamilyhotels.it\/de\/wp-json\/wp\/v2\/pages\/94"}],"wp:attachment":[{"href":"https:\/\/www.italyfamilyhotels.it\/de\/wp-json\/wp\/v2\/media?parent=4292"}],"curies":[{"name":"wp","href":"https:\/\/api.w.org\/{rel}","templated":true}]}}