{"id":4287,"date":"2022-03-14T12:37:30","date_gmt":"2022-03-14T11:37:30","guid":{"rendered":"https:\/\/www.italyfamilyhotels.it\/family-hotels\/hotel-saline"},"modified":"2025-07-08T11:25:34","modified_gmt":"2025-07-08T09:25:34","slug":"hotel-saline-palinuro","status":"publish","type":"page","link":"https:\/\/www.italyfamilyhotels.it\/de\/family-hotels\/hotel-saline-palinuro","title":{"rendered":"Hotel Saline"},"content":{"rendered":"\n<p>Unser Hotel liegt direkt<b> am Privatstrand,<\/b> Du brauchst keine Stra\u00dfe zu \u00fcberqueren, um baden zu gehen; entspannend f\u00fcr Dich, sicher f\u00fcr die Kinder. Vom Zimmer k\u00f6nnt Ihr mit dem Panorama-Aufzug runter fahren, zu Eurem <b>Sonnenschirm mit 2 Liegen.<\/b><\/p>\n\n\n\n<p><\/p>\n\n\n\n<p>Der weiche wei\u00dfe Sand unter den F\u00fc\u00dfen f\u00fchlt sich gut an, das Wasser ist kristallklar und wird nur ganz allm\u00e4hlich tiefer; <b>hier zu baden und zu schwimmen ist ungef\u00e4hrlich und wundersch\u00f6n. <\/b><\/p>\n\n\n\n<p>Noch bequemer ist es in den <b>Schwimmb\u00e4dern <\/b>&#8211; eines f\u00fcr Erwachsene und eines f\u00fcr Kinder. Sie sind von einer gro\u00dfen, komfortabel ausgestatteten Sonnenterrasse umgeben und <b>mit dem Strand verbunden.<\/b><\/p>\n\n\n\n<p>Der <b>Mini-Club Saline<\/b> ist ein Ort des Vergn\u00fcgens f\u00fcr <b>Kinder von 4 bis 12 Jahren<\/b>. <b>Jeden Tag von 9:45 bis 22:00 Uhr<\/b> k\u00f6nnen sie dort zusammen mit anderen spielen. Ausgebildete Animateur*innen organisieren Wettk\u00e4mpfe, kreative Arbeiten, Zuckerb\u00e4ckerei zusammen mit den Eltern, Baby-Dance und Auff\u00fchrungen &#8211; viele erf\u00fcllte Stunden voller Phantasie und Spa\u00df! <b>Die kleinen G\u00e4ste essen zusammen mit den Animateur*innen<\/b> zu Mittag, und auch am <b>Nachmittag<\/b> gibt es einen s\u00fc\u00dfen gemeinsamen<b> Imbiss<\/b>. Vater und Mutter haben Zeit f\u00fcr Entspannung, Sport oder Shopping im nahen Palinuro.<\/p>\n\n\n\n<p>Euer Urlaub bei uns wird durch herausragende wein-gastronomische Erlebnisse nach mediterraner Art bereichert. <\/p>\n","protected":false},"excerpt":{"rendered":"<p>Unser Hotel liegt direkt am Privatstrand, Du brauchst keine Stra\u00dfe zu \u00fcberqueren, um baden zu gehen; entspannend f\u00fcr Dich, sicher f\u00fcr die Kinder. Vom Zimmer k\u00f6nnt Ihr mit dem Panorama-Aufzug runter fahren, zu Eurem Sonnenschirm mit 2 Liegen. Der weiche wei\u00dfe Sand unter den F\u00fc\u00dfen f\u00fchlt sich gut an, das Wasser ist kristallklar und wird &hellip;<\/p>\n","protected":false},"author":74,"featured_media":0,"parent":94,"menu_order":0,"comment_status":"closed","ping_status":"closed","template":"page-templates\/scheda_hotel.php","meta":{"_acf_changed":false,"inline_featured_image":false,"footnotes":""},"class_list":["post-4287","page","type-page","status-publish","hentry"],"acf":[],"yoast_head":"<!-- This site is optimized with the Yoast SEO plugin v27.1 - https:\/\/yoast.com\/product\/yoast-seo-wordpress\/ -->\n<title>Hotel Saline 4-Sterne, Palinuro<\/title>\n<meta name=\"description\" content=\"Lust auf Familienurlaub? Entdecken Sie die Familienangebote f\u00fcr Hotel Saline in Palinuro\" \/>\n<meta name=\"robots\" content=\"index, follow, max-snippet:-1, max-image-preview:large, max-video-preview:-1\" \/>\n<link rel=\"canonical\" href=\"https:\/\/www.italyfamilyhotels.it\/de\/family-hotels\/hotel-saline-palinuro\" \/>\n<meta property=\"og:locale\" content=\"de_DE\" \/>\n<meta property=\"og:type\" content=\"article\" \/>\n<meta property=\"og:title\" content=\"Hotel Saline 4-Sterne, Palinuro\" \/>\n<meta property=\"og:description\" content=\"Lust auf Familienurlaub? Entdecken Sie die Familienangebote f\u00fcr Hotel Saline in Palinuro\" \/>\n<meta property=\"og:url\" content=\"https:\/\/www.italyfamilyhotels.it\/de\/family-hotels\/hotel-saline-palinuro\" \/>\n<meta property=\"og:site_name\" content=\"Italy Family Hotels\" \/>\n<meta property=\"article:publisher\" content=\"https:\/\/www.facebook.com\/ItalyFamilyHotels\/\" \/>\n<meta property=\"article:modified_time\" content=\"2025-07-08T09:25:34+00:00\" \/>\n<meta name=\"twitter:card\" content=\"summary_large_image\" \/>\n<meta name=\"twitter:label1\" content=\"Gesch\u00e4tzte Lesezeit\" \/>\n\t<meta name=\"twitter:data1\" content=\"1\u00a0Minute\" \/>\n<script type=\"application\/ld+json\" class=\"yoast-schema-graph\">{\"@context\":\"https:\/\/schema.org\",\"@graph\":[{\"@type\":\"WebPage\",\"@id\":\"https:\/\/www.italyfamilyhotels.it\/de\/family-hotels\/hotel-saline-palinuro\",\"url\":\"https:\/\/www.italyfamilyhotels.it\/de\/family-hotels\/hotel-saline-palinuro\",\"name\":\"Hotel Saline 4-Sterne, Palinuro\",\"isPartOf\":{\"@id\":\"https:\/\/www.italyfamilyhotels.it\/#website\"},\"datePublished\":\"2022-03-14T11:37:30+00:00\",\"dateModified\":\"2025-07-08T09:25:34+00:00\",\"description\":\"Lust auf Familienurlaub? Entdecken Sie die Familienangebote f\u00fcr Hotel Saline in Palinuro\",\"breadcrumb\":{\"@id\":\"https:\/\/www.italyfamilyhotels.it\/de\/family-hotels\/hotel-saline-palinuro#breadcrumb\"},\"inLanguage\":\"de\",\"potentialAction\":[{\"@type\":\"ReadAction\",\"target\":[\"https:\/\/www.italyfamilyhotels.it\/de\/family-hotels\/hotel-saline-palinuro\"]}]},{\"@type\":\"BreadcrumbList\",\"@id\":\"https:\/\/www.italyfamilyhotels.it\/de\/family-hotels\/hotel-saline-palinuro#breadcrumb\",\"itemListElement\":[{\"@type\":\"ListItem\",\"position\":1,\"name\":\"Home\",\"item\":\"https:\/\/www.italyfamilyhotels.it\/de\"},{\"@type\":\"ListItem\",\"position\":2,\"name\":\"Family Hotels\",\"item\":\"https:\/\/www.italyfamilyhotels.it\/de\/family-hotels\"},{\"@type\":\"ListItem\",\"position\":3,\"name\":\"Hotel Saline\"}]},{\"@type\":\"WebSite\",\"@id\":\"https:\/\/www.italyfamilyhotels.it\/#website\",\"url\":\"https:\/\/www.italyfamilyhotels.it\/\",\"name\":\"Italy Family Hotels\",\"description\":\"\",\"potentialAction\":[{\"@type\":\"SearchAction\",\"target\":{\"@type\":\"EntryPoint\",\"urlTemplate\":\"https:\/\/www.italyfamilyhotels.it\/?s={search_term_string}\"},\"query-input\":{\"@type\":\"PropertyValueSpecification\",\"valueRequired\":true,\"valueName\":\"search_term_string\"}}],\"inLanguage\":\"de\"}]}<\/script>\n<!-- \/ Yoast SEO plugin. -->","yoast_head_json":{"title":"Hotel Saline 4-Sterne, Palinuro","description":"Lust auf Familienurlaub? Entdecken Sie die Familienangebote f\u00fcr Hotel Saline in Palinuro","robots":{"index":"index","follow":"follow","max-snippet":"max-snippet:-1","max-image-preview":"max-image-preview:large","max-video-preview":"max-video-preview:-1"},"canonical":"https:\/\/www.italyfamilyhotels.it\/de\/family-hotels\/hotel-saline-palinuro","og_locale":"de_DE","og_type":"article","og_title":"Hotel Saline 4-Sterne, Palinuro","og_description":"Lust auf Familienurlaub? Entdecken Sie die Familienangebote f\u00fcr Hotel Saline in Palinuro","og_url":"https:\/\/www.italyfamilyhotels.it\/de\/family-hotels\/hotel-saline-palinuro","og_site_name":"Italy Family Hotels","article_publisher":"https:\/\/www.facebook.com\/ItalyFamilyHotels\/","article_modified_time":"2025-07-08T09:25:34+00:00","twitter_card":"summary_large_image","twitter_misc":{"Gesch\u00e4tzte Lesezeit":"1\u00a0Minute"},"schema":{"@context":"https:\/\/schema.org","@graph":[{"@type":"WebPage","@id":"https:\/\/www.italyfamilyhotels.it\/de\/family-hotels\/hotel-saline-palinuro","url":"https:\/\/www.italyfamilyhotels.it\/de\/family-hotels\/hotel-saline-palinuro","name":"Hotel Saline 4-Sterne, Palinuro","isPartOf":{"@id":"https:\/\/www.italyfamilyhotels.it\/#website"},"datePublished":"2022-03-14T11:37:30+00:00","dateModified":"2025-07-08T09:25:34+00:00","description":"Lust auf Familienurlaub? Entdecken Sie die Familienangebote f\u00fcr Hotel Saline in Palinuro","breadcrumb":{"@id":"https:\/\/www.italyfamilyhotels.it\/de\/family-hotels\/hotel-saline-palinuro#breadcrumb"},"inLanguage":"de","potentialAction":[{"@type":"ReadAction","target":["https:\/\/www.italyfamilyhotels.it\/de\/family-hotels\/hotel-saline-palinuro"]}]},{"@type":"BreadcrumbList","@id":"https:\/\/www.italyfamilyhotels.it\/de\/family-hotels\/hotel-saline-palinuro#breadcrumb","itemListElement":[{"@type":"ListItem","position":1,"name":"Home","item":"https:\/\/www.italyfamilyhotels.it\/de"},{"@type":"ListItem","position":2,"name":"Family Hotels","item":"https:\/\/www.italyfamilyhotels.it\/de\/family-hotels"},{"@type":"ListItem","position":3,"name":"Hotel Saline"}]},{"@type":"WebSite","@id":"https:\/\/www.italyfamilyhotels.it\/#website","url":"https:\/\/www.italyfamilyhotels.it\/","name":"Italy Family Hotels","description":"","potentialAction":[{"@type":"SearchAction","target":{"@type":"EntryPoint","urlTemplate":"https:\/\/www.italyfamilyhotels.it\/?s={search_term_string}"},"query-input":{"@type":"PropertyValueSpecification","valueRequired":true,"valueName":"search_term_string"}}],"inLanguage":"de"}]}},"_links":{"self":[{"href":"https:\/\/www.italyfamilyhotels.it\/de\/wp-json\/wp\/v2\/pages\/4287","targetHints":{"allow":["GET"]}}],"collection":[{"href":"https:\/\/www.italyfamilyhotels.it\/de\/wp-json\/wp\/v2\/pages"}],"about":[{"href":"https:\/\/www.italyfamilyhotels.it\/de\/wp-json\/wp\/v2\/types\/page"}],"author":[{"embeddable":true,"href":"https:\/\/www.italyfamilyhotels.it\/de\/wp-json\/wp\/v2\/users\/74"}],"replies":[{"embeddable":true,"href":"https:\/\/www.italyfamilyhotels.it\/de\/wp-json\/wp\/v2\/comments?post=4287"}],"version-history":[{"count":6,"href":"https:\/\/www.italyfamilyhotels.it\/de\/wp-json\/wp\/v2\/pages\/4287\/revisions"}],"predecessor-version":[{"id":70325,"href":"https:\/\/www.italyfamilyhotels.it\/de\/wp-json\/wp\/v2\/pages\/4287\/revisions\/70325"}],"up":[{"embeddable":true,"href":"https:\/\/www.italyfamilyhotels.it\/de\/wp-json\/wp\/v2\/pages\/94"}],"wp:attachment":[{"href":"https:\/\/www.italyfamilyhotels.it\/de\/wp-json\/wp\/v2\/media?parent=4287"}],"curies":[{"name":"wp","href":"https:\/\/api.w.org\/{rel}","templated":true}]}}