{"id":4282,"date":"2022-03-14T12:37:29","date_gmt":"2022-03-14T11:37:29","guid":{"rendered":"https:\/\/www.italyfamilyhotels.it\/family-hotels\/family-spa-hotel-le-canne"},"modified":"2025-01-09T15:39:14","modified_gmt":"2025-01-09T14:39:14","slug":"family-spa-hotel-le-canne-forio-dischia","status":"publish","type":"page","link":"https:\/\/www.italyfamilyhotels.it\/de\/family-hotels\/family-spa-hotel-le-canne-forio-dischia","title":{"rendered":"Le Canne Family Resort &amp; Spa"},"content":{"rendered":"\n<p>Sie finden uns nur wenige Minuten vom Meer entfernt, in der N\u00e4he des Zentrums von <a href=\"https:\/\/www.italyfamilyhotels.it\/de\/destinationen\/ischia\/forio-dischia\" target=\"_blank\" rel=\"noreferrer noopener\">Forio d&#8217;Ischia<\/a> und umgeben von einem gro\u00dfen Garten, der viel Platz zum Spielen und Entspannen bietet. Im <b>Le Canne Family Resort &amp; Spa<\/b> erleben Sie einen wunderbaren <b>Familienurlaub<\/b> mit Entspannung im <b>Wellnessbereich<\/b> und im <b>Pool<\/b>, zu dem auch die Kinder Zugang haben, und Spa\u00df mit<b> Nina Mancina<\/b> und <b>Kapit\u00e4n Le Kan<\/b>, den beiden Piraten-Maskottchen, die Gro\u00df und Klein immer wieder zum Lachen bringen.<\/p>\n\n\n\n<p>Im <b>Mini- und Junior-Club<\/b> sind alle Kinder <b>ab 3 Jahren<\/b> willkommen, um an <b>Aktivit\u00e4ten<\/b>, <b>Workshops<\/b>, <b>Tischfu\u00dfball-<\/b> und <b>Tischtennisturnieren <\/b>teilzunehmen, und zwar nonstop von morgens bis abends in Begleitung unseres <b>Animationsteams<\/b>. Und f\u00fcr die Kleinen? Eine <b>Spielecke<\/b> nur f\u00fcr sie, wo sie gemeinsam mit Mama und Papa experimentieren und Spa\u00df haben k\u00f6nnen.<\/p>\n\n\n\n<p>Was gibt es Sch\u00f6neres, als sich nach einem Tag voller Spiel, Meer und Entdeckungen im <b>Au\u00dfenpool<\/b> oder im <b>Raggio di Sole Beauty &amp; SPA <\/b>zu entspannen? <b>Thermalbad mit Hydromassage<\/b>, <b>finnischer Sauna<\/b>, <b>Erlebnisdusche<\/b> und <b>Massagekabinen <\/b>f\u00fcr optimale Regeneration. Bei uns gibt es Wellness auch im Mini-Format! Ja, Kinder haben zusammen mit Mama und Papa <b>Zugang zum Spa<\/b> und k\u00f6nnen dort auch spezielle <b>Behandlungen <\/b>wie Schokoladenmassage, Vanillemaske und zarte Manik\u00fcre und Pedik\u00fcre mit farbigem Nagellack erleben!<\/p>\n\n\n\n<p>Im Restaurant verw\u00f6hnen wir Sie mit <b>unverf\u00e4lschten Gerichten<\/b> aus der <b>Tradition der Gastronomie Neapels und Ischias<\/b>, w\u00e4hrend f\u00fcr die Kleinen ma\u00dfgeschneiderte <b>Babymen\u00fcs<\/b> angeboten werden, die sie in Begleitung der Animateure zu sich nehmen k\u00f6nnen.<\/p>\n\n\n\n<p>Und wie sieht es mit den Zimmern aus? <b>Klassisch gestaltet<\/b>, mit allem Komfort und allen <b>Babyeinrichtungen<\/b>, die Sie f\u00fcr eine entspannte Reise ben\u00f6tigen. Wenn Sie jedoch einen Urlaub in Freiheit suchen, bei dem Ihnen alle Serviceleistungen eines Hotels zur Verf\u00fcgung stehen, w\u00e4hlen Sie die <b>Aparthotel<\/b>-Formel.<\/p>\n","protected":false},"excerpt":{"rendered":"<p>Sie finden uns nur wenige Minuten vom Meer entfernt, in der N\u00e4he des Zentrums von Forio d&#8217;Ischia und umgeben von einem gro\u00dfen Garten, der viel Platz zum Spielen und Entspannen bietet. Im Le Canne Family Resort &amp; Spa erleben Sie einen wunderbaren Familienurlaub mit Entspannung im Wellnessbereich und im Pool, zu dem auch die Kinder &hellip;<\/p>\n","protected":false},"author":35,"featured_media":0,"parent":94,"menu_order":0,"comment_status":"closed","ping_status":"closed","template":"page-templates\/scheda_hotel.php","meta":{"_acf_changed":false,"inline_featured_image":false,"footnotes":""},"class_list":["post-4282","page","type-page","status-publish","hentry"],"acf":[],"yoast_head":"<!-- This site is optimized with the Yoast SEO plugin v27.1 - https:\/\/yoast.com\/product\/yoast-seo-wordpress\/ -->\n<title>Le Canne Family Resort &amp; Spa, 3 Sterne, Forio d&#039;Ischia<\/title>\n<meta name=\"description\" content=\"Lust auf einen Urlaub mit Ihrer Familie? Entdecken Sie die Familienangebote im Le Canne Family Resort &amp; Spa in Forio d&#039;Ischia\" \/>\n<meta name=\"robots\" content=\"index, follow, max-snippet:-1, max-image-preview:large, max-video-preview:-1\" \/>\n<link rel=\"canonical\" href=\"https:\/\/www.italyfamilyhotels.it\/de\/family-hotels\/family-spa-hotel-le-canne-forio-dischia\" \/>\n<meta property=\"og:locale\" content=\"de_DE\" \/>\n<meta property=\"og:type\" content=\"article\" \/>\n<meta property=\"og:title\" content=\"Le Canne Family Resort &amp; Spa, 3 Sterne, Forio d&#039;Ischia\" \/>\n<meta property=\"og:description\" content=\"Lust auf einen Urlaub mit Ihrer Familie? Entdecken Sie die Familienangebote im Le Canne Family Resort &amp; Spa in Forio d&#039;Ischia\" \/>\n<meta property=\"og:url\" content=\"https:\/\/www.italyfamilyhotels.it\/de\/family-hotels\/family-spa-hotel-le-canne-forio-dischia\" \/>\n<meta property=\"og:site_name\" content=\"Italy Family Hotels\" \/>\n<meta property=\"article:publisher\" content=\"https:\/\/www.facebook.com\/ItalyFamilyHotels\/\" \/>\n<meta property=\"article:modified_time\" content=\"2025-01-09T14:39:14+00:00\" \/>\n<meta name=\"twitter:card\" content=\"summary_large_image\" \/>\n<meta name=\"twitter:label1\" content=\"Gesch\u00e4tzte Lesezeit\" \/>\n\t<meta name=\"twitter:data1\" content=\"1\u00a0Minute\" \/>\n<script type=\"application\/ld+json\" class=\"yoast-schema-graph\">{\"@context\":\"https:\/\/schema.org\",\"@graph\":[{\"@type\":\"WebPage\",\"@id\":\"https:\/\/www.italyfamilyhotels.it\/de\/family-hotels\/family-spa-hotel-le-canne-forio-dischia\",\"url\":\"https:\/\/www.italyfamilyhotels.it\/de\/family-hotels\/family-spa-hotel-le-canne-forio-dischia\",\"name\":\"Le Canne Family Resort & Spa, 3 Sterne, Forio d'Ischia\",\"isPartOf\":{\"@id\":\"https:\/\/www.italyfamilyhotels.it\/#website\"},\"datePublished\":\"2022-03-14T11:37:29+00:00\",\"dateModified\":\"2025-01-09T14:39:14+00:00\",\"description\":\"Lust auf einen Urlaub mit Ihrer Familie? Entdecken Sie die Familienangebote im Le Canne Family Resort & Spa in Forio d'Ischia\",\"breadcrumb\":{\"@id\":\"https:\/\/www.italyfamilyhotels.it\/de\/family-hotels\/family-spa-hotel-le-canne-forio-dischia#breadcrumb\"},\"inLanguage\":\"de\",\"potentialAction\":[{\"@type\":\"ReadAction\",\"target\":[\"https:\/\/www.italyfamilyhotels.it\/de\/family-hotels\/family-spa-hotel-le-canne-forio-dischia\"]}]},{\"@type\":\"BreadcrumbList\",\"@id\":\"https:\/\/www.italyfamilyhotels.it\/de\/family-hotels\/family-spa-hotel-le-canne-forio-dischia#breadcrumb\",\"itemListElement\":[{\"@type\":\"ListItem\",\"position\":1,\"name\":\"Home\",\"item\":\"https:\/\/www.italyfamilyhotels.it\/de\"},{\"@type\":\"ListItem\",\"position\":2,\"name\":\"Family Hotels\",\"item\":\"https:\/\/www.italyfamilyhotels.it\/de\/family-hotels\"},{\"@type\":\"ListItem\",\"position\":3,\"name\":\"Le Canne Family Resort &amp; Spa\"}]},{\"@type\":\"WebSite\",\"@id\":\"https:\/\/www.italyfamilyhotels.it\/#website\",\"url\":\"https:\/\/www.italyfamilyhotels.it\/\",\"name\":\"Italy Family Hotels\",\"description\":\"\",\"potentialAction\":[{\"@type\":\"SearchAction\",\"target\":{\"@type\":\"EntryPoint\",\"urlTemplate\":\"https:\/\/www.italyfamilyhotels.it\/?s={search_term_string}\"},\"query-input\":{\"@type\":\"PropertyValueSpecification\",\"valueRequired\":true,\"valueName\":\"search_term_string\"}}],\"inLanguage\":\"de\"}]}<\/script>\n<!-- \/ Yoast SEO plugin. -->","yoast_head_json":{"title":"Le Canne Family Resort & Spa, 3 Sterne, Forio d'Ischia","description":"Lust auf einen Urlaub mit Ihrer Familie? Entdecken Sie die Familienangebote im Le Canne Family Resort & Spa in Forio d'Ischia","robots":{"index":"index","follow":"follow","max-snippet":"max-snippet:-1","max-image-preview":"max-image-preview:large","max-video-preview":"max-video-preview:-1"},"canonical":"https:\/\/www.italyfamilyhotels.it\/de\/family-hotels\/family-spa-hotel-le-canne-forio-dischia","og_locale":"de_DE","og_type":"article","og_title":"Le Canne Family Resort & Spa, 3 Sterne, Forio d'Ischia","og_description":"Lust auf einen Urlaub mit Ihrer Familie? Entdecken Sie die Familienangebote im Le Canne Family Resort & Spa in Forio d'Ischia","og_url":"https:\/\/www.italyfamilyhotels.it\/de\/family-hotels\/family-spa-hotel-le-canne-forio-dischia","og_site_name":"Italy Family Hotels","article_publisher":"https:\/\/www.facebook.com\/ItalyFamilyHotels\/","article_modified_time":"2025-01-09T14:39:14+00:00","twitter_card":"summary_large_image","twitter_misc":{"Gesch\u00e4tzte Lesezeit":"1\u00a0Minute"},"schema":{"@context":"https:\/\/schema.org","@graph":[{"@type":"WebPage","@id":"https:\/\/www.italyfamilyhotels.it\/de\/family-hotels\/family-spa-hotel-le-canne-forio-dischia","url":"https:\/\/www.italyfamilyhotels.it\/de\/family-hotels\/family-spa-hotel-le-canne-forio-dischia","name":"Le Canne Family Resort & Spa, 3 Sterne, Forio d'Ischia","isPartOf":{"@id":"https:\/\/www.italyfamilyhotels.it\/#website"},"datePublished":"2022-03-14T11:37:29+00:00","dateModified":"2025-01-09T14:39:14+00:00","description":"Lust auf einen Urlaub mit Ihrer Familie? Entdecken Sie die Familienangebote im Le Canne Family Resort & Spa in Forio d'Ischia","breadcrumb":{"@id":"https:\/\/www.italyfamilyhotels.it\/de\/family-hotels\/family-spa-hotel-le-canne-forio-dischia#breadcrumb"},"inLanguage":"de","potentialAction":[{"@type":"ReadAction","target":["https:\/\/www.italyfamilyhotels.it\/de\/family-hotels\/family-spa-hotel-le-canne-forio-dischia"]}]},{"@type":"BreadcrumbList","@id":"https:\/\/www.italyfamilyhotels.it\/de\/family-hotels\/family-spa-hotel-le-canne-forio-dischia#breadcrumb","itemListElement":[{"@type":"ListItem","position":1,"name":"Home","item":"https:\/\/www.italyfamilyhotels.it\/de"},{"@type":"ListItem","position":2,"name":"Family Hotels","item":"https:\/\/www.italyfamilyhotels.it\/de\/family-hotels"},{"@type":"ListItem","position":3,"name":"Le Canne Family Resort &amp; Spa"}]},{"@type":"WebSite","@id":"https:\/\/www.italyfamilyhotels.it\/#website","url":"https:\/\/www.italyfamilyhotels.it\/","name":"Italy Family Hotels","description":"","potentialAction":[{"@type":"SearchAction","target":{"@type":"EntryPoint","urlTemplate":"https:\/\/www.italyfamilyhotels.it\/?s={search_term_string}"},"query-input":{"@type":"PropertyValueSpecification","valueRequired":true,"valueName":"search_term_string"}}],"inLanguage":"de"}]}},"_links":{"self":[{"href":"https:\/\/www.italyfamilyhotels.it\/de\/wp-json\/wp\/v2\/pages\/4282","targetHints":{"allow":["GET"]}}],"collection":[{"href":"https:\/\/www.italyfamilyhotels.it\/de\/wp-json\/wp\/v2\/pages"}],"about":[{"href":"https:\/\/www.italyfamilyhotels.it\/de\/wp-json\/wp\/v2\/types\/page"}],"author":[{"embeddable":true,"href":"https:\/\/www.italyfamilyhotels.it\/de\/wp-json\/wp\/v2\/users\/35"}],"replies":[{"embeddable":true,"href":"https:\/\/www.italyfamilyhotels.it\/de\/wp-json\/wp\/v2\/comments?post=4282"}],"version-history":[{"count":11,"href":"https:\/\/www.italyfamilyhotels.it\/de\/wp-json\/wp\/v2\/pages\/4282\/revisions"}],"predecessor-version":[{"id":63624,"href":"https:\/\/www.italyfamilyhotels.it\/de\/wp-json\/wp\/v2\/pages\/4282\/revisions\/63624"}],"up":[{"embeddable":true,"href":"https:\/\/www.italyfamilyhotels.it\/de\/wp-json\/wp\/v2\/pages\/94"}],"wp:attachment":[{"href":"https:\/\/www.italyfamilyhotels.it\/de\/wp-json\/wp\/v2\/media?parent=4282"}],"curies":[{"name":"wp","href":"https:\/\/api.w.org\/{rel}","templated":true}]}}