{"id":4277,"date":"2022-03-14T12:37:28","date_gmt":"2022-03-14T11:37:28","guid":{"rendered":"https:\/\/www.italyfamilyhotels.it\/family-hotels\/hotel-sympathy"},"modified":"2026-04-02T12:02:35","modified_gmt":"2026-04-02T10:02:35","slug":"hotel-sympathy-martinsicuro","status":"publish","type":"page","link":"https:\/\/www.italyfamilyhotels.it\/de\/family-hotels\/hotel-sympathy-martinsicuro","title":{"rendered":"Hotel Sympathy"},"content":{"rendered":"\n<p>Martinsicuro ist der ideale Ort f\u00fcr einen entspannten Familienurlaub \u2013 gepr\u00e4gt von hochwertiger Unterhaltung und Erholung am Meer und seit Jahren mit der \u201eBlauen Flagge\u201c f\u00fcr Wasserqualit\u00e4t und Service ausgezeichnet.<\/p>\n\n\n\n<p>Wir stellen Ihnen unseren <strong>exklusiven Privatstrand<\/strong>, den Sympathy Beach, zur Verf\u00fcgung: eine kleine, bestens ausgestattete Bucht mit feinem Sand, besonders sicher f\u00fcr Kinder, die <strong>ganz in der N\u00e4he<\/strong> liegt. Dort finden Sie <strong>Sonnenschirme<\/strong> mit <strong>Liegen<\/strong> und <strong>warme Duschen<\/strong>. Au\u00dferdem k\u00f6nnen Sie kostenlos <strong>Ruderboot<\/strong>, <strong>Kanu<\/strong> und <strong>Pedalboot<\/strong> nutzen \u2013 f\u00fcr unterhaltsame Ausfl\u00fcge aufs Meer, bei denen Sie mit etwas Gl\u00fcck sogar Delfine beobachten k\u00f6nnen!<\/p>\n\n\n\n<p>Im <strong>Sympathy Hotel<\/strong> begleitet Sie das unendliche Blau von Himmel und Meer den ganzen Tag: von der <strong>Terrasse<\/strong> Ihres <strong>Zimmers<\/strong> \u00fcber die <strong>Panoramaterrasse<\/strong> im 5. Stock, wo das reichhaltige <strong>Fr\u00fchst\u00fccksbuffet<\/strong> serviert wird, bis hin zum <strong>Restaurant<\/strong> mit direktem Meerblick.<\/p>\n\n\n\n<p>Neben dem Blau erwartet Sie auch das Gr\u00fcn der umliegenden H\u00fcgel, die Sie \u00fcber einfache <strong>familienfreundliche Radrouten<\/strong> erkunden k\u00f6nnen \u2013 <strong>mit Fahrr\u00e4dern, die wir Ihnen zur Verf\u00fcgung stellen<\/strong>, auch mit <strong>Kindersitzen<\/strong> und <strong>Helmen<\/strong>.<\/p>\n\n\n\n<p>Und am Ende des Tages erwartet Sie ein <strong>komfortables Zimmer<\/strong> mit allen <strong>Annehmlichkeiten<\/strong>, die einen <strong>Urlaub mit kleinen Kindern<\/strong> besonders angenehm machen.<\/p>\n","protected":false},"excerpt":{"rendered":"<p>Martinsicuro ist der ideale Ort f\u00fcr einen entspannten Familienurlaub \u2013 gepr\u00e4gt von hochwertiger Unterhaltung und Erholung am Meer und seit Jahren mit der \u201eBlauen Flagge\u201c f\u00fcr Wasserqualit\u00e4t und Service ausgezeichnet. Wir stellen Ihnen unseren exklusiven Privatstrand, den Sympathy Beach, zur Verf\u00fcgung: eine kleine, bestens ausgestattete Bucht mit feinem Sand, besonders sicher f\u00fcr Kinder, die ganz &hellip;<\/p>\n","protected":false},"author":119,"featured_media":0,"parent":94,"menu_order":0,"comment_status":"closed","ping_status":"closed","template":"page-templates\/scheda_hotel.php","meta":{"_acf_changed":false,"inline_featured_image":false,"footnotes":""},"class_list":["post-4277","page","type-page","status-publish","hentry"],"acf":[],"yoast_head":"<!-- This site is optimized with the Yoast SEO plugin v27.1 - https:\/\/yoast.com\/product\/yoast-seo-wordpress\/ -->\n<title>Hotel Sympathy 3-Sterne, Martinsicuro<\/title>\n<meta name=\"description\" content=\"Lust auf Familienurlaub? Entdecken Sie die Familienangebote f\u00fcr Hotel Sympathy in Martinsicuro\" \/>\n<meta name=\"robots\" content=\"index, follow, max-snippet:-1, max-image-preview:large, max-video-preview:-1\" \/>\n<link rel=\"canonical\" href=\"https:\/\/www.italyfamilyhotels.it\/de\/family-hotels\/hotel-sympathy-martinsicuro\" \/>\n<meta property=\"og:locale\" content=\"de_DE\" \/>\n<meta property=\"og:type\" content=\"article\" \/>\n<meta property=\"og:title\" content=\"Hotel Sympathy 3-Sterne, Martinsicuro\" \/>\n<meta property=\"og:description\" content=\"Lust auf Familienurlaub? Entdecken Sie die Familienangebote f\u00fcr Hotel Sympathy in Martinsicuro\" \/>\n<meta property=\"og:url\" content=\"https:\/\/www.italyfamilyhotels.it\/de\/family-hotels\/hotel-sympathy-martinsicuro\" \/>\n<meta property=\"og:site_name\" content=\"Italy Family Hotels\" \/>\n<meta property=\"article:publisher\" content=\"https:\/\/www.facebook.com\/ItalyFamilyHotels\/\" \/>\n<meta property=\"article:modified_time\" content=\"2026-04-02T10:02:35+00:00\" \/>\n<meta name=\"twitter:card\" content=\"summary_large_image\" \/>\n<meta name=\"twitter:label1\" content=\"Gesch\u00e4tzte Lesezeit\" \/>\n\t<meta name=\"twitter:data1\" content=\"1\u00a0Minute\" \/>\n<script type=\"application\/ld+json\" class=\"yoast-schema-graph\">{\"@context\":\"https:\/\/schema.org\",\"@graph\":[{\"@type\":\"WebPage\",\"@id\":\"https:\/\/www.italyfamilyhotels.it\/de\/family-hotels\/hotel-sympathy-martinsicuro\",\"url\":\"https:\/\/www.italyfamilyhotels.it\/de\/family-hotels\/hotel-sympathy-martinsicuro\",\"name\":\"Hotel Sympathy 3-Sterne, Martinsicuro\",\"isPartOf\":{\"@id\":\"https:\/\/www.italyfamilyhotels.it\/#website\"},\"datePublished\":\"2022-03-14T11:37:28+00:00\",\"dateModified\":\"2026-04-02T10:02:35+00:00\",\"description\":\"Lust auf Familienurlaub? Entdecken Sie die Familienangebote f\u00fcr Hotel Sympathy in Martinsicuro\",\"breadcrumb\":{\"@id\":\"https:\/\/www.italyfamilyhotels.it\/de\/family-hotels\/hotel-sympathy-martinsicuro#breadcrumb\"},\"inLanguage\":\"de\",\"potentialAction\":[{\"@type\":\"ReadAction\",\"target\":[\"https:\/\/www.italyfamilyhotels.it\/de\/family-hotels\/hotel-sympathy-martinsicuro\"]}]},{\"@type\":\"BreadcrumbList\",\"@id\":\"https:\/\/www.italyfamilyhotels.it\/de\/family-hotels\/hotel-sympathy-martinsicuro#breadcrumb\",\"itemListElement\":[{\"@type\":\"ListItem\",\"position\":1,\"name\":\"Home\",\"item\":\"https:\/\/www.italyfamilyhotels.it\/de\"},{\"@type\":\"ListItem\",\"position\":2,\"name\":\"Family Hotels\",\"item\":\"https:\/\/www.italyfamilyhotels.it\/de\/family-hotels\"},{\"@type\":\"ListItem\",\"position\":3,\"name\":\"Hotel Sympathy\"}]},{\"@type\":\"WebSite\",\"@id\":\"https:\/\/www.italyfamilyhotels.it\/#website\",\"url\":\"https:\/\/www.italyfamilyhotels.it\/\",\"name\":\"Italy Family Hotels\",\"description\":\"\",\"potentialAction\":[{\"@type\":\"SearchAction\",\"target\":{\"@type\":\"EntryPoint\",\"urlTemplate\":\"https:\/\/www.italyfamilyhotels.it\/?s={search_term_string}\"},\"query-input\":{\"@type\":\"PropertyValueSpecification\",\"valueRequired\":true,\"valueName\":\"search_term_string\"}}],\"inLanguage\":\"de\"}]}<\/script>\n<!-- \/ Yoast SEO plugin. -->","yoast_head_json":{"title":"Hotel Sympathy 3-Sterne, Martinsicuro","description":"Lust auf Familienurlaub? Entdecken Sie die Familienangebote f\u00fcr Hotel Sympathy in Martinsicuro","robots":{"index":"index","follow":"follow","max-snippet":"max-snippet:-1","max-image-preview":"max-image-preview:large","max-video-preview":"max-video-preview:-1"},"canonical":"https:\/\/www.italyfamilyhotels.it\/de\/family-hotels\/hotel-sympathy-martinsicuro","og_locale":"de_DE","og_type":"article","og_title":"Hotel Sympathy 3-Sterne, Martinsicuro","og_description":"Lust auf Familienurlaub? Entdecken Sie die Familienangebote f\u00fcr Hotel Sympathy in Martinsicuro","og_url":"https:\/\/www.italyfamilyhotels.it\/de\/family-hotels\/hotel-sympathy-martinsicuro","og_site_name":"Italy Family Hotels","article_publisher":"https:\/\/www.facebook.com\/ItalyFamilyHotels\/","article_modified_time":"2026-04-02T10:02:35+00:00","twitter_card":"summary_large_image","twitter_misc":{"Gesch\u00e4tzte Lesezeit":"1\u00a0Minute"},"schema":{"@context":"https:\/\/schema.org","@graph":[{"@type":"WebPage","@id":"https:\/\/www.italyfamilyhotels.it\/de\/family-hotels\/hotel-sympathy-martinsicuro","url":"https:\/\/www.italyfamilyhotels.it\/de\/family-hotels\/hotel-sympathy-martinsicuro","name":"Hotel Sympathy 3-Sterne, Martinsicuro","isPartOf":{"@id":"https:\/\/www.italyfamilyhotels.it\/#website"},"datePublished":"2022-03-14T11:37:28+00:00","dateModified":"2026-04-02T10:02:35+00:00","description":"Lust auf Familienurlaub? Entdecken Sie die Familienangebote f\u00fcr Hotel Sympathy in Martinsicuro","breadcrumb":{"@id":"https:\/\/www.italyfamilyhotels.it\/de\/family-hotels\/hotel-sympathy-martinsicuro#breadcrumb"},"inLanguage":"de","potentialAction":[{"@type":"ReadAction","target":["https:\/\/www.italyfamilyhotels.it\/de\/family-hotels\/hotel-sympathy-martinsicuro"]}]},{"@type":"BreadcrumbList","@id":"https:\/\/www.italyfamilyhotels.it\/de\/family-hotels\/hotel-sympathy-martinsicuro#breadcrumb","itemListElement":[{"@type":"ListItem","position":1,"name":"Home","item":"https:\/\/www.italyfamilyhotels.it\/de"},{"@type":"ListItem","position":2,"name":"Family Hotels","item":"https:\/\/www.italyfamilyhotels.it\/de\/family-hotels"},{"@type":"ListItem","position":3,"name":"Hotel Sympathy"}]},{"@type":"WebSite","@id":"https:\/\/www.italyfamilyhotels.it\/#website","url":"https:\/\/www.italyfamilyhotels.it\/","name":"Italy Family Hotels","description":"","potentialAction":[{"@type":"SearchAction","target":{"@type":"EntryPoint","urlTemplate":"https:\/\/www.italyfamilyhotels.it\/?s={search_term_string}"},"query-input":{"@type":"PropertyValueSpecification","valueRequired":true,"valueName":"search_term_string"}}],"inLanguage":"de"}]}},"_links":{"self":[{"href":"https:\/\/www.italyfamilyhotels.it\/de\/wp-json\/wp\/v2\/pages\/4277","targetHints":{"allow":["GET"]}}],"collection":[{"href":"https:\/\/www.italyfamilyhotels.it\/de\/wp-json\/wp\/v2\/pages"}],"about":[{"href":"https:\/\/www.italyfamilyhotels.it\/de\/wp-json\/wp\/v2\/types\/page"}],"author":[{"embeddable":true,"href":"https:\/\/www.italyfamilyhotels.it\/de\/wp-json\/wp\/v2\/users\/119"}],"replies":[{"embeddable":true,"href":"https:\/\/www.italyfamilyhotels.it\/de\/wp-json\/wp\/v2\/comments?post=4277"}],"version-history":[{"count":10,"href":"https:\/\/www.italyfamilyhotels.it\/de\/wp-json\/wp\/v2\/pages\/4277\/revisions"}],"predecessor-version":[{"id":77204,"href":"https:\/\/www.italyfamilyhotels.it\/de\/wp-json\/wp\/v2\/pages\/4277\/revisions\/77204"}],"up":[{"embeddable":true,"href":"https:\/\/www.italyfamilyhotels.it\/de\/wp-json\/wp\/v2\/pages\/94"}],"wp:attachment":[{"href":"https:\/\/www.italyfamilyhotels.it\/de\/wp-json\/wp\/v2\/media?parent=4277"}],"curies":[{"name":"wp","href":"https:\/\/api.w.org\/{rel}","templated":true}]}}