{"id":4267,"date":"2022-03-14T12:37:27","date_gmt":"2022-03-14T11:37:27","guid":{"rendered":"https:\/\/www.italyfamilyhotels.it\/family-hotels\/family-hotel-residence-veronza"},"modified":"2022-05-13T12:01:33","modified_gmt":"2022-05-13T10:01:33","slug":"family-hotel-residence-veronza-ville-di-fiemme-cavalese","status":"publish","type":"page","link":"https:\/\/www.italyfamilyhotels.it\/de\/family-hotels\/family-hotel-residence-veronza-ville-di-fiemme-cavalese","title":{"rendered":"Family Hotel &#038; Residence Veronza"},"content":{"rendered":"\n<p>Mit einem kinom\u00e4\u00dfigen Panorama \u00fcber die Dolomiten des Fleimstals, scheint das Wellness Hotel Resort von Veronza die erste Sitzreihe im Parkett zu bilden, wo den Zuschauern ein Naturschauspiel geboten wird, das seit Millionen von Jahren aufgef\u00fchrt wird. Die Struktur, die darauf ausgelegt ist, den Fans der Bergwelt im Allgemeinen ein H\u00f6chstma\u00df an Komfort zu bieten, begl\u00fcckt vor allem aber Familien mit Kindern mit ihrem breit gef\u00e4cherten Serviceangebot. Ein echtes Dreamteam der Animation nimmt sich des Nachwuchses an und sorgt daf\u00fcr, dass ihre Mundwinkel stets nach oben gezogen sind, wohingegen die Eltern in dem mit Sauna, Dampfbad und Tepidarium ausgestatteten Spa-Bereich AquaVitalis nach Herzenslust &#8220;chillen&#8221; k\u00f6nnen.<\/p>\n","protected":false},"excerpt":{"rendered":"<p>Mit einem kinom\u00e4\u00dfigen Panorama \u00fcber die Dolomiten des Fleimstals, scheint das Wellness Hotel Resort von Veronza die erste Sitzreihe im Parkett zu bilden, wo den Zuschauern ein Naturschauspiel geboten wird, das seit Millionen von Jahren aufgef\u00fchrt wird. Die Struktur, die darauf ausgelegt ist, den Fans der Bergwelt im Allgemeinen ein H\u00f6chstma\u00df an Komfort zu bieten, &hellip;<\/p>\n","protected":false},"author":93,"featured_media":0,"parent":94,"menu_order":0,"comment_status":"closed","ping_status":"closed","template":"page-templates\/scheda_hotel.php","meta":{"_acf_changed":false,"inline_featured_image":false,"footnotes":""},"class_list":["post-4267","page","type-page","status-publish","hentry"],"acf":[],"yoast_head":"<!-- This site is optimized with the Yoast SEO plugin v27.1 - https:\/\/yoast.com\/product\/yoast-seo-wordpress\/ -->\n<title>Family Hotel &amp; Residence Veronza 4-Sterne, Ville di Fiemme - Cavalese<\/title>\n<meta name=\"description\" content=\"Lust auf Familienurlaub? Entdecken Sie die Familienangebote f\u00fcr Family Hotel &amp; Residence Veronza in Ville di Fiemme - Cavalese\" \/>\n<meta name=\"robots\" content=\"index, follow, max-snippet:-1, max-image-preview:large, max-video-preview:-1\" \/>\n<link rel=\"canonical\" href=\"https:\/\/www.italyfamilyhotels.it\/de\/family-hotels\/family-hotel-residence-veronza-ville-di-fiemme-cavalese\" \/>\n<meta property=\"og:locale\" content=\"de_DE\" \/>\n<meta property=\"og:type\" content=\"article\" \/>\n<meta property=\"og:title\" content=\"Family Hotel &amp; Residence Veronza 4-Sterne, Ville di Fiemme - Cavalese\" \/>\n<meta property=\"og:description\" content=\"Lust auf Familienurlaub? Entdecken Sie die Familienangebote f\u00fcr Family Hotel &amp; Residence Veronza in Ville di Fiemme - Cavalese\" \/>\n<meta property=\"og:url\" content=\"https:\/\/www.italyfamilyhotels.it\/de\/family-hotels\/family-hotel-residence-veronza-ville-di-fiemme-cavalese\" \/>\n<meta property=\"og:site_name\" content=\"Italy Family Hotels\" \/>\n<meta property=\"article:publisher\" content=\"https:\/\/www.facebook.com\/ItalyFamilyHotels\/\" \/>\n<meta property=\"article:modified_time\" content=\"2022-05-13T10:01:33+00:00\" \/>\n<meta name=\"twitter:card\" content=\"summary_large_image\" \/>\n<meta name=\"twitter:label1\" content=\"Gesch\u00e4tzte Lesezeit\" \/>\n\t<meta name=\"twitter:data1\" content=\"1\u00a0Minute\" \/>\n<script type=\"application\/ld+json\" class=\"yoast-schema-graph\">{\"@context\":\"https:\/\/schema.org\",\"@graph\":[{\"@type\":\"WebPage\",\"@id\":\"https:\/\/www.italyfamilyhotels.it\/de\/family-hotels\/family-hotel-residence-veronza-ville-di-fiemme-cavalese\",\"url\":\"https:\/\/www.italyfamilyhotels.it\/de\/family-hotels\/family-hotel-residence-veronza-ville-di-fiemme-cavalese\",\"name\":\"Family Hotel & Residence Veronza 4-Sterne, Ville di Fiemme - Cavalese\",\"isPartOf\":{\"@id\":\"https:\/\/www.italyfamilyhotels.it\/#website\"},\"datePublished\":\"2022-03-14T11:37:27+00:00\",\"dateModified\":\"2022-05-13T10:01:33+00:00\",\"description\":\"Lust auf Familienurlaub? Entdecken Sie die Familienangebote f\u00fcr Family Hotel & Residence Veronza in Ville di Fiemme - Cavalese\",\"breadcrumb\":{\"@id\":\"https:\/\/www.italyfamilyhotels.it\/de\/family-hotels\/family-hotel-residence-veronza-ville-di-fiemme-cavalese#breadcrumb\"},\"inLanguage\":\"de\",\"potentialAction\":[{\"@type\":\"ReadAction\",\"target\":[\"https:\/\/www.italyfamilyhotels.it\/de\/family-hotels\/family-hotel-residence-veronza-ville-di-fiemme-cavalese\"]}]},{\"@type\":\"BreadcrumbList\",\"@id\":\"https:\/\/www.italyfamilyhotels.it\/de\/family-hotels\/family-hotel-residence-veronza-ville-di-fiemme-cavalese#breadcrumb\",\"itemListElement\":[{\"@type\":\"ListItem\",\"position\":1,\"name\":\"Home\",\"item\":\"https:\/\/www.italyfamilyhotels.it\/de\"},{\"@type\":\"ListItem\",\"position\":2,\"name\":\"Family Hotels\",\"item\":\"https:\/\/www.italyfamilyhotels.it\/de\/family-hotels\"},{\"@type\":\"ListItem\",\"position\":3,\"name\":\"Family Hotel &#038; Residence Veronza\"}]},{\"@type\":\"WebSite\",\"@id\":\"https:\/\/www.italyfamilyhotels.it\/#website\",\"url\":\"https:\/\/www.italyfamilyhotels.it\/\",\"name\":\"Italy Family Hotels\",\"description\":\"\",\"potentialAction\":[{\"@type\":\"SearchAction\",\"target\":{\"@type\":\"EntryPoint\",\"urlTemplate\":\"https:\/\/www.italyfamilyhotels.it\/?s={search_term_string}\"},\"query-input\":{\"@type\":\"PropertyValueSpecification\",\"valueRequired\":true,\"valueName\":\"search_term_string\"}}],\"inLanguage\":\"de\"}]}<\/script>\n<!-- \/ Yoast SEO plugin. -->","yoast_head_json":{"title":"Family Hotel & Residence Veronza 4-Sterne, Ville di Fiemme - Cavalese","description":"Lust auf Familienurlaub? Entdecken Sie die Familienangebote f\u00fcr Family Hotel & Residence Veronza in Ville di Fiemme - Cavalese","robots":{"index":"index","follow":"follow","max-snippet":"max-snippet:-1","max-image-preview":"max-image-preview:large","max-video-preview":"max-video-preview:-1"},"canonical":"https:\/\/www.italyfamilyhotels.it\/de\/family-hotels\/family-hotel-residence-veronza-ville-di-fiemme-cavalese","og_locale":"de_DE","og_type":"article","og_title":"Family Hotel & Residence Veronza 4-Sterne, Ville di Fiemme - Cavalese","og_description":"Lust auf Familienurlaub? Entdecken Sie die Familienangebote f\u00fcr Family Hotel & Residence Veronza in Ville di Fiemme - Cavalese","og_url":"https:\/\/www.italyfamilyhotels.it\/de\/family-hotels\/family-hotel-residence-veronza-ville-di-fiemme-cavalese","og_site_name":"Italy Family Hotels","article_publisher":"https:\/\/www.facebook.com\/ItalyFamilyHotels\/","article_modified_time":"2022-05-13T10:01:33+00:00","twitter_card":"summary_large_image","twitter_misc":{"Gesch\u00e4tzte Lesezeit":"1\u00a0Minute"},"schema":{"@context":"https:\/\/schema.org","@graph":[{"@type":"WebPage","@id":"https:\/\/www.italyfamilyhotels.it\/de\/family-hotels\/family-hotel-residence-veronza-ville-di-fiemme-cavalese","url":"https:\/\/www.italyfamilyhotels.it\/de\/family-hotels\/family-hotel-residence-veronza-ville-di-fiemme-cavalese","name":"Family Hotel & Residence Veronza 4-Sterne, Ville di Fiemme - Cavalese","isPartOf":{"@id":"https:\/\/www.italyfamilyhotels.it\/#website"},"datePublished":"2022-03-14T11:37:27+00:00","dateModified":"2022-05-13T10:01:33+00:00","description":"Lust auf Familienurlaub? Entdecken Sie die Familienangebote f\u00fcr Family Hotel & Residence Veronza in Ville di Fiemme - Cavalese","breadcrumb":{"@id":"https:\/\/www.italyfamilyhotels.it\/de\/family-hotels\/family-hotel-residence-veronza-ville-di-fiemme-cavalese#breadcrumb"},"inLanguage":"de","potentialAction":[{"@type":"ReadAction","target":["https:\/\/www.italyfamilyhotels.it\/de\/family-hotels\/family-hotel-residence-veronza-ville-di-fiemme-cavalese"]}]},{"@type":"BreadcrumbList","@id":"https:\/\/www.italyfamilyhotels.it\/de\/family-hotels\/family-hotel-residence-veronza-ville-di-fiemme-cavalese#breadcrumb","itemListElement":[{"@type":"ListItem","position":1,"name":"Home","item":"https:\/\/www.italyfamilyhotels.it\/de"},{"@type":"ListItem","position":2,"name":"Family Hotels","item":"https:\/\/www.italyfamilyhotels.it\/de\/family-hotels"},{"@type":"ListItem","position":3,"name":"Family Hotel &#038; Residence Veronza"}]},{"@type":"WebSite","@id":"https:\/\/www.italyfamilyhotels.it\/#website","url":"https:\/\/www.italyfamilyhotels.it\/","name":"Italy Family Hotels","description":"","potentialAction":[{"@type":"SearchAction","target":{"@type":"EntryPoint","urlTemplate":"https:\/\/www.italyfamilyhotels.it\/?s={search_term_string}"},"query-input":{"@type":"PropertyValueSpecification","valueRequired":true,"valueName":"search_term_string"}}],"inLanguage":"de"}]}},"_links":{"self":[{"href":"https:\/\/www.italyfamilyhotels.it\/de\/wp-json\/wp\/v2\/pages\/4267","targetHints":{"allow":["GET"]}}],"collection":[{"href":"https:\/\/www.italyfamilyhotels.it\/de\/wp-json\/wp\/v2\/pages"}],"about":[{"href":"https:\/\/www.italyfamilyhotels.it\/de\/wp-json\/wp\/v2\/types\/page"}],"author":[{"embeddable":true,"href":"https:\/\/www.italyfamilyhotels.it\/de\/wp-json\/wp\/v2\/users\/93"}],"replies":[{"embeddable":true,"href":"https:\/\/www.italyfamilyhotels.it\/de\/wp-json\/wp\/v2\/comments?post=4267"}],"version-history":[{"count":4,"href":"https:\/\/www.italyfamilyhotels.it\/de\/wp-json\/wp\/v2\/pages\/4267\/revisions"}],"predecessor-version":[{"id":27660,"href":"https:\/\/www.italyfamilyhotels.it\/de\/wp-json\/wp\/v2\/pages\/4267\/revisions\/27660"}],"up":[{"embeddable":true,"href":"https:\/\/www.italyfamilyhotels.it\/de\/wp-json\/wp\/v2\/pages\/94"}],"wp:attachment":[{"href":"https:\/\/www.italyfamilyhotels.it\/de\/wp-json\/wp\/v2\/media?parent=4267"}],"curies":[{"name":"wp","href":"https:\/\/api.w.org\/{rel}","templated":true}]}}