{"id":4257,"date":"2022-03-14T12:37:25","date_gmt":"2022-03-14T11:37:25","guid":{"rendered":"https:\/\/www.italyfamilyhotels.it\/family-hotels\/residence-hotel-eden-family-wellness-resort"},"modified":"2026-01-27T11:29:39","modified_gmt":"2026-01-27T10:29:39","slug":"hotel-eden-mountain-lifestyle","status":"publish","type":"page","link":"https:\/\/www.italyfamilyhotels.it\/de\/family-hotels\/hotel-eden-mountain-lifestyle","title":{"rendered":"Hotel Eden &#8211; Mountain Lifestyle"},"content":{"rendered":"\n<p>Ausfl\u00fcge zur H\u00fctte mit der Pistenraupe, Wanderungen mit Schneeschuhen, Polenta essen am Fu\u00dfe des Castel Belfort, Ausfl\u00fcge zur Entdeckung von B\u00e4ren und Bienen, Besuche auf dem Lehrbauernhof, Wellness im Spa, immer umgeben von den herrlichen Landschaften des <b>Adamello-Brenta-Parks<\/b> und des <b>Paganella-Skigebiets<\/b>&#8230; man kann wirklich sagen, dass ein Urlaub hier im <b>Hotel Eden &#8211; Mountain Lifestyle<\/b>, eine Mischung aus Entspannung und fantastischen Erlebnissen ist, ideal f\u00fcr alle Familien!<\/p>\n\n\n\n<p>Zus\u00e4tzlich zu den vielen M\u00f6glichkeiten, die Natur durch ein<b> t\u00e4gliches Ausflugsprogramm<\/b> zu erkunden, k\u00fcmmern wir uns im Hotel um unsere <b>kleinen G\u00e4ste <\/b>(ab 1 Jahr!) mit <b>Aktivit\u00e4ten und Workshops<\/b> f\u00fcr jede Altersgruppe in <b>ausgestatteten R\u00e4umen<\/b>. Wir sind umgeben von einem wundersch\u00f6nen <b>Garten<\/b>, in dem wir die sonnigen Tage zum Spielen und Entspannen im Freien zu nutzen k\u00f6nnen, im magischen <b>Hexenschloss<\/b>, im <b>H\u00e4uschen unter dem Baum<\/b> und im <b>Sandkasten<\/b>. F\u00fcr \u00e4ltere Kinder gibt es einen <b>Street-Art-Raum <\/b>mit interaktiven Spielen, Tischfu\u00dfball, Airhockey und Kuschelecken.<\/p>\n\n\n\n<p>Unser <b>Eden Spa<\/b> ist eine gem\u00fctliche und entspannende Wellnessumgebung f\u00fcr Mama und Papa. Im Inneren regenerieren Sie K\u00f6rper und Geist in der <b>finnischen Sauna<\/b>, der <b>Softsauna<\/b>, dem <b>Aromadampfbad<\/b>, der <b>Eiskabine<\/b>, der <b>Kopfbrause<\/b>, dem <b>kalten Gewitter<\/b>, dem <b>kalten Nebel<\/b>, dem <b>Himalaya-Salz-Ruhe-<\/b> und <b>Entspannungsraum<\/b> im Nassbereich.<\/p>\n\n\n\n<p>In den individuell gestalteten <b>Familienzimmern<\/b> finden Sie alles, was Sie f\u00fcr einen unbeschwerten Urlaub brauchen und was Ihnen ein leichtes Reisen erm\u00f6glicht. Wenn Sie hingegen einen Urlaub in Freiheit bevorzugen, sind unsere <b>Apartments <\/b>genau das Richtige f\u00fcr Sie!<\/p>\n","protected":false},"excerpt":{"rendered":"<p>Ausfl\u00fcge zur H\u00fctte mit der Pistenraupe, Wanderungen mit Schneeschuhen, Polenta essen am Fu\u00dfe des Castel Belfort, Ausfl\u00fcge zur Entdeckung von B\u00e4ren und Bienen, Besuche auf dem Lehrbauernhof, Wellness im Spa, immer umgeben von den herrlichen Landschaften des Adamello-Brenta-Parks und des Paganella-Skigebiets&#8230; man kann wirklich sagen, dass ein Urlaub hier im Hotel Eden &#8211; Mountain Lifestyle, &hellip;<\/p>\n","protected":false},"author":101,"featured_media":0,"parent":94,"menu_order":0,"comment_status":"closed","ping_status":"closed","template":"page-templates\/scheda_hotel.php","meta":{"_acf_changed":false,"inline_featured_image":false,"footnotes":""},"class_list":["post-4257","page","type-page","status-publish","hentry"],"acf":[],"yoast_head":"<!-- This site is optimized with the Yoast SEO plugin v27.1 - https:\/\/yoast.com\/product\/yoast-seo-wordpress\/ -->\n<title>Hotel Eden - Mountain Lifestyle, 3 Sterne Superior, Andalo<\/title>\n<meta name=\"description\" content=\"Lust auf Urlaub mit Ihrer Familie? Entdecken Sie die Familienangebote im Hotel Eden - Mountain Lifestyle in Andalo\" \/>\n<meta name=\"robots\" content=\"index, follow, max-snippet:-1, max-image-preview:large, max-video-preview:-1\" \/>\n<link rel=\"canonical\" href=\"https:\/\/www.italyfamilyhotels.it\/de\/family-hotels\/hotel-eden-mountain-lifestyle\" \/>\n<meta property=\"og:locale\" content=\"de_DE\" \/>\n<meta property=\"og:type\" content=\"article\" \/>\n<meta property=\"og:title\" content=\"Hotel Eden - Mountain Lifestyle, 3 Sterne Superior, Andalo\" \/>\n<meta property=\"og:description\" content=\"Lust auf Urlaub mit Ihrer Familie? Entdecken Sie die Familienangebote im Hotel Eden - Mountain Lifestyle in Andalo\" \/>\n<meta property=\"og:url\" content=\"https:\/\/www.italyfamilyhotels.it\/de\/family-hotels\/hotel-eden-mountain-lifestyle\" \/>\n<meta property=\"og:site_name\" content=\"Italy Family Hotels\" \/>\n<meta property=\"article:publisher\" content=\"https:\/\/www.facebook.com\/ItalyFamilyHotels\/\" \/>\n<meta property=\"article:modified_time\" content=\"2026-01-27T10:29:39+00:00\" \/>\n<meta name=\"twitter:card\" content=\"summary_large_image\" \/>\n<meta name=\"twitter:label1\" content=\"Gesch\u00e4tzte Lesezeit\" \/>\n\t<meta name=\"twitter:data1\" content=\"1\u00a0Minute\" \/>\n<script type=\"application\/ld+json\" class=\"yoast-schema-graph\">{\"@context\":\"https:\/\/schema.org\",\"@graph\":[{\"@type\":\"WebPage\",\"@id\":\"https:\/\/www.italyfamilyhotels.it\/de\/family-hotels\/hotel-eden-mountain-lifestyle\",\"url\":\"https:\/\/www.italyfamilyhotels.it\/de\/family-hotels\/hotel-eden-mountain-lifestyle\",\"name\":\"Hotel Eden - Mountain Lifestyle, 3 Sterne Superior, Andalo\",\"isPartOf\":{\"@id\":\"https:\/\/www.italyfamilyhotels.it\/#website\"},\"datePublished\":\"2022-03-14T11:37:25+00:00\",\"dateModified\":\"2026-01-27T10:29:39+00:00\",\"description\":\"Lust auf Urlaub mit Ihrer Familie? Entdecken Sie die Familienangebote im Hotel Eden - Mountain Lifestyle in Andalo\",\"breadcrumb\":{\"@id\":\"https:\/\/www.italyfamilyhotels.it\/de\/family-hotels\/hotel-eden-mountain-lifestyle#breadcrumb\"},\"inLanguage\":\"de\",\"potentialAction\":[{\"@type\":\"ReadAction\",\"target\":[\"https:\/\/www.italyfamilyhotels.it\/de\/family-hotels\/hotel-eden-mountain-lifestyle\"]}]},{\"@type\":\"BreadcrumbList\",\"@id\":\"https:\/\/www.italyfamilyhotels.it\/de\/family-hotels\/hotel-eden-mountain-lifestyle#breadcrumb\",\"itemListElement\":[{\"@type\":\"ListItem\",\"position\":1,\"name\":\"Home\",\"item\":\"https:\/\/www.italyfamilyhotels.it\/de\"},{\"@type\":\"ListItem\",\"position\":2,\"name\":\"Family Hotels\",\"item\":\"https:\/\/www.italyfamilyhotels.it\/de\/family-hotels\"},{\"@type\":\"ListItem\",\"position\":3,\"name\":\"Hotel Eden &#8211; Mountain Lifestyle\"}]},{\"@type\":\"WebSite\",\"@id\":\"https:\/\/www.italyfamilyhotels.it\/#website\",\"url\":\"https:\/\/www.italyfamilyhotels.it\/\",\"name\":\"Italy Family Hotels\",\"description\":\"\",\"potentialAction\":[{\"@type\":\"SearchAction\",\"target\":{\"@type\":\"EntryPoint\",\"urlTemplate\":\"https:\/\/www.italyfamilyhotels.it\/?s={search_term_string}\"},\"query-input\":{\"@type\":\"PropertyValueSpecification\",\"valueRequired\":true,\"valueName\":\"search_term_string\"}}],\"inLanguage\":\"de\"}]}<\/script>\n<!-- \/ Yoast SEO plugin. -->","yoast_head_json":{"title":"Hotel Eden - Mountain Lifestyle, 3 Sterne Superior, Andalo","description":"Lust auf Urlaub mit Ihrer Familie? Entdecken Sie die Familienangebote im Hotel Eden - Mountain Lifestyle in Andalo","robots":{"index":"index","follow":"follow","max-snippet":"max-snippet:-1","max-image-preview":"max-image-preview:large","max-video-preview":"max-video-preview:-1"},"canonical":"https:\/\/www.italyfamilyhotels.it\/de\/family-hotels\/hotel-eden-mountain-lifestyle","og_locale":"de_DE","og_type":"article","og_title":"Hotel Eden - Mountain Lifestyle, 3 Sterne Superior, Andalo","og_description":"Lust auf Urlaub mit Ihrer Familie? Entdecken Sie die Familienangebote im Hotel Eden - Mountain Lifestyle in Andalo","og_url":"https:\/\/www.italyfamilyhotels.it\/de\/family-hotels\/hotel-eden-mountain-lifestyle","og_site_name":"Italy Family Hotels","article_publisher":"https:\/\/www.facebook.com\/ItalyFamilyHotels\/","article_modified_time":"2026-01-27T10:29:39+00:00","twitter_card":"summary_large_image","twitter_misc":{"Gesch\u00e4tzte Lesezeit":"1\u00a0Minute"},"schema":{"@context":"https:\/\/schema.org","@graph":[{"@type":"WebPage","@id":"https:\/\/www.italyfamilyhotels.it\/de\/family-hotels\/hotel-eden-mountain-lifestyle","url":"https:\/\/www.italyfamilyhotels.it\/de\/family-hotels\/hotel-eden-mountain-lifestyle","name":"Hotel Eden - Mountain Lifestyle, 3 Sterne Superior, Andalo","isPartOf":{"@id":"https:\/\/www.italyfamilyhotels.it\/#website"},"datePublished":"2022-03-14T11:37:25+00:00","dateModified":"2026-01-27T10:29:39+00:00","description":"Lust auf Urlaub mit Ihrer Familie? Entdecken Sie die Familienangebote im Hotel Eden - Mountain Lifestyle in Andalo","breadcrumb":{"@id":"https:\/\/www.italyfamilyhotels.it\/de\/family-hotels\/hotel-eden-mountain-lifestyle#breadcrumb"},"inLanguage":"de","potentialAction":[{"@type":"ReadAction","target":["https:\/\/www.italyfamilyhotels.it\/de\/family-hotels\/hotel-eden-mountain-lifestyle"]}]},{"@type":"BreadcrumbList","@id":"https:\/\/www.italyfamilyhotels.it\/de\/family-hotels\/hotel-eden-mountain-lifestyle#breadcrumb","itemListElement":[{"@type":"ListItem","position":1,"name":"Home","item":"https:\/\/www.italyfamilyhotels.it\/de"},{"@type":"ListItem","position":2,"name":"Family Hotels","item":"https:\/\/www.italyfamilyhotels.it\/de\/family-hotels"},{"@type":"ListItem","position":3,"name":"Hotel Eden &#8211; Mountain Lifestyle"}]},{"@type":"WebSite","@id":"https:\/\/www.italyfamilyhotels.it\/#website","url":"https:\/\/www.italyfamilyhotels.it\/","name":"Italy Family Hotels","description":"","potentialAction":[{"@type":"SearchAction","target":{"@type":"EntryPoint","urlTemplate":"https:\/\/www.italyfamilyhotels.it\/?s={search_term_string}"},"query-input":{"@type":"PropertyValueSpecification","valueRequired":true,"valueName":"search_term_string"}}],"inLanguage":"de"}]}},"_links":{"self":[{"href":"https:\/\/www.italyfamilyhotels.it\/de\/wp-json\/wp\/v2\/pages\/4257","targetHints":{"allow":["GET"]}}],"collection":[{"href":"https:\/\/www.italyfamilyhotels.it\/de\/wp-json\/wp\/v2\/pages"}],"about":[{"href":"https:\/\/www.italyfamilyhotels.it\/de\/wp-json\/wp\/v2\/types\/page"}],"author":[{"embeddable":true,"href":"https:\/\/www.italyfamilyhotels.it\/de\/wp-json\/wp\/v2\/users\/101"}],"replies":[{"embeddable":true,"href":"https:\/\/www.italyfamilyhotels.it\/de\/wp-json\/wp\/v2\/comments?post=4257"}],"version-history":[{"count":9,"href":"https:\/\/www.italyfamilyhotels.it\/de\/wp-json\/wp\/v2\/pages\/4257\/revisions"}],"predecessor-version":[{"id":74157,"href":"https:\/\/www.italyfamilyhotels.it\/de\/wp-json\/wp\/v2\/pages\/4257\/revisions\/74157"}],"up":[{"embeddable":true,"href":"https:\/\/www.italyfamilyhotels.it\/de\/wp-json\/wp\/v2\/pages\/94"}],"wp:attachment":[{"href":"https:\/\/www.italyfamilyhotels.it\/de\/wp-json\/wp\/v2\/media?parent=4257"}],"curies":[{"name":"wp","href":"https:\/\/api.w.org\/{rel}","templated":true}]}}