{"id":42449,"date":"2022-12-19T09:35:15","date_gmt":"2022-12-19T08:35:15","guid":{"rendered":"https:\/\/www.italyfamilyhotels.it\/family-hotels\/family-wellness-hotel-belvedere"},"modified":"2025-04-03T14:05:21","modified_gmt":"2025-04-03T12:05:21","slug":"family-wellness-hotel-belvedere","status":"publish","type":"page","link":"https:\/\/www.italyfamilyhotels.it\/de\/family-hotels\/family-wellness-hotel-belvedere","title":{"rendered":"Family &amp; Wellness Hotel Belvedere"},"content":{"rendered":"\n<p>\u201eFamilienurlaub trifft Wellness\u201c, so beschreiben wir das Erlebnis im <strong>Family &amp; Wellness Hotel Belvedere<\/strong> im Zentrum von <strong>San Martino di Castrozza<\/strong>, von dem aus Sie einen traumhaften Blick auf die Palagruppe und die gr\u00fcnen T\u00e4ler der Dolomiten genie\u00dfen k\u00f6nnen. Wir haben es uns zur Aufgabe gemacht, <strong>Sie zu verw\u00f6hnen und Sie vom Alltag abschalten<\/strong> zu lassen, sobald Sie die Schwelle unseres <strong>Familienhotels<\/strong> \u00fcberschreiten: Hier k\u00fcmmern wir uns um Sie und Ihre Kinder!<\/p>\n\n\n\n<p>Nach der R\u00fcckkehr von einem Tag auf der Piste oder von einem Ausflug auf den herrlichen Wegen des Naturparks Paneveggio-Pale di San Martino k\u00f6nnen Sie sich im<strong> Wellnessbereich f\u00fcr die ganze Familie<\/strong> entspannen: ein herrlicher, <strong>auf 31\u00b0 beheizter Pool<\/strong> mit Hydromassage, Gegenstromschwimmen, Geysir und Nackenwasserfall, ein <strong>Minipool f\u00fcr Kinder<\/strong> mit Wasserspielen, der Wellnessbereich mit <strong>Sauna<\/strong>, <strong>t\u00fcrkischem Bad, Erlebnisdusche<\/strong> und der Entspannungsbereich mit <strong>Liegen mit Blick auf die Dolomiten<\/strong> sind ein kleiner, magischer Luxus f\u00fcr Erwachsene und Kinder.<\/p>\n\n\n\n<p>Wir sagen oft, dass \u201eSpa\u00df etwas ist, das man von klein auf lernt\u201c. Deshalb bieten wir Aktivit\u00e4ten an, bei denen die Kinder Spa\u00df hautnah miterleben k\u00f6nnen! Zus\u00e4tzlich zum <strong>Family-Fun-Programm im Sommer und Winter<\/strong>gibt es von Montag bis Samstag<strong> im Hotel einen Miniclub<\/strong> f\u00fcr Kinder von 4 bis 12 Jahren mit Workshops und Spielen, die vom Unterhaltungsteam organisiert werden. Au\u00dferdem k\u00f6nnen die Kinder <strong>zusammen mit den Animateuren in einem reservierten Raum essen<\/strong>, so dass Sie unsere Gerichte oder das <strong>typische Trentiner Abendessen<\/strong> genie\u00dfen k\u00f6nnen, das wir w\u00f6chentlich organisieren. Auch wir sind Eltern und wissen, wie wichtig es ist, Zeit zum Entspannen zu haben, w\u00e4hrend die Kleinen in Sicherheit Spa\u00df haben, neue Freunde finden und neue Erfahrungen machen. Wir wissen auch, wie sch\u00f6n es ist, mit Kindern in den Urlaub zu fahren und <strong>im Hotel alles vorzufinden, was man braucht<\/strong>. Deshalb bieten wir <strong>Babyausstattung im Zimmer und im Speisesaal<\/strong>, Kinderwagen und Babyrucks\u00e4cke sowie eine praktische <strong>K\u00fcche f\u00fcr Babynahrung<\/strong>. Mit leichtem Gep\u00e4ck zu reisen, ist bereits der erste Schritt, um den Urlaub zu genie\u00dfen!<\/p>\n","protected":false},"excerpt":{"rendered":"<p>\u201eFamilienurlaub trifft Wellness\u201c, so beschreiben wir das Erlebnis im Family &amp; Wellness Hotel Belvedere im Zentrum von San Martino di Castrozza, von dem aus Sie einen traumhaften Blick auf die Palagruppe und die gr\u00fcnen T\u00e4ler der Dolomiten genie\u00dfen k\u00f6nnen. Wir haben es uns zur Aufgabe gemacht, Sie zu verw\u00f6hnen und Sie vom Alltag abschalten zu &hellip;<\/p>\n","protected":false},"author":1,"featured_media":0,"parent":94,"menu_order":0,"comment_status":"closed","ping_status":"closed","template":"page-templates\/scheda_hotel.php","meta":{"_acf_changed":false,"inline_featured_image":false,"footnotes":""},"class_list":["post-42449","page","type-page","status-publish","hentry"],"acf":[],"yoast_head":"<!-- This site is optimized with the Yoast SEO plugin v27.1 - https:\/\/yoast.com\/product\/yoast-seo-wordpress\/ -->\n<title>Family &amp; Wellness Hotel Belvedere, San Martino di Castrozza<\/title>\n<meta name=\"description\" content=\"Lust auf einen Familienurlaub? Entdecken Sie die Familienangebote im Family &amp; Wellness Hotel Belvedere in San Martino di Castrozza!\" \/>\n<meta name=\"robots\" content=\"index, follow, max-snippet:-1, max-image-preview:large, max-video-preview:-1\" \/>\n<link rel=\"canonical\" href=\"https:\/\/www.italyfamilyhotels.it\/de\/family-hotels\/family-wellness-hotel-belvedere\" \/>\n<meta property=\"og:locale\" content=\"de_DE\" \/>\n<meta property=\"og:type\" content=\"article\" \/>\n<meta property=\"og:title\" content=\"Family &amp; Wellness Hotel Belvedere, San Martino di Castrozza\" \/>\n<meta property=\"og:description\" content=\"Lust auf einen Familienurlaub? Entdecken Sie die Familienangebote im Family &amp; Wellness Hotel Belvedere in San Martino di Castrozza!\" \/>\n<meta property=\"og:url\" content=\"https:\/\/www.italyfamilyhotels.it\/de\/family-hotels\/family-wellness-hotel-belvedere\" \/>\n<meta property=\"og:site_name\" content=\"Italy Family Hotels\" \/>\n<meta property=\"article:publisher\" content=\"https:\/\/www.facebook.com\/ItalyFamilyHotels\/\" \/>\n<meta property=\"article:modified_time\" content=\"2025-04-03T12:05:21+00:00\" \/>\n<meta name=\"twitter:card\" content=\"summary_large_image\" \/>\n<meta name=\"twitter:label1\" content=\"Gesch\u00e4tzte Lesezeit\" \/>\n\t<meta name=\"twitter:data1\" content=\"2\u00a0Minuten\" \/>\n<script type=\"application\/ld+json\" class=\"yoast-schema-graph\">{\"@context\":\"https:\/\/schema.org\",\"@graph\":[{\"@type\":\"WebPage\",\"@id\":\"https:\/\/www.italyfamilyhotels.it\/de\/family-hotels\/family-wellness-hotel-belvedere\",\"url\":\"https:\/\/www.italyfamilyhotels.it\/de\/family-hotels\/family-wellness-hotel-belvedere\",\"name\":\"Family & Wellness Hotel Belvedere, San Martino di Castrozza\",\"isPartOf\":{\"@id\":\"https:\/\/www.italyfamilyhotels.it\/#website\"},\"datePublished\":\"2022-12-19T08:35:15+00:00\",\"dateModified\":\"2025-04-03T12:05:21+00:00\",\"description\":\"Lust auf einen Familienurlaub? Entdecken Sie die Familienangebote im Family & Wellness Hotel Belvedere in San Martino di Castrozza!\",\"breadcrumb\":{\"@id\":\"https:\/\/www.italyfamilyhotels.it\/de\/family-hotels\/family-wellness-hotel-belvedere#breadcrumb\"},\"inLanguage\":\"de\",\"potentialAction\":[{\"@type\":\"ReadAction\",\"target\":[\"https:\/\/www.italyfamilyhotels.it\/de\/family-hotels\/family-wellness-hotel-belvedere\"]}]},{\"@type\":\"BreadcrumbList\",\"@id\":\"https:\/\/www.italyfamilyhotels.it\/de\/family-hotels\/family-wellness-hotel-belvedere#breadcrumb\",\"itemListElement\":[{\"@type\":\"ListItem\",\"position\":1,\"name\":\"Home\",\"item\":\"https:\/\/www.italyfamilyhotels.it\/de\"},{\"@type\":\"ListItem\",\"position\":2,\"name\":\"Family Hotels\",\"item\":\"https:\/\/www.italyfamilyhotels.it\/de\/family-hotels\"},{\"@type\":\"ListItem\",\"position\":3,\"name\":\"Family &amp; Wellness Hotel Belvedere\"}]},{\"@type\":\"WebSite\",\"@id\":\"https:\/\/www.italyfamilyhotels.it\/#website\",\"url\":\"https:\/\/www.italyfamilyhotels.it\/\",\"name\":\"Italy Family Hotels\",\"description\":\"\",\"potentialAction\":[{\"@type\":\"SearchAction\",\"target\":{\"@type\":\"EntryPoint\",\"urlTemplate\":\"https:\/\/www.italyfamilyhotels.it\/?s={search_term_string}\"},\"query-input\":{\"@type\":\"PropertyValueSpecification\",\"valueRequired\":true,\"valueName\":\"search_term_string\"}}],\"inLanguage\":\"de\"}]}<\/script>\n<!-- \/ Yoast SEO plugin. -->","yoast_head_json":{"title":"Family & Wellness Hotel Belvedere, San Martino di Castrozza","description":"Lust auf einen Familienurlaub? Entdecken Sie die Familienangebote im Family & Wellness Hotel Belvedere in San Martino di Castrozza!","robots":{"index":"index","follow":"follow","max-snippet":"max-snippet:-1","max-image-preview":"max-image-preview:large","max-video-preview":"max-video-preview:-1"},"canonical":"https:\/\/www.italyfamilyhotels.it\/de\/family-hotels\/family-wellness-hotel-belvedere","og_locale":"de_DE","og_type":"article","og_title":"Family & Wellness Hotel Belvedere, San Martino di Castrozza","og_description":"Lust auf einen Familienurlaub? Entdecken Sie die Familienangebote im Family & Wellness Hotel Belvedere in San Martino di Castrozza!","og_url":"https:\/\/www.italyfamilyhotels.it\/de\/family-hotels\/family-wellness-hotel-belvedere","og_site_name":"Italy Family Hotels","article_publisher":"https:\/\/www.facebook.com\/ItalyFamilyHotels\/","article_modified_time":"2025-04-03T12:05:21+00:00","twitter_card":"summary_large_image","twitter_misc":{"Gesch\u00e4tzte Lesezeit":"2\u00a0Minuten"},"schema":{"@context":"https:\/\/schema.org","@graph":[{"@type":"WebPage","@id":"https:\/\/www.italyfamilyhotels.it\/de\/family-hotels\/family-wellness-hotel-belvedere","url":"https:\/\/www.italyfamilyhotels.it\/de\/family-hotels\/family-wellness-hotel-belvedere","name":"Family & Wellness Hotel Belvedere, San Martino di Castrozza","isPartOf":{"@id":"https:\/\/www.italyfamilyhotels.it\/#website"},"datePublished":"2022-12-19T08:35:15+00:00","dateModified":"2025-04-03T12:05:21+00:00","description":"Lust auf einen Familienurlaub? Entdecken Sie die Familienangebote im Family & Wellness Hotel Belvedere in San Martino di Castrozza!","breadcrumb":{"@id":"https:\/\/www.italyfamilyhotels.it\/de\/family-hotels\/family-wellness-hotel-belvedere#breadcrumb"},"inLanguage":"de","potentialAction":[{"@type":"ReadAction","target":["https:\/\/www.italyfamilyhotels.it\/de\/family-hotels\/family-wellness-hotel-belvedere"]}]},{"@type":"BreadcrumbList","@id":"https:\/\/www.italyfamilyhotels.it\/de\/family-hotels\/family-wellness-hotel-belvedere#breadcrumb","itemListElement":[{"@type":"ListItem","position":1,"name":"Home","item":"https:\/\/www.italyfamilyhotels.it\/de"},{"@type":"ListItem","position":2,"name":"Family Hotels","item":"https:\/\/www.italyfamilyhotels.it\/de\/family-hotels"},{"@type":"ListItem","position":3,"name":"Family &amp; Wellness Hotel Belvedere"}]},{"@type":"WebSite","@id":"https:\/\/www.italyfamilyhotels.it\/#website","url":"https:\/\/www.italyfamilyhotels.it\/","name":"Italy Family Hotels","description":"","potentialAction":[{"@type":"SearchAction","target":{"@type":"EntryPoint","urlTemplate":"https:\/\/www.italyfamilyhotels.it\/?s={search_term_string}"},"query-input":{"@type":"PropertyValueSpecification","valueRequired":true,"valueName":"search_term_string"}}],"inLanguage":"de"}]}},"_links":{"self":[{"href":"https:\/\/www.italyfamilyhotels.it\/de\/wp-json\/wp\/v2\/pages\/42449","targetHints":{"allow":["GET"]}}],"collection":[{"href":"https:\/\/www.italyfamilyhotels.it\/de\/wp-json\/wp\/v2\/pages"}],"about":[{"href":"https:\/\/www.italyfamilyhotels.it\/de\/wp-json\/wp\/v2\/types\/page"}],"author":[{"embeddable":true,"href":"https:\/\/www.italyfamilyhotels.it\/de\/wp-json\/wp\/v2\/users\/1"}],"replies":[{"embeddable":true,"href":"https:\/\/www.italyfamilyhotels.it\/de\/wp-json\/wp\/v2\/comments?post=42449"}],"version-history":[{"count":10,"href":"https:\/\/www.italyfamilyhotels.it\/de\/wp-json\/wp\/v2\/pages\/42449\/revisions"}],"predecessor-version":[{"id":68305,"href":"https:\/\/www.italyfamilyhotels.it\/de\/wp-json\/wp\/v2\/pages\/42449\/revisions\/68305"}],"up":[{"embeddable":true,"href":"https:\/\/www.italyfamilyhotels.it\/de\/wp-json\/wp\/v2\/pages\/94"}],"wp:attachment":[{"href":"https:\/\/www.italyfamilyhotels.it\/de\/wp-json\/wp\/v2\/media?parent=42449"}],"curies":[{"name":"wp","href":"https:\/\/api.w.org\/{rel}","templated":true}]}}