{"id":4242,"date":"2022-03-14T12:37:23","date_gmt":"2022-03-14T11:37:23","guid":{"rendered":"https:\/\/www.italyfamilyhotels.it\/family-hotels\/family-hotel-biancaneve"},"modified":"2022-06-15T11:39:45","modified_gmt":"2022-06-15T09:39:45","slug":"family-hotel-biancaneve-selva-di-val-gardena","status":"publish","type":"page","link":"https:\/\/www.italyfamilyhotels.it\/de\/family-hotels\/family-hotel-biancaneve-selva-di-val-gardena","title":{"rendered":"Biancaneve Family Hotel"},"content":{"rendered":"\n<p>Wir hei\u00dfen Dich und Deine Familie herzlich willkommen in Wolkenstein im Gr\u00f6dnertal, zu einem <b>&quot;m\u00e4rchenhaften&quot; Urlaub in den Dolomiten<\/b>, durch den Euch <b>Schneewittchen<\/b> (italienisch Biancaneve) <b>und die 7 Zwerge<\/b> begleiten werden. <b>F\u00fcr Eure Kinder organisieren wir Spiele und kreative Aktivit\u00e4ten<\/b>, auch im beheizten <b>&quot;7-Zwerge-Schwimmbad&quot;<\/b>, <b>13 Stunden am Tag.<\/b> Um <b>Kleinkinder ab 12 Monaten<\/b> k\u00fcmmern sich unsere ausgebildeten und liebevollen Betreuerinnen.<\/p>\n\n\n\n<p><\/p>\n\n\n\n<p>Ihr erlebt herrliche Tage in der Natur auf <b>Ausfl\u00fcgen in Begleitung von Rudy und den Animateur*innen. <\/b>Es gibt sch\u00f6ne, <b>f\u00fcr Familien geeignete Radwege;<\/b> Fahrr\u00e4der bekommt Ihr von uns. Macht mit beim <b>\u201cFamily Nature Programme\u201d, <\/b>es wurde von P\u00e4dagogen entwickelt, um das Interesse der Kinder f\u00fcr die Natur zu wecken. Mit Begeisterung suchen sie Zaubersteine und begegnen dem Steinm\u00e4nnchen Rocky.<\/p>\n\n\n\n<p>Unser Hotel liegt <b>direkt an den Pisten <\/b>eines der gr\u00f6\u00dften europ\u00e4ischen Skigebiete, mit <b>Skischule f\u00fcr Kinder ab 3 Jahren. <\/b>Auf <b>Schneeschuh-Wanderungen<\/b> erleben (nicht nur) die Kinder den Zauber des verschneiten Waldes.<\/p>\n\n\n\n<p>Wieder im Hotel, wartet <b>Wellness im Spa <\/b>auf Euch,<b> mit den Kindern! <\/b>Wir haben spezielle Behandlungen f\u00fcr sie: Mini-Manik\u00fcre, sanfte Massage mit Kamillen\u00f6l und Honig, f\u00fcr Heranwachsende Gesichtsreinigung mit Naturprodukten. Im  Kinderbecken und Whirlpool des Hallenbads baden und spielen die Kleinen in v\u00f6lliger Sicherheit. Erwachsene f\u00fchlen sich im 31 \u00b0 C warmen Outdoor-Infinity Pool dem Himmel \u00fcber den Bergen nah.<\/p>\n\n\n\n<p>Das M\u00e4rchen geht bei Tisch weiter, mit leckeren<b>, <\/b>aber ern\u00e4hrungswissenschaftlich fundierten <b>Men\u00fcs f\u00fcr die kleinen G\u00e4ste<\/b>, auch Baby-Nahrung, ausgezeichneten <b>regionalen Spezialit\u00e4ten<\/b> f\u00fcr die gro\u00dfen und leckerem <b>Nachmittagsimbiss<\/b> f\u00fcr alle.<\/p>\n","protected":false},"excerpt":{"rendered":"<p>Wir hei\u00dfen Dich und Deine Familie herzlich willkommen in Wolkenstein im Gr\u00f6dnertal, zu einem &quot;m\u00e4rchenhaften&quot; Urlaub in den Dolomiten, durch den Euch Schneewittchen (italienisch Biancaneve) und die 7 Zwerge begleiten werden. F\u00fcr Eure Kinder organisieren wir Spiele und kreative Aktivit\u00e4ten, auch im beheizten &quot;7-Zwerge-Schwimmbad&quot;, 13 Stunden am Tag. Um Kleinkinder ab 12 Monaten k\u00fcmmern sich &hellip;<\/p>\n","protected":false},"author":48,"featured_media":0,"parent":94,"menu_order":0,"comment_status":"closed","ping_status":"closed","template":"page-templates\/scheda_hotel.php","meta":{"_acf_changed":false,"inline_featured_image":false,"footnotes":""},"class_list":["post-4242","page","type-page","status-publish","hentry"],"acf":[],"yoast_head":"<!-- This site is optimized with the Yoast SEO plugin v27.1 - https:\/\/yoast.com\/product\/yoast-seo-wordpress\/ -->\n<title>Family Hotel Biancaneve 4-Sterne-Superior, Selva di Val Gardena<\/title>\n<meta name=\"description\" content=\"Lust auf Familienurlaub? Entdecken Sie die Familienangebote f\u00fcr Family Hotel Biancaneve in Selva di Val Gardena\" \/>\n<meta name=\"robots\" content=\"index, follow, max-snippet:-1, max-image-preview:large, max-video-preview:-1\" \/>\n<link rel=\"canonical\" href=\"https:\/\/www.italyfamilyhotels.it\/de\/family-hotels\/family-hotel-biancaneve-selva-di-val-gardena\" \/>\n<meta property=\"og:locale\" content=\"de_DE\" \/>\n<meta property=\"og:type\" content=\"article\" \/>\n<meta property=\"og:title\" content=\"Family Hotel Biancaneve 4-Sterne-Superior, Selva di Val Gardena\" \/>\n<meta property=\"og:description\" content=\"Lust auf Familienurlaub? Entdecken Sie die Familienangebote f\u00fcr Family Hotel Biancaneve in Selva di Val Gardena\" \/>\n<meta property=\"og:url\" content=\"https:\/\/www.italyfamilyhotels.it\/de\/family-hotels\/family-hotel-biancaneve-selva-di-val-gardena\" \/>\n<meta property=\"og:site_name\" content=\"Italy Family Hotels\" \/>\n<meta property=\"article:publisher\" content=\"https:\/\/www.facebook.com\/ItalyFamilyHotels\/\" \/>\n<meta property=\"article:modified_time\" content=\"2022-06-15T09:39:45+00:00\" \/>\n<meta name=\"twitter:card\" content=\"summary_large_image\" \/>\n<meta name=\"twitter:label1\" content=\"Gesch\u00e4tzte Lesezeit\" \/>\n\t<meta name=\"twitter:data1\" content=\"2\u00a0Minuten\" \/>\n<script type=\"application\/ld+json\" class=\"yoast-schema-graph\">{\"@context\":\"https:\/\/schema.org\",\"@graph\":[{\"@type\":\"WebPage\",\"@id\":\"https:\/\/www.italyfamilyhotels.it\/de\/family-hotels\/family-hotel-biancaneve-selva-di-val-gardena\",\"url\":\"https:\/\/www.italyfamilyhotels.it\/de\/family-hotels\/family-hotel-biancaneve-selva-di-val-gardena\",\"name\":\"Family Hotel Biancaneve 4-Sterne-Superior, Selva di Val Gardena\",\"isPartOf\":{\"@id\":\"https:\/\/www.italyfamilyhotels.it\/#website\"},\"datePublished\":\"2022-03-14T11:37:23+00:00\",\"dateModified\":\"2022-06-15T09:39:45+00:00\",\"description\":\"Lust auf Familienurlaub? Entdecken Sie die Familienangebote f\u00fcr Family Hotel Biancaneve in Selva di Val Gardena\",\"breadcrumb\":{\"@id\":\"https:\/\/www.italyfamilyhotels.it\/de\/family-hotels\/family-hotel-biancaneve-selva-di-val-gardena#breadcrumb\"},\"inLanguage\":\"de\",\"potentialAction\":[{\"@type\":\"ReadAction\",\"target\":[\"https:\/\/www.italyfamilyhotels.it\/de\/family-hotels\/family-hotel-biancaneve-selva-di-val-gardena\"]}]},{\"@type\":\"BreadcrumbList\",\"@id\":\"https:\/\/www.italyfamilyhotels.it\/de\/family-hotels\/family-hotel-biancaneve-selva-di-val-gardena#breadcrumb\",\"itemListElement\":[{\"@type\":\"ListItem\",\"position\":1,\"name\":\"Home\",\"item\":\"https:\/\/www.italyfamilyhotels.it\/de\"},{\"@type\":\"ListItem\",\"position\":2,\"name\":\"Family Hotels\",\"item\":\"https:\/\/www.italyfamilyhotels.it\/de\/family-hotels\"},{\"@type\":\"ListItem\",\"position\":3,\"name\":\"Biancaneve Family Hotel\"}]},{\"@type\":\"WebSite\",\"@id\":\"https:\/\/www.italyfamilyhotels.it\/#website\",\"url\":\"https:\/\/www.italyfamilyhotels.it\/\",\"name\":\"Italy Family Hotels\",\"description\":\"\",\"potentialAction\":[{\"@type\":\"SearchAction\",\"target\":{\"@type\":\"EntryPoint\",\"urlTemplate\":\"https:\/\/www.italyfamilyhotels.it\/?s={search_term_string}\"},\"query-input\":{\"@type\":\"PropertyValueSpecification\",\"valueRequired\":true,\"valueName\":\"search_term_string\"}}],\"inLanguage\":\"de\"}]}<\/script>\n<!-- \/ Yoast SEO plugin. -->","yoast_head_json":{"title":"Family Hotel Biancaneve 4-Sterne-Superior, Selva di Val Gardena","description":"Lust auf Familienurlaub? Entdecken Sie die Familienangebote f\u00fcr Family Hotel Biancaneve in Selva di Val Gardena","robots":{"index":"index","follow":"follow","max-snippet":"max-snippet:-1","max-image-preview":"max-image-preview:large","max-video-preview":"max-video-preview:-1"},"canonical":"https:\/\/www.italyfamilyhotels.it\/de\/family-hotels\/family-hotel-biancaneve-selva-di-val-gardena","og_locale":"de_DE","og_type":"article","og_title":"Family Hotel Biancaneve 4-Sterne-Superior, Selva di Val Gardena","og_description":"Lust auf Familienurlaub? Entdecken Sie die Familienangebote f\u00fcr Family Hotel Biancaneve in Selva di Val Gardena","og_url":"https:\/\/www.italyfamilyhotels.it\/de\/family-hotels\/family-hotel-biancaneve-selva-di-val-gardena","og_site_name":"Italy Family Hotels","article_publisher":"https:\/\/www.facebook.com\/ItalyFamilyHotels\/","article_modified_time":"2022-06-15T09:39:45+00:00","twitter_card":"summary_large_image","twitter_misc":{"Gesch\u00e4tzte Lesezeit":"2\u00a0Minuten"},"schema":{"@context":"https:\/\/schema.org","@graph":[{"@type":"WebPage","@id":"https:\/\/www.italyfamilyhotels.it\/de\/family-hotels\/family-hotel-biancaneve-selva-di-val-gardena","url":"https:\/\/www.italyfamilyhotels.it\/de\/family-hotels\/family-hotel-biancaneve-selva-di-val-gardena","name":"Family Hotel Biancaneve 4-Sterne-Superior, Selva di Val Gardena","isPartOf":{"@id":"https:\/\/www.italyfamilyhotels.it\/#website"},"datePublished":"2022-03-14T11:37:23+00:00","dateModified":"2022-06-15T09:39:45+00:00","description":"Lust auf Familienurlaub? Entdecken Sie die Familienangebote f\u00fcr Family Hotel Biancaneve in Selva di Val Gardena","breadcrumb":{"@id":"https:\/\/www.italyfamilyhotels.it\/de\/family-hotels\/family-hotel-biancaneve-selva-di-val-gardena#breadcrumb"},"inLanguage":"de","potentialAction":[{"@type":"ReadAction","target":["https:\/\/www.italyfamilyhotels.it\/de\/family-hotels\/family-hotel-biancaneve-selva-di-val-gardena"]}]},{"@type":"BreadcrumbList","@id":"https:\/\/www.italyfamilyhotels.it\/de\/family-hotels\/family-hotel-biancaneve-selva-di-val-gardena#breadcrumb","itemListElement":[{"@type":"ListItem","position":1,"name":"Home","item":"https:\/\/www.italyfamilyhotels.it\/de"},{"@type":"ListItem","position":2,"name":"Family Hotels","item":"https:\/\/www.italyfamilyhotels.it\/de\/family-hotels"},{"@type":"ListItem","position":3,"name":"Biancaneve Family Hotel"}]},{"@type":"WebSite","@id":"https:\/\/www.italyfamilyhotels.it\/#website","url":"https:\/\/www.italyfamilyhotels.it\/","name":"Italy Family Hotels","description":"","potentialAction":[{"@type":"SearchAction","target":{"@type":"EntryPoint","urlTemplate":"https:\/\/www.italyfamilyhotels.it\/?s={search_term_string}"},"query-input":{"@type":"PropertyValueSpecification","valueRequired":true,"valueName":"search_term_string"}}],"inLanguage":"de"}]}},"_links":{"self":[{"href":"https:\/\/www.italyfamilyhotels.it\/de\/wp-json\/wp\/v2\/pages\/4242","targetHints":{"allow":["GET"]}}],"collection":[{"href":"https:\/\/www.italyfamilyhotels.it\/de\/wp-json\/wp\/v2\/pages"}],"about":[{"href":"https:\/\/www.italyfamilyhotels.it\/de\/wp-json\/wp\/v2\/types\/page"}],"author":[{"embeddable":true,"href":"https:\/\/www.italyfamilyhotels.it\/de\/wp-json\/wp\/v2\/users\/48"}],"replies":[{"embeddable":true,"href":"https:\/\/www.italyfamilyhotels.it\/de\/wp-json\/wp\/v2\/comments?post=4242"}],"version-history":[{"count":7,"href":"https:\/\/www.italyfamilyhotels.it\/de\/wp-json\/wp\/v2\/pages\/4242\/revisions"}],"predecessor-version":[{"id":28478,"href":"https:\/\/www.italyfamilyhotels.it\/de\/wp-json\/wp\/v2\/pages\/4242\/revisions\/28478"}],"up":[{"embeddable":true,"href":"https:\/\/www.italyfamilyhotels.it\/de\/wp-json\/wp\/v2\/pages\/94"}],"wp:attachment":[{"href":"https:\/\/www.italyfamilyhotels.it\/de\/wp-json\/wp\/v2\/media?parent=4242"}],"curies":[{"name":"wp","href":"https:\/\/api.w.org\/{rel}","templated":true}]}}