{"id":4232,"date":"2022-03-14T12:37:21","date_gmt":"2022-03-14T11:37:21","guid":{"rendered":"https:\/\/www.italyfamilyhotels.it\/family-hotels\/family-hotel-posta"},"modified":"2023-02-16T14:58:23","modified_gmt":"2023-02-16T13:58:23","slug":"family-hotel-posta-s-cristina-val-gardena","status":"publish","type":"page","link":"https:\/\/www.italyfamilyhotels.it\/de\/family-hotels\/family-hotel-posta-s-cristina-val-gardena","title":{"rendered":"Family Hotel Posta"},"content":{"rendered":"\n<p>M\u00f6chten Sie mit uns das Rezept f\u00fcr Ihren Urlaub im <strong>Family Hotel Posta<\/strong> entdecken? Die Hauptzutat sind die Berge und die wunderbare umgebende Natur, zu der wir eine Prise Unbek\u00fcmmertheit und Gastfreundschaft hinzuf\u00fcgen. Und die geheime Zutat? Nat\u00fcrlich sind es unsere geliebten Kinder!<\/p>\n\n\n\n<p>Apropos Kinder: Das Animationsteam verw\u00f6hnt sie gerne mit einem <strong>Animationsprogramm<\/strong> in der <strong>Villa Dumbo<\/strong>, einem Spielraum mit <strong>Kletterwand<\/strong>, einer <strong>kleinen K\u00fcche<\/strong>, in der man Pizza und Kekse zubereiten kann, einer <strong>Bastelecke<\/strong>, <strong>p\u00e4dagogischem Spielzeug<\/strong>, einem <strong>Kino<\/strong>, <strong>Tischfu\u00dfball<\/strong> und <strong>Videospielen <\/strong>f\u00fcr die gr\u00f6\u00dferen Kinder. Drau\u00dfen hingegen gibt es jede Menge Spa\u00df auf dem farbenfrohen <strong>Spielplatz<\/strong> mit Baumpfad, <strong>Timothy-Haus<\/strong> und <strong>Dumbo-Boot<\/strong>.<\/p>\n\n\n\n<p>Hier im Family Hotel Posta gibt es einen fantastischen, <strong>auf 30 \u00b0C beheizten Pool im Garten<\/strong>, der mit einem kleinen Hallenbad verbunden ist, in dem Erwachsene und Kinder schwimmen und tauchen k\u00f6nnen, umgeben von einer m\u00e4rchenhaften Landschaft mit gr\u00fcnen Wiesen und majest\u00e4tischen Gipfeln.<\/p>\n\n\n\n<p>Auch Mama und Papa verw\u00f6hnen wir gerne mit romantischen Momenten f\u00fcr Paare im <strong>Wellnessbereich <\/strong>mit <strong>finnischer Sauna<\/strong> mit Blick auf den Garten,<strong> Kr\u00e4uterdampfbad<\/strong> und <strong>Heubiosauna in der H\u00fctte<\/strong>. Das <strong>Sch\u00f6nheitszentrum Cinderella<\/strong> ist das <strong>Wellness-K\u00f6nigreich f\u00fcr Gro\u00df und Klein<\/strong>, mit Massagen, Behandlungen und Packungen auch f\u00fcr Kinder, wie z. B. die \u201eKindermagie\u201c-Massage und die \u201ekleine H\u00e4nde &amp; F\u00fc\u00dfe\u201c-Behandlung. Und wer sich auch im Urlaub fit halten m\u00f6chte, f\u00fcr den ist das <strong>Fitnesscenter <\/strong>mit seinen modernen Ger\u00e4ten, Cardio- und Speedmaschinen ideal.<\/p>\n\n\n\n<p>In jeder Saison bereiten wir ein <strong>Wochenprogramm mit Aktivit\u00e4ten im Freien<\/strong> und in der Natur vor, damit wir alle gemeinsam die Umgebung kennen lernen k\u00f6nnen. Im Winter Schneeschuhwandern, Skiguiding, Skisafari und Schneeschuhwandern; im Sommer gef\u00fchrte Familienausfl\u00fcge, Berggrillen, Nordic-Walking und Kletterkurse.<\/p>\n","protected":false},"excerpt":{"rendered":"<p>M\u00f6chten Sie mit uns das Rezept f\u00fcr Ihren Urlaub im Family Hotel Posta entdecken? Die Hauptzutat sind die Berge und die wunderbare umgebende Natur, zu der wir eine Prise Unbek\u00fcmmertheit und Gastfreundschaft hinzuf\u00fcgen. Und die geheime Zutat? Nat\u00fcrlich sind es unsere geliebten Kinder! Apropos Kinder: Das Animationsteam verw\u00f6hnt sie gerne mit einem Animationsprogramm in der &hellip;<\/p>\n","protected":false},"author":32,"featured_media":0,"parent":94,"menu_order":0,"comment_status":"closed","ping_status":"closed","template":"page-templates\/scheda_hotel.php","meta":{"_acf_changed":false,"inline_featured_image":false,"footnotes":""},"class_list":["post-4232","page","type-page","status-publish","hentry"],"acf":[],"yoast_head":"<!-- This site is optimized with the Yoast SEO plugin v27.1 - https:\/\/yoast.com\/product\/yoast-seo-wordpress\/ -->\n<title>Family Hotel Posta, 4 Sterne, St. Christina in Gr\u00f6den<\/title>\n<meta name=\"description\" content=\"Lust auf Urlaub mit Ihrer Familie? Entdecken Sie die Familienangebote im Family Hotel Posta in St. Christina in Gr\u00f6den\" \/>\n<meta name=\"robots\" content=\"index, follow, max-snippet:-1, max-image-preview:large, max-video-preview:-1\" \/>\n<link rel=\"canonical\" href=\"https:\/\/www.italyfamilyhotels.it\/de\/family-hotels\/family-hotel-posta-s-cristina-val-gardena\" \/>\n<meta property=\"og:locale\" content=\"de_DE\" \/>\n<meta property=\"og:type\" content=\"article\" \/>\n<meta property=\"og:title\" content=\"Family Hotel Posta, 4 Sterne, St. Christina in Gr\u00f6den\" \/>\n<meta property=\"og:description\" content=\"Lust auf Urlaub mit Ihrer Familie? Entdecken Sie die Familienangebote im Family Hotel Posta in St. Christina in Gr\u00f6den\" \/>\n<meta property=\"og:url\" content=\"https:\/\/www.italyfamilyhotels.it\/de\/family-hotels\/family-hotel-posta-s-cristina-val-gardena\" \/>\n<meta property=\"og:site_name\" content=\"Italy Family Hotels\" \/>\n<meta property=\"article:publisher\" content=\"https:\/\/www.facebook.com\/ItalyFamilyHotels\/\" \/>\n<meta property=\"article:modified_time\" content=\"2023-02-16T13:58:23+00:00\" \/>\n<meta name=\"twitter:card\" content=\"summary_large_image\" \/>\n<meta name=\"twitter:label1\" content=\"Gesch\u00e4tzte Lesezeit\" \/>\n\t<meta name=\"twitter:data1\" content=\"1\u00a0Minute\" \/>\n<script type=\"application\/ld+json\" class=\"yoast-schema-graph\">{\"@context\":\"https:\/\/schema.org\",\"@graph\":[{\"@type\":\"WebPage\",\"@id\":\"https:\/\/www.italyfamilyhotels.it\/de\/family-hotels\/family-hotel-posta-s-cristina-val-gardena\",\"url\":\"https:\/\/www.italyfamilyhotels.it\/de\/family-hotels\/family-hotel-posta-s-cristina-val-gardena\",\"name\":\"Family Hotel Posta, 4 Sterne, St. Christina in Gr\u00f6den\",\"isPartOf\":{\"@id\":\"https:\/\/www.italyfamilyhotels.it\/#website\"},\"datePublished\":\"2022-03-14T11:37:21+00:00\",\"dateModified\":\"2023-02-16T13:58:23+00:00\",\"description\":\"Lust auf Urlaub mit Ihrer Familie? Entdecken Sie die Familienangebote im Family Hotel Posta in St. Christina in Gr\u00f6den\",\"breadcrumb\":{\"@id\":\"https:\/\/www.italyfamilyhotels.it\/de\/family-hotels\/family-hotel-posta-s-cristina-val-gardena#breadcrumb\"},\"inLanguage\":\"de\",\"potentialAction\":[{\"@type\":\"ReadAction\",\"target\":[\"https:\/\/www.italyfamilyhotels.it\/de\/family-hotels\/family-hotel-posta-s-cristina-val-gardena\"]}]},{\"@type\":\"BreadcrumbList\",\"@id\":\"https:\/\/www.italyfamilyhotels.it\/de\/family-hotels\/family-hotel-posta-s-cristina-val-gardena#breadcrumb\",\"itemListElement\":[{\"@type\":\"ListItem\",\"position\":1,\"name\":\"Home\",\"item\":\"https:\/\/www.italyfamilyhotels.it\/de\"},{\"@type\":\"ListItem\",\"position\":2,\"name\":\"Family Hotels\",\"item\":\"https:\/\/www.italyfamilyhotels.it\/de\/family-hotels\"},{\"@type\":\"ListItem\",\"position\":3,\"name\":\"Family Hotel Posta\"}]},{\"@type\":\"WebSite\",\"@id\":\"https:\/\/www.italyfamilyhotels.it\/#website\",\"url\":\"https:\/\/www.italyfamilyhotels.it\/\",\"name\":\"Italy Family Hotels\",\"description\":\"\",\"potentialAction\":[{\"@type\":\"SearchAction\",\"target\":{\"@type\":\"EntryPoint\",\"urlTemplate\":\"https:\/\/www.italyfamilyhotels.it\/?s={search_term_string}\"},\"query-input\":{\"@type\":\"PropertyValueSpecification\",\"valueRequired\":true,\"valueName\":\"search_term_string\"}}],\"inLanguage\":\"de\"}]}<\/script>\n<!-- \/ Yoast SEO plugin. -->","yoast_head_json":{"title":"Family Hotel Posta, 4 Sterne, St. Christina in Gr\u00f6den","description":"Lust auf Urlaub mit Ihrer Familie? Entdecken Sie die Familienangebote im Family Hotel Posta in St. Christina in Gr\u00f6den","robots":{"index":"index","follow":"follow","max-snippet":"max-snippet:-1","max-image-preview":"max-image-preview:large","max-video-preview":"max-video-preview:-1"},"canonical":"https:\/\/www.italyfamilyhotels.it\/de\/family-hotels\/family-hotel-posta-s-cristina-val-gardena","og_locale":"de_DE","og_type":"article","og_title":"Family Hotel Posta, 4 Sterne, St. Christina in Gr\u00f6den","og_description":"Lust auf Urlaub mit Ihrer Familie? Entdecken Sie die Familienangebote im Family Hotel Posta in St. Christina in Gr\u00f6den","og_url":"https:\/\/www.italyfamilyhotels.it\/de\/family-hotels\/family-hotel-posta-s-cristina-val-gardena","og_site_name":"Italy Family Hotels","article_publisher":"https:\/\/www.facebook.com\/ItalyFamilyHotels\/","article_modified_time":"2023-02-16T13:58:23+00:00","twitter_card":"summary_large_image","twitter_misc":{"Gesch\u00e4tzte Lesezeit":"1\u00a0Minute"},"schema":{"@context":"https:\/\/schema.org","@graph":[{"@type":"WebPage","@id":"https:\/\/www.italyfamilyhotels.it\/de\/family-hotels\/family-hotel-posta-s-cristina-val-gardena","url":"https:\/\/www.italyfamilyhotels.it\/de\/family-hotels\/family-hotel-posta-s-cristina-val-gardena","name":"Family Hotel Posta, 4 Sterne, St. Christina in Gr\u00f6den","isPartOf":{"@id":"https:\/\/www.italyfamilyhotels.it\/#website"},"datePublished":"2022-03-14T11:37:21+00:00","dateModified":"2023-02-16T13:58:23+00:00","description":"Lust auf Urlaub mit Ihrer Familie? Entdecken Sie die Familienangebote im Family Hotel Posta in St. Christina in Gr\u00f6den","breadcrumb":{"@id":"https:\/\/www.italyfamilyhotels.it\/de\/family-hotels\/family-hotel-posta-s-cristina-val-gardena#breadcrumb"},"inLanguage":"de","potentialAction":[{"@type":"ReadAction","target":["https:\/\/www.italyfamilyhotels.it\/de\/family-hotels\/family-hotel-posta-s-cristina-val-gardena"]}]},{"@type":"BreadcrumbList","@id":"https:\/\/www.italyfamilyhotels.it\/de\/family-hotels\/family-hotel-posta-s-cristina-val-gardena#breadcrumb","itemListElement":[{"@type":"ListItem","position":1,"name":"Home","item":"https:\/\/www.italyfamilyhotels.it\/de"},{"@type":"ListItem","position":2,"name":"Family Hotels","item":"https:\/\/www.italyfamilyhotels.it\/de\/family-hotels"},{"@type":"ListItem","position":3,"name":"Family Hotel Posta"}]},{"@type":"WebSite","@id":"https:\/\/www.italyfamilyhotels.it\/#website","url":"https:\/\/www.italyfamilyhotels.it\/","name":"Italy Family Hotels","description":"","potentialAction":[{"@type":"SearchAction","target":{"@type":"EntryPoint","urlTemplate":"https:\/\/www.italyfamilyhotels.it\/?s={search_term_string}"},"query-input":{"@type":"PropertyValueSpecification","valueRequired":true,"valueName":"search_term_string"}}],"inLanguage":"de"}]}},"_links":{"self":[{"href":"https:\/\/www.italyfamilyhotels.it\/de\/wp-json\/wp\/v2\/pages\/4232","targetHints":{"allow":["GET"]}}],"collection":[{"href":"https:\/\/www.italyfamilyhotels.it\/de\/wp-json\/wp\/v2\/pages"}],"about":[{"href":"https:\/\/www.italyfamilyhotels.it\/de\/wp-json\/wp\/v2\/types\/page"}],"author":[{"embeddable":true,"href":"https:\/\/www.italyfamilyhotels.it\/de\/wp-json\/wp\/v2\/users\/32"}],"replies":[{"embeddable":true,"href":"https:\/\/www.italyfamilyhotels.it\/de\/wp-json\/wp\/v2\/comments?post=4232"}],"version-history":[{"count":10,"href":"https:\/\/www.italyfamilyhotels.it\/de\/wp-json\/wp\/v2\/pages\/4232\/revisions"}],"predecessor-version":[{"id":46366,"href":"https:\/\/www.italyfamilyhotels.it\/de\/wp-json\/wp\/v2\/pages\/4232\/revisions\/46366"}],"up":[{"embeddable":true,"href":"https:\/\/www.italyfamilyhotels.it\/de\/wp-json\/wp\/v2\/pages\/94"}],"wp:attachment":[{"href":"https:\/\/www.italyfamilyhotels.it\/de\/wp-json\/wp\/v2\/media?parent=4232"}],"curies":[{"name":"wp","href":"https:\/\/api.w.org\/{rel}","templated":true}]}}