{"id":4227,"date":"2022-03-14T12:37:21","date_gmt":"2022-03-14T11:37:21","guid":{"rendered":"https:\/\/www.italyfamilyhotels.it\/family-hotels\/hotel-baltic"},"modified":"2022-09-16T13:55:32","modified_gmt":"2022-09-16T11:55:32","slug":"hotel-baltic-giulianova-lido","status":"publish","type":"page","link":"https:\/\/www.italyfamilyhotels.it\/de\/family-hotels\/hotel-baltic-giulianova-lido","title":{"rendered":"Hotel Baltic"},"content":{"rendered":"\n<p>Einen Kilometer vom Zentrum von Giulianova entfernt, sich zum Meer hin \u00f6ffnenden Pinienwaldes, liegt das <b>Hotel Baltic<\/b>, das einen einfachen Urlaub in ein Fest und eine Reise in die Tradition und die Natur verwandelt.<\/p>\n\n\n\n<p>Inmitten der Natur finden Sie einen <b>beheiztes Superpool <\/b>mit Planschbecken f\u00fcr die Kleinen, <b>Spielger\u00e4te <\/b>zum Klettern, <b>kleine Tische <\/b>f\u00fcr Snacks, den <b>Platz der Emotionen<\/b>, wo Sie sich mit Massagen, Lymphdrainage und Shiatsu verw\u00f6hnen lassen k\u00f6nnen, und das <b>Palcobaleno<\/b>, das Freilichttheater, wo wir jeden Abend verschiedene Auff\u00fchrungen organisieren. Und wussten Sie, dass Sie nur den Pinienwald durchqueren m\u00fcssen, um direkt an den <b>Strand<\/b> zu gelangen? Ja, so k\u00f6nnen die Eltern unbesorgt sein und die Kinder k\u00f6nnen ein Wettrennen zum Strand machen!<\/p>\n\n\n\n<p>Familien liegen uns besonders am Herzen. Deshalb haben wir ein <b>Team von Animateuren<\/b>, die sich um G\u00e4ste <b>von 1 bis 16<\/b> Jahren mit auf sie zugeschnittenen Aktivit\u00e4ten und Spielen k\u00fcmmern, in speziellen R\u00e4umen, im Pinienwald, am Strand und am Pool. Wir raten M\u00fcttern und V\u00e4tern, sich nicht allzu weit zu entfernen, w\u00e4hrend wir die Kleinen unterhalten, denn wir haben viele Erlebnisse auf Lager: <b>Strandspazierg\u00e4nge<\/b> mit einem Nordic-Walking-Lehrer, <b>Yoga im Pinienwald<\/b>, <b>Aquafitness <\/b>und <b>Tanzkurse<\/b>, <b>Radtouren in den Weinkeller mit Verkostungen <\/b>und <b>von unserem K\u00fcchenchef geleitete Kurse<\/b> f\u00fcr die Zubereitung von Piadina romagnola, Spaghetti alla Chitarra und Tagliatelle.<\/p>\n\n\n\n<p>Bei uns k\u00f6nnen Sie in aller Ruhe reisen, denn in Ihrem Zimmer und im Hotel finden Sie alles, was Sie f\u00fcr Ihre Kleinen brauchen, wie z. B. <b>W\u00e4scheservice<\/b>, eine kleine <b>Kinderapotheke<\/b>, <b>Pflegeset<\/b> im Bad, <b>Gitterbetten<\/b>, <b>Babybetten, Flaschenw\u00e4rmer<\/b>, <b>Wickeltische<\/b> und <b>Kinderbadewannen<\/b> sowie <b>Nachtlicht<\/b>. Ein <b>kostenloser Fahrradverleih<\/b> steht zur Verf\u00fcgung, auch mit Kindersitzen, <b>Fahrr\u00e4dern ohne Pedale<\/b>, <b>BMX-R\u00e4dern <\/b>und <b>Buggys<\/b>.<\/p>\n","protected":false},"excerpt":{"rendered":"<p>Einen Kilometer vom Zentrum von Giulianova entfernt, sich zum Meer hin \u00f6ffnenden Pinienwaldes, liegt das Hotel Baltic, das einen einfachen Urlaub in ein Fest und eine Reise in die Tradition und die Natur verwandelt. Inmitten der Natur finden Sie einen beheiztes Superpool mit Planschbecken f\u00fcr die Kleinen, Spielger\u00e4te zum Klettern, kleine Tische f\u00fcr Snacks, den &hellip;<\/p>\n","protected":false},"author":44,"featured_media":0,"parent":94,"menu_order":0,"comment_status":"closed","ping_status":"closed","template":"page-templates\/scheda_hotel.php","meta":{"_acf_changed":false,"inline_featured_image":false,"footnotes":""},"class_list":["post-4227","page","type-page","status-publish","hentry"],"acf":[],"yoast_head":"<!-- This site is optimized with the Yoast SEO plugin v27.1 - https:\/\/yoast.com\/product\/yoast-seo-wordpress\/ -->\n<title>Hotel Baltic, 3 Sterne, Giulianova Lido<\/title>\n<meta name=\"description\" content=\"Lust auf Urlaub mit Ihrer Familie? Entdecken Sie die Familienangebote im Hotel Baltic in Giulianova Lido!\" \/>\n<meta name=\"robots\" content=\"index, follow, max-snippet:-1, max-image-preview:large, max-video-preview:-1\" \/>\n<link rel=\"canonical\" href=\"https:\/\/www.italyfamilyhotels.it\/de\/family-hotels\/hotel-baltic-giulianova-lido\" \/>\n<meta property=\"og:locale\" content=\"de_DE\" \/>\n<meta property=\"og:type\" content=\"article\" \/>\n<meta property=\"og:title\" content=\"Hotel Baltic, 3 Sterne, Giulianova Lido\" \/>\n<meta property=\"og:description\" content=\"Lust auf Urlaub mit Ihrer Familie? Entdecken Sie die Familienangebote im Hotel Baltic in Giulianova Lido!\" \/>\n<meta property=\"og:url\" content=\"https:\/\/www.italyfamilyhotels.it\/de\/family-hotels\/hotel-baltic-giulianova-lido\" \/>\n<meta property=\"og:site_name\" content=\"Italy Family Hotels\" \/>\n<meta property=\"article:publisher\" content=\"https:\/\/www.facebook.com\/ItalyFamilyHotels\/\" \/>\n<meta property=\"article:modified_time\" content=\"2022-09-16T11:55:32+00:00\" \/>\n<meta name=\"twitter:card\" content=\"summary_large_image\" \/>\n<meta name=\"twitter:label1\" content=\"Gesch\u00e4tzte Lesezeit\" \/>\n\t<meta name=\"twitter:data1\" content=\"1\u00a0Minute\" \/>\n<script type=\"application\/ld+json\" class=\"yoast-schema-graph\">{\"@context\":\"https:\/\/schema.org\",\"@graph\":[{\"@type\":\"WebPage\",\"@id\":\"https:\/\/www.italyfamilyhotels.it\/de\/family-hotels\/hotel-baltic-giulianova-lido\",\"url\":\"https:\/\/www.italyfamilyhotels.it\/de\/family-hotels\/hotel-baltic-giulianova-lido\",\"name\":\"Hotel Baltic, 3 Sterne, Giulianova Lido\",\"isPartOf\":{\"@id\":\"https:\/\/www.italyfamilyhotels.it\/#website\"},\"datePublished\":\"2022-03-14T11:37:21+00:00\",\"dateModified\":\"2022-09-16T11:55:32+00:00\",\"description\":\"Lust auf Urlaub mit Ihrer Familie? Entdecken Sie die Familienangebote im Hotel Baltic in Giulianova Lido!\",\"breadcrumb\":{\"@id\":\"https:\/\/www.italyfamilyhotels.it\/de\/family-hotels\/hotel-baltic-giulianova-lido#breadcrumb\"},\"inLanguage\":\"de\",\"potentialAction\":[{\"@type\":\"ReadAction\",\"target\":[\"https:\/\/www.italyfamilyhotels.it\/de\/family-hotels\/hotel-baltic-giulianova-lido\"]}]},{\"@type\":\"BreadcrumbList\",\"@id\":\"https:\/\/www.italyfamilyhotels.it\/de\/family-hotels\/hotel-baltic-giulianova-lido#breadcrumb\",\"itemListElement\":[{\"@type\":\"ListItem\",\"position\":1,\"name\":\"Home\",\"item\":\"https:\/\/www.italyfamilyhotels.it\/de\"},{\"@type\":\"ListItem\",\"position\":2,\"name\":\"Family Hotels\",\"item\":\"https:\/\/www.italyfamilyhotels.it\/de\/family-hotels\"},{\"@type\":\"ListItem\",\"position\":3,\"name\":\"Hotel Baltic\"}]},{\"@type\":\"WebSite\",\"@id\":\"https:\/\/www.italyfamilyhotels.it\/#website\",\"url\":\"https:\/\/www.italyfamilyhotels.it\/\",\"name\":\"Italy Family Hotels\",\"description\":\"\",\"potentialAction\":[{\"@type\":\"SearchAction\",\"target\":{\"@type\":\"EntryPoint\",\"urlTemplate\":\"https:\/\/www.italyfamilyhotels.it\/?s={search_term_string}\"},\"query-input\":{\"@type\":\"PropertyValueSpecification\",\"valueRequired\":true,\"valueName\":\"search_term_string\"}}],\"inLanguage\":\"de\"}]}<\/script>\n<!-- \/ Yoast SEO plugin. -->","yoast_head_json":{"title":"Hotel Baltic, 3 Sterne, Giulianova Lido","description":"Lust auf Urlaub mit Ihrer Familie? Entdecken Sie die Familienangebote im Hotel Baltic in Giulianova Lido!","robots":{"index":"index","follow":"follow","max-snippet":"max-snippet:-1","max-image-preview":"max-image-preview:large","max-video-preview":"max-video-preview:-1"},"canonical":"https:\/\/www.italyfamilyhotels.it\/de\/family-hotels\/hotel-baltic-giulianova-lido","og_locale":"de_DE","og_type":"article","og_title":"Hotel Baltic, 3 Sterne, Giulianova Lido","og_description":"Lust auf Urlaub mit Ihrer Familie? Entdecken Sie die Familienangebote im Hotel Baltic in Giulianova Lido!","og_url":"https:\/\/www.italyfamilyhotels.it\/de\/family-hotels\/hotel-baltic-giulianova-lido","og_site_name":"Italy Family Hotels","article_publisher":"https:\/\/www.facebook.com\/ItalyFamilyHotels\/","article_modified_time":"2022-09-16T11:55:32+00:00","twitter_card":"summary_large_image","twitter_misc":{"Gesch\u00e4tzte Lesezeit":"1\u00a0Minute"},"schema":{"@context":"https:\/\/schema.org","@graph":[{"@type":"WebPage","@id":"https:\/\/www.italyfamilyhotels.it\/de\/family-hotels\/hotel-baltic-giulianova-lido","url":"https:\/\/www.italyfamilyhotels.it\/de\/family-hotels\/hotel-baltic-giulianova-lido","name":"Hotel Baltic, 3 Sterne, Giulianova Lido","isPartOf":{"@id":"https:\/\/www.italyfamilyhotels.it\/#website"},"datePublished":"2022-03-14T11:37:21+00:00","dateModified":"2022-09-16T11:55:32+00:00","description":"Lust auf Urlaub mit Ihrer Familie? Entdecken Sie die Familienangebote im Hotel Baltic in Giulianova Lido!","breadcrumb":{"@id":"https:\/\/www.italyfamilyhotels.it\/de\/family-hotels\/hotel-baltic-giulianova-lido#breadcrumb"},"inLanguage":"de","potentialAction":[{"@type":"ReadAction","target":["https:\/\/www.italyfamilyhotels.it\/de\/family-hotels\/hotel-baltic-giulianova-lido"]}]},{"@type":"BreadcrumbList","@id":"https:\/\/www.italyfamilyhotels.it\/de\/family-hotels\/hotel-baltic-giulianova-lido#breadcrumb","itemListElement":[{"@type":"ListItem","position":1,"name":"Home","item":"https:\/\/www.italyfamilyhotels.it\/de"},{"@type":"ListItem","position":2,"name":"Family Hotels","item":"https:\/\/www.italyfamilyhotels.it\/de\/family-hotels"},{"@type":"ListItem","position":3,"name":"Hotel Baltic"}]},{"@type":"WebSite","@id":"https:\/\/www.italyfamilyhotels.it\/#website","url":"https:\/\/www.italyfamilyhotels.it\/","name":"Italy Family Hotels","description":"","potentialAction":[{"@type":"SearchAction","target":{"@type":"EntryPoint","urlTemplate":"https:\/\/www.italyfamilyhotels.it\/?s={search_term_string}"},"query-input":{"@type":"PropertyValueSpecification","valueRequired":true,"valueName":"search_term_string"}}],"inLanguage":"de"}]}},"_links":{"self":[{"href":"https:\/\/www.italyfamilyhotels.it\/de\/wp-json\/wp\/v2\/pages\/4227","targetHints":{"allow":["GET"]}}],"collection":[{"href":"https:\/\/www.italyfamilyhotels.it\/de\/wp-json\/wp\/v2\/pages"}],"about":[{"href":"https:\/\/www.italyfamilyhotels.it\/de\/wp-json\/wp\/v2\/types\/page"}],"author":[{"embeddable":true,"href":"https:\/\/www.italyfamilyhotels.it\/de\/wp-json\/wp\/v2\/users\/44"}],"replies":[{"embeddable":true,"href":"https:\/\/www.italyfamilyhotels.it\/de\/wp-json\/wp\/v2\/comments?post=4227"}],"version-history":[{"count":3,"href":"https:\/\/www.italyfamilyhotels.it\/de\/wp-json\/wp\/v2\/pages\/4227\/revisions"}],"predecessor-version":[{"id":40473,"href":"https:\/\/www.italyfamilyhotels.it\/de\/wp-json\/wp\/v2\/pages\/4227\/revisions\/40473"}],"up":[{"embeddable":true,"href":"https:\/\/www.italyfamilyhotels.it\/de\/wp-json\/wp\/v2\/pages\/94"}],"wp:attachment":[{"href":"https:\/\/www.italyfamilyhotels.it\/de\/wp-json\/wp\/v2\/media?parent=4227"}],"curies":[{"name":"wp","href":"https:\/\/api.w.org\/{rel}","templated":true}]}}