{"id":4202,"date":"2022-03-14T12:37:17","date_gmt":"2022-03-14T11:37:17","guid":{"rendered":"https:\/\/www.italyfamilyhotels.it\/family-hotels\/astoria-comfort-hotel"},"modified":"2023-06-15T14:32:55","modified_gmt":"2023-06-15T12:32:55","slug":"astoria-comfort-hotel-andalo","status":"publish","type":"page","link":"https:\/\/www.italyfamilyhotels.it\/de\/family-hotels\/astoria-comfort-hotel-andalo","title":{"rendered":"Astoria Comfort Hotel"},"content":{"rendered":"\n<p>Es gibt uns seit 1964, viele Familien mit Kindern haben seitdem einen gl\u00fccklichen Urlaub bei uns verbracht. Das <b>Astoria Comfort Hotel <\/b>liegt mitten in <b>Andalo<\/b>, <b>dem von Familien vielleicht am meisten gesch\u00e4tzten Urlaubsort im Trentino. <\/b>Im Sommer wie im Winter organisieren wir <b>Wanderungen<\/b> durch die  Dolomiten-Landschaft, <b>Ausfl\u00fcge mit Kinderwagen<\/b>, <b>Kinderbauernhof<\/b>-Besuche, <b>handfeste Kurse<\/b> \u00fcber das Leben in den Bergen, <b>Skikurse<\/b> und <b>Schnee-Wanderungen<\/b>. Alle Mitglieder der Familie sollen sch\u00f6ne Erinnerungen mit nachhause nehmen!<\/p>\n\n\n\n<p><\/p>\n\n\n\n<p>Ein Team <b>ausgebildeter Animateur*innen <\/b>und <b>Andalotto il Tigrotto<\/b>, unser<b> Maskottchen<\/b>, k\u00fcmmern sich um die Kinder, organisieren spannende Aktivit\u00e4ten und achten darauf, dass die <b>Sicherheitsregeln<\/b> eingehalten werden. Mama und Papa haben Zeit, sich im<b> Spa <\/b>vom Stress zu erholen oder in der <b>Beauty Farm <\/b>das Ego zu st\u00e4rken.<\/p>\n\n\n\n<p>Es gibt einen zum <b>Spielen ausger\u00fcsteten Garten, Spielr\u00e4ume im Hotel<\/b> und <b>drei Schwimmb\u00e4der f\u00fcr verschiedene Vorlieben<\/b>: Unterwassermassage zum Auflockern, Rutschbahnen f\u00fcr den Spa\u00df und Schwimmbecken f\u00fcr den Sport.<\/p>\n\n\n\n<p>Mit leckeren Gerichten auf der Basis lokaler Produkte sorgt unser <b>Gourmet-Familienrestaurant<\/b> f\u00fcr Euer Wohl.<\/p>\n","protected":false},"excerpt":{"rendered":"<p>Es gibt uns seit 1964, viele Familien mit Kindern haben seitdem einen gl\u00fccklichen Urlaub bei uns verbracht. Das Astoria Comfort Hotel liegt mitten in Andalo, dem von Familien vielleicht am meisten gesch\u00e4tzten Urlaubsort im Trentino. Im Sommer wie im Winter organisieren wir Wanderungen durch die Dolomiten-Landschaft, Ausfl\u00fcge mit Kinderwagen, Kinderbauernhof-Besuche, handfeste Kurse \u00fcber das Leben &hellip;<\/p>\n","protected":false},"author":533,"featured_media":0,"parent":94,"menu_order":0,"comment_status":"closed","ping_status":"closed","template":"page-templates\/scheda_hotel.php","meta":{"_acf_changed":false,"inline_featured_image":false,"footnotes":""},"class_list":["post-4202","page","type-page","status-publish","hentry"],"acf":[],"yoast_head":"<!-- This site is optimized with the Yoast SEO plugin v27.1 - https:\/\/yoast.com\/product\/yoast-seo-wordpress\/ -->\n<title>Astoria Comfort Hotel 3-Sterne-Superior, Andalo<\/title>\n<meta name=\"description\" content=\"Lust auf Familienurlaub? Entdecken Sie die Familienangebote f\u00fcr Astoria Comfort Hotel in Andalo\" \/>\n<meta name=\"robots\" content=\"index, follow, max-snippet:-1, max-image-preview:large, max-video-preview:-1\" \/>\n<link rel=\"canonical\" href=\"https:\/\/www.italyfamilyhotels.it\/de\/family-hotels\/astoria-comfort-hotel-andalo\" \/>\n<meta property=\"og:locale\" content=\"de_DE\" \/>\n<meta property=\"og:type\" content=\"article\" \/>\n<meta property=\"og:title\" content=\"Astoria Comfort Hotel 3-Sterne-Superior, Andalo\" \/>\n<meta property=\"og:description\" content=\"Lust auf Familienurlaub? Entdecken Sie die Familienangebote f\u00fcr Astoria Comfort Hotel in Andalo\" \/>\n<meta property=\"og:url\" content=\"https:\/\/www.italyfamilyhotels.it\/de\/family-hotels\/astoria-comfort-hotel-andalo\" \/>\n<meta property=\"og:site_name\" content=\"Italy Family Hotels\" \/>\n<meta property=\"article:publisher\" content=\"https:\/\/www.facebook.com\/ItalyFamilyHotels\/\" \/>\n<meta property=\"article:modified_time\" content=\"2023-06-15T12:32:55+00:00\" \/>\n<meta name=\"twitter:card\" content=\"summary_large_image\" \/>\n<meta name=\"twitter:label1\" content=\"Gesch\u00e4tzte Lesezeit\" \/>\n\t<meta name=\"twitter:data1\" content=\"2\u00a0Minuten\" \/>\n<script type=\"application\/ld+json\" class=\"yoast-schema-graph\">{\"@context\":\"https:\/\/schema.org\",\"@graph\":[{\"@type\":\"WebPage\",\"@id\":\"https:\/\/www.italyfamilyhotels.it\/de\/family-hotels\/astoria-comfort-hotel-andalo\",\"url\":\"https:\/\/www.italyfamilyhotels.it\/de\/family-hotels\/astoria-comfort-hotel-andalo\",\"name\":\"Astoria Comfort Hotel 3-Sterne-Superior, Andalo\",\"isPartOf\":{\"@id\":\"https:\/\/www.italyfamilyhotels.it\/#website\"},\"datePublished\":\"2022-03-14T11:37:17+00:00\",\"dateModified\":\"2023-06-15T12:32:55+00:00\",\"description\":\"Lust auf Familienurlaub? Entdecken Sie die Familienangebote f\u00fcr Astoria Comfort Hotel in Andalo\",\"breadcrumb\":{\"@id\":\"https:\/\/www.italyfamilyhotels.it\/de\/family-hotels\/astoria-comfort-hotel-andalo#breadcrumb\"},\"inLanguage\":\"de\",\"potentialAction\":[{\"@type\":\"ReadAction\",\"target\":[\"https:\/\/www.italyfamilyhotels.it\/de\/family-hotels\/astoria-comfort-hotel-andalo\"]}]},{\"@type\":\"BreadcrumbList\",\"@id\":\"https:\/\/www.italyfamilyhotels.it\/de\/family-hotels\/astoria-comfort-hotel-andalo#breadcrumb\",\"itemListElement\":[{\"@type\":\"ListItem\",\"position\":1,\"name\":\"Home\",\"item\":\"https:\/\/www.italyfamilyhotels.it\/de\"},{\"@type\":\"ListItem\",\"position\":2,\"name\":\"Family Hotels\",\"item\":\"https:\/\/www.italyfamilyhotels.it\/de\/family-hotels\"},{\"@type\":\"ListItem\",\"position\":3,\"name\":\"Astoria Comfort Hotel\"}]},{\"@type\":\"WebSite\",\"@id\":\"https:\/\/www.italyfamilyhotels.it\/#website\",\"url\":\"https:\/\/www.italyfamilyhotels.it\/\",\"name\":\"Italy Family Hotels\",\"description\":\"\",\"potentialAction\":[{\"@type\":\"SearchAction\",\"target\":{\"@type\":\"EntryPoint\",\"urlTemplate\":\"https:\/\/www.italyfamilyhotels.it\/?s={search_term_string}\"},\"query-input\":{\"@type\":\"PropertyValueSpecification\",\"valueRequired\":true,\"valueName\":\"search_term_string\"}}],\"inLanguage\":\"de\"}]}<\/script>\n<!-- \/ Yoast SEO plugin. -->","yoast_head_json":{"title":"Astoria Comfort Hotel 3-Sterne-Superior, Andalo","description":"Lust auf Familienurlaub? Entdecken Sie die Familienangebote f\u00fcr Astoria Comfort Hotel in Andalo","robots":{"index":"index","follow":"follow","max-snippet":"max-snippet:-1","max-image-preview":"max-image-preview:large","max-video-preview":"max-video-preview:-1"},"canonical":"https:\/\/www.italyfamilyhotels.it\/de\/family-hotels\/astoria-comfort-hotel-andalo","og_locale":"de_DE","og_type":"article","og_title":"Astoria Comfort Hotel 3-Sterne-Superior, Andalo","og_description":"Lust auf Familienurlaub? Entdecken Sie die Familienangebote f\u00fcr Astoria Comfort Hotel in Andalo","og_url":"https:\/\/www.italyfamilyhotels.it\/de\/family-hotels\/astoria-comfort-hotel-andalo","og_site_name":"Italy Family Hotels","article_publisher":"https:\/\/www.facebook.com\/ItalyFamilyHotels\/","article_modified_time":"2023-06-15T12:32:55+00:00","twitter_card":"summary_large_image","twitter_misc":{"Gesch\u00e4tzte Lesezeit":"2\u00a0Minuten"},"schema":{"@context":"https:\/\/schema.org","@graph":[{"@type":"WebPage","@id":"https:\/\/www.italyfamilyhotels.it\/de\/family-hotels\/astoria-comfort-hotel-andalo","url":"https:\/\/www.italyfamilyhotels.it\/de\/family-hotels\/astoria-comfort-hotel-andalo","name":"Astoria Comfort Hotel 3-Sterne-Superior, Andalo","isPartOf":{"@id":"https:\/\/www.italyfamilyhotels.it\/#website"},"datePublished":"2022-03-14T11:37:17+00:00","dateModified":"2023-06-15T12:32:55+00:00","description":"Lust auf Familienurlaub? Entdecken Sie die Familienangebote f\u00fcr Astoria Comfort Hotel in Andalo","breadcrumb":{"@id":"https:\/\/www.italyfamilyhotels.it\/de\/family-hotels\/astoria-comfort-hotel-andalo#breadcrumb"},"inLanguage":"de","potentialAction":[{"@type":"ReadAction","target":["https:\/\/www.italyfamilyhotels.it\/de\/family-hotels\/astoria-comfort-hotel-andalo"]}]},{"@type":"BreadcrumbList","@id":"https:\/\/www.italyfamilyhotels.it\/de\/family-hotels\/astoria-comfort-hotel-andalo#breadcrumb","itemListElement":[{"@type":"ListItem","position":1,"name":"Home","item":"https:\/\/www.italyfamilyhotels.it\/de"},{"@type":"ListItem","position":2,"name":"Family Hotels","item":"https:\/\/www.italyfamilyhotels.it\/de\/family-hotels"},{"@type":"ListItem","position":3,"name":"Astoria Comfort Hotel"}]},{"@type":"WebSite","@id":"https:\/\/www.italyfamilyhotels.it\/#website","url":"https:\/\/www.italyfamilyhotels.it\/","name":"Italy Family Hotels","description":"","potentialAction":[{"@type":"SearchAction","target":{"@type":"EntryPoint","urlTemplate":"https:\/\/www.italyfamilyhotels.it\/?s={search_term_string}"},"query-input":{"@type":"PropertyValueSpecification","valueRequired":true,"valueName":"search_term_string"}}],"inLanguage":"de"}]}},"_links":{"self":[{"href":"https:\/\/www.italyfamilyhotels.it\/de\/wp-json\/wp\/v2\/pages\/4202","targetHints":{"allow":["GET"]}}],"collection":[{"href":"https:\/\/www.italyfamilyhotels.it\/de\/wp-json\/wp\/v2\/pages"}],"about":[{"href":"https:\/\/www.italyfamilyhotels.it\/de\/wp-json\/wp\/v2\/types\/page"}],"author":[{"embeddable":true,"href":"https:\/\/www.italyfamilyhotels.it\/de\/wp-json\/wp\/v2\/users\/533"}],"replies":[{"embeddable":true,"href":"https:\/\/www.italyfamilyhotels.it\/de\/wp-json\/wp\/v2\/comments?post=4202"}],"version-history":[{"count":10,"href":"https:\/\/www.italyfamilyhotels.it\/de\/wp-json\/wp\/v2\/pages\/4202\/revisions"}],"predecessor-version":[{"id":50005,"href":"https:\/\/www.italyfamilyhotels.it\/de\/wp-json\/wp\/v2\/pages\/4202\/revisions\/50005"}],"up":[{"embeddable":true,"href":"https:\/\/www.italyfamilyhotels.it\/de\/wp-json\/wp\/v2\/pages\/94"}],"wp:attachment":[{"href":"https:\/\/www.italyfamilyhotels.it\/de\/wp-json\/wp\/v2\/media?parent=4202"}],"curies":[{"name":"wp","href":"https:\/\/api.w.org\/{rel}","templated":true}]}}