{"id":42016,"date":"2022-11-28T12:41:34","date_gmt":"2022-11-28T11:41:34","guid":{"rendered":"https:\/\/www.italyfamilyhotels.it\/family-hotels\/hotel-abacus"},"modified":"2023-02-14T09:23:51","modified_gmt":"2023-02-14T08:23:51","slug":"hotel-abacus","status":"publish","type":"page","link":"https:\/\/www.italyfamilyhotels.it\/de\/family-hotels\/hotel-abacus","title":{"rendered":"Hotel Abacus"},"content":{"rendered":"\n<p>Meer, Sonne, Spa\u00df f\u00fcr die Kinder und Entspannung f\u00fcr die Eltern: mit diesen Zutaten f\u00fcr einen wunderbaren Familienurlaub begr\u00fc\u00dfen wir Sie im <strong>Hotel Abacus in Valverde di Cesenatico<\/strong>! Wir sind <strong>100 Meter vom Meer <\/strong>und 250 Meter vom Strand f\u00fcr Hotelg\u00e4ste entfernt. Der <strong>Strandservice ist immer im All-Inclusive-Angebot enthalten<\/strong>, und unsere <strong>Animateure k\u00fcmmern sich um die Kinder mit Gruppenspielen und Turnieren<\/strong>. So k\u00f6nnen Sie sich in aller Ruhe auf der Sonnenliege sonnen, eine Partie Beachvolleyball spielen oder einen Spaziergang entlang der K\u00fcste unternehmen.<\/p>\n\n\n\n<p>Schwimmen Sie lieber im <strong>Pool <\/strong>als im Meer? Dann freuen wir uns auf ein Bad in unserem <strong>Swimmingpool mit Hydromassage, das auch \u00fcber einen \u201eMinibereich\u201c<\/strong> verf\u00fcgt, wo Kinder sicher spielen k\u00f6nnen. Ja, f\u00fcr den Spa\u00df der Kleinen ist hier wirklich alles dabei: ein <strong>Spielplatz im Freien<\/strong>, ein farbenfrohes <strong>Babyzimmer<\/strong>, <strong>Aktivit\u00e4ten im Mini- und Junior-Club<\/strong>.<\/p>\n\n\n\n<p>Wir bem\u00fchen uns jeden Tag, den Urlaub der Eltern einfach und sch\u00f6n zu machen, auch mit unserer <strong>All-Inclusive-Formel<\/strong>, die viele Leistungen wie<strong> Getr\u00e4nke zu den Mahlzeiten <\/strong>und k\u00fchle <strong>Erfrischungsgetr\u00e4nke<\/strong> an unserer Bar, einen<strong> Sonnenschirm und zwei Liegen <\/strong>am Strand, tolle <strong>Unterhaltung<\/strong>, die hei\u00df ersehnte <strong>G\u00e4steparty<\/strong> am Pool und einen leckeren <strong>Babysnack am Nachmittag<\/strong> umfasst.<\/p>\n\n\n\n<p>Wenn Sie mit Kleinkindern reisen, bieten wir Ihnen eine<strong> kleine K\u00fcche, in der Sie Ihre eigene Babynahrung zubereiten k\u00f6nnen<\/strong>, sowie die M\u00f6glichkeit, sich von unseren K\u00f6chen <strong>Br\u00fchen und P\u00fcrees f\u00fcr das Abstillen<\/strong> zubereiten zu lassen. Au\u00dferdem finden Sie <strong>im Zimmer und im Speisesaal eine Kinderausstattung<\/strong>, als w\u00e4ren Sie zu Hause!<\/p>\n","protected":false},"excerpt":{"rendered":"<p>Meer, Sonne, Spa\u00df f\u00fcr die Kinder und Entspannung f\u00fcr die Eltern: mit diesen Zutaten f\u00fcr einen wunderbaren Familienurlaub begr\u00fc\u00dfen wir Sie im Hotel Abacus in Valverde di Cesenatico! Wir sind 100 Meter vom Meer und 250 Meter vom Strand f\u00fcr Hotelg\u00e4ste entfernt. Der Strandservice ist immer im All-Inclusive-Angebot enthalten, und unsere Animateure k\u00fcmmern sich um &hellip;<\/p>\n","protected":false},"author":1,"featured_media":0,"parent":94,"menu_order":0,"comment_status":"closed","ping_status":"closed","template":"page-templates\/scheda_hotel.php","meta":{"_acf_changed":false,"inline_featured_image":false,"footnotes":""},"class_list":["post-42016","page","type-page","status-publish","hentry"],"acf":[],"yoast_head":"<!-- This site is optimized with the Yoast SEO plugin v27.1 - https:\/\/yoast.com\/product\/yoast-seo-wordpress\/ -->\n<title>Hotel Abacus, 3 Sterne, Cesenatico-Valverde<\/title>\n<meta name=\"description\" content=\"Lust auf einen Urlaub mit Ihrer Familie? Entdecken Sie die Familienangebote im Hotel Abacus in Valverde di Cesenatico.\" \/>\n<meta name=\"robots\" content=\"index, follow, max-snippet:-1, max-image-preview:large, max-video-preview:-1\" \/>\n<link rel=\"canonical\" href=\"https:\/\/www.italyfamilyhotels.it\/de\/family-hotels\/hotel-abacus\" \/>\n<meta property=\"og:locale\" content=\"de_DE\" \/>\n<meta property=\"og:type\" content=\"article\" \/>\n<meta property=\"og:title\" content=\"Hotel Abacus, 3 Sterne, Cesenatico-Valverde\" \/>\n<meta property=\"og:description\" content=\"Lust auf einen Urlaub mit Ihrer Familie? Entdecken Sie die Familienangebote im Hotel Abacus in Valverde di Cesenatico.\" \/>\n<meta property=\"og:url\" content=\"https:\/\/www.italyfamilyhotels.it\/de\/family-hotels\/hotel-abacus\" \/>\n<meta property=\"og:site_name\" content=\"Italy Family Hotels\" \/>\n<meta property=\"article:publisher\" content=\"https:\/\/www.facebook.com\/ItalyFamilyHotels\/\" \/>\n<meta property=\"article:modified_time\" content=\"2023-02-14T08:23:51+00:00\" \/>\n<meta name=\"twitter:card\" content=\"summary_large_image\" \/>\n<meta name=\"twitter:label1\" content=\"Gesch\u00e4tzte Lesezeit\" \/>\n\t<meta name=\"twitter:data1\" content=\"1\u00a0Minute\" \/>\n<script type=\"application\/ld+json\" class=\"yoast-schema-graph\">{\"@context\":\"https:\/\/schema.org\",\"@graph\":[{\"@type\":\"WebPage\",\"@id\":\"https:\/\/www.italyfamilyhotels.it\/de\/family-hotels\/hotel-abacus\",\"url\":\"https:\/\/www.italyfamilyhotels.it\/de\/family-hotels\/hotel-abacus\",\"name\":\"Hotel Abacus, 3 Sterne, Cesenatico-Valverde\",\"isPartOf\":{\"@id\":\"https:\/\/www.italyfamilyhotels.it\/#website\"},\"datePublished\":\"2022-11-28T11:41:34+00:00\",\"dateModified\":\"2023-02-14T08:23:51+00:00\",\"description\":\"Lust auf einen Urlaub mit Ihrer Familie? Entdecken Sie die Familienangebote im Hotel Abacus in Valverde di Cesenatico.\",\"breadcrumb\":{\"@id\":\"https:\/\/www.italyfamilyhotels.it\/de\/family-hotels\/hotel-abacus#breadcrumb\"},\"inLanguage\":\"de\",\"potentialAction\":[{\"@type\":\"ReadAction\",\"target\":[\"https:\/\/www.italyfamilyhotels.it\/de\/family-hotels\/hotel-abacus\"]}]},{\"@type\":\"BreadcrumbList\",\"@id\":\"https:\/\/www.italyfamilyhotels.it\/de\/family-hotels\/hotel-abacus#breadcrumb\",\"itemListElement\":[{\"@type\":\"ListItem\",\"position\":1,\"name\":\"Home\",\"item\":\"https:\/\/www.italyfamilyhotels.it\/de\"},{\"@type\":\"ListItem\",\"position\":2,\"name\":\"Family Hotels\",\"item\":\"https:\/\/www.italyfamilyhotels.it\/de\/family-hotels\"},{\"@type\":\"ListItem\",\"position\":3,\"name\":\"Hotel Abacus\"}]},{\"@type\":\"WebSite\",\"@id\":\"https:\/\/www.italyfamilyhotels.it\/#website\",\"url\":\"https:\/\/www.italyfamilyhotels.it\/\",\"name\":\"Italy Family Hotels\",\"description\":\"\",\"potentialAction\":[{\"@type\":\"SearchAction\",\"target\":{\"@type\":\"EntryPoint\",\"urlTemplate\":\"https:\/\/www.italyfamilyhotels.it\/?s={search_term_string}\"},\"query-input\":{\"@type\":\"PropertyValueSpecification\",\"valueRequired\":true,\"valueName\":\"search_term_string\"}}],\"inLanguage\":\"de\"}]}<\/script>\n<!-- \/ Yoast SEO plugin. -->","yoast_head_json":{"title":"Hotel Abacus, 3 Sterne, Cesenatico-Valverde","description":"Lust auf einen Urlaub mit Ihrer Familie? Entdecken Sie die Familienangebote im Hotel Abacus in Valverde di Cesenatico.","robots":{"index":"index","follow":"follow","max-snippet":"max-snippet:-1","max-image-preview":"max-image-preview:large","max-video-preview":"max-video-preview:-1"},"canonical":"https:\/\/www.italyfamilyhotels.it\/de\/family-hotels\/hotel-abacus","og_locale":"de_DE","og_type":"article","og_title":"Hotel Abacus, 3 Sterne, Cesenatico-Valverde","og_description":"Lust auf einen Urlaub mit Ihrer Familie? Entdecken Sie die Familienangebote im Hotel Abacus in Valverde di Cesenatico.","og_url":"https:\/\/www.italyfamilyhotels.it\/de\/family-hotels\/hotel-abacus","og_site_name":"Italy Family Hotels","article_publisher":"https:\/\/www.facebook.com\/ItalyFamilyHotels\/","article_modified_time":"2023-02-14T08:23:51+00:00","twitter_card":"summary_large_image","twitter_misc":{"Gesch\u00e4tzte Lesezeit":"1\u00a0Minute"},"schema":{"@context":"https:\/\/schema.org","@graph":[{"@type":"WebPage","@id":"https:\/\/www.italyfamilyhotels.it\/de\/family-hotels\/hotel-abacus","url":"https:\/\/www.italyfamilyhotels.it\/de\/family-hotels\/hotel-abacus","name":"Hotel Abacus, 3 Sterne, Cesenatico-Valverde","isPartOf":{"@id":"https:\/\/www.italyfamilyhotels.it\/#website"},"datePublished":"2022-11-28T11:41:34+00:00","dateModified":"2023-02-14T08:23:51+00:00","description":"Lust auf einen Urlaub mit Ihrer Familie? Entdecken Sie die Familienangebote im Hotel Abacus in Valverde di Cesenatico.","breadcrumb":{"@id":"https:\/\/www.italyfamilyhotels.it\/de\/family-hotels\/hotel-abacus#breadcrumb"},"inLanguage":"de","potentialAction":[{"@type":"ReadAction","target":["https:\/\/www.italyfamilyhotels.it\/de\/family-hotels\/hotel-abacus"]}]},{"@type":"BreadcrumbList","@id":"https:\/\/www.italyfamilyhotels.it\/de\/family-hotels\/hotel-abacus#breadcrumb","itemListElement":[{"@type":"ListItem","position":1,"name":"Home","item":"https:\/\/www.italyfamilyhotels.it\/de"},{"@type":"ListItem","position":2,"name":"Family Hotels","item":"https:\/\/www.italyfamilyhotels.it\/de\/family-hotels"},{"@type":"ListItem","position":3,"name":"Hotel Abacus"}]},{"@type":"WebSite","@id":"https:\/\/www.italyfamilyhotels.it\/#website","url":"https:\/\/www.italyfamilyhotels.it\/","name":"Italy Family Hotels","description":"","potentialAction":[{"@type":"SearchAction","target":{"@type":"EntryPoint","urlTemplate":"https:\/\/www.italyfamilyhotels.it\/?s={search_term_string}"},"query-input":{"@type":"PropertyValueSpecification","valueRequired":true,"valueName":"search_term_string"}}],"inLanguage":"de"}]}},"_links":{"self":[{"href":"https:\/\/www.italyfamilyhotels.it\/de\/wp-json\/wp\/v2\/pages\/42016","targetHints":{"allow":["GET"]}}],"collection":[{"href":"https:\/\/www.italyfamilyhotels.it\/de\/wp-json\/wp\/v2\/pages"}],"about":[{"href":"https:\/\/www.italyfamilyhotels.it\/de\/wp-json\/wp\/v2\/types\/page"}],"author":[{"embeddable":true,"href":"https:\/\/www.italyfamilyhotels.it\/de\/wp-json\/wp\/v2\/users\/1"}],"replies":[{"embeddable":true,"href":"https:\/\/www.italyfamilyhotels.it\/de\/wp-json\/wp\/v2\/comments?post=42016"}],"version-history":[{"count":4,"href":"https:\/\/www.italyfamilyhotels.it\/de\/wp-json\/wp\/v2\/pages\/42016\/revisions"}],"predecessor-version":[{"id":46061,"href":"https:\/\/www.italyfamilyhotels.it\/de\/wp-json\/wp\/v2\/pages\/42016\/revisions\/46061"}],"up":[{"embeddable":true,"href":"https:\/\/www.italyfamilyhotels.it\/de\/wp-json\/wp\/v2\/pages\/94"}],"wp:attachment":[{"href":"https:\/\/www.italyfamilyhotels.it\/de\/wp-json\/wp\/v2\/media?parent=42016"}],"curies":[{"name":"wp","href":"https:\/\/api.w.org\/{rel}","templated":true}]}}