{"id":4192,"date":"2022-03-14T12:37:16","date_gmt":"2022-03-14T11:37:16","guid":{"rendered":"https:\/\/www.italyfamilyhotels.it\/family-hotels\/hotel-sport-residenza"},"modified":"2026-04-02T11:37:47","modified_gmt":"2026-04-02T09:37:47","slug":"hotel-sport-residenza-cesenatico","status":"publish","type":"page","link":"https:\/\/www.italyfamilyhotels.it\/de\/family-hotels\/hotel-sport-residenza-cesenatico","title":{"rendered":"Hotel Sport &#038; Residenza"},"content":{"rendered":"\n<p><b>Nur 100 Meter vom Meer mit dem goldenen Strand von <\/b><strong>Villamarina &#8211; Gatteo Mare<\/strong> und nur wenige Schritte vom Stadtzentrum entfernt, aber inmitten von Ruhe und Frieden, finden Sie im <b>Hotel Sport &amp; Residenza<\/b> eine wahre Oase des Friedens. Mediterrane Architektur, helle und erholsame Farben und gro\u00dfer Komfort f\u00fcr die ganze Familie: In unserem Hotel k\u00f6nnen Sie w\u00e4hlen, ob Sie in den sch\u00f6nen Appartements und Suiten der Residenz oder in den stilvollen Zimmern des Hotels wohnen m\u00f6chten. <b>Der gro\u00dfe Swimmingpool-Park ist ein Vergn\u00fcgen f\u00fcr Jung und Alt: 280 m\u00b2 Wasserfl\u00e4che mit Whirlpool, Wassertherapiebrunnen und Aquabike<\/b> sowie ein<b>Babybereich mit flachem Wasser<\/b>, in dem Ihre Kinder spielen k\u00f6nnen, w\u00e4hrend Sie auf der Sonnenterrasse <b>am Pool<\/b> ein gem\u00fctliches Sonnenbad nehmen.<\/p>\n\n\n\n<p><b>Der Strand, der ausschlie\u00dflich unseren G\u00e4sten zur Verf\u00fcgung steht<\/b>, bietet die Privatsph\u00e4re, die Sie sich schon immer gew\u00fcnscht haben, um sich unter einem Sonnenschirm mit unserem weichen Frottee-Strandtuch zu entspannen, aber auch Platz f\u00fcr Spa\u00df im Kinderspielbereich.<\/p>\n\n\n\n<p>Wir k\u00fcmmern uns jeden Tag um Ihre Kinder mit zahlreichen Unterhaltungsangeboten am Pool und am Strand, die von unserem <b>qualifizierten Animationsteam <\/b>in Begleitung unseres legend\u00e4ren <b>Maskottchens Marino Granchio Bagnino\u00ae, der Rettungsschwimmerkrabbe<\/b>, angeboten werden, der Hauptfigur vieler Geschichten, die unsere kleinen G\u00e4ste zum Tr\u00e4umen und Lachen bringen. Auf Anfrage bieten wir auch W\u00e4scheservice, Babysitting und p\u00e4diatrische Dienste an.<\/p>\n\n\n\n<p>Die Versorgung der Kinder setzt sich am Tisch mit speziellen <b>Kindermen\u00fcs<\/b> fort, <b>gesunde und schmackhafte Gerichte, mit immer frischen Produkten aus unserer Region und vom Landgut \u201eLa Fattoria\u201c<\/b>. Jeden Tag gibt es eine gro\u00dfe Auswahl an mediterranen Gerichten, Gem\u00fcse- und Vorspeisenbuffets, wobei der Schwerpunkt auf den <b>traditionellen Gerichten der Romagna<\/b> liegt.<\/p>\n\n\n\n<p>Und damit Sie die <b>authentische Romagna<\/b> erleben k\u00f6nnen, organisieren wir jede Woche einen Ausflug zu unserem <b>Bauernhof \u201eLa Fattoria\u201c aus dem sp\u00e4ten 19. Jahrhundert, der auf einem 120.000 m\u00b2 gro\u00dfen Grundst\u00fcck mit Olivenb\u00e4umen, Sonnenblumen und Weinbergen liegt<\/b> &#8211; ein unvergessliches Erlebnis f\u00fcr die ganze Familie.<\/p>\n","protected":false},"excerpt":{"rendered":"<p>Nur 100 Meter vom Meer mit dem goldenen Strand von Villamarina &#8211; Gatteo Mare und nur wenige Schritte vom Stadtzentrum entfernt, aber inmitten von Ruhe und Frieden, finden Sie im Hotel Sport &amp; Residenza eine wahre Oase des Friedens. Mediterrane Architektur, helle und erholsame Farben und gro\u00dfer Komfort f\u00fcr die ganze Familie: In unserem Hotel &hellip;<\/p>\n","protected":false},"author":117,"featured_media":0,"parent":94,"menu_order":0,"comment_status":"closed","ping_status":"closed","template":"page-templates\/scheda_hotel.php","meta":{"_acf_changed":false,"inline_featured_image":false,"footnotes":""},"class_list":["post-4192","page","type-page","status-publish","hentry"],"acf":[],"yoast_head":"<!-- This site is optimized with the Yoast SEO plugin v27.1 - https:\/\/yoast.com\/product\/yoast-seo-wordpress\/ -->\n<title>Hotel Sport &amp; Residenza, 3 Sterne Superior, Cesenatico<\/title>\n<meta name=\"description\" content=\"Lust auf einen Urlaub mit Ihrer Familie? Entdecken Sie die Familienangebote im Hotel Sport &amp; Residenza in Cesenatico\" \/>\n<meta name=\"robots\" content=\"index, follow, max-snippet:-1, max-image-preview:large, max-video-preview:-1\" \/>\n<link rel=\"canonical\" href=\"https:\/\/www.italyfamilyhotels.it\/de\/family-hotels\/hotel-sport-residenza-cesenatico\" \/>\n<meta property=\"og:locale\" content=\"de_DE\" \/>\n<meta property=\"og:type\" content=\"article\" \/>\n<meta property=\"og:title\" content=\"Hotel Sport &amp; Residenza, 3 Sterne Superior, Cesenatico\" \/>\n<meta property=\"og:description\" content=\"Lust auf einen Urlaub mit Ihrer Familie? Entdecken Sie die Familienangebote im Hotel Sport &amp; Residenza in Cesenatico\" \/>\n<meta property=\"og:url\" content=\"https:\/\/www.italyfamilyhotels.it\/de\/family-hotels\/hotel-sport-residenza-cesenatico\" \/>\n<meta property=\"og:site_name\" content=\"Italy Family Hotels\" \/>\n<meta property=\"article:publisher\" content=\"https:\/\/www.facebook.com\/ItalyFamilyHotels\/\" \/>\n<meta property=\"article:modified_time\" content=\"2026-04-02T09:37:47+00:00\" \/>\n<meta name=\"twitter:card\" content=\"summary_large_image\" \/>\n<meta name=\"twitter:label1\" content=\"Gesch\u00e4tzte Lesezeit\" \/>\n\t<meta name=\"twitter:data1\" content=\"1\u00a0Minute\" \/>\n<script type=\"application\/ld+json\" class=\"yoast-schema-graph\">{\"@context\":\"https:\/\/schema.org\",\"@graph\":[{\"@type\":\"WebPage\",\"@id\":\"https:\/\/www.italyfamilyhotels.it\/de\/family-hotels\/hotel-sport-residenza-cesenatico\",\"url\":\"https:\/\/www.italyfamilyhotels.it\/de\/family-hotels\/hotel-sport-residenza-cesenatico\",\"name\":\"Hotel Sport & Residenza, 3 Sterne Superior, Cesenatico\",\"isPartOf\":{\"@id\":\"https:\/\/www.italyfamilyhotels.it\/#website\"},\"datePublished\":\"2022-03-14T11:37:16+00:00\",\"dateModified\":\"2026-04-02T09:37:47+00:00\",\"description\":\"Lust auf einen Urlaub mit Ihrer Familie? Entdecken Sie die Familienangebote im Hotel Sport & Residenza in Cesenatico\",\"breadcrumb\":{\"@id\":\"https:\/\/www.italyfamilyhotels.it\/de\/family-hotels\/hotel-sport-residenza-cesenatico#breadcrumb\"},\"inLanguage\":\"de\",\"potentialAction\":[{\"@type\":\"ReadAction\",\"target\":[\"https:\/\/www.italyfamilyhotels.it\/de\/family-hotels\/hotel-sport-residenza-cesenatico\"]}]},{\"@type\":\"BreadcrumbList\",\"@id\":\"https:\/\/www.italyfamilyhotels.it\/de\/family-hotels\/hotel-sport-residenza-cesenatico#breadcrumb\",\"itemListElement\":[{\"@type\":\"ListItem\",\"position\":1,\"name\":\"Home\",\"item\":\"https:\/\/www.italyfamilyhotels.it\/de\"},{\"@type\":\"ListItem\",\"position\":2,\"name\":\"Family Hotels\",\"item\":\"https:\/\/www.italyfamilyhotels.it\/de\/family-hotels\"},{\"@type\":\"ListItem\",\"position\":3,\"name\":\"Hotel Sport &#038; Residenza\"}]},{\"@type\":\"WebSite\",\"@id\":\"https:\/\/www.italyfamilyhotels.it\/#website\",\"url\":\"https:\/\/www.italyfamilyhotels.it\/\",\"name\":\"Italy Family Hotels\",\"description\":\"\",\"potentialAction\":[{\"@type\":\"SearchAction\",\"target\":{\"@type\":\"EntryPoint\",\"urlTemplate\":\"https:\/\/www.italyfamilyhotels.it\/?s={search_term_string}\"},\"query-input\":{\"@type\":\"PropertyValueSpecification\",\"valueRequired\":true,\"valueName\":\"search_term_string\"}}],\"inLanguage\":\"de\"}]}<\/script>\n<!-- \/ Yoast SEO plugin. -->","yoast_head_json":{"title":"Hotel Sport & Residenza, 3 Sterne Superior, Cesenatico","description":"Lust auf einen Urlaub mit Ihrer Familie? Entdecken Sie die Familienangebote im Hotel Sport & Residenza in Cesenatico","robots":{"index":"index","follow":"follow","max-snippet":"max-snippet:-1","max-image-preview":"max-image-preview:large","max-video-preview":"max-video-preview:-1"},"canonical":"https:\/\/www.italyfamilyhotels.it\/de\/family-hotels\/hotel-sport-residenza-cesenatico","og_locale":"de_DE","og_type":"article","og_title":"Hotel Sport & Residenza, 3 Sterne Superior, Cesenatico","og_description":"Lust auf einen Urlaub mit Ihrer Familie? Entdecken Sie die Familienangebote im Hotel Sport & Residenza in Cesenatico","og_url":"https:\/\/www.italyfamilyhotels.it\/de\/family-hotels\/hotel-sport-residenza-cesenatico","og_site_name":"Italy Family Hotels","article_publisher":"https:\/\/www.facebook.com\/ItalyFamilyHotels\/","article_modified_time":"2026-04-02T09:37:47+00:00","twitter_card":"summary_large_image","twitter_misc":{"Gesch\u00e4tzte Lesezeit":"1\u00a0Minute"},"schema":{"@context":"https:\/\/schema.org","@graph":[{"@type":"WebPage","@id":"https:\/\/www.italyfamilyhotels.it\/de\/family-hotels\/hotel-sport-residenza-cesenatico","url":"https:\/\/www.italyfamilyhotels.it\/de\/family-hotels\/hotel-sport-residenza-cesenatico","name":"Hotel Sport & Residenza, 3 Sterne Superior, Cesenatico","isPartOf":{"@id":"https:\/\/www.italyfamilyhotels.it\/#website"},"datePublished":"2022-03-14T11:37:16+00:00","dateModified":"2026-04-02T09:37:47+00:00","description":"Lust auf einen Urlaub mit Ihrer Familie? Entdecken Sie die Familienangebote im Hotel Sport & Residenza in Cesenatico","breadcrumb":{"@id":"https:\/\/www.italyfamilyhotels.it\/de\/family-hotels\/hotel-sport-residenza-cesenatico#breadcrumb"},"inLanguage":"de","potentialAction":[{"@type":"ReadAction","target":["https:\/\/www.italyfamilyhotels.it\/de\/family-hotels\/hotel-sport-residenza-cesenatico"]}]},{"@type":"BreadcrumbList","@id":"https:\/\/www.italyfamilyhotels.it\/de\/family-hotels\/hotel-sport-residenza-cesenatico#breadcrumb","itemListElement":[{"@type":"ListItem","position":1,"name":"Home","item":"https:\/\/www.italyfamilyhotels.it\/de"},{"@type":"ListItem","position":2,"name":"Family Hotels","item":"https:\/\/www.italyfamilyhotels.it\/de\/family-hotels"},{"@type":"ListItem","position":3,"name":"Hotel Sport &#038; Residenza"}]},{"@type":"WebSite","@id":"https:\/\/www.italyfamilyhotels.it\/#website","url":"https:\/\/www.italyfamilyhotels.it\/","name":"Italy Family Hotels","description":"","potentialAction":[{"@type":"SearchAction","target":{"@type":"EntryPoint","urlTemplate":"https:\/\/www.italyfamilyhotels.it\/?s={search_term_string}"},"query-input":{"@type":"PropertyValueSpecification","valueRequired":true,"valueName":"search_term_string"}}],"inLanguage":"de"}]}},"_links":{"self":[{"href":"https:\/\/www.italyfamilyhotels.it\/de\/wp-json\/wp\/v2\/pages\/4192","targetHints":{"allow":["GET"]}}],"collection":[{"href":"https:\/\/www.italyfamilyhotels.it\/de\/wp-json\/wp\/v2\/pages"}],"about":[{"href":"https:\/\/www.italyfamilyhotels.it\/de\/wp-json\/wp\/v2\/types\/page"}],"author":[{"embeddable":true,"href":"https:\/\/www.italyfamilyhotels.it\/de\/wp-json\/wp\/v2\/users\/117"}],"replies":[{"embeddable":true,"href":"https:\/\/www.italyfamilyhotels.it\/de\/wp-json\/wp\/v2\/comments?post=4192"}],"version-history":[{"count":6,"href":"https:\/\/www.italyfamilyhotels.it\/de\/wp-json\/wp\/v2\/pages\/4192\/revisions"}],"predecessor-version":[{"id":77198,"href":"https:\/\/www.italyfamilyhotels.it\/de\/wp-json\/wp\/v2\/pages\/4192\/revisions\/77198"}],"up":[{"embeddable":true,"href":"https:\/\/www.italyfamilyhotels.it\/de\/wp-json\/wp\/v2\/pages\/94"}],"wp:attachment":[{"href":"https:\/\/www.italyfamilyhotels.it\/de\/wp-json\/wp\/v2\/media?parent=4192"}],"curies":[{"name":"wp","href":"https:\/\/api.w.org\/{rel}","templated":true}]}}