{"id":4187,"date":"2022-03-14T12:37:15","date_gmt":"2022-03-14T11:37:15","guid":{"rendered":"https:\/\/www.italyfamilyhotels.it\/family-hotels\/hotel-lungomare"},"modified":"2023-02-16T16:52:00","modified_gmt":"2023-02-16T15:52:00","slug":"hotel-lungomare-cesenatico-villamarina","status":"publish","type":"page","link":"https:\/\/www.italyfamilyhotels.it\/de\/family-hotels\/hotel-lungomare-cesenatico-villamarina","title":{"rendered":"Hotel Lungomare"},"content":{"rendered":"\n<p>Noch bevor Ihr das Hotel betreten habt, merkt Ihr den Unterschied: <b>es ist der Strand, direkt vor der T\u00fcr<\/b>, anders als bei vielen anderen Hotels. Ein Urlaub im <b>Hotel Lungomare in Cesenatico <\/b>hat etwas Einzigartiges: Euer Herz schaltet unverz\u00fcglich in den Relax-Modus, egal ob Ihr mit Euren Kindern eine sch\u00f6ne Zeit verbringen wollt, oder Rennradfahrer auf den Spuren von Marco Pantani seid. Das Hotel liegt ruhig und von Gr\u00fcn umgeben, <b>ein paar Schritte von der Fu\u00dfg\u00e4ngerzone von Villamarina,<\/b> nicht weit von<b> <\/b>den ber\u00fchmten Vergn\u00fcgungsparks der Romagna. Und es ist eine Bastion der ebenfalls ber\u00fchmten kulinarischen Tradition dieser Region. Ihr bekommt eine <b>Trinkflasche geschenkt<\/b>, die Ihr jederzeit an den Wasserspendern in jedem Stockwerk des Hotels auff\u00fcllen k\u00f6nnt, praktisch und umweltfreundlich!<\/p>\n\n\n\n<p>&#8220;<b>Halbpension&#8221; beinhaltet:<\/b><\/p>\n\n\n\n<ul class=\"wp-block-list\">\n<li>\u00dcbernachtung<\/li>\n\n\n\n<li>Reichhaltiges Fr\u00fchst\u00fcck<\/li>\n\n\n\n<li>Abendessen, Wasser inbegriffen<\/li>\n\n\n\n<li>Benutzung des Schwimmbads im Freien, Wassertemperatur 29\u00b0 C, Salz-Desinfektion, Unterwassermasage,  flache Kinderzone<\/li>\n\n\n\n<li>Trinkflasche als Geschenk, auff\u00fcllbar an den Wasserspendern in den Etagen<\/li>\n<\/ul>\n\n\n\n<p>Lassen Sie sich auch unser spezielles Entspannungspaket mit einem Eintritt in das Wellnesscenter f\u00fcr Erwachsene und auch f\u00fcr Kinder w\u00e4hrend der Family Time nicht entgehen!<\/p>\n\n\n\n<p>Bei 1 oder 2 \u00dcbernachtungen eine 30 Minuten-Massage pro Zimmer; bei 3 bis 6  \u00dcbernachtungen eine Massage f\u00fcr 2 Personen, jeweils 30 Minuten; ab 7 \u00dcbernachtungen zwei 30 Minuten-Massagen pro Person f\u00fcr zwei Personen. Die Entscheidung zwischen Strandservice und Massagen k\u00f6nnt Ihr bei der Reservierung treffen.<\/p>\n\n\n\n<p>Wenn Ihr es vorzieht, das <b>Essen <\/b>im Zimmer oder am Strand unterm Sonnenschirm einzunehmen, <b>liefern wir es dorthin. <\/b>Der Sauberkeit und Raumpflege widmen wir schon immer gr\u00f6\u00dfte Sorgfalt; Ihr k\u00f6nnt sicher sein, dass alle Bereiche stets gr\u00fcndlich desinfiziert sind.<\/p>\n","protected":false},"excerpt":{"rendered":"<p>Noch bevor Ihr das Hotel betreten habt, merkt Ihr den Unterschied: es ist der Strand, direkt vor der T\u00fcr, anders als bei vielen anderen Hotels. Ein Urlaub im Hotel Lungomare in Cesenatico hat etwas Einzigartiges: Euer Herz schaltet unverz\u00fcglich in den Relax-Modus, egal ob Ihr mit Euren Kindern eine sch\u00f6ne Zeit verbringen wollt, oder Rennradfahrer &hellip;<\/p>\n","protected":false},"author":75,"featured_media":0,"parent":94,"menu_order":0,"comment_status":"closed","ping_status":"closed","template":"page-templates\/scheda_hotel.php","meta":{"_acf_changed":false,"inline_featured_image":false,"footnotes":""},"class_list":["post-4187","page","type-page","status-publish","hentry"],"acf":[],"yoast_head":"<!-- This site is optimized with the Yoast SEO plugin v27.1 - https:\/\/yoast.com\/product\/yoast-seo-wordpress\/ -->\n<title>Hotel Lungomare 4-Sterne, Cesenatico-Villamarina<\/title>\n<meta name=\"description\" content=\"Lust auf Familienurlaub? Entdecken Sie die Familienangebote f\u00fcr Hotel Lungomare in Cesenatico-Villamarina\" \/>\n<meta name=\"robots\" content=\"index, follow, max-snippet:-1, max-image-preview:large, max-video-preview:-1\" \/>\n<link rel=\"canonical\" href=\"https:\/\/www.italyfamilyhotels.it\/de\/family-hotels\/hotel-lungomare-cesenatico-villamarina\" \/>\n<meta property=\"og:locale\" content=\"de_DE\" \/>\n<meta property=\"og:type\" content=\"article\" \/>\n<meta property=\"og:title\" content=\"Hotel Lungomare 4-Sterne, Cesenatico-Villamarina\" \/>\n<meta property=\"og:description\" content=\"Lust auf Familienurlaub? Entdecken Sie die Familienangebote f\u00fcr Hotel Lungomare in Cesenatico-Villamarina\" \/>\n<meta property=\"og:url\" content=\"https:\/\/www.italyfamilyhotels.it\/de\/family-hotels\/hotel-lungomare-cesenatico-villamarina\" \/>\n<meta property=\"og:site_name\" content=\"Italy Family Hotels\" \/>\n<meta property=\"article:publisher\" content=\"https:\/\/www.facebook.com\/ItalyFamilyHotels\/\" \/>\n<meta property=\"article:modified_time\" content=\"2023-02-16T15:52:00+00:00\" \/>\n<meta name=\"twitter:card\" content=\"summary_large_image\" \/>\n<meta name=\"twitter:label1\" content=\"Gesch\u00e4tzte Lesezeit\" \/>\n\t<meta name=\"twitter:data1\" content=\"2\u00a0Minuten\" \/>\n<script type=\"application\/ld+json\" class=\"yoast-schema-graph\">{\"@context\":\"https:\/\/schema.org\",\"@graph\":[{\"@type\":\"WebPage\",\"@id\":\"https:\/\/www.italyfamilyhotels.it\/de\/family-hotels\/hotel-lungomare-cesenatico-villamarina\",\"url\":\"https:\/\/www.italyfamilyhotels.it\/de\/family-hotels\/hotel-lungomare-cesenatico-villamarina\",\"name\":\"Hotel Lungomare 4-Sterne, Cesenatico-Villamarina\",\"isPartOf\":{\"@id\":\"https:\/\/www.italyfamilyhotels.it\/#website\"},\"datePublished\":\"2022-03-14T11:37:15+00:00\",\"dateModified\":\"2023-02-16T15:52:00+00:00\",\"description\":\"Lust auf Familienurlaub? Entdecken Sie die Familienangebote f\u00fcr Hotel Lungomare in Cesenatico-Villamarina\",\"breadcrumb\":{\"@id\":\"https:\/\/www.italyfamilyhotels.it\/de\/family-hotels\/hotel-lungomare-cesenatico-villamarina#breadcrumb\"},\"inLanguage\":\"de\",\"potentialAction\":[{\"@type\":\"ReadAction\",\"target\":[\"https:\/\/www.italyfamilyhotels.it\/de\/family-hotels\/hotel-lungomare-cesenatico-villamarina\"]}]},{\"@type\":\"BreadcrumbList\",\"@id\":\"https:\/\/www.italyfamilyhotels.it\/de\/family-hotels\/hotel-lungomare-cesenatico-villamarina#breadcrumb\",\"itemListElement\":[{\"@type\":\"ListItem\",\"position\":1,\"name\":\"Home\",\"item\":\"https:\/\/www.italyfamilyhotels.it\/de\"},{\"@type\":\"ListItem\",\"position\":2,\"name\":\"Family Hotels\",\"item\":\"https:\/\/www.italyfamilyhotels.it\/de\/family-hotels\"},{\"@type\":\"ListItem\",\"position\":3,\"name\":\"Hotel Lungomare\"}]},{\"@type\":\"WebSite\",\"@id\":\"https:\/\/www.italyfamilyhotels.it\/#website\",\"url\":\"https:\/\/www.italyfamilyhotels.it\/\",\"name\":\"Italy Family Hotels\",\"description\":\"\",\"potentialAction\":[{\"@type\":\"SearchAction\",\"target\":{\"@type\":\"EntryPoint\",\"urlTemplate\":\"https:\/\/www.italyfamilyhotels.it\/?s={search_term_string}\"},\"query-input\":{\"@type\":\"PropertyValueSpecification\",\"valueRequired\":true,\"valueName\":\"search_term_string\"}}],\"inLanguage\":\"de\"}]}<\/script>\n<!-- \/ Yoast SEO plugin. -->","yoast_head_json":{"title":"Hotel Lungomare 4-Sterne, Cesenatico-Villamarina","description":"Lust auf Familienurlaub? Entdecken Sie die Familienangebote f\u00fcr Hotel Lungomare in Cesenatico-Villamarina","robots":{"index":"index","follow":"follow","max-snippet":"max-snippet:-1","max-image-preview":"max-image-preview:large","max-video-preview":"max-video-preview:-1"},"canonical":"https:\/\/www.italyfamilyhotels.it\/de\/family-hotels\/hotel-lungomare-cesenatico-villamarina","og_locale":"de_DE","og_type":"article","og_title":"Hotel Lungomare 4-Sterne, Cesenatico-Villamarina","og_description":"Lust auf Familienurlaub? Entdecken Sie die Familienangebote f\u00fcr Hotel Lungomare in Cesenatico-Villamarina","og_url":"https:\/\/www.italyfamilyhotels.it\/de\/family-hotels\/hotel-lungomare-cesenatico-villamarina","og_site_name":"Italy Family Hotels","article_publisher":"https:\/\/www.facebook.com\/ItalyFamilyHotels\/","article_modified_time":"2023-02-16T15:52:00+00:00","twitter_card":"summary_large_image","twitter_misc":{"Gesch\u00e4tzte Lesezeit":"2\u00a0Minuten"},"schema":{"@context":"https:\/\/schema.org","@graph":[{"@type":"WebPage","@id":"https:\/\/www.italyfamilyhotels.it\/de\/family-hotels\/hotel-lungomare-cesenatico-villamarina","url":"https:\/\/www.italyfamilyhotels.it\/de\/family-hotels\/hotel-lungomare-cesenatico-villamarina","name":"Hotel Lungomare 4-Sterne, Cesenatico-Villamarina","isPartOf":{"@id":"https:\/\/www.italyfamilyhotels.it\/#website"},"datePublished":"2022-03-14T11:37:15+00:00","dateModified":"2023-02-16T15:52:00+00:00","description":"Lust auf Familienurlaub? Entdecken Sie die Familienangebote f\u00fcr Hotel Lungomare in Cesenatico-Villamarina","breadcrumb":{"@id":"https:\/\/www.italyfamilyhotels.it\/de\/family-hotels\/hotel-lungomare-cesenatico-villamarina#breadcrumb"},"inLanguage":"de","potentialAction":[{"@type":"ReadAction","target":["https:\/\/www.italyfamilyhotels.it\/de\/family-hotels\/hotel-lungomare-cesenatico-villamarina"]}]},{"@type":"BreadcrumbList","@id":"https:\/\/www.italyfamilyhotels.it\/de\/family-hotels\/hotel-lungomare-cesenatico-villamarina#breadcrumb","itemListElement":[{"@type":"ListItem","position":1,"name":"Home","item":"https:\/\/www.italyfamilyhotels.it\/de"},{"@type":"ListItem","position":2,"name":"Family Hotels","item":"https:\/\/www.italyfamilyhotels.it\/de\/family-hotels"},{"@type":"ListItem","position":3,"name":"Hotel Lungomare"}]},{"@type":"WebSite","@id":"https:\/\/www.italyfamilyhotels.it\/#website","url":"https:\/\/www.italyfamilyhotels.it\/","name":"Italy Family Hotels","description":"","potentialAction":[{"@type":"SearchAction","target":{"@type":"EntryPoint","urlTemplate":"https:\/\/www.italyfamilyhotels.it\/?s={search_term_string}"},"query-input":{"@type":"PropertyValueSpecification","valueRequired":true,"valueName":"search_term_string"}}],"inLanguage":"de"}]}},"_links":{"self":[{"href":"https:\/\/www.italyfamilyhotels.it\/de\/wp-json\/wp\/v2\/pages\/4187","targetHints":{"allow":["GET"]}}],"collection":[{"href":"https:\/\/www.italyfamilyhotels.it\/de\/wp-json\/wp\/v2\/pages"}],"about":[{"href":"https:\/\/www.italyfamilyhotels.it\/de\/wp-json\/wp\/v2\/types\/page"}],"author":[{"embeddable":true,"href":"https:\/\/www.italyfamilyhotels.it\/de\/wp-json\/wp\/v2\/users\/75"}],"replies":[{"embeddable":true,"href":"https:\/\/www.italyfamilyhotels.it\/de\/wp-json\/wp\/v2\/comments?post=4187"}],"version-history":[{"count":14,"href":"https:\/\/www.italyfamilyhotels.it\/de\/wp-json\/wp\/v2\/pages\/4187\/revisions"}],"predecessor-version":[{"id":46399,"href":"https:\/\/www.italyfamilyhotels.it\/de\/wp-json\/wp\/v2\/pages\/4187\/revisions\/46399"}],"up":[{"embeddable":true,"href":"https:\/\/www.italyfamilyhotels.it\/de\/wp-json\/wp\/v2\/pages\/94"}],"wp:attachment":[{"href":"https:\/\/www.italyfamilyhotels.it\/de\/wp-json\/wp\/v2\/media?parent=4187"}],"curies":[{"name":"wp","href":"https:\/\/api.w.org\/{rel}","templated":true}]}}