{"id":4182,"date":"2022-03-14T12:37:14","date_gmt":"2022-03-14T11:37:14","guid":{"rendered":"https:\/\/www.italyfamilyhotels.it\/family-hotels\/hotel-tiffanys"},"modified":"2025-02-20T16:30:03","modified_gmt":"2025-02-20T15:30:03","slug":"hotel-tiffanys-cattolica","status":"publish","type":"page","link":"https:\/\/www.italyfamilyhotels.it\/de\/family-hotels\/hotel-tiffanys-cattolica","title":{"rendered":"Hotel Tiffany&#8217;s"},"content":{"rendered":"\n<p>Das <b>Hotel Tiffany&#8217;s<\/b> in <b>Cattolica <\/b>empf\u00e4ngt Sie in einer familienfreundlichen Umgebung mit Ad-hoc-Serviceleistungen, einem gro\u00dfartigen, von Gr\u00fcn umgebenen <b>Au\u00dfenpool<\/b> mit zwei verschiedenen Wassertiefen und einem Whirlpool sowie einem nur 200 Schritte vom Hotel entfernten <b>Privatstrand<\/b>.<\/p>\n\n\n\n<p>Ein ganzer Spielraum, das <b>K\u00f6nigreich der Spielzeuge<\/b>, ist den Kleinen gewidmet, und ein ausgew\u00e4hlter und munterer <b>Animateurservice<\/b> k\u00fcmmert sich um Kinder ab 3 Jahren w\u00e4hrend der Vormittage und Nachmittage am Strand, danach im Hotel nach dem Mittag- und Abendessen. Aber das ist noch nicht alles! Alles f\u00fcr sie, ein Platz in unserem <b>Restaurant #congusto<\/b> mit einfachen Gerichten, die ohne Wartezeit serviert werden, so dass sie sofort wieder laufen und spielen k\u00f6nnen.<\/p>\n\n\n\n<p>Das Restaurant ist auf die <b>gehobene K\u00fcche<\/b> und die Aromen der Romagna spezialisiert und verf\u00fcgt \u00fcber einen <b>Show-Cooking-Bereich<\/b> ausschlie\u00dflich f\u00fcr Eltern und Babys. Hier bereiten wir <b>Kindernahrung<\/b> mit <b>frischen Br\u00fchen und <\/b>einer gro\u00dfen Auswahl an <b>biologischer Hipp-Babynahrung<\/b> zu.<\/p>\n\n\n\n<p><b>Fahrr\u00e4der mit Kindersitzen und <\/b>alles, was Sie f\u00fcr eine leichte Reise ben\u00f6tigen, wie <b>Kinderbett<\/b>, <b>Wickeltisch<\/b>, <b>Flaschenw\u00e4rmer<\/b> und <b>Babybadewanne<\/b>, sind ebenfalls vorhanden.<\/p>\n","protected":false},"excerpt":{"rendered":"<p>Das Hotel Tiffany&#8217;s in Cattolica empf\u00e4ngt Sie in einer familienfreundlichen Umgebung mit Ad-hoc-Serviceleistungen, einem gro\u00dfartigen, von Gr\u00fcn umgebenen Au\u00dfenpool mit zwei verschiedenen Wassertiefen und einem Whirlpool sowie einem nur 200 Schritte vom Hotel entfernten Privatstrand. Ein ganzer Spielraum, das K\u00f6nigreich der Spielzeuge, ist den Kleinen gewidmet, und ein ausgew\u00e4hlter und munterer Animateurservice k\u00fcmmert sich um &hellip;<\/p>\n","protected":false},"author":121,"featured_media":0,"parent":94,"menu_order":0,"comment_status":"closed","ping_status":"closed","template":"page-templates\/scheda_hotel.php","meta":{"_acf_changed":false,"inline_featured_image":false,"footnotes":""},"class_list":["post-4182","page","type-page","status-publish","hentry"],"acf":[],"yoast_head":"<!-- This site is optimized with the Yoast SEO plugin v27.1 - https:\/\/yoast.com\/product\/yoast-seo-wordpress\/ -->\n<title>Hotel Tiffany&#039;s, 3 Sterne, Cattolica<\/title>\n<meta name=\"description\" content=\"Lust auf Urlaub mit Ihrer Familie? Entdecken Sie die Familienangebote im Hotel Tiffany&#039;s in Cattolica\" \/>\n<meta name=\"robots\" content=\"index, follow, max-snippet:-1, max-image-preview:large, max-video-preview:-1\" \/>\n<link rel=\"canonical\" href=\"https:\/\/www.italyfamilyhotels.it\/de\/family-hotels\/hotel-tiffanys-cattolica\" \/>\n<meta property=\"og:locale\" content=\"de_DE\" \/>\n<meta property=\"og:type\" content=\"article\" \/>\n<meta property=\"og:title\" content=\"Hotel Tiffany&#039;s, 3 Sterne, Cattolica\" \/>\n<meta property=\"og:description\" content=\"Lust auf Urlaub mit Ihrer Familie? Entdecken Sie die Familienangebote im Hotel Tiffany&#039;s in Cattolica\" \/>\n<meta property=\"og:url\" content=\"https:\/\/www.italyfamilyhotels.it\/de\/family-hotels\/hotel-tiffanys-cattolica\" \/>\n<meta property=\"og:site_name\" content=\"Italy Family Hotels\" \/>\n<meta property=\"article:publisher\" content=\"https:\/\/www.facebook.com\/ItalyFamilyHotels\/\" \/>\n<meta property=\"article:modified_time\" content=\"2025-02-20T15:30:03+00:00\" \/>\n<meta name=\"twitter:card\" content=\"summary_large_image\" \/>\n<meta name=\"twitter:label1\" content=\"Gesch\u00e4tzte Lesezeit\" \/>\n\t<meta name=\"twitter:data1\" content=\"1\u00a0Minute\" \/>\n<script type=\"application\/ld+json\" class=\"yoast-schema-graph\">{\"@context\":\"https:\/\/schema.org\",\"@graph\":[{\"@type\":\"WebPage\",\"@id\":\"https:\/\/www.italyfamilyhotels.it\/de\/family-hotels\/hotel-tiffanys-cattolica\",\"url\":\"https:\/\/www.italyfamilyhotels.it\/de\/family-hotels\/hotel-tiffanys-cattolica\",\"name\":\"Hotel Tiffany's, 3 Sterne, Cattolica\",\"isPartOf\":{\"@id\":\"https:\/\/www.italyfamilyhotels.it\/#website\"},\"datePublished\":\"2022-03-14T11:37:14+00:00\",\"dateModified\":\"2025-02-20T15:30:03+00:00\",\"description\":\"Lust auf Urlaub mit Ihrer Familie? Entdecken Sie die Familienangebote im Hotel Tiffany's in Cattolica\",\"breadcrumb\":{\"@id\":\"https:\/\/www.italyfamilyhotels.it\/de\/family-hotels\/hotel-tiffanys-cattolica#breadcrumb\"},\"inLanguage\":\"de\",\"potentialAction\":[{\"@type\":\"ReadAction\",\"target\":[\"https:\/\/www.italyfamilyhotels.it\/de\/family-hotels\/hotel-tiffanys-cattolica\"]}]},{\"@type\":\"BreadcrumbList\",\"@id\":\"https:\/\/www.italyfamilyhotels.it\/de\/family-hotels\/hotel-tiffanys-cattolica#breadcrumb\",\"itemListElement\":[{\"@type\":\"ListItem\",\"position\":1,\"name\":\"Home\",\"item\":\"https:\/\/www.italyfamilyhotels.it\/de\"},{\"@type\":\"ListItem\",\"position\":2,\"name\":\"Family Hotels\",\"item\":\"https:\/\/www.italyfamilyhotels.it\/de\/family-hotels\"},{\"@type\":\"ListItem\",\"position\":3,\"name\":\"Hotel Tiffany&#8217;s\"}]},{\"@type\":\"WebSite\",\"@id\":\"https:\/\/www.italyfamilyhotels.it\/#website\",\"url\":\"https:\/\/www.italyfamilyhotels.it\/\",\"name\":\"Italy Family Hotels\",\"description\":\"\",\"potentialAction\":[{\"@type\":\"SearchAction\",\"target\":{\"@type\":\"EntryPoint\",\"urlTemplate\":\"https:\/\/www.italyfamilyhotels.it\/?s={search_term_string}\"},\"query-input\":{\"@type\":\"PropertyValueSpecification\",\"valueRequired\":true,\"valueName\":\"search_term_string\"}}],\"inLanguage\":\"de\"}]}<\/script>\n<!-- \/ Yoast SEO plugin. -->","yoast_head_json":{"title":"Hotel Tiffany's, 3 Sterne, Cattolica","description":"Lust auf Urlaub mit Ihrer Familie? Entdecken Sie die Familienangebote im Hotel Tiffany's in Cattolica","robots":{"index":"index","follow":"follow","max-snippet":"max-snippet:-1","max-image-preview":"max-image-preview:large","max-video-preview":"max-video-preview:-1"},"canonical":"https:\/\/www.italyfamilyhotels.it\/de\/family-hotels\/hotel-tiffanys-cattolica","og_locale":"de_DE","og_type":"article","og_title":"Hotel Tiffany's, 3 Sterne, Cattolica","og_description":"Lust auf Urlaub mit Ihrer Familie? Entdecken Sie die Familienangebote im Hotel Tiffany's in Cattolica","og_url":"https:\/\/www.italyfamilyhotels.it\/de\/family-hotels\/hotel-tiffanys-cattolica","og_site_name":"Italy Family Hotels","article_publisher":"https:\/\/www.facebook.com\/ItalyFamilyHotels\/","article_modified_time":"2025-02-20T15:30:03+00:00","twitter_card":"summary_large_image","twitter_misc":{"Gesch\u00e4tzte Lesezeit":"1\u00a0Minute"},"schema":{"@context":"https:\/\/schema.org","@graph":[{"@type":"WebPage","@id":"https:\/\/www.italyfamilyhotels.it\/de\/family-hotels\/hotel-tiffanys-cattolica","url":"https:\/\/www.italyfamilyhotels.it\/de\/family-hotels\/hotel-tiffanys-cattolica","name":"Hotel Tiffany's, 3 Sterne, Cattolica","isPartOf":{"@id":"https:\/\/www.italyfamilyhotels.it\/#website"},"datePublished":"2022-03-14T11:37:14+00:00","dateModified":"2025-02-20T15:30:03+00:00","description":"Lust auf Urlaub mit Ihrer Familie? Entdecken Sie die Familienangebote im Hotel Tiffany's in Cattolica","breadcrumb":{"@id":"https:\/\/www.italyfamilyhotels.it\/de\/family-hotels\/hotel-tiffanys-cattolica#breadcrumb"},"inLanguage":"de","potentialAction":[{"@type":"ReadAction","target":["https:\/\/www.italyfamilyhotels.it\/de\/family-hotels\/hotel-tiffanys-cattolica"]}]},{"@type":"BreadcrumbList","@id":"https:\/\/www.italyfamilyhotels.it\/de\/family-hotels\/hotel-tiffanys-cattolica#breadcrumb","itemListElement":[{"@type":"ListItem","position":1,"name":"Home","item":"https:\/\/www.italyfamilyhotels.it\/de"},{"@type":"ListItem","position":2,"name":"Family Hotels","item":"https:\/\/www.italyfamilyhotels.it\/de\/family-hotels"},{"@type":"ListItem","position":3,"name":"Hotel Tiffany&#8217;s"}]},{"@type":"WebSite","@id":"https:\/\/www.italyfamilyhotels.it\/#website","url":"https:\/\/www.italyfamilyhotels.it\/","name":"Italy Family Hotels","description":"","potentialAction":[{"@type":"SearchAction","target":{"@type":"EntryPoint","urlTemplate":"https:\/\/www.italyfamilyhotels.it\/?s={search_term_string}"},"query-input":{"@type":"PropertyValueSpecification","valueRequired":true,"valueName":"search_term_string"}}],"inLanguage":"de"}]}},"_links":{"self":[{"href":"https:\/\/www.italyfamilyhotels.it\/de\/wp-json\/wp\/v2\/pages\/4182","targetHints":{"allow":["GET"]}}],"collection":[{"href":"https:\/\/www.italyfamilyhotels.it\/de\/wp-json\/wp\/v2\/pages"}],"about":[{"href":"https:\/\/www.italyfamilyhotels.it\/de\/wp-json\/wp\/v2\/types\/page"}],"author":[{"embeddable":true,"href":"https:\/\/www.italyfamilyhotels.it\/de\/wp-json\/wp\/v2\/users\/121"}],"replies":[{"embeddable":true,"href":"https:\/\/www.italyfamilyhotels.it\/de\/wp-json\/wp\/v2\/comments?post=4182"}],"version-history":[{"count":9,"href":"https:\/\/www.italyfamilyhotels.it\/de\/wp-json\/wp\/v2\/pages\/4182\/revisions"}],"predecessor-version":[{"id":66414,"href":"https:\/\/www.italyfamilyhotels.it\/de\/wp-json\/wp\/v2\/pages\/4182\/revisions\/66414"}],"up":[{"embeddable":true,"href":"https:\/\/www.italyfamilyhotels.it\/de\/wp-json\/wp\/v2\/pages\/94"}],"wp:attachment":[{"href":"https:\/\/www.italyfamilyhotels.it\/de\/wp-json\/wp\/v2\/media?parent=4182"}],"curies":[{"name":"wp","href":"https:\/\/api.w.org\/{rel}","templated":true}]}}