{"id":4167,"date":"2022-03-14T12:37:12","date_gmt":"2022-03-14T11:37:12","guid":{"rendered":"https:\/\/www.italyfamilyhotels.it\/family-hotels\/ambiez-suite-hotel-family-wellness"},"modified":"2025-10-06T12:24:49","modified_gmt":"2025-10-06T10:24:49","slug":"ambiez-suite-hotel-family-wellness-andalo","status":"publish","type":"page","link":"https:\/\/www.italyfamilyhotels.it\/de\/family-hotels\/ambiez-suite-hotel-family-wellness-andalo","title":{"rendered":"Ambiez Suite Hotel Family &#038; Wellness"},"content":{"rendered":"\n<p>Wir befinden uns in <strong>Andalo auf der Hochebene der Paganella<\/strong>, mit atemberaubenden Ausblicken auf die Dolomiten. Mit offenen Armen erwarten wir Euch im <strong>Ambiez Dolomiti Family Style Hotel <\/strong>zu einem tollen Vater-Mutter-Kind-Urlaub! Jeden Raum und jede Aktion haben wir speziell f\u00fcr Euch gestaltet \u2013 Ihr steht im Mittelpunkt, ganz besonders die Kinder. Auch im <strong>Spa<\/strong>, denn <strong>Wellness <\/strong>ist eine<strong> Familienangelegenheit<\/strong> f\u00fcr uns. Kleine Prinzen und Prinzessinnen werden mit <strong>Mini-Behandlungen<\/strong> verw\u00f6hnt. Andere Anwendungen sind eigens f\u00fcr <strong>Teenager<\/strong> konzipiert. Und im <strong>beheizten Hallenbad<\/strong> mit Unterwassermassage d\u00fcrfen alle nach Herzenslust planschen.<\/p>\n\n\n\n<p>Das Animationsteam organisiert <strong>interessante Aktivit\u00e4ten f\u00fcr Kinder von 3 bis 12 Jahren<\/strong>, <strong>der Mini-Club ist jeden Tag von 8:30 bis 22:00 Uhr ge\u00f6ffnet!<\/strong><\/p>\n\n\n\n<p>Ein <strong>Raum im Inneren<\/strong>, bestens ausger\u00fcstet sowohl f\u00fcr die Kleinsten als auch f\u00fcr Heranwachsende und ein gro\u00dfer Garten sind zum <strong>Spielen<\/strong> da.<\/p>\n\n\n\n<p>Die <strong>K\u00fcche<\/strong> pflegen wir mit gr\u00f6\u00dfter Sorgfalt, von der Auswahl <strong>nat\u00fcrlicher frischer Rohstoffe<\/strong> bis zur Verarbeitung nach ausgefeilten traditionellen <strong>Trentiner<\/strong> und <strong>internationalen<\/strong> Rezepten.<strong> F\u00fcr die kleinen G\u00e4ste \u00f6ffnet das Restaurant fr\u00fcher<\/strong> und serviert ihnen leckere<strong> einfache Gerichte. <\/strong>Bitte teilt uns eventuelle <strong>Unvertr\u00e4glichkeiten<\/strong> mit, wir sorgen f\u00fcr <strong>k\u00f6stliche Alternativen!<\/strong><\/p>\n\n\n\n<p>Am Ende des Tages werdet Ihr in Eurem gem\u00fctlichen komfortablen <strong>Zimmer <\/strong>s\u00fc\u00df einschlummern. <strong>Baby-Ausr\u00fcstung<\/strong> stellen wir zur Verf\u00fcgung.<\/p>\n","protected":false},"excerpt":{"rendered":"<p>Wir befinden uns in Andalo auf der Hochebene der Paganella, mit atemberaubenden Ausblicken auf die Dolomiten. Mit offenen Armen erwarten wir Euch im Ambiez Dolomiti Family Style Hotel zu einem tollen Vater-Mutter-Kind-Urlaub! Jeden Raum und jede Aktion haben wir speziell f\u00fcr Euch gestaltet \u2013 Ihr steht im Mittelpunkt, ganz besonders die Kinder. Auch im Spa, &hellip;<\/p>\n","protected":false},"author":7,"featured_media":0,"parent":94,"menu_order":0,"comment_status":"closed","ping_status":"closed","template":"page-templates\/scheda_hotel.php","meta":{"_acf_changed":false,"inline_featured_image":false,"footnotes":""},"class_list":["post-4167","page","type-page","status-publish","hentry"],"acf":[],"yoast_head":"<!-- This site is optimized with the Yoast SEO plugin v27.1 - https:\/\/yoast.com\/product\/yoast-seo-wordpress\/ -->\n<title>Ambiez Suite Hotel Family &amp; Wellness 4-Sterne, Andalo<\/title>\n<meta name=\"description\" content=\"Lust auf Familienurlaub? Entdecken Sie die Familienangebote f\u00fcr Ambiez Suite Hotel Family &amp; Wellness in Andalo\" \/>\n<meta name=\"robots\" content=\"index, follow, max-snippet:-1, max-image-preview:large, max-video-preview:-1\" \/>\n<link rel=\"canonical\" href=\"https:\/\/www.italyfamilyhotels.it\/de\/family-hotels\/ambiez-suite-hotel-family-wellness-andalo\" \/>\n<meta property=\"og:locale\" content=\"de_DE\" \/>\n<meta property=\"og:type\" content=\"article\" \/>\n<meta property=\"og:title\" content=\"Ambiez Suite Hotel Family &amp; Wellness 4-Sterne, Andalo\" \/>\n<meta property=\"og:description\" content=\"Lust auf Familienurlaub? Entdecken Sie die Familienangebote f\u00fcr Ambiez Suite Hotel Family &amp; Wellness in Andalo\" \/>\n<meta property=\"og:url\" content=\"https:\/\/www.italyfamilyhotels.it\/de\/family-hotels\/ambiez-suite-hotel-family-wellness-andalo\" \/>\n<meta property=\"og:site_name\" content=\"Italy Family Hotels\" \/>\n<meta property=\"article:publisher\" content=\"https:\/\/www.facebook.com\/ItalyFamilyHotels\/\" \/>\n<meta property=\"article:modified_time\" content=\"2025-10-06T10:24:49+00:00\" \/>\n<meta name=\"twitter:card\" content=\"summary_large_image\" \/>\n<meta name=\"twitter:label1\" content=\"Gesch\u00e4tzte Lesezeit\" \/>\n\t<meta name=\"twitter:data1\" content=\"2\u00a0Minuten\" \/>\n<script type=\"application\/ld+json\" class=\"yoast-schema-graph\">{\"@context\":\"https:\/\/schema.org\",\"@graph\":[{\"@type\":\"WebPage\",\"@id\":\"https:\/\/www.italyfamilyhotels.it\/de\/family-hotels\/ambiez-suite-hotel-family-wellness-andalo\",\"url\":\"https:\/\/www.italyfamilyhotels.it\/de\/family-hotels\/ambiez-suite-hotel-family-wellness-andalo\",\"name\":\"Ambiez Suite Hotel Family & Wellness 4-Sterne, Andalo\",\"isPartOf\":{\"@id\":\"https:\/\/www.italyfamilyhotels.it\/#website\"},\"datePublished\":\"2022-03-14T11:37:12+00:00\",\"dateModified\":\"2025-10-06T10:24:49+00:00\",\"description\":\"Lust auf Familienurlaub? Entdecken Sie die Familienangebote f\u00fcr Ambiez Suite Hotel Family & Wellness in Andalo\",\"breadcrumb\":{\"@id\":\"https:\/\/www.italyfamilyhotels.it\/de\/family-hotels\/ambiez-suite-hotel-family-wellness-andalo#breadcrumb\"},\"inLanguage\":\"de\",\"potentialAction\":[{\"@type\":\"ReadAction\",\"target\":[\"https:\/\/www.italyfamilyhotels.it\/de\/family-hotels\/ambiez-suite-hotel-family-wellness-andalo\"]}]},{\"@type\":\"BreadcrumbList\",\"@id\":\"https:\/\/www.italyfamilyhotels.it\/de\/family-hotels\/ambiez-suite-hotel-family-wellness-andalo#breadcrumb\",\"itemListElement\":[{\"@type\":\"ListItem\",\"position\":1,\"name\":\"Home\",\"item\":\"https:\/\/www.italyfamilyhotels.it\/de\"},{\"@type\":\"ListItem\",\"position\":2,\"name\":\"Family Hotels\",\"item\":\"https:\/\/www.italyfamilyhotels.it\/de\/family-hotels\"},{\"@type\":\"ListItem\",\"position\":3,\"name\":\"Ambiez Suite Hotel Family &#038; Wellness\"}]},{\"@type\":\"WebSite\",\"@id\":\"https:\/\/www.italyfamilyhotels.it\/#website\",\"url\":\"https:\/\/www.italyfamilyhotels.it\/\",\"name\":\"Italy Family Hotels\",\"description\":\"\",\"potentialAction\":[{\"@type\":\"SearchAction\",\"target\":{\"@type\":\"EntryPoint\",\"urlTemplate\":\"https:\/\/www.italyfamilyhotels.it\/?s={search_term_string}\"},\"query-input\":{\"@type\":\"PropertyValueSpecification\",\"valueRequired\":true,\"valueName\":\"search_term_string\"}}],\"inLanguage\":\"de\"}]}<\/script>\n<!-- \/ Yoast SEO plugin. -->","yoast_head_json":{"title":"Ambiez Suite Hotel Family & Wellness 4-Sterne, Andalo","description":"Lust auf Familienurlaub? Entdecken Sie die Familienangebote f\u00fcr Ambiez Suite Hotel Family & Wellness in Andalo","robots":{"index":"index","follow":"follow","max-snippet":"max-snippet:-1","max-image-preview":"max-image-preview:large","max-video-preview":"max-video-preview:-1"},"canonical":"https:\/\/www.italyfamilyhotels.it\/de\/family-hotels\/ambiez-suite-hotel-family-wellness-andalo","og_locale":"de_DE","og_type":"article","og_title":"Ambiez Suite Hotel Family & Wellness 4-Sterne, Andalo","og_description":"Lust auf Familienurlaub? Entdecken Sie die Familienangebote f\u00fcr Ambiez Suite Hotel Family & Wellness in Andalo","og_url":"https:\/\/www.italyfamilyhotels.it\/de\/family-hotels\/ambiez-suite-hotel-family-wellness-andalo","og_site_name":"Italy Family Hotels","article_publisher":"https:\/\/www.facebook.com\/ItalyFamilyHotels\/","article_modified_time":"2025-10-06T10:24:49+00:00","twitter_card":"summary_large_image","twitter_misc":{"Gesch\u00e4tzte Lesezeit":"2\u00a0Minuten"},"schema":{"@context":"https:\/\/schema.org","@graph":[{"@type":"WebPage","@id":"https:\/\/www.italyfamilyhotels.it\/de\/family-hotels\/ambiez-suite-hotel-family-wellness-andalo","url":"https:\/\/www.italyfamilyhotels.it\/de\/family-hotels\/ambiez-suite-hotel-family-wellness-andalo","name":"Ambiez Suite Hotel Family & Wellness 4-Sterne, Andalo","isPartOf":{"@id":"https:\/\/www.italyfamilyhotels.it\/#website"},"datePublished":"2022-03-14T11:37:12+00:00","dateModified":"2025-10-06T10:24:49+00:00","description":"Lust auf Familienurlaub? Entdecken Sie die Familienangebote f\u00fcr Ambiez Suite Hotel Family & Wellness in Andalo","breadcrumb":{"@id":"https:\/\/www.italyfamilyhotels.it\/de\/family-hotels\/ambiez-suite-hotel-family-wellness-andalo#breadcrumb"},"inLanguage":"de","potentialAction":[{"@type":"ReadAction","target":["https:\/\/www.italyfamilyhotels.it\/de\/family-hotels\/ambiez-suite-hotel-family-wellness-andalo"]}]},{"@type":"BreadcrumbList","@id":"https:\/\/www.italyfamilyhotels.it\/de\/family-hotels\/ambiez-suite-hotel-family-wellness-andalo#breadcrumb","itemListElement":[{"@type":"ListItem","position":1,"name":"Home","item":"https:\/\/www.italyfamilyhotels.it\/de"},{"@type":"ListItem","position":2,"name":"Family Hotels","item":"https:\/\/www.italyfamilyhotels.it\/de\/family-hotels"},{"@type":"ListItem","position":3,"name":"Ambiez Suite Hotel Family &#038; Wellness"}]},{"@type":"WebSite","@id":"https:\/\/www.italyfamilyhotels.it\/#website","url":"https:\/\/www.italyfamilyhotels.it\/","name":"Italy Family Hotels","description":"","potentialAction":[{"@type":"SearchAction","target":{"@type":"EntryPoint","urlTemplate":"https:\/\/www.italyfamilyhotels.it\/?s={search_term_string}"},"query-input":{"@type":"PropertyValueSpecification","valueRequired":true,"valueName":"search_term_string"}}],"inLanguage":"de"}]}},"_links":{"self":[{"href":"https:\/\/www.italyfamilyhotels.it\/de\/wp-json\/wp\/v2\/pages\/4167","targetHints":{"allow":["GET"]}}],"collection":[{"href":"https:\/\/www.italyfamilyhotels.it\/de\/wp-json\/wp\/v2\/pages"}],"about":[{"href":"https:\/\/www.italyfamilyhotels.it\/de\/wp-json\/wp\/v2\/types\/page"}],"author":[{"embeddable":true,"href":"https:\/\/www.italyfamilyhotels.it\/de\/wp-json\/wp\/v2\/users\/7"}],"replies":[{"embeddable":true,"href":"https:\/\/www.italyfamilyhotels.it\/de\/wp-json\/wp\/v2\/comments?post=4167"}],"version-history":[{"count":27,"href":"https:\/\/www.italyfamilyhotels.it\/de\/wp-json\/wp\/v2\/pages\/4167\/revisions"}],"predecessor-version":[{"id":71593,"href":"https:\/\/www.italyfamilyhotels.it\/de\/wp-json\/wp\/v2\/pages\/4167\/revisions\/71593"}],"up":[{"embeddable":true,"href":"https:\/\/www.italyfamilyhotels.it\/de\/wp-json\/wp\/v2\/pages\/94"}],"wp:attachment":[{"href":"https:\/\/www.italyfamilyhotels.it\/de\/wp-json\/wp\/v2\/media?parent=4167"}],"curies":[{"name":"wp","href":"https:\/\/api.w.org\/{rel}","templated":true}]}}