{"id":4152,"date":"2022-03-14T12:37:09","date_gmt":"2022-03-14T11:37:09","guid":{"rendered":"https:\/\/www.italyfamilyhotels.it\/family-hotels\/hotel-zurigo"},"modified":"2023-06-15T16:55:40","modified_gmt":"2023-06-15T14:55:40","slug":"hotel-zurigo-varazze","status":"publish","type":"page","link":"https:\/\/www.italyfamilyhotels.it\/de\/family-hotels\/hotel-zurigo-varazze","title":{"rendered":"Hotel Zurigo"},"content":{"rendered":"\n<p>Es ist der Duft von Palmen, Olivenhainen und Meeresluft, der Sie zum <b>Hotel Zurigo in Varazze<\/b> f\u00fchrt &#8211; nur <b>100 Meter vom Meer<\/b> und der <b>Promenade Lungomare Europa<\/b> entfernt &#8211; wo Sie von einer unbeschwerten Urlaubsatmosph\u00e4re und allen f\u00fcr Ihre Familie bereitgestellten Serviceleistungen in den Bann gezogen werden.<\/p>\n\n\n\n<p>Ein kurzer Spaziergang durch die farbenfrohen Gassen von Varazze f\u00fchrt Sie zum <b>Strand f\u00fcr unsere G\u00e4ste mit Swimmingpool<\/b>, wo Sie unvergessliche Momente mit Ihren Kindern verbringen k\u00f6nnen. F\u00fcr die Kleinen gibt es au\u00dferdem das <b>\u201eParadiso di Manu e Dede\u201c<\/b>, den bunten und weichen Spielbereich mit allem, was sie zum Basteln, Malen und zur Unterhaltung der Kleinsten brauchen. Au\u00dferdem gibt es <b>t\u00e4glich Animation f\u00fcr Kinder von 4 bis 12<\/b> Jahren.<\/p>\n\n\n\n<p>Die k\u00f6stliche K\u00fcche mit <b>Produkten aus unserer Region<\/b> wird Ihren Urlaub mit dem echten Geschmack Liguriens bereichern! Wir bereiten <b>Kindermen\u00fcs<\/b> mit gesunden und schmackhaften Gerichten zu; au\u00dferdem ist der Koch immer zur Stelle, um frischgebackene Eltern <b>mit allem zu unterst\u00fctzen, was sie f\u00fcr zum Abstillen brauchen<\/b>. Au\u00dferdem k\u00f6nnen Sie dank der <strong>Halbpension<\/strong> die<strong> Tage in v\u00f6lliger Freiheit <\/strong>genie\u00dfen und <strong>ohne zeitliche Zw\u00e4nge <\/strong>am Strand entspannen oder mit Ihren Kindern Ausfl\u00fcge machen, um die Gegend zu entdecken.<\/p>\n\n\n\n<p>F\u00fcr eine unbeschwerten Urlaub bieten wir Ihnen im <b>Zimmer und im Speisesaal Babyausstattung <\/b>wie Kinderbesteck, Hochst\u00fchle, bunte Tischsets, Babybadewannen, Rausfallschutz, Flaschenw\u00e4rmer, Wickeltische.<\/p>\n","protected":false},"excerpt":{"rendered":"<p>Es ist der Duft von Palmen, Olivenhainen und Meeresluft, der Sie zum Hotel Zurigo in Varazze f\u00fchrt &#8211; nur 100 Meter vom Meer und der Promenade Lungomare Europa entfernt &#8211; wo Sie von einer unbeschwerten Urlaubsatmosph\u00e4re und allen f\u00fcr Ihre Familie bereitgestellten Serviceleistungen in den Bann gezogen werden. Ein kurzer Spaziergang durch die farbenfrohen Gassen &hellip;<\/p>\n","protected":false},"author":123,"featured_media":0,"parent":94,"menu_order":0,"comment_status":"closed","ping_status":"closed","template":"page-templates\/scheda_hotel.php","meta":{"_acf_changed":false,"inline_featured_image":false,"footnotes":""},"class_list":["post-4152","page","type-page","status-publish","hentry"],"acf":[],"yoast_head":"<!-- This site is optimized with the Yoast SEO plugin v27.1 - https:\/\/yoast.com\/product\/yoast-seo-wordpress\/ -->\n<title>Hotel Zurigo, 3 Sterne, Varazze<\/title>\n<meta name=\"description\" content=\"Lust auf Urlaub mit Ihrer Familie? Entdecken Sie die Familienangebote im Hotel Zurigo in Varazze\" \/>\n<meta name=\"robots\" content=\"index, follow, max-snippet:-1, max-image-preview:large, max-video-preview:-1\" \/>\n<link rel=\"canonical\" href=\"https:\/\/www.italyfamilyhotels.it\/de\/family-hotels\/hotel-zurigo-varazze\" \/>\n<meta property=\"og:locale\" content=\"de_DE\" \/>\n<meta property=\"og:type\" content=\"article\" \/>\n<meta property=\"og:title\" content=\"Hotel Zurigo, 3 Sterne, Varazze\" \/>\n<meta property=\"og:description\" content=\"Lust auf Urlaub mit Ihrer Familie? Entdecken Sie die Familienangebote im Hotel Zurigo in Varazze\" \/>\n<meta property=\"og:url\" content=\"https:\/\/www.italyfamilyhotels.it\/de\/family-hotels\/hotel-zurigo-varazze\" \/>\n<meta property=\"og:site_name\" content=\"Italy Family Hotels\" \/>\n<meta property=\"article:publisher\" content=\"https:\/\/www.facebook.com\/ItalyFamilyHotels\/\" \/>\n<meta property=\"article:modified_time\" content=\"2023-06-15T14:55:40+00:00\" \/>\n<meta name=\"twitter:card\" content=\"summary_large_image\" \/>\n<meta name=\"twitter:label1\" content=\"Gesch\u00e4tzte Lesezeit\" \/>\n\t<meta name=\"twitter:data1\" content=\"1\u00a0Minute\" \/>\n<script type=\"application\/ld+json\" class=\"yoast-schema-graph\">{\"@context\":\"https:\/\/schema.org\",\"@graph\":[{\"@type\":\"WebPage\",\"@id\":\"https:\/\/www.italyfamilyhotels.it\/de\/family-hotels\/hotel-zurigo-varazze\",\"url\":\"https:\/\/www.italyfamilyhotels.it\/de\/family-hotels\/hotel-zurigo-varazze\",\"name\":\"Hotel Zurigo, 3 Sterne, Varazze\",\"isPartOf\":{\"@id\":\"https:\/\/www.italyfamilyhotels.it\/#website\"},\"datePublished\":\"2022-03-14T11:37:09+00:00\",\"dateModified\":\"2023-06-15T14:55:40+00:00\",\"description\":\"Lust auf Urlaub mit Ihrer Familie? Entdecken Sie die Familienangebote im Hotel Zurigo in Varazze\",\"breadcrumb\":{\"@id\":\"https:\/\/www.italyfamilyhotels.it\/de\/family-hotels\/hotel-zurigo-varazze#breadcrumb\"},\"inLanguage\":\"de\",\"potentialAction\":[{\"@type\":\"ReadAction\",\"target\":[\"https:\/\/www.italyfamilyhotels.it\/de\/family-hotels\/hotel-zurigo-varazze\"]}]},{\"@type\":\"BreadcrumbList\",\"@id\":\"https:\/\/www.italyfamilyhotels.it\/de\/family-hotels\/hotel-zurigo-varazze#breadcrumb\",\"itemListElement\":[{\"@type\":\"ListItem\",\"position\":1,\"name\":\"Home\",\"item\":\"https:\/\/www.italyfamilyhotels.it\/de\"},{\"@type\":\"ListItem\",\"position\":2,\"name\":\"Family Hotels\",\"item\":\"https:\/\/www.italyfamilyhotels.it\/de\/family-hotels\"},{\"@type\":\"ListItem\",\"position\":3,\"name\":\"Hotel Zurigo\"}]},{\"@type\":\"WebSite\",\"@id\":\"https:\/\/www.italyfamilyhotels.it\/#website\",\"url\":\"https:\/\/www.italyfamilyhotels.it\/\",\"name\":\"Italy Family Hotels\",\"description\":\"\",\"potentialAction\":[{\"@type\":\"SearchAction\",\"target\":{\"@type\":\"EntryPoint\",\"urlTemplate\":\"https:\/\/www.italyfamilyhotels.it\/?s={search_term_string}\"},\"query-input\":{\"@type\":\"PropertyValueSpecification\",\"valueRequired\":true,\"valueName\":\"search_term_string\"}}],\"inLanguage\":\"de\"}]}<\/script>\n<!-- \/ Yoast SEO plugin. -->","yoast_head_json":{"title":"Hotel Zurigo, 3 Sterne, Varazze","description":"Lust auf Urlaub mit Ihrer Familie? Entdecken Sie die Familienangebote im Hotel Zurigo in Varazze","robots":{"index":"index","follow":"follow","max-snippet":"max-snippet:-1","max-image-preview":"max-image-preview:large","max-video-preview":"max-video-preview:-1"},"canonical":"https:\/\/www.italyfamilyhotels.it\/de\/family-hotels\/hotel-zurigo-varazze","og_locale":"de_DE","og_type":"article","og_title":"Hotel Zurigo, 3 Sterne, Varazze","og_description":"Lust auf Urlaub mit Ihrer Familie? Entdecken Sie die Familienangebote im Hotel Zurigo in Varazze","og_url":"https:\/\/www.italyfamilyhotels.it\/de\/family-hotels\/hotel-zurigo-varazze","og_site_name":"Italy Family Hotels","article_publisher":"https:\/\/www.facebook.com\/ItalyFamilyHotels\/","article_modified_time":"2023-06-15T14:55:40+00:00","twitter_card":"summary_large_image","twitter_misc":{"Gesch\u00e4tzte Lesezeit":"1\u00a0Minute"},"schema":{"@context":"https:\/\/schema.org","@graph":[{"@type":"WebPage","@id":"https:\/\/www.italyfamilyhotels.it\/de\/family-hotels\/hotel-zurigo-varazze","url":"https:\/\/www.italyfamilyhotels.it\/de\/family-hotels\/hotel-zurigo-varazze","name":"Hotel Zurigo, 3 Sterne, Varazze","isPartOf":{"@id":"https:\/\/www.italyfamilyhotels.it\/#website"},"datePublished":"2022-03-14T11:37:09+00:00","dateModified":"2023-06-15T14:55:40+00:00","description":"Lust auf Urlaub mit Ihrer Familie? Entdecken Sie die Familienangebote im Hotel Zurigo in Varazze","breadcrumb":{"@id":"https:\/\/www.italyfamilyhotels.it\/de\/family-hotels\/hotel-zurigo-varazze#breadcrumb"},"inLanguage":"de","potentialAction":[{"@type":"ReadAction","target":["https:\/\/www.italyfamilyhotels.it\/de\/family-hotels\/hotel-zurigo-varazze"]}]},{"@type":"BreadcrumbList","@id":"https:\/\/www.italyfamilyhotels.it\/de\/family-hotels\/hotel-zurigo-varazze#breadcrumb","itemListElement":[{"@type":"ListItem","position":1,"name":"Home","item":"https:\/\/www.italyfamilyhotels.it\/de"},{"@type":"ListItem","position":2,"name":"Family Hotels","item":"https:\/\/www.italyfamilyhotels.it\/de\/family-hotels"},{"@type":"ListItem","position":3,"name":"Hotel Zurigo"}]},{"@type":"WebSite","@id":"https:\/\/www.italyfamilyhotels.it\/#website","url":"https:\/\/www.italyfamilyhotels.it\/","name":"Italy Family Hotels","description":"","potentialAction":[{"@type":"SearchAction","target":{"@type":"EntryPoint","urlTemplate":"https:\/\/www.italyfamilyhotels.it\/?s={search_term_string}"},"query-input":{"@type":"PropertyValueSpecification","valueRequired":true,"valueName":"search_term_string"}}],"inLanguage":"de"}]}},"_links":{"self":[{"href":"https:\/\/www.italyfamilyhotels.it\/de\/wp-json\/wp\/v2\/pages\/4152","targetHints":{"allow":["GET"]}}],"collection":[{"href":"https:\/\/www.italyfamilyhotels.it\/de\/wp-json\/wp\/v2\/pages"}],"about":[{"href":"https:\/\/www.italyfamilyhotels.it\/de\/wp-json\/wp\/v2\/types\/page"}],"author":[{"embeddable":true,"href":"https:\/\/www.italyfamilyhotels.it\/de\/wp-json\/wp\/v2\/users\/123"}],"replies":[{"embeddable":true,"href":"https:\/\/www.italyfamilyhotels.it\/de\/wp-json\/wp\/v2\/comments?post=4152"}],"version-history":[{"count":11,"href":"https:\/\/www.italyfamilyhotels.it\/de\/wp-json\/wp\/v2\/pages\/4152\/revisions"}],"predecessor-version":[{"id":50053,"href":"https:\/\/www.italyfamilyhotels.it\/de\/wp-json\/wp\/v2\/pages\/4152\/revisions\/50053"}],"up":[{"embeddable":true,"href":"https:\/\/www.italyfamilyhotels.it\/de\/wp-json\/wp\/v2\/pages\/94"}],"wp:attachment":[{"href":"https:\/\/www.italyfamilyhotels.it\/de\/wp-json\/wp\/v2\/media?parent=4152"}],"curies":[{"name":"wp","href":"https:\/\/api.w.org\/{rel}","templated":true}]}}