{"id":4147,"date":"2022-03-14T12:37:09","date_gmt":"2022-03-14T11:37:09","guid":{"rendered":"https:\/\/www.italyfamilyhotels.it\/family-hotels\/hotel-roxybeach"},"modified":"2025-03-03T13:20:46","modified_gmt":"2025-03-03T12:20:46","slug":"hotel-roxybeach-cesenatico","status":"publish","type":"page","link":"https:\/\/www.italyfamilyhotels.it\/de\/family-hotels\/hotel-roxybeach-cesenatico","title":{"rendered":"Hotel Roxy&#038;Beach"},"content":{"rendered":"\n<p>Ein herzlicher famili\u00e4rer Empfang, ein ohne Stra\u00dfen\u00fcberquerung zu erreichender <b>Privatstrand<\/b>, ein kinderfreundlicher <b>Au\u00dfenpool<\/b> mit zwei Wassertiefen und <b>Animation <\/b>sowohl am Strand als auch im Hotel sind die Kennzeichen eines typischen Urlaubs im <b>Hotel Roxy &amp; Beach<\/b> in <b>Cesenatico<\/b>.<\/p>\n\n\n\n<p>Wir m\u00f6chten die ganze Familie verw\u00f6hnen, deshalb k\u00fcmmert sich unser Miniclub<b> <\/b>um die Kinder mit lustigen Aktivit\u00e4ten wie <b>Spielen im Pool<\/b>, <b>Turnieren am Strand<\/b> oder <b>Kreativ-Workshops im Hotel<\/b>, w\u00e4hrend Mama und Papa sich wohlverdiente Momente der Entspannung unter dem Sonnenschirm g\u00f6nnen oder an Aktivit\u00e4ten wie <b>Morgengymnastik und<\/b> <b>Unterricht in Wasserski<\/b>, <b>Segeln<\/b>, <b>Paragliding<\/b> und <b>Windsurfen <\/b>im nahe gelegenen Segelzentrum von Cesenatico teilnehmen.<\/p>\n\n\n\n<p>Und dann das kulinarische Erlebnis&#8230; all das Gute der <b>Tradition der Romagna<\/b>, mit einer Prise <b>nationaler Spitzenk\u00fcche<\/b>, basierend auf <b>hochwertigen Zutaten und<\/b> <b>Produkten aus der unmittelbaren Umgebung<\/b> von lokalen Bauern und Viehz\u00fcchtern. Wir haben auch einen <b>Kr\u00e4utergarten<\/b>, in dem wir die Gew\u00fcrze f\u00fcr unsere Gerichte anbauen.<\/p>\n\n\n\n<p>Die Schlafenszeit bei uns ist etwas Besonderes: Sie werden vom Rauschen der Meereswellen eingelullt, in <b>gem\u00fctlichen<\/b>, <b>ger\u00e4umigen<\/b> und <b>hellen Zimmern<\/b>, immer mit seitlichem oder frontalem <b>Meerblick<\/b>, der ideale Ort, um sich auszuruhen und neue Energie zu tanken. Hier finden Sie alles, was Sie zum Reisen mit leichtem Gep\u00e4ck brauchen, wie Babybetten, Rausfallschutz, Wickeltische und Flaschenw\u00e4rmer.<\/p>\n","protected":false},"excerpt":{"rendered":"<p>Ein herzlicher famili\u00e4rer Empfang, ein ohne Stra\u00dfen\u00fcberquerung zu erreichender Privatstrand, ein kinderfreundlicher Au\u00dfenpool mit zwei Wassertiefen und Animation sowohl am Strand als auch im Hotel sind die Kennzeichen eines typischen Urlaubs im Hotel Roxy &amp; Beach in Cesenatico. Wir m\u00f6chten die ganze Familie verw\u00f6hnen, deshalb k\u00fcmmert sich unser Miniclub um die Kinder mit lustigen Aktivit\u00e4ten &hellip;<\/p>\n","protected":false},"author":107,"featured_media":0,"parent":94,"menu_order":0,"comment_status":"closed","ping_status":"closed","template":"page-templates\/scheda_hotel.php","meta":{"_acf_changed":false,"inline_featured_image":false,"footnotes":""},"class_list":["post-4147","page","type-page","status-publish","hentry"],"acf":[],"yoast_head":"<!-- This site is optimized with the Yoast SEO plugin v27.1 - https:\/\/yoast.com\/product\/yoast-seo-wordpress\/ -->\n<title>Hotel Roxy&amp;Beach, 3 Sterne, Cesenatico<\/title>\n<meta name=\"description\" content=\"Lust auf Urlaub mit Ihrer Familie? Entdecken Sie die Familienangebote im Hotel Roxy&amp;Beach in Cesenatico\" \/>\n<meta name=\"robots\" content=\"index, follow, max-snippet:-1, max-image-preview:large, max-video-preview:-1\" \/>\n<link rel=\"canonical\" href=\"https:\/\/www.italyfamilyhotels.it\/de\/family-hotels\/hotel-roxybeach-cesenatico\" \/>\n<meta property=\"og:locale\" content=\"de_DE\" \/>\n<meta property=\"og:type\" content=\"article\" \/>\n<meta property=\"og:title\" content=\"Hotel Roxy&amp;Beach, 3 Sterne, Cesenatico\" \/>\n<meta property=\"og:description\" content=\"Lust auf Urlaub mit Ihrer Familie? Entdecken Sie die Familienangebote im Hotel Roxy&amp;Beach in Cesenatico\" \/>\n<meta property=\"og:url\" content=\"https:\/\/www.italyfamilyhotels.it\/de\/family-hotels\/hotel-roxybeach-cesenatico\" \/>\n<meta property=\"og:site_name\" content=\"Italy Family Hotels\" \/>\n<meta property=\"article:publisher\" content=\"https:\/\/www.facebook.com\/ItalyFamilyHotels\/\" \/>\n<meta property=\"article:modified_time\" content=\"2025-03-03T12:20:46+00:00\" \/>\n<meta name=\"twitter:card\" content=\"summary_large_image\" \/>\n<meta name=\"twitter:label1\" content=\"Gesch\u00e4tzte Lesezeit\" \/>\n\t<meta name=\"twitter:data1\" content=\"1\u00a0Minute\" \/>\n<script type=\"application\/ld+json\" class=\"yoast-schema-graph\">{\"@context\":\"https:\/\/schema.org\",\"@graph\":[{\"@type\":\"WebPage\",\"@id\":\"https:\/\/www.italyfamilyhotels.it\/de\/family-hotels\/hotel-roxybeach-cesenatico\",\"url\":\"https:\/\/www.italyfamilyhotels.it\/de\/family-hotels\/hotel-roxybeach-cesenatico\",\"name\":\"Hotel Roxy&Beach, 3 Sterne, Cesenatico\",\"isPartOf\":{\"@id\":\"https:\/\/www.italyfamilyhotels.it\/#website\"},\"datePublished\":\"2022-03-14T11:37:09+00:00\",\"dateModified\":\"2025-03-03T12:20:46+00:00\",\"description\":\"Lust auf Urlaub mit Ihrer Familie? Entdecken Sie die Familienangebote im Hotel Roxy&Beach in Cesenatico\",\"breadcrumb\":{\"@id\":\"https:\/\/www.italyfamilyhotels.it\/de\/family-hotels\/hotel-roxybeach-cesenatico#breadcrumb\"},\"inLanguage\":\"de\",\"potentialAction\":[{\"@type\":\"ReadAction\",\"target\":[\"https:\/\/www.italyfamilyhotels.it\/de\/family-hotels\/hotel-roxybeach-cesenatico\"]}]},{\"@type\":\"BreadcrumbList\",\"@id\":\"https:\/\/www.italyfamilyhotels.it\/de\/family-hotels\/hotel-roxybeach-cesenatico#breadcrumb\",\"itemListElement\":[{\"@type\":\"ListItem\",\"position\":1,\"name\":\"Home\",\"item\":\"https:\/\/www.italyfamilyhotels.it\/de\"},{\"@type\":\"ListItem\",\"position\":2,\"name\":\"Family Hotels\",\"item\":\"https:\/\/www.italyfamilyhotels.it\/de\/family-hotels\"},{\"@type\":\"ListItem\",\"position\":3,\"name\":\"Hotel Roxy&#038;Beach\"}]},{\"@type\":\"WebSite\",\"@id\":\"https:\/\/www.italyfamilyhotels.it\/#website\",\"url\":\"https:\/\/www.italyfamilyhotels.it\/\",\"name\":\"Italy Family Hotels\",\"description\":\"\",\"potentialAction\":[{\"@type\":\"SearchAction\",\"target\":{\"@type\":\"EntryPoint\",\"urlTemplate\":\"https:\/\/www.italyfamilyhotels.it\/?s={search_term_string}\"},\"query-input\":{\"@type\":\"PropertyValueSpecification\",\"valueRequired\":true,\"valueName\":\"search_term_string\"}}],\"inLanguage\":\"de\"}]}<\/script>\n<!-- \/ Yoast SEO plugin. -->","yoast_head_json":{"title":"Hotel Roxy&Beach, 3 Sterne, Cesenatico","description":"Lust auf Urlaub mit Ihrer Familie? Entdecken Sie die Familienangebote im Hotel Roxy&Beach in Cesenatico","robots":{"index":"index","follow":"follow","max-snippet":"max-snippet:-1","max-image-preview":"max-image-preview:large","max-video-preview":"max-video-preview:-1"},"canonical":"https:\/\/www.italyfamilyhotels.it\/de\/family-hotels\/hotel-roxybeach-cesenatico","og_locale":"de_DE","og_type":"article","og_title":"Hotel Roxy&Beach, 3 Sterne, Cesenatico","og_description":"Lust auf Urlaub mit Ihrer Familie? Entdecken Sie die Familienangebote im Hotel Roxy&Beach in Cesenatico","og_url":"https:\/\/www.italyfamilyhotels.it\/de\/family-hotels\/hotel-roxybeach-cesenatico","og_site_name":"Italy Family Hotels","article_publisher":"https:\/\/www.facebook.com\/ItalyFamilyHotels\/","article_modified_time":"2025-03-03T12:20:46+00:00","twitter_card":"summary_large_image","twitter_misc":{"Gesch\u00e4tzte Lesezeit":"1\u00a0Minute"},"schema":{"@context":"https:\/\/schema.org","@graph":[{"@type":"WebPage","@id":"https:\/\/www.italyfamilyhotels.it\/de\/family-hotels\/hotel-roxybeach-cesenatico","url":"https:\/\/www.italyfamilyhotels.it\/de\/family-hotels\/hotel-roxybeach-cesenatico","name":"Hotel Roxy&Beach, 3 Sterne, Cesenatico","isPartOf":{"@id":"https:\/\/www.italyfamilyhotels.it\/#website"},"datePublished":"2022-03-14T11:37:09+00:00","dateModified":"2025-03-03T12:20:46+00:00","description":"Lust auf Urlaub mit Ihrer Familie? Entdecken Sie die Familienangebote im Hotel Roxy&Beach in Cesenatico","breadcrumb":{"@id":"https:\/\/www.italyfamilyhotels.it\/de\/family-hotels\/hotel-roxybeach-cesenatico#breadcrumb"},"inLanguage":"de","potentialAction":[{"@type":"ReadAction","target":["https:\/\/www.italyfamilyhotels.it\/de\/family-hotels\/hotel-roxybeach-cesenatico"]}]},{"@type":"BreadcrumbList","@id":"https:\/\/www.italyfamilyhotels.it\/de\/family-hotels\/hotel-roxybeach-cesenatico#breadcrumb","itemListElement":[{"@type":"ListItem","position":1,"name":"Home","item":"https:\/\/www.italyfamilyhotels.it\/de"},{"@type":"ListItem","position":2,"name":"Family Hotels","item":"https:\/\/www.italyfamilyhotels.it\/de\/family-hotels"},{"@type":"ListItem","position":3,"name":"Hotel Roxy&#038;Beach"}]},{"@type":"WebSite","@id":"https:\/\/www.italyfamilyhotels.it\/#website","url":"https:\/\/www.italyfamilyhotels.it\/","name":"Italy Family Hotels","description":"","potentialAction":[{"@type":"SearchAction","target":{"@type":"EntryPoint","urlTemplate":"https:\/\/www.italyfamilyhotels.it\/?s={search_term_string}"},"query-input":{"@type":"PropertyValueSpecification","valueRequired":true,"valueName":"search_term_string"}}],"inLanguage":"de"}]}},"_links":{"self":[{"href":"https:\/\/www.italyfamilyhotels.it\/de\/wp-json\/wp\/v2\/pages\/4147","targetHints":{"allow":["GET"]}}],"collection":[{"href":"https:\/\/www.italyfamilyhotels.it\/de\/wp-json\/wp\/v2\/pages"}],"about":[{"href":"https:\/\/www.italyfamilyhotels.it\/de\/wp-json\/wp\/v2\/types\/page"}],"author":[{"embeddable":true,"href":"https:\/\/www.italyfamilyhotels.it\/de\/wp-json\/wp\/v2\/users\/107"}],"replies":[{"embeddable":true,"href":"https:\/\/www.italyfamilyhotels.it\/de\/wp-json\/wp\/v2\/comments?post=4147"}],"version-history":[{"count":5,"href":"https:\/\/www.italyfamilyhotels.it\/de\/wp-json\/wp\/v2\/pages\/4147\/revisions"}],"predecessor-version":[{"id":66863,"href":"https:\/\/www.italyfamilyhotels.it\/de\/wp-json\/wp\/v2\/pages\/4147\/revisions\/66863"}],"up":[{"embeddable":true,"href":"https:\/\/www.italyfamilyhotels.it\/de\/wp-json\/wp\/v2\/pages\/94"}],"wp:attachment":[{"href":"https:\/\/www.italyfamilyhotels.it\/de\/wp-json\/wp\/v2\/media?parent=4147"}],"curies":[{"name":"wp","href":"https:\/\/api.w.org\/{rel}","templated":true}]}}