{"id":4132,"date":"2022-03-14T12:37:07","date_gmt":"2022-03-14T11:37:07","guid":{"rendered":"https:\/\/www.italyfamilyhotels.it\/family-hotels\/alpino-baby-family"},"modified":"2026-01-08T15:00:57","modified_gmt":"2026-01-08T14:00:57","slug":"alpino-baby-family-andalo","status":"publish","type":"page","link":"https:\/\/www.italyfamilyhotels.it\/de\/family-hotels\/alpino-baby-family-andalo","title":{"rendered":"Alpino Baby Family"},"content":{"rendered":"\n<p>Es gibt ein zauberhaftes Reich, in dem die Kinder Mama und Papa in den Urlaub mitnehmen: das <b>Alpino Baby Family <\/b>in <b>Andalo<\/b>, westlich von Trient. Nur Familien mit Kindern werden dort aufgenommen und verbringen einen sagenhaften <b>All-Inclusive-Urlaub<\/b>. Wenn Ihr diese Bedingung erf\u00fcllt und Euch  einen freien, unbek\u00fcmmerten <b>Familienurlaub zu einem All-Inclusive-Preis<\/b> w\u00fcnscht, hab Ihr den richtigen Platz gefunden!<\/p>\n\n\n\n<p>Das pulsierende Herz dieses Urlaubs ist <b>Gaia Land<\/b>, ein <b>2.000 m\u00b2<\/b> gro\u00dfes Land des Gl\u00fccks. <b>Gaia Mini<\/b> f\u00fcr die kleinen und <b>Gaia Kids<\/b> f\u00fcr die gr\u00f6\u00dferen Kinder bieten alles, was man sich f\u00fcr Spa\u00df und Freude nur w\u00fcnschen kann: kreative, sportliche und lustige Aktivit\u00e4ten, Werkst\u00e4tten, kleine Kochkurse, eine Spielzone im Inneren und den gro\u00dfen Garten <b>Giardino di Gaia<\/b>. Und f\u00fcr die Allerj\u00fcngsten, ab 1 Monat, gibt es <b>Gaia Baby,<\/b> eine echte Kinderkrippe! Mama und Papa bekommen mal frei und k\u00f6nnen sich in der anheimelnden <b>Kabine im Garten<\/b> <b>massieren <\/b>lassen \u2013 entspannend, sportlich oder gef\u00fchlig -, in der Biosauna schwitzen  oder im beheizten Outdoor Freibad entspannen. Auch ein romantisches Dinner f\u00fcr zwei ist drin, denn die Kinder essen bei uns mit den Animateur*innen.<\/p>\n\n\n\n<p>Jungen Wasserratten steht auch das <b>Gaia Splash <\/b>offen, ein 800 m\u00b2 <strong>Baby Family \u00dcberdachter Wasserparkmit<\/strong> Wasserpilz, Wasserkanonen und 65-m-Rutschbahn.<\/p>\n\n\n\n<p>T\u00e4glich stehen <b>Erlebnisse und Wanderungen in den Brenta-Dolomiten <\/b>auf dem Programm, auch auf f\u00fcr Kinderwagen geeigneten Wegen. All inclusive &#8211; Ihr bekommt einen gef\u00fcllten <b>Picknickkorb<\/b> oder <b>Gutscheine<\/b> f\u00fcr H\u00fctten-Brotzeiten mit! Bei der R\u00fcckkehr wartet der <b>MITICA-Imbiss<\/b> auf Euch, dazu Quellwasser, Bergbauernmilch und Fruchts\u00e4fte ohne Beschr\u00e4nkung.<\/p>\n\n\n\n<p>Die <b>kulinarischen Erlebnisse<\/b> bei uns im Alpino Baby sind davon gepr\u00e4gt, dass wir vorzugsweise <b>Bio-Produkte <\/b>und hervorragende Erzeugnisse aus <b>kurzen Lieferketten <\/b>verwenden. Pap\u00e0 Herri, der Chefkoch, k\u00fcmmert sich pers\u00f6nlich um jedes Gericht. F\u00fcr unsere Ehreng\u00e4ste, die Kinder, wird das<b> Buffet Infant <\/b>aufgebaut, mit besonders nat\u00fcrlichen leckeren Speisen, Breien, Br\u00fchen und kleinen Nudeln. Kein Problem, wenn der Hunger au\u00dferhalb der Essenszeiten kommt: eine Babyk\u00fcche mit frischer Bergbauernmilch, Babynahrung und allem Zubeh\u00f6r steht immer zur Verf\u00fcgung!<\/p>\n","protected":false},"excerpt":{"rendered":"<p>Es gibt ein zauberhaftes Reich, in dem die Kinder Mama und Papa in den Urlaub mitnehmen: das Alpino Baby Family in Andalo, westlich von Trient. Nur Familien mit Kindern werden dort aufgenommen und verbringen einen sagenhaften All-Inclusive-Urlaub. Wenn Ihr diese Bedingung erf\u00fcllt und Euch einen freien, unbek\u00fcmmerten Familienurlaub zu einem All-Inclusive-Preis w\u00fcnscht, hab Ihr den &hellip;<\/p>\n","protected":false},"author":5,"featured_media":0,"parent":94,"menu_order":0,"comment_status":"closed","ping_status":"closed","template":"page-templates\/scheda_hotel.php","meta":{"_acf_changed":false,"inline_featured_image":false,"footnotes":""},"class_list":["post-4132","page","type-page","status-publish","hentry"],"acf":[],"yoast_head":"<!-- This site is optimized with the Yoast SEO plugin v27.1 - https:\/\/yoast.com\/product\/yoast-seo-wordpress\/ -->\n<title>Alpino Baby Family 3-Sterne-Superior, Andalo<\/title>\n<meta name=\"description\" content=\"Lust auf Familienurlaub? Entdecken Sie die Familienangebote f\u00fcr Alpino Baby Family in Andalo\" \/>\n<meta name=\"robots\" content=\"index, follow, max-snippet:-1, max-image-preview:large, max-video-preview:-1\" \/>\n<link rel=\"canonical\" href=\"https:\/\/www.italyfamilyhotels.it\/de\/family-hotels\/alpino-baby-family-andalo\" \/>\n<meta property=\"og:locale\" content=\"de_DE\" \/>\n<meta property=\"og:type\" content=\"article\" \/>\n<meta property=\"og:title\" content=\"Alpino Baby Family 3-Sterne-Superior, Andalo\" \/>\n<meta property=\"og:description\" content=\"Lust auf Familienurlaub? Entdecken Sie die Familienangebote f\u00fcr Alpino Baby Family in Andalo\" \/>\n<meta property=\"og:url\" content=\"https:\/\/www.italyfamilyhotels.it\/de\/family-hotels\/alpino-baby-family-andalo\" \/>\n<meta property=\"og:site_name\" content=\"Italy Family Hotels\" \/>\n<meta property=\"article:publisher\" content=\"https:\/\/www.facebook.com\/ItalyFamilyHotels\/\" \/>\n<meta property=\"article:modified_time\" content=\"2026-01-08T14:00:57+00:00\" \/>\n<meta name=\"twitter:card\" content=\"summary_large_image\" \/>\n<meta name=\"twitter:label1\" content=\"Gesch\u00e4tzte Lesezeit\" \/>\n\t<meta name=\"twitter:data1\" content=\"2\u00a0Minuten\" \/>\n<script type=\"application\/ld+json\" class=\"yoast-schema-graph\">{\"@context\":\"https:\/\/schema.org\",\"@graph\":[{\"@type\":\"WebPage\",\"@id\":\"https:\/\/www.italyfamilyhotels.it\/de\/family-hotels\/alpino-baby-family-andalo\",\"url\":\"https:\/\/www.italyfamilyhotels.it\/de\/family-hotels\/alpino-baby-family-andalo\",\"name\":\"Alpino Baby Family 3-Sterne-Superior, Andalo\",\"isPartOf\":{\"@id\":\"https:\/\/www.italyfamilyhotels.it\/#website\"},\"datePublished\":\"2022-03-14T11:37:07+00:00\",\"dateModified\":\"2026-01-08T14:00:57+00:00\",\"description\":\"Lust auf Familienurlaub? Entdecken Sie die Familienangebote f\u00fcr Alpino Baby Family in Andalo\",\"breadcrumb\":{\"@id\":\"https:\/\/www.italyfamilyhotels.it\/de\/family-hotels\/alpino-baby-family-andalo#breadcrumb\"},\"inLanguage\":\"de\",\"potentialAction\":[{\"@type\":\"ReadAction\",\"target\":[\"https:\/\/www.italyfamilyhotels.it\/de\/family-hotels\/alpino-baby-family-andalo\"]}]},{\"@type\":\"BreadcrumbList\",\"@id\":\"https:\/\/www.italyfamilyhotels.it\/de\/family-hotels\/alpino-baby-family-andalo#breadcrumb\",\"itemListElement\":[{\"@type\":\"ListItem\",\"position\":1,\"name\":\"Home\",\"item\":\"https:\/\/www.italyfamilyhotels.it\/de\"},{\"@type\":\"ListItem\",\"position\":2,\"name\":\"Family Hotels\",\"item\":\"https:\/\/www.italyfamilyhotels.it\/de\/family-hotels\"},{\"@type\":\"ListItem\",\"position\":3,\"name\":\"Alpino Baby Family\"}]},{\"@type\":\"WebSite\",\"@id\":\"https:\/\/www.italyfamilyhotels.it\/#website\",\"url\":\"https:\/\/www.italyfamilyhotels.it\/\",\"name\":\"Italy Family Hotels\",\"description\":\"\",\"potentialAction\":[{\"@type\":\"SearchAction\",\"target\":{\"@type\":\"EntryPoint\",\"urlTemplate\":\"https:\/\/www.italyfamilyhotels.it\/?s={search_term_string}\"},\"query-input\":{\"@type\":\"PropertyValueSpecification\",\"valueRequired\":true,\"valueName\":\"search_term_string\"}}],\"inLanguage\":\"de\"}]}<\/script>\n<!-- \/ Yoast SEO plugin. -->","yoast_head_json":{"title":"Alpino Baby Family 3-Sterne-Superior, Andalo","description":"Lust auf Familienurlaub? Entdecken Sie die Familienangebote f\u00fcr Alpino Baby Family in Andalo","robots":{"index":"index","follow":"follow","max-snippet":"max-snippet:-1","max-image-preview":"max-image-preview:large","max-video-preview":"max-video-preview:-1"},"canonical":"https:\/\/www.italyfamilyhotels.it\/de\/family-hotels\/alpino-baby-family-andalo","og_locale":"de_DE","og_type":"article","og_title":"Alpino Baby Family 3-Sterne-Superior, Andalo","og_description":"Lust auf Familienurlaub? Entdecken Sie die Familienangebote f\u00fcr Alpino Baby Family in Andalo","og_url":"https:\/\/www.italyfamilyhotels.it\/de\/family-hotels\/alpino-baby-family-andalo","og_site_name":"Italy Family Hotels","article_publisher":"https:\/\/www.facebook.com\/ItalyFamilyHotels\/","article_modified_time":"2026-01-08T14:00:57+00:00","twitter_card":"summary_large_image","twitter_misc":{"Gesch\u00e4tzte Lesezeit":"2\u00a0Minuten"},"schema":{"@context":"https:\/\/schema.org","@graph":[{"@type":"WebPage","@id":"https:\/\/www.italyfamilyhotels.it\/de\/family-hotels\/alpino-baby-family-andalo","url":"https:\/\/www.italyfamilyhotels.it\/de\/family-hotels\/alpino-baby-family-andalo","name":"Alpino Baby Family 3-Sterne-Superior, Andalo","isPartOf":{"@id":"https:\/\/www.italyfamilyhotels.it\/#website"},"datePublished":"2022-03-14T11:37:07+00:00","dateModified":"2026-01-08T14:00:57+00:00","description":"Lust auf Familienurlaub? Entdecken Sie die Familienangebote f\u00fcr Alpino Baby Family in Andalo","breadcrumb":{"@id":"https:\/\/www.italyfamilyhotels.it\/de\/family-hotels\/alpino-baby-family-andalo#breadcrumb"},"inLanguage":"de","potentialAction":[{"@type":"ReadAction","target":["https:\/\/www.italyfamilyhotels.it\/de\/family-hotels\/alpino-baby-family-andalo"]}]},{"@type":"BreadcrumbList","@id":"https:\/\/www.italyfamilyhotels.it\/de\/family-hotels\/alpino-baby-family-andalo#breadcrumb","itemListElement":[{"@type":"ListItem","position":1,"name":"Home","item":"https:\/\/www.italyfamilyhotels.it\/de"},{"@type":"ListItem","position":2,"name":"Family Hotels","item":"https:\/\/www.italyfamilyhotels.it\/de\/family-hotels"},{"@type":"ListItem","position":3,"name":"Alpino Baby Family"}]},{"@type":"WebSite","@id":"https:\/\/www.italyfamilyhotels.it\/#website","url":"https:\/\/www.italyfamilyhotels.it\/","name":"Italy Family Hotels","description":"","potentialAction":[{"@type":"SearchAction","target":{"@type":"EntryPoint","urlTemplate":"https:\/\/www.italyfamilyhotels.it\/?s={search_term_string}"},"query-input":{"@type":"PropertyValueSpecification","valueRequired":true,"valueName":"search_term_string"}}],"inLanguage":"de"}]}},"_links":{"self":[{"href":"https:\/\/www.italyfamilyhotels.it\/de\/wp-json\/wp\/v2\/pages\/4132","targetHints":{"allow":["GET"]}}],"collection":[{"href":"https:\/\/www.italyfamilyhotels.it\/de\/wp-json\/wp\/v2\/pages"}],"about":[{"href":"https:\/\/www.italyfamilyhotels.it\/de\/wp-json\/wp\/v2\/types\/page"}],"author":[{"embeddable":true,"href":"https:\/\/www.italyfamilyhotels.it\/de\/wp-json\/wp\/v2\/users\/5"}],"replies":[{"embeddable":true,"href":"https:\/\/www.italyfamilyhotels.it\/de\/wp-json\/wp\/v2\/comments?post=4132"}],"version-history":[{"count":10,"href":"https:\/\/www.italyfamilyhotels.it\/de\/wp-json\/wp\/v2\/pages\/4132\/revisions"}],"predecessor-version":[{"id":73522,"href":"https:\/\/www.italyfamilyhotels.it\/de\/wp-json\/wp\/v2\/pages\/4132\/revisions\/73522"}],"up":[{"embeddable":true,"href":"https:\/\/www.italyfamilyhotels.it\/de\/wp-json\/wp\/v2\/pages\/94"}],"wp:attachment":[{"href":"https:\/\/www.italyfamilyhotels.it\/de\/wp-json\/wp\/v2\/media?parent=4132"}],"curies":[{"name":"wp","href":"https:\/\/api.w.org\/{rel}","templated":true}]}}