{"id":4127,"date":"2022-03-14T12:37:06","date_gmt":"2022-03-14T11:37:06","guid":{"rendered":"https:\/\/www.italyfamilyhotels.it\/family-hotels\/hotel-casella"},"modified":"2023-02-01T15:05:17","modified_gmt":"2023-02-01T14:05:17","slug":"hotel-casella-pietra-ligure","status":"publish","type":"page","link":"https:\/\/www.italyfamilyhotels.it\/de\/family-hotels\/hotel-casella-pietra-ligure","title":{"rendered":"Hotel Casella"},"content":{"rendered":"\n<p><b>Nicht weit von der Altstadt und den Str\u00e4nden von Pietra Ligure entfernt<\/b>, wo das Herz der ligurischen Riviera schl\u00e4gt, ist unser Hotel auf zwei miteinander verbundene H\u00e4user verteilt. Im <b>Hotel Casella<\/b> m\u00f6chten wir eine ideale Umgebung f\u00fcr einen erholsamen Familienaufenthalt schaffen, mit den besten Serviceleistungen.<\/p>\n\n\n\n<p>Ein sch\u00f6nes<b> Willkommensgeschenk<\/b> zaubert allen Kindern ein L\u00e4cheln auf die Lippen. Dann geht es los, um gemeinsam mit dem <b>Animationsteam <\/b>Spa\u00df zu haben, mit Spielen und Freizeitaktivit\u00e4ten, sowohl im<b> Spielraum \u201eMickymaus-Club\u201c<\/b> als auch <b>im Freien<\/b> auf Rutschen, Spielh\u00e4usern, Tischen und St\u00fchlen. F\u00fcr Kleinkinder von 0 bis 3 Jahren gibt es das \u201e<b>Winnie-Puuh-Haus<\/b>\u201c zum sicheren Spielen mit einem B\u00e4llebad, Spielhaus, Schaukeln und Spielen.<\/p>\n\n\n\n<p>Dann gibt es noch einen fantastischen <b>Swimmingpool mit Hydromassage<\/b>, in dem sich Mama und Papa entspannen k\u00f6nnen, und einen <b>Flachwasserbereich <\/b>f\u00fcr die Kleinen.<\/p>\n\n\n\n<p>Im <b>Zimmer<\/b> finden Sie alles, was Sie brauchen, um mit leichtem Gep\u00e4ck zu reisen, z. B. ein Kinderbett, Babybadewanne, Flaschenw\u00e4rmer und einen Wickeltisch. Im Restaurant gibt es f\u00fcr die kleinen Feinschmecker <b>Babymen\u00fcs<\/b> mit individuellen Gerichten oder die M\u00f6glichkeit, eine Variation des Tagesmen\u00fcs zu w\u00e4hlen. F\u00fcr frischgebackene Eltern gibt es eine voll ausgestatteten und jederzeit zug\u00e4ngliche <b>Babynahrungsk\u00fcche<\/b>.<\/p>\n","protected":false},"excerpt":{"rendered":"<p>Nicht weit von der Altstadt und den Str\u00e4nden von Pietra Ligure entfernt, wo das Herz der ligurischen Riviera schl\u00e4gt, ist unser Hotel auf zwei miteinander verbundene H\u00e4user verteilt. Im Hotel Casella m\u00f6chten wir eine ideale Umgebung f\u00fcr einen erholsamen Familienaufenthalt schaffen, mit den besten Serviceleistungen. Ein sch\u00f6nes Willkommensgeschenk zaubert allen Kindern ein L\u00e4cheln auf die &hellip;<\/p>\n","protected":false},"author":50,"featured_media":0,"parent":94,"menu_order":0,"comment_status":"closed","ping_status":"closed","template":"page-templates\/scheda_hotel.php","meta":{"_acf_changed":false,"inline_featured_image":false,"footnotes":""},"class_list":["post-4127","page","type-page","status-publish","hentry"],"acf":[],"yoast_head":"<!-- This site is optimized with the Yoast SEO plugin v27.1 - https:\/\/yoast.com\/product\/yoast-seo-wordpress\/ -->\n<title>Hotel Casella, 3 Sterne, Pietra Ligure<\/title>\n<meta name=\"description\" content=\"Lust auf Urlaub mit Ihrer Familie? Entdecken Sie die Familienangebote im Hotel Casella in Pietra Ligure\" \/>\n<meta name=\"robots\" content=\"index, follow, max-snippet:-1, max-image-preview:large, max-video-preview:-1\" \/>\n<link rel=\"canonical\" href=\"https:\/\/www.italyfamilyhotels.it\/de\/family-hotels\/hotel-casella-pietra-ligure\" \/>\n<meta property=\"og:locale\" content=\"de_DE\" \/>\n<meta property=\"og:type\" content=\"article\" \/>\n<meta property=\"og:title\" content=\"Hotel Casella, 3 Sterne, Pietra Ligure\" \/>\n<meta property=\"og:description\" content=\"Lust auf Urlaub mit Ihrer Familie? Entdecken Sie die Familienangebote im Hotel Casella in Pietra Ligure\" \/>\n<meta property=\"og:url\" content=\"https:\/\/www.italyfamilyhotels.it\/de\/family-hotels\/hotel-casella-pietra-ligure\" \/>\n<meta property=\"og:site_name\" content=\"Italy Family Hotels\" \/>\n<meta property=\"article:publisher\" content=\"https:\/\/www.facebook.com\/ItalyFamilyHotels\/\" \/>\n<meta property=\"article:modified_time\" content=\"2023-02-01T14:05:17+00:00\" \/>\n<meta name=\"twitter:card\" content=\"summary_large_image\" \/>\n<meta name=\"twitter:label1\" content=\"Gesch\u00e4tzte Lesezeit\" \/>\n\t<meta name=\"twitter:data1\" content=\"1\u00a0Minute\" \/>\n<script type=\"application\/ld+json\" class=\"yoast-schema-graph\">{\"@context\":\"https:\/\/schema.org\",\"@graph\":[{\"@type\":\"WebPage\",\"@id\":\"https:\/\/www.italyfamilyhotels.it\/de\/family-hotels\/hotel-casella-pietra-ligure\",\"url\":\"https:\/\/www.italyfamilyhotels.it\/de\/family-hotels\/hotel-casella-pietra-ligure\",\"name\":\"Hotel Casella, 3 Sterne, Pietra Ligure\",\"isPartOf\":{\"@id\":\"https:\/\/www.italyfamilyhotels.it\/#website\"},\"datePublished\":\"2022-03-14T11:37:06+00:00\",\"dateModified\":\"2023-02-01T14:05:17+00:00\",\"description\":\"Lust auf Urlaub mit Ihrer Familie? Entdecken Sie die Familienangebote im Hotel Casella in Pietra Ligure\",\"breadcrumb\":{\"@id\":\"https:\/\/www.italyfamilyhotels.it\/de\/family-hotels\/hotel-casella-pietra-ligure#breadcrumb\"},\"inLanguage\":\"de\",\"potentialAction\":[{\"@type\":\"ReadAction\",\"target\":[\"https:\/\/www.italyfamilyhotels.it\/de\/family-hotels\/hotel-casella-pietra-ligure\"]}]},{\"@type\":\"BreadcrumbList\",\"@id\":\"https:\/\/www.italyfamilyhotels.it\/de\/family-hotels\/hotel-casella-pietra-ligure#breadcrumb\",\"itemListElement\":[{\"@type\":\"ListItem\",\"position\":1,\"name\":\"Home\",\"item\":\"https:\/\/www.italyfamilyhotels.it\/de\"},{\"@type\":\"ListItem\",\"position\":2,\"name\":\"Family Hotels\",\"item\":\"https:\/\/www.italyfamilyhotels.it\/de\/family-hotels\"},{\"@type\":\"ListItem\",\"position\":3,\"name\":\"Hotel Casella\"}]},{\"@type\":\"WebSite\",\"@id\":\"https:\/\/www.italyfamilyhotels.it\/#website\",\"url\":\"https:\/\/www.italyfamilyhotels.it\/\",\"name\":\"Italy Family Hotels\",\"description\":\"\",\"potentialAction\":[{\"@type\":\"SearchAction\",\"target\":{\"@type\":\"EntryPoint\",\"urlTemplate\":\"https:\/\/www.italyfamilyhotels.it\/?s={search_term_string}\"},\"query-input\":{\"@type\":\"PropertyValueSpecification\",\"valueRequired\":true,\"valueName\":\"search_term_string\"}}],\"inLanguage\":\"de\"}]}<\/script>\n<!-- \/ Yoast SEO plugin. -->","yoast_head_json":{"title":"Hotel Casella, 3 Sterne, Pietra Ligure","description":"Lust auf Urlaub mit Ihrer Familie? Entdecken Sie die Familienangebote im Hotel Casella in Pietra Ligure","robots":{"index":"index","follow":"follow","max-snippet":"max-snippet:-1","max-image-preview":"max-image-preview:large","max-video-preview":"max-video-preview:-1"},"canonical":"https:\/\/www.italyfamilyhotels.it\/de\/family-hotels\/hotel-casella-pietra-ligure","og_locale":"de_DE","og_type":"article","og_title":"Hotel Casella, 3 Sterne, Pietra Ligure","og_description":"Lust auf Urlaub mit Ihrer Familie? Entdecken Sie die Familienangebote im Hotel Casella in Pietra Ligure","og_url":"https:\/\/www.italyfamilyhotels.it\/de\/family-hotels\/hotel-casella-pietra-ligure","og_site_name":"Italy Family Hotels","article_publisher":"https:\/\/www.facebook.com\/ItalyFamilyHotels\/","article_modified_time":"2023-02-01T14:05:17+00:00","twitter_card":"summary_large_image","twitter_misc":{"Gesch\u00e4tzte Lesezeit":"1\u00a0Minute"},"schema":{"@context":"https:\/\/schema.org","@graph":[{"@type":"WebPage","@id":"https:\/\/www.italyfamilyhotels.it\/de\/family-hotels\/hotel-casella-pietra-ligure","url":"https:\/\/www.italyfamilyhotels.it\/de\/family-hotels\/hotel-casella-pietra-ligure","name":"Hotel Casella, 3 Sterne, Pietra Ligure","isPartOf":{"@id":"https:\/\/www.italyfamilyhotels.it\/#website"},"datePublished":"2022-03-14T11:37:06+00:00","dateModified":"2023-02-01T14:05:17+00:00","description":"Lust auf Urlaub mit Ihrer Familie? Entdecken Sie die Familienangebote im Hotel Casella in Pietra Ligure","breadcrumb":{"@id":"https:\/\/www.italyfamilyhotels.it\/de\/family-hotels\/hotel-casella-pietra-ligure#breadcrumb"},"inLanguage":"de","potentialAction":[{"@type":"ReadAction","target":["https:\/\/www.italyfamilyhotels.it\/de\/family-hotels\/hotel-casella-pietra-ligure"]}]},{"@type":"BreadcrumbList","@id":"https:\/\/www.italyfamilyhotels.it\/de\/family-hotels\/hotel-casella-pietra-ligure#breadcrumb","itemListElement":[{"@type":"ListItem","position":1,"name":"Home","item":"https:\/\/www.italyfamilyhotels.it\/de"},{"@type":"ListItem","position":2,"name":"Family Hotels","item":"https:\/\/www.italyfamilyhotels.it\/de\/family-hotels"},{"@type":"ListItem","position":3,"name":"Hotel Casella"}]},{"@type":"WebSite","@id":"https:\/\/www.italyfamilyhotels.it\/#website","url":"https:\/\/www.italyfamilyhotels.it\/","name":"Italy Family Hotels","description":"","potentialAction":[{"@type":"SearchAction","target":{"@type":"EntryPoint","urlTemplate":"https:\/\/www.italyfamilyhotels.it\/?s={search_term_string}"},"query-input":{"@type":"PropertyValueSpecification","valueRequired":true,"valueName":"search_term_string"}}],"inLanguage":"de"}]}},"_links":{"self":[{"href":"https:\/\/www.italyfamilyhotels.it\/de\/wp-json\/wp\/v2\/pages\/4127","targetHints":{"allow":["GET"]}}],"collection":[{"href":"https:\/\/www.italyfamilyhotels.it\/de\/wp-json\/wp\/v2\/pages"}],"about":[{"href":"https:\/\/www.italyfamilyhotels.it\/de\/wp-json\/wp\/v2\/types\/page"}],"author":[{"embeddable":true,"href":"https:\/\/www.italyfamilyhotels.it\/de\/wp-json\/wp\/v2\/users\/50"}],"replies":[{"embeddable":true,"href":"https:\/\/www.italyfamilyhotels.it\/de\/wp-json\/wp\/v2\/comments?post=4127"}],"version-history":[{"count":7,"href":"https:\/\/www.italyfamilyhotels.it\/de\/wp-json\/wp\/v2\/pages\/4127\/revisions"}],"predecessor-version":[{"id":45120,"href":"https:\/\/www.italyfamilyhotels.it\/de\/wp-json\/wp\/v2\/pages\/4127\/revisions\/45120"}],"up":[{"embeddable":true,"href":"https:\/\/www.italyfamilyhotels.it\/de\/wp-json\/wp\/v2\/pages\/94"}],"wp:attachment":[{"href":"https:\/\/www.italyfamilyhotels.it\/de\/wp-json\/wp\/v2\/media?parent=4127"}],"curies":[{"name":"wp","href":"https:\/\/api.w.org\/{rel}","templated":true}]}}