{"id":4122,"date":"2022-03-14T12:37:05","date_gmt":"2022-03-14T11:37:05","guid":{"rendered":"https:\/\/www.italyfamilyhotels.it\/family-hotels\/hotel-sporting-ravelli"},"modified":"2025-03-27T10:19:59","modified_gmt":"2025-03-27T09:19:59","slug":"hotel-sporting-ravelli-dolomiti-marilleva","status":"publish","type":"page","link":"https:\/\/www.italyfamilyhotels.it\/de\/family-hotels\/hotel-sporting-ravelli-dolomiti-marilleva","title":{"rendered":"Hotel Sporting Ravelli"},"content":{"rendered":"\n<p>Wir befinden uns direkt am Waldrand, in einem <b>idealen Ausgangspunkt f\u00fcr Wanderungen<\/b> in unseren herrlichen Dolomiten und <b>in der N\u00e4he der Skipisten von Marilleva 900<\/b>. Bei uns im <b>Hotel Sporting Ravelli <\/b>sind Familien herzlich willkommen zu einem Urlaub mit Wellness, Entspannung und viel Spa\u00df!<\/p>\n\n\n\n<p>Wir m\u00f6chten, dass der Urlaub unserer G\u00e4ste unvergesslich wird, angefangen bei den Kleinen. <b>Kinder ab 3<\/b> Jahren sind im <b>Miniclub<\/b> willkommen, wo sie zusammen mit dem <b>Animationsteam<\/b> bei zahlreichen Aktivit\u00e4ten wie Collagen, Backen, Salzteig und&#8230; dem legend\u00e4ren Babytanz Spa\u00df haben!<\/p>\n\n\n\n<p>Die Erwachsenen hingegen k\u00f6nnen sich in unserem <b>Wellnesszentrum Le Reve<\/b> mit <strong>beheiztem Au\u00dfenpool<\/strong>, Ruhebereich, Erlebnisduschen, t\u00fcrkischem Bad, Biosauna, finnischer Sauna, Massagen und Behandlungen entspannen. Wenn Sie einen <b>Aktivurlaub<\/b> verbringen m\u00f6chten, sollten Sie sich Skifahren sowie Wanderungen und Fahrradausfl\u00fcge nicht entgehen lassen, um die ganze Sch\u00f6nheit der Gegend zu entdecken!<\/p>\n\n\n\n<p>Fast h\u00e4tten wir den fantastischen <b>Innenpool<\/b> vergessen! <b>Beheizt mit einer konstanten Temperatur von 28 \u00b0C<\/b>, f\u00fcr Momente purer Entspannung und Familienspa\u00df, mit einem<b> separaten Bereich f\u00fcr die Kleinsten<\/b>, ausgestattet mit Rutsche und einem Wasserfallpilz. Wir haben eine tolle Neuheit: <strong><strong>ab dem 1. Juli<\/strong><\/strong> k\u00f6nnen Sie mit Ihren Kindern im <strong><strong>beheizten Au\u00dfenpool<\/strong><\/strong> spielen!<\/p>\n\n\n\n<p>Wir geben Ihnen gerne Tipps zu Aktivit\u00e4ten und Wanderungen f\u00fcr die ganze Familie im sch\u00f6nen Val di Sole. Au\u00dferdem stellen wir gemeinsam mit unserem Reiseleiter ein w\u00f6chentliches <b>Ausflugsprogramm<\/b> zusammen.<\/p>\n","protected":false},"excerpt":{"rendered":"<p>Wir befinden uns direkt am Waldrand, in einem idealen Ausgangspunkt f\u00fcr Wanderungen in unseren herrlichen Dolomiten und in der N\u00e4he der Skipisten von Marilleva 900. Bei uns im Hotel Sporting Ravelli sind Familien herzlich willkommen zu einem Urlaub mit Wellness, Entspannung und viel Spa\u00df! Wir m\u00f6chten, dass der Urlaub unserer G\u00e4ste unvergesslich wird, angefangen bei &hellip;<\/p>\n","protected":false},"author":118,"featured_media":0,"parent":94,"menu_order":0,"comment_status":"closed","ping_status":"closed","template":"page-templates\/scheda_hotel.php","meta":{"_acf_changed":false,"inline_featured_image":false,"footnotes":""},"class_list":["post-4122","page","type-page","status-publish","hentry"],"acf":[],"yoast_head":"<!-- This site is optimized with the Yoast SEO plugin v27.1 - https:\/\/yoast.com\/product\/yoast-seo-wordpress\/ -->\n<title>Hotel Sporting Ravelli, 3 Sterne Superior, Dolomiten-Marilleva<\/title>\n<meta name=\"description\" content=\"Lust auf einen Urlaub mit Ihrer Familie? Entdecken Sie die Familienangebote im Hotel Sporting Ravelli in Marilleva in den Dolomiten\" \/>\n<meta name=\"robots\" content=\"index, follow, max-snippet:-1, max-image-preview:large, max-video-preview:-1\" \/>\n<link rel=\"canonical\" href=\"https:\/\/www.italyfamilyhotels.it\/de\/family-hotels\/hotel-sporting-ravelli-dolomiti-marilleva\" \/>\n<meta property=\"og:locale\" content=\"de_DE\" \/>\n<meta property=\"og:type\" content=\"article\" \/>\n<meta property=\"og:title\" content=\"Hotel Sporting Ravelli, 3 Sterne Superior, Dolomiten-Marilleva\" \/>\n<meta property=\"og:description\" content=\"Lust auf einen Urlaub mit Ihrer Familie? Entdecken Sie die Familienangebote im Hotel Sporting Ravelli in Marilleva in den Dolomiten\" \/>\n<meta property=\"og:url\" content=\"https:\/\/www.italyfamilyhotels.it\/de\/family-hotels\/hotel-sporting-ravelli-dolomiti-marilleva\" \/>\n<meta property=\"og:site_name\" content=\"Italy Family Hotels\" \/>\n<meta property=\"article:publisher\" content=\"https:\/\/www.facebook.com\/ItalyFamilyHotels\/\" \/>\n<meta property=\"article:modified_time\" content=\"2025-03-27T09:19:59+00:00\" \/>\n<meta name=\"twitter:card\" content=\"summary_large_image\" \/>\n<meta name=\"twitter:label1\" content=\"Gesch\u00e4tzte Lesezeit\" \/>\n\t<meta name=\"twitter:data1\" content=\"1\u00a0Minute\" \/>\n<script type=\"application\/ld+json\" class=\"yoast-schema-graph\">{\"@context\":\"https:\/\/schema.org\",\"@graph\":[{\"@type\":\"WebPage\",\"@id\":\"https:\/\/www.italyfamilyhotels.it\/de\/family-hotels\/hotel-sporting-ravelli-dolomiti-marilleva\",\"url\":\"https:\/\/www.italyfamilyhotels.it\/de\/family-hotels\/hotel-sporting-ravelli-dolomiti-marilleva\",\"name\":\"Hotel Sporting Ravelli, 3 Sterne Superior, Dolomiten-Marilleva\",\"isPartOf\":{\"@id\":\"https:\/\/www.italyfamilyhotels.it\/#website\"},\"datePublished\":\"2022-03-14T11:37:05+00:00\",\"dateModified\":\"2025-03-27T09:19:59+00:00\",\"description\":\"Lust auf einen Urlaub mit Ihrer Familie? Entdecken Sie die Familienangebote im Hotel Sporting Ravelli in Marilleva in den Dolomiten\",\"breadcrumb\":{\"@id\":\"https:\/\/www.italyfamilyhotels.it\/de\/family-hotels\/hotel-sporting-ravelli-dolomiti-marilleva#breadcrumb\"},\"inLanguage\":\"de\",\"potentialAction\":[{\"@type\":\"ReadAction\",\"target\":[\"https:\/\/www.italyfamilyhotels.it\/de\/family-hotels\/hotel-sporting-ravelli-dolomiti-marilleva\"]}]},{\"@type\":\"BreadcrumbList\",\"@id\":\"https:\/\/www.italyfamilyhotels.it\/de\/family-hotels\/hotel-sporting-ravelli-dolomiti-marilleva#breadcrumb\",\"itemListElement\":[{\"@type\":\"ListItem\",\"position\":1,\"name\":\"Home\",\"item\":\"https:\/\/www.italyfamilyhotels.it\/de\"},{\"@type\":\"ListItem\",\"position\":2,\"name\":\"Family Hotels\",\"item\":\"https:\/\/www.italyfamilyhotels.it\/de\/family-hotels\"},{\"@type\":\"ListItem\",\"position\":3,\"name\":\"Hotel Sporting Ravelli\"}]},{\"@type\":\"WebSite\",\"@id\":\"https:\/\/www.italyfamilyhotels.it\/#website\",\"url\":\"https:\/\/www.italyfamilyhotels.it\/\",\"name\":\"Italy Family Hotels\",\"description\":\"\",\"potentialAction\":[{\"@type\":\"SearchAction\",\"target\":{\"@type\":\"EntryPoint\",\"urlTemplate\":\"https:\/\/www.italyfamilyhotels.it\/?s={search_term_string}\"},\"query-input\":{\"@type\":\"PropertyValueSpecification\",\"valueRequired\":true,\"valueName\":\"search_term_string\"}}],\"inLanguage\":\"de\"}]}<\/script>\n<!-- \/ Yoast SEO plugin. -->","yoast_head_json":{"title":"Hotel Sporting Ravelli, 3 Sterne Superior, Dolomiten-Marilleva","description":"Lust auf einen Urlaub mit Ihrer Familie? Entdecken Sie die Familienangebote im Hotel Sporting Ravelli in Marilleva in den Dolomiten","robots":{"index":"index","follow":"follow","max-snippet":"max-snippet:-1","max-image-preview":"max-image-preview:large","max-video-preview":"max-video-preview:-1"},"canonical":"https:\/\/www.italyfamilyhotels.it\/de\/family-hotels\/hotel-sporting-ravelli-dolomiti-marilleva","og_locale":"de_DE","og_type":"article","og_title":"Hotel Sporting Ravelli, 3 Sterne Superior, Dolomiten-Marilleva","og_description":"Lust auf einen Urlaub mit Ihrer Familie? Entdecken Sie die Familienangebote im Hotel Sporting Ravelli in Marilleva in den Dolomiten","og_url":"https:\/\/www.italyfamilyhotels.it\/de\/family-hotels\/hotel-sporting-ravelli-dolomiti-marilleva","og_site_name":"Italy Family Hotels","article_publisher":"https:\/\/www.facebook.com\/ItalyFamilyHotels\/","article_modified_time":"2025-03-27T09:19:59+00:00","twitter_card":"summary_large_image","twitter_misc":{"Gesch\u00e4tzte Lesezeit":"1\u00a0Minute"},"schema":{"@context":"https:\/\/schema.org","@graph":[{"@type":"WebPage","@id":"https:\/\/www.italyfamilyhotels.it\/de\/family-hotels\/hotel-sporting-ravelli-dolomiti-marilleva","url":"https:\/\/www.italyfamilyhotels.it\/de\/family-hotels\/hotel-sporting-ravelli-dolomiti-marilleva","name":"Hotel Sporting Ravelli, 3 Sterne Superior, Dolomiten-Marilleva","isPartOf":{"@id":"https:\/\/www.italyfamilyhotels.it\/#website"},"datePublished":"2022-03-14T11:37:05+00:00","dateModified":"2025-03-27T09:19:59+00:00","description":"Lust auf einen Urlaub mit Ihrer Familie? Entdecken Sie die Familienangebote im Hotel Sporting Ravelli in Marilleva in den Dolomiten","breadcrumb":{"@id":"https:\/\/www.italyfamilyhotels.it\/de\/family-hotels\/hotel-sporting-ravelli-dolomiti-marilleva#breadcrumb"},"inLanguage":"de","potentialAction":[{"@type":"ReadAction","target":["https:\/\/www.italyfamilyhotels.it\/de\/family-hotels\/hotel-sporting-ravelli-dolomiti-marilleva"]}]},{"@type":"BreadcrumbList","@id":"https:\/\/www.italyfamilyhotels.it\/de\/family-hotels\/hotel-sporting-ravelli-dolomiti-marilleva#breadcrumb","itemListElement":[{"@type":"ListItem","position":1,"name":"Home","item":"https:\/\/www.italyfamilyhotels.it\/de"},{"@type":"ListItem","position":2,"name":"Family Hotels","item":"https:\/\/www.italyfamilyhotels.it\/de\/family-hotels"},{"@type":"ListItem","position":3,"name":"Hotel Sporting Ravelli"}]},{"@type":"WebSite","@id":"https:\/\/www.italyfamilyhotels.it\/#website","url":"https:\/\/www.italyfamilyhotels.it\/","name":"Italy Family Hotels","description":"","potentialAction":[{"@type":"SearchAction","target":{"@type":"EntryPoint","urlTemplate":"https:\/\/www.italyfamilyhotels.it\/?s={search_term_string}"},"query-input":{"@type":"PropertyValueSpecification","valueRequired":true,"valueName":"search_term_string"}}],"inLanguage":"de"}]}},"_links":{"self":[{"href":"https:\/\/www.italyfamilyhotels.it\/de\/wp-json\/wp\/v2\/pages\/4122","targetHints":{"allow":["GET"]}}],"collection":[{"href":"https:\/\/www.italyfamilyhotels.it\/de\/wp-json\/wp\/v2\/pages"}],"about":[{"href":"https:\/\/www.italyfamilyhotels.it\/de\/wp-json\/wp\/v2\/types\/page"}],"author":[{"embeddable":true,"href":"https:\/\/www.italyfamilyhotels.it\/de\/wp-json\/wp\/v2\/users\/118"}],"replies":[{"embeddable":true,"href":"https:\/\/www.italyfamilyhotels.it\/de\/wp-json\/wp\/v2\/comments?post=4122"}],"version-history":[{"count":15,"href":"https:\/\/www.italyfamilyhotels.it\/de\/wp-json\/wp\/v2\/pages\/4122\/revisions"}],"predecessor-version":[{"id":68176,"href":"https:\/\/www.italyfamilyhotels.it\/de\/wp-json\/wp\/v2\/pages\/4122\/revisions\/68176"}],"up":[{"embeddable":true,"href":"https:\/\/www.italyfamilyhotels.it\/de\/wp-json\/wp\/v2\/pages\/94"}],"wp:attachment":[{"href":"https:\/\/www.italyfamilyhotels.it\/de\/wp-json\/wp\/v2\/media?parent=4122"}],"curies":[{"name":"wp","href":"https:\/\/api.w.org\/{rel}","templated":true}]}}