{"id":4112,"date":"2022-03-14T12:37:04","date_gmt":"2022-03-14T11:37:04","guid":{"rendered":"https:\/\/www.italyfamilyhotels.it\/family-hotels\/hotel-corallo"},"modified":"2026-04-01T16:52:38","modified_gmt":"2026-04-01T14:52:38","slug":"hotel-corallo-riccione","status":"publish","type":"page","link":"https:\/\/www.italyfamilyhotels.it\/de\/family-hotels\/hotel-corallo-riccione","title":{"rendered":"Hotel Corallo"},"content":{"rendered":"\n<p>Unsere Lage an der <strong>Strandpromenade von Riccione<\/strong>, direkt <strong>vor dem gut ausgestatteten Strand<\/strong>, ist ideal f\u00fcr Familien mit Kindern. Die kleinen Ehreng\u00e4ste werden vom <strong>Animationsteam <\/strong>im <strong>Cora e Lallo Smile Club<\/strong> mit Spielen, Aktivit\u00e4ten und abendlichen Shows unterhalten, <strong>an 7 Tagen in der Woche.<\/strong><\/p>\n\n\n\n<p>Das Hotel hat drei Pools:<\/p>\n\n\n\n<p>&#8211; das <strong>gro\u00dfe Schwimmbad,<\/strong> mit allm\u00e4hlich tiefer werdendem Boden und einer Whirlpool-Insel in der Mitte;<\/p>\n\n\n\n<p>&#8211; den<strong> Baby-Pool,<\/strong> 30- 40 cm tief, 15 m lang, 3 m breit, Gummiboden, Spa\u00df garantiert, Eltern k\u00f6nnen an Massaged\u00fcsen sitzend zusehen;<\/p>\n\n\n\n<p>&#8211; den <strong>Relax Pool<\/strong> im Inneren, Teil des <strong>Wellness-Centers Corallo Bay<\/strong>, nur f\u00fcr Erwachsene, au\u00dfer an bestimmten Fest- und Br\u00fcckentagen. Buchen Sie einen Aufenthalt von <strong>7 N\u00e4chten<\/strong> zwischen dem <strong>15. Juni und dem 13. September 2026<\/strong> und erhalten Sie <strong>2 GESCHENKE<\/strong>: den <strong>Gratis-SPA-Pass<\/strong> (t\u00e4glich 1 Eintritt von 2 Stunden pro Person, nach Reservierung); und <strong>30% Rabatt<\/strong> auf Massagen und Behandlungen (ausgenommen kosmetische Dienstleistungen).<\/p>\n\n\n\n<p>Bald werdet Ihr Hunger bekommen. Freut Euch auf die <strong>exzellente traditionelle K\u00fcche<\/strong> in unserem Restaurant &#8220;Il Corallino&#8221;! Die Gerichte sind so lecker, weil sie aus ausgew\u00e4hlten Grundstoffen kontrollierter Herkunft fachm\u00e4nnisch zubereitet werden. <strong>Themen-Abende<\/strong> kombinieren Spa\u00df und Schlemmerei f\u00fcr die ganze Familie. Wie zum Beispiel das <strong>\u201cSeafood Dinner\u201d am Mittwoch<\/strong>, ein reichhaltiges Barbecue mit frischem Fisch, gegrillt von Chefkoch Fabrizio, das Sie auf dem Rooftop mit Panoramablick genie\u00dfen k\u00f6nnen; oder die <strong>\u201cSweet Night und der Show des Zauberer Larry\u201d am Donnerstag<\/strong>, mit einem s\u00fc\u00dfen Nasch-Buffet am Schwimmbad und viel zu lachen!<\/p>\n\n\n\n<p><strong>Baby-Ausr\u00fcstung<\/strong> ist da, sowohl <strong>im Speisesaal<\/strong> als auch <strong>im Zimmer<\/strong> &#8211; Kinderbettchen, Betten mit Schutzgitter, Steckdosen mit Kindersicherung, Badew\u00e4nnchen, Nachtlicht, Wickeltisch, Flaschenw\u00e4rmer &#8211; Ihr k\u00f6nnt mit leichtem Gep\u00e4ck reisen.<\/p>\n","protected":false},"excerpt":{"rendered":"<p>Unsere Lage an der Strandpromenade von Riccione, direkt vor dem gut ausgestatteten Strand, ist ideal f\u00fcr Familien mit Kindern. Die kleinen Ehreng\u00e4ste werden vom Animationsteam im Cora e Lallo Smile Club mit Spielen, Aktivit\u00e4ten und abendlichen Shows unterhalten, an 7 Tagen in der Woche. Das Hotel hat drei Pools: &#8211; das gro\u00dfe Schwimmbad, mit allm\u00e4hlich &hellip;<\/p>\n","protected":false},"author":51,"featured_media":0,"parent":94,"menu_order":0,"comment_status":"closed","ping_status":"closed","template":"page-templates\/scheda_hotel.php","meta":{"_acf_changed":false,"inline_featured_image":false,"footnotes":""},"class_list":["post-4112","page","type-page","status-publish","hentry"],"acf":[],"yoast_head":"<!-- This site is optimized with the Yoast SEO plugin v27.1 - https:\/\/yoast.com\/product\/yoast-seo-wordpress\/ -->\n<title>Hotel Corallo 4-Sterne, Riccione<\/title>\n<meta name=\"description\" content=\"Lust auf Familienurlaub? Entdecken Sie die Familienangebote f\u00fcr Hotel Corallo in Riccione\" \/>\n<meta name=\"robots\" content=\"index, follow, max-snippet:-1, max-image-preview:large, max-video-preview:-1\" \/>\n<link rel=\"canonical\" href=\"https:\/\/www.italyfamilyhotels.it\/de\/family-hotels\/hotel-corallo-riccione\" \/>\n<meta property=\"og:locale\" content=\"de_DE\" \/>\n<meta property=\"og:type\" content=\"article\" \/>\n<meta property=\"og:title\" content=\"Hotel Corallo 4-Sterne, Riccione\" \/>\n<meta property=\"og:description\" content=\"Lust auf Familienurlaub? Entdecken Sie die Familienangebote f\u00fcr Hotel Corallo in Riccione\" \/>\n<meta property=\"og:url\" content=\"https:\/\/www.italyfamilyhotels.it\/de\/family-hotels\/hotel-corallo-riccione\" \/>\n<meta property=\"og:site_name\" content=\"Italy Family Hotels\" \/>\n<meta property=\"article:publisher\" content=\"https:\/\/www.facebook.com\/ItalyFamilyHotels\/\" \/>\n<meta property=\"article:modified_time\" content=\"2026-04-01T14:52:38+00:00\" \/>\n<meta name=\"twitter:card\" content=\"summary_large_image\" \/>\n<meta name=\"twitter:label1\" content=\"Gesch\u00e4tzte Lesezeit\" \/>\n\t<meta name=\"twitter:data1\" content=\"2\u00a0Minuten\" \/>\n<script type=\"application\/ld+json\" class=\"yoast-schema-graph\">{\"@context\":\"https:\/\/schema.org\",\"@graph\":[{\"@type\":\"WebPage\",\"@id\":\"https:\/\/www.italyfamilyhotels.it\/de\/family-hotels\/hotel-corallo-riccione\",\"url\":\"https:\/\/www.italyfamilyhotels.it\/de\/family-hotels\/hotel-corallo-riccione\",\"name\":\"Hotel Corallo 4-Sterne, Riccione\",\"isPartOf\":{\"@id\":\"https:\/\/www.italyfamilyhotels.it\/#website\"},\"datePublished\":\"2022-03-14T11:37:04+00:00\",\"dateModified\":\"2026-04-01T14:52:38+00:00\",\"description\":\"Lust auf Familienurlaub? Entdecken Sie die Familienangebote f\u00fcr Hotel Corallo in Riccione\",\"breadcrumb\":{\"@id\":\"https:\/\/www.italyfamilyhotels.it\/de\/family-hotels\/hotel-corallo-riccione#breadcrumb\"},\"inLanguage\":\"de\",\"potentialAction\":[{\"@type\":\"ReadAction\",\"target\":[\"https:\/\/www.italyfamilyhotels.it\/de\/family-hotels\/hotel-corallo-riccione\"]}]},{\"@type\":\"BreadcrumbList\",\"@id\":\"https:\/\/www.italyfamilyhotels.it\/de\/family-hotels\/hotel-corallo-riccione#breadcrumb\",\"itemListElement\":[{\"@type\":\"ListItem\",\"position\":1,\"name\":\"Home\",\"item\":\"https:\/\/www.italyfamilyhotels.it\/de\"},{\"@type\":\"ListItem\",\"position\":2,\"name\":\"Family Hotels\",\"item\":\"https:\/\/www.italyfamilyhotels.it\/de\/family-hotels\"},{\"@type\":\"ListItem\",\"position\":3,\"name\":\"Hotel Corallo\"}]},{\"@type\":\"WebSite\",\"@id\":\"https:\/\/www.italyfamilyhotels.it\/#website\",\"url\":\"https:\/\/www.italyfamilyhotels.it\/\",\"name\":\"Italy Family Hotels\",\"description\":\"\",\"potentialAction\":[{\"@type\":\"SearchAction\",\"target\":{\"@type\":\"EntryPoint\",\"urlTemplate\":\"https:\/\/www.italyfamilyhotels.it\/?s={search_term_string}\"},\"query-input\":{\"@type\":\"PropertyValueSpecification\",\"valueRequired\":true,\"valueName\":\"search_term_string\"}}],\"inLanguage\":\"de\"}]}<\/script>\n<!-- \/ Yoast SEO plugin. -->","yoast_head_json":{"title":"Hotel Corallo 4-Sterne, Riccione","description":"Lust auf Familienurlaub? Entdecken Sie die Familienangebote f\u00fcr Hotel Corallo in Riccione","robots":{"index":"index","follow":"follow","max-snippet":"max-snippet:-1","max-image-preview":"max-image-preview:large","max-video-preview":"max-video-preview:-1"},"canonical":"https:\/\/www.italyfamilyhotels.it\/de\/family-hotels\/hotel-corallo-riccione","og_locale":"de_DE","og_type":"article","og_title":"Hotel Corallo 4-Sterne, Riccione","og_description":"Lust auf Familienurlaub? Entdecken Sie die Familienangebote f\u00fcr Hotel Corallo in Riccione","og_url":"https:\/\/www.italyfamilyhotels.it\/de\/family-hotels\/hotel-corallo-riccione","og_site_name":"Italy Family Hotels","article_publisher":"https:\/\/www.facebook.com\/ItalyFamilyHotels\/","article_modified_time":"2026-04-01T14:52:38+00:00","twitter_card":"summary_large_image","twitter_misc":{"Gesch\u00e4tzte Lesezeit":"2\u00a0Minuten"},"schema":{"@context":"https:\/\/schema.org","@graph":[{"@type":"WebPage","@id":"https:\/\/www.italyfamilyhotels.it\/de\/family-hotels\/hotel-corallo-riccione","url":"https:\/\/www.italyfamilyhotels.it\/de\/family-hotels\/hotel-corallo-riccione","name":"Hotel Corallo 4-Sterne, Riccione","isPartOf":{"@id":"https:\/\/www.italyfamilyhotels.it\/#website"},"datePublished":"2022-03-14T11:37:04+00:00","dateModified":"2026-04-01T14:52:38+00:00","description":"Lust auf Familienurlaub? Entdecken Sie die Familienangebote f\u00fcr Hotel Corallo in Riccione","breadcrumb":{"@id":"https:\/\/www.italyfamilyhotels.it\/de\/family-hotels\/hotel-corallo-riccione#breadcrumb"},"inLanguage":"de","potentialAction":[{"@type":"ReadAction","target":["https:\/\/www.italyfamilyhotels.it\/de\/family-hotels\/hotel-corallo-riccione"]}]},{"@type":"BreadcrumbList","@id":"https:\/\/www.italyfamilyhotels.it\/de\/family-hotels\/hotel-corallo-riccione#breadcrumb","itemListElement":[{"@type":"ListItem","position":1,"name":"Home","item":"https:\/\/www.italyfamilyhotels.it\/de"},{"@type":"ListItem","position":2,"name":"Family Hotels","item":"https:\/\/www.italyfamilyhotels.it\/de\/family-hotels"},{"@type":"ListItem","position":3,"name":"Hotel Corallo"}]},{"@type":"WebSite","@id":"https:\/\/www.italyfamilyhotels.it\/#website","url":"https:\/\/www.italyfamilyhotels.it\/","name":"Italy Family Hotels","description":"","potentialAction":[{"@type":"SearchAction","target":{"@type":"EntryPoint","urlTemplate":"https:\/\/www.italyfamilyhotels.it\/?s={search_term_string}"},"query-input":{"@type":"PropertyValueSpecification","valueRequired":true,"valueName":"search_term_string"}}],"inLanguage":"de"}]}},"_links":{"self":[{"href":"https:\/\/www.italyfamilyhotels.it\/de\/wp-json\/wp\/v2\/pages\/4112","targetHints":{"allow":["GET"]}}],"collection":[{"href":"https:\/\/www.italyfamilyhotels.it\/de\/wp-json\/wp\/v2\/pages"}],"about":[{"href":"https:\/\/www.italyfamilyhotels.it\/de\/wp-json\/wp\/v2\/types\/page"}],"author":[{"embeddable":true,"href":"https:\/\/www.italyfamilyhotels.it\/de\/wp-json\/wp\/v2\/users\/51"}],"replies":[{"embeddable":true,"href":"https:\/\/www.italyfamilyhotels.it\/de\/wp-json\/wp\/v2\/comments?post=4112"}],"version-history":[{"count":25,"href":"https:\/\/www.italyfamilyhotels.it\/de\/wp-json\/wp\/v2\/pages\/4112\/revisions"}],"predecessor-version":[{"id":76724,"href":"https:\/\/www.italyfamilyhotels.it\/de\/wp-json\/wp\/v2\/pages\/4112\/revisions\/76724"}],"up":[{"embeddable":true,"href":"https:\/\/www.italyfamilyhotels.it\/de\/wp-json\/wp\/v2\/pages\/94"}],"wp:attachment":[{"href":"https:\/\/www.italyfamilyhotels.it\/de\/wp-json\/wp\/v2\/media?parent=4112"}],"curies":[{"name":"wp","href":"https:\/\/api.w.org\/{rel}","templated":true}]}}