{"id":4107,"date":"2022-03-14T12:37:03","date_gmt":"2022-03-14T11:37:03","guid":{"rendered":"https:\/\/www.italyfamilyhotels.it\/family-hotels\/hotel-new-castle"},"modified":"2023-02-01T15:46:07","modified_gmt":"2023-02-01T14:46:07","slug":"hotel-new-castle-cesenatico","status":"publish","type":"page","link":"https:\/\/www.italyfamilyhotels.it\/de\/family-hotels\/hotel-new-castle-cesenatico","title":{"rendered":"Hotel New Castle"},"content":{"rendered":"\n<p>Willkommen zu einem fr\u00f6hlichen, unbek\u00fcmmerten <b>Familienurlaub<\/b> im Herzen von <b>Cesenatico.<\/b> Es ist f\u00fcr alles gesorgt, und die Leistungen sind alle in unserer <b>All-Inclusive-Formel <\/b>enthalten.<\/p>\n\n\n\n<p><\/p>\n\n\n\n<p>Wir verw\u00f6hnen <b>Euch mit leckeren Gerichten auf der Basis frischer lokaler Erzeugnisse<\/b>. Wir reservieren Euch einen exklusiven Platz im nahen <b>Partner-Strandbad,<\/b> wo sich die K<b>inder zwischen 3 und 10 Jahren<\/b> vormittags und nachmittags im <b>Mini-Club<\/b> vergn\u00fcgen, w\u00e4hrend sich die Gro\u00dfen mit Baden, Sport und Ausruhen entspannen. Der weiche Sandstrand, der ganz sanft ins flache Meer abf\u00e4llt, ist auch f\u00fcr kleine Kinder ideal. Wenn Ihr am Strand mittagessen wollt, k\u00f6nnt Ihr unter <b>20 Gerichten zum Mitnehmen<\/b> ausw\u00e4hlen, die  wir Euch dann in einer K\u00fchltasche mitgeben.<\/p>\n\n\n\n<p><\/p>\n\n\n\n<p>Am Nachmittag gibt es einen s\u00fc\u00dfen <b>Imbiss f\u00fcr die Kinder<\/b> im Hotel, bevor der Spa\u00df  weitergeht, im Miniclub am Strand, im <b>Partner-Schwimmbad<\/b>, wo Ihr freien Eintritt habt, oder auf einem Ausflug mit <b>Fahrr\u00e4dern,<\/b> die wir der ganzen Familie zur Verf\u00fcgung stellen, mit <b>Kindersitzen und Helmen.<\/b><\/p>\n\n\n\n<p>Auch die Mahlzeiten sind <b>Momente des Genusses und der Entspannung<\/b>, unsere lieben <b>Kinderm\u00e4dchen <\/b>k\u00fcmmern sich um Euer Baby, w\u00e4hrend Ihr das Essen genie\u00dft.<\/p>\n\n\n\n<p>Am Abend gibt es dann Feste mit <b>Baby-Dance<\/b> unter den Sternen Cesenaticos<b>.<\/b><\/p>\n\n\n\n<p>Am Ende des Tages werdet Ihr entspannt einschlafen; <b>was die Kinder brauchen ist im Zimmer<\/b>, <b>auch Milch und Kindergetr\u00e4nke in der Minibar<\/b>!<\/p>\n","protected":false},"excerpt":{"rendered":"<p>Willkommen zu einem fr\u00f6hlichen, unbek\u00fcmmerten Familienurlaub im Herzen von Cesenatico. Es ist f\u00fcr alles gesorgt, und die Leistungen sind alle in unserer All-Inclusive-Formel enthalten. Wir verw\u00f6hnen Euch mit leckeren Gerichten auf der Basis frischer lokaler Erzeugnisse. Wir reservieren Euch einen exklusiven Platz im nahen Partner-Strandbad, wo sich die Kinder zwischen 3 und 10 Jahren vormittags &hellip;<\/p>\n","protected":false},"author":86,"featured_media":0,"parent":94,"menu_order":0,"comment_status":"closed","ping_status":"closed","template":"page-templates\/scheda_hotel.php","meta":{"_acf_changed":false,"inline_featured_image":false,"footnotes":""},"class_list":["post-4107","page","type-page","status-publish","hentry"],"acf":[],"yoast_head":"<!-- This site is optimized with the Yoast SEO plugin v27.1 - https:\/\/yoast.com\/product\/yoast-seo-wordpress\/ -->\n<title>Hotel New Castle 3-Sterne, Cesenatico<\/title>\n<meta name=\"description\" content=\"Lust auf Familienurlaub? Entdecken Sie die Familienangebote f\u00fcr Hotel New Castle in Cesenatico\" \/>\n<meta name=\"robots\" content=\"index, follow, max-snippet:-1, max-image-preview:large, max-video-preview:-1\" \/>\n<link rel=\"canonical\" href=\"https:\/\/www.italyfamilyhotels.it\/de\/family-hotels\/hotel-new-castle-cesenatico\" \/>\n<meta property=\"og:locale\" content=\"de_DE\" \/>\n<meta property=\"og:type\" content=\"article\" \/>\n<meta property=\"og:title\" content=\"Hotel New Castle 3-Sterne, Cesenatico\" \/>\n<meta property=\"og:description\" content=\"Lust auf Familienurlaub? Entdecken Sie die Familienangebote f\u00fcr Hotel New Castle in Cesenatico\" \/>\n<meta property=\"og:url\" content=\"https:\/\/www.italyfamilyhotels.it\/de\/family-hotels\/hotel-new-castle-cesenatico\" \/>\n<meta property=\"og:site_name\" content=\"Italy Family Hotels\" \/>\n<meta property=\"article:publisher\" content=\"https:\/\/www.facebook.com\/ItalyFamilyHotels\/\" \/>\n<meta property=\"article:modified_time\" content=\"2023-02-01T14:46:07+00:00\" \/>\n<meta name=\"twitter:card\" content=\"summary_large_image\" \/>\n<meta name=\"twitter:label1\" content=\"Gesch\u00e4tzte Lesezeit\" \/>\n\t<meta name=\"twitter:data1\" content=\"1\u00a0Minute\" \/>\n<script type=\"application\/ld+json\" class=\"yoast-schema-graph\">{\"@context\":\"https:\/\/schema.org\",\"@graph\":[{\"@type\":\"WebPage\",\"@id\":\"https:\/\/www.italyfamilyhotels.it\/de\/family-hotels\/hotel-new-castle-cesenatico\",\"url\":\"https:\/\/www.italyfamilyhotels.it\/de\/family-hotels\/hotel-new-castle-cesenatico\",\"name\":\"Hotel New Castle 3-Sterne, Cesenatico\",\"isPartOf\":{\"@id\":\"https:\/\/www.italyfamilyhotels.it\/#website\"},\"datePublished\":\"2022-03-14T11:37:03+00:00\",\"dateModified\":\"2023-02-01T14:46:07+00:00\",\"description\":\"Lust auf Familienurlaub? Entdecken Sie die Familienangebote f\u00fcr Hotel New Castle in Cesenatico\",\"breadcrumb\":{\"@id\":\"https:\/\/www.italyfamilyhotels.it\/de\/family-hotels\/hotel-new-castle-cesenatico#breadcrumb\"},\"inLanguage\":\"de\",\"potentialAction\":[{\"@type\":\"ReadAction\",\"target\":[\"https:\/\/www.italyfamilyhotels.it\/de\/family-hotels\/hotel-new-castle-cesenatico\"]}]},{\"@type\":\"BreadcrumbList\",\"@id\":\"https:\/\/www.italyfamilyhotels.it\/de\/family-hotels\/hotel-new-castle-cesenatico#breadcrumb\",\"itemListElement\":[{\"@type\":\"ListItem\",\"position\":1,\"name\":\"Home\",\"item\":\"https:\/\/www.italyfamilyhotels.it\/de\"},{\"@type\":\"ListItem\",\"position\":2,\"name\":\"Family Hotels\",\"item\":\"https:\/\/www.italyfamilyhotels.it\/de\/family-hotels\"},{\"@type\":\"ListItem\",\"position\":3,\"name\":\"Hotel New Castle\"}]},{\"@type\":\"WebSite\",\"@id\":\"https:\/\/www.italyfamilyhotels.it\/#website\",\"url\":\"https:\/\/www.italyfamilyhotels.it\/\",\"name\":\"Italy Family Hotels\",\"description\":\"\",\"potentialAction\":[{\"@type\":\"SearchAction\",\"target\":{\"@type\":\"EntryPoint\",\"urlTemplate\":\"https:\/\/www.italyfamilyhotels.it\/?s={search_term_string}\"},\"query-input\":{\"@type\":\"PropertyValueSpecification\",\"valueRequired\":true,\"valueName\":\"search_term_string\"}}],\"inLanguage\":\"de\"}]}<\/script>\n<!-- \/ Yoast SEO plugin. -->","yoast_head_json":{"title":"Hotel New Castle 3-Sterne, Cesenatico","description":"Lust auf Familienurlaub? Entdecken Sie die Familienangebote f\u00fcr Hotel New Castle in Cesenatico","robots":{"index":"index","follow":"follow","max-snippet":"max-snippet:-1","max-image-preview":"max-image-preview:large","max-video-preview":"max-video-preview:-1"},"canonical":"https:\/\/www.italyfamilyhotels.it\/de\/family-hotels\/hotel-new-castle-cesenatico","og_locale":"de_DE","og_type":"article","og_title":"Hotel New Castle 3-Sterne, Cesenatico","og_description":"Lust auf Familienurlaub? Entdecken Sie die Familienangebote f\u00fcr Hotel New Castle in Cesenatico","og_url":"https:\/\/www.italyfamilyhotels.it\/de\/family-hotels\/hotel-new-castle-cesenatico","og_site_name":"Italy Family Hotels","article_publisher":"https:\/\/www.facebook.com\/ItalyFamilyHotels\/","article_modified_time":"2023-02-01T14:46:07+00:00","twitter_card":"summary_large_image","twitter_misc":{"Gesch\u00e4tzte Lesezeit":"1\u00a0Minute"},"schema":{"@context":"https:\/\/schema.org","@graph":[{"@type":"WebPage","@id":"https:\/\/www.italyfamilyhotels.it\/de\/family-hotels\/hotel-new-castle-cesenatico","url":"https:\/\/www.italyfamilyhotels.it\/de\/family-hotels\/hotel-new-castle-cesenatico","name":"Hotel New Castle 3-Sterne, Cesenatico","isPartOf":{"@id":"https:\/\/www.italyfamilyhotels.it\/#website"},"datePublished":"2022-03-14T11:37:03+00:00","dateModified":"2023-02-01T14:46:07+00:00","description":"Lust auf Familienurlaub? Entdecken Sie die Familienangebote f\u00fcr Hotel New Castle in Cesenatico","breadcrumb":{"@id":"https:\/\/www.italyfamilyhotels.it\/de\/family-hotels\/hotel-new-castle-cesenatico#breadcrumb"},"inLanguage":"de","potentialAction":[{"@type":"ReadAction","target":["https:\/\/www.italyfamilyhotels.it\/de\/family-hotels\/hotel-new-castle-cesenatico"]}]},{"@type":"BreadcrumbList","@id":"https:\/\/www.italyfamilyhotels.it\/de\/family-hotels\/hotel-new-castle-cesenatico#breadcrumb","itemListElement":[{"@type":"ListItem","position":1,"name":"Home","item":"https:\/\/www.italyfamilyhotels.it\/de"},{"@type":"ListItem","position":2,"name":"Family Hotels","item":"https:\/\/www.italyfamilyhotels.it\/de\/family-hotels"},{"@type":"ListItem","position":3,"name":"Hotel New Castle"}]},{"@type":"WebSite","@id":"https:\/\/www.italyfamilyhotels.it\/#website","url":"https:\/\/www.italyfamilyhotels.it\/","name":"Italy Family Hotels","description":"","potentialAction":[{"@type":"SearchAction","target":{"@type":"EntryPoint","urlTemplate":"https:\/\/www.italyfamilyhotels.it\/?s={search_term_string}"},"query-input":{"@type":"PropertyValueSpecification","valueRequired":true,"valueName":"search_term_string"}}],"inLanguage":"de"}]}},"_links":{"self":[{"href":"https:\/\/www.italyfamilyhotels.it\/de\/wp-json\/wp\/v2\/pages\/4107","targetHints":{"allow":["GET"]}}],"collection":[{"href":"https:\/\/www.italyfamilyhotels.it\/de\/wp-json\/wp\/v2\/pages"}],"about":[{"href":"https:\/\/www.italyfamilyhotels.it\/de\/wp-json\/wp\/v2\/types\/page"}],"author":[{"embeddable":true,"href":"https:\/\/www.italyfamilyhotels.it\/de\/wp-json\/wp\/v2\/users\/86"}],"replies":[{"embeddable":true,"href":"https:\/\/www.italyfamilyhotels.it\/de\/wp-json\/wp\/v2\/comments?post=4107"}],"version-history":[{"count":4,"href":"https:\/\/www.italyfamilyhotels.it\/de\/wp-json\/wp\/v2\/pages\/4107\/revisions"}],"predecessor-version":[{"id":45137,"href":"https:\/\/www.italyfamilyhotels.it\/de\/wp-json\/wp\/v2\/pages\/4107\/revisions\/45137"}],"up":[{"embeddable":true,"href":"https:\/\/www.italyfamilyhotels.it\/de\/wp-json\/wp\/v2\/pages\/94"}],"wp:attachment":[{"href":"https:\/\/www.italyfamilyhotels.it\/de\/wp-json\/wp\/v2\/media?parent=4107"}],"curies":[{"name":"wp","href":"https:\/\/api.w.org\/{rel}","templated":true}]}}