{"id":4092,"date":"2022-03-14T12:37:01","date_gmt":"2022-03-14T11:37:01","guid":{"rendered":"https:\/\/www.italyfamilyhotels.it\/family-hotels\/miramonti-gourmet-spa"},"modified":"2023-02-16T16:40:38","modified_gmt":"2023-02-16T15:40:38","slug":"miramonti-family-spa-frabosa-soprana","status":"publish","type":"page","link":"https:\/\/www.italyfamilyhotels.it\/de\/family-hotels\/miramonti-family-spa-frabosa-soprana","title":{"rendered":"MiraMonti Family &amp; Spa"},"content":{"rendered":"\n<p>Willkommen im Hotel <b>Hotel Miramonti <\/b>und willkommen in <b>Frabosa Soprana<\/b>, wo H\u00fcgel und Hochgebirge eine bildsch\u00f6ne Landschaft bilden. Alles ist vorbereitet, damit Ihr bei uns einen <b>entspannenden, in jeder Hinsicht hervorragenden Familienurlaub <\/b>erlebt. Die Palette unserer Serviceleistungen und organisierten Aktivit\u00e4ten zielt auf das Wohlbefinden und die Freude der Kinder, aber verw\u00f6hnt auch Mama und Papa.<\/p>\n\n\n\n<p><\/p>\n\n\n\n<p><b>Jeden Tag von 9:30 bis 22:00 Uhr<\/b> organisiert unser Animationsteam zusammen mit dem <b>Maskottchen Mimi<\/b> das Vergn\u00fcgen der Kinder; mit kreativen Aktivit\u00e4ten, Spielen, Auff\u00fchrungen, k\u00f6stlichen Brotzeiten und gef\u00fchrten Ausfl\u00fcgen \u2013 f\u00fcr alle Beinchen und auch mit Kinderwagen zu bew\u00e4ltigen -, um den Kleinen die Eigenheiten und Geheimnisse der Berge zu zeigen.<\/p>\n\n\n\n<p><\/p>\n\n\n\n<p>Im und am Hotel haben unsere kleinen G\u00e4ste nicht nur viel Platz, sondern echte bunte Erlebnisr\u00e4ume: <b>2 immer benutzbare Spielr\u00e4ume drinnen, 2 Spielpl\u00e4tze drau\u00dfen,<\/b> sogar einen <b>Kinderbauernhof <\/b>und ein <b>Riesen-Schachspiel<\/b> im Freien. Sie haben <b>das ganze gr\u00fcne eingez\u00e4unte Gel\u00e4nde<\/b> zum Spielen zur Verf\u00fcgung.<\/p>\n\n\n\n<p><\/p>\n\n\n\n<p>W\u00e4hrend wir uns um die Kleinen k\u00fcmmern, k\u00f6nnt Ihr, die Gro\u00dfen, ohne Gewissensbisse<b> im &#8220;Mspa&#8221; entspannen, mit Wellnessprogrammen, die extra f\u00fcr Eltern ausgedacht wurden:<\/b> Waldsauna, Finnische Sauna, Dampfbad, Acqua-Alpina-Parcours  und M-Lounge. Zum Schluss kann man in einem romantischen <b>Warmwasserbecken<\/b> seelenruhig die Berge betrachten oder bei einem Drink auf der <b>Panorama-Terrasse<\/b> das Gleiche tun.<\/p>\n\n\n\n<p><b>Ihr braucht nicht viel einzupacken<\/b>; so gut wie alles, was Ihr f\u00fcr die Kinder braucht, ist da:  <b>vollst\u00e4ndige Baby-Ausr\u00fcstung im Saal und im Zimmer,<\/b> auch Bettt\u00fccher und Decken f\u00fcr das Campingbettchen, Fahrr\u00e4der mit Kindersitzen und Helmen, Kinderwagen- und Kindertragerucksack-Vermietung. Mit der K\u00fcche k\u00f6nnt Ihr <b>die Ern\u00e4hrung Eures Kindes und die Essenszeiten absprechen.<\/b><\/p>\n\n\n\n<p>Kein guter Urlaub ohne neue gastronomische Erlebnisse! Es macht uns Freude, Euch <b>typische Piemonteser Gerichte <\/b>zu servieren, und auch den Nachwuchs mit unseren<b> Kindermen\u00fcs<\/b> zu \u00fcberzeugen.<\/p>\n","protected":false},"excerpt":{"rendered":"<p>Willkommen im Hotel Hotel Miramonti und willkommen in Frabosa Soprana, wo H\u00fcgel und Hochgebirge eine bildsch\u00f6ne Landschaft bilden. Alles ist vorbereitet, damit Ihr bei uns einen entspannenden, in jeder Hinsicht hervorragenden Familienurlaub erlebt. Die Palette unserer Serviceleistungen und organisierten Aktivit\u00e4ten zielt auf das Wohlbefinden und die Freude der Kinder, aber verw\u00f6hnt auch Mama und Papa. &hellip;<\/p>\n","protected":false},"author":82,"featured_media":0,"parent":94,"menu_order":0,"comment_status":"closed","ping_status":"closed","template":"page-templates\/scheda_hotel.php","meta":{"_acf_changed":false,"inline_featured_image":false,"footnotes":""},"class_list":["post-4092","page","type-page","status-publish","hentry"],"acf":[],"yoast_head":"<!-- This site is optimized with the Yoast SEO plugin v27.1 - https:\/\/yoast.com\/product\/yoast-seo-wordpress\/ -->\n<title>MiraMonti Family &amp; Spa 3-Sterne, Frabosa Soprana<\/title>\n<meta name=\"description\" content=\"Lust auf Familienurlaub? Entdecken Sie die Familienangebote f\u00fcr MiraMonti GFamily ourmet &amp; Spa in Frabosa Soprana\" \/>\n<meta name=\"robots\" content=\"index, follow, max-snippet:-1, max-image-preview:large, max-video-preview:-1\" \/>\n<link rel=\"canonical\" href=\"https:\/\/www.italyfamilyhotels.it\/de\/family-hotels\/miramonti-family-spa-frabosa-soprana\" \/>\n<meta property=\"og:locale\" content=\"de_DE\" \/>\n<meta property=\"og:type\" content=\"article\" \/>\n<meta property=\"og:title\" content=\"MiraMonti Family &amp; Spa 3-Sterne, Frabosa Soprana\" \/>\n<meta property=\"og:description\" content=\"Lust auf Familienurlaub? Entdecken Sie die Familienangebote f\u00fcr MiraMonti GFamily ourmet &amp; Spa in Frabosa Soprana\" \/>\n<meta property=\"og:url\" content=\"https:\/\/www.italyfamilyhotels.it\/de\/family-hotels\/miramonti-family-spa-frabosa-soprana\" \/>\n<meta property=\"og:site_name\" content=\"Italy Family Hotels\" \/>\n<meta property=\"article:publisher\" content=\"https:\/\/www.facebook.com\/ItalyFamilyHotels\/\" \/>\n<meta property=\"article:modified_time\" content=\"2023-02-16T15:40:38+00:00\" \/>\n<meta name=\"twitter:card\" content=\"summary_large_image\" \/>\n<meta name=\"twitter:label1\" content=\"Gesch\u00e4tzte Lesezeit\" \/>\n\t<meta name=\"twitter:data1\" content=\"1\u00a0Minute\" \/>\n<script type=\"application\/ld+json\" class=\"yoast-schema-graph\">{\"@context\":\"https:\/\/schema.org\",\"@graph\":[{\"@type\":\"WebPage\",\"@id\":\"https:\/\/www.italyfamilyhotels.it\/de\/family-hotels\/miramonti-family-spa-frabosa-soprana\",\"url\":\"https:\/\/www.italyfamilyhotels.it\/de\/family-hotels\/miramonti-family-spa-frabosa-soprana\",\"name\":\"MiraMonti Family & Spa 3-Sterne, Frabosa Soprana\",\"isPartOf\":{\"@id\":\"https:\/\/www.italyfamilyhotels.it\/#website\"},\"datePublished\":\"2022-03-14T11:37:01+00:00\",\"dateModified\":\"2023-02-16T15:40:38+00:00\",\"description\":\"Lust auf Familienurlaub? Entdecken Sie die Familienangebote f\u00fcr MiraMonti GFamily ourmet & Spa in Frabosa Soprana\",\"breadcrumb\":{\"@id\":\"https:\/\/www.italyfamilyhotels.it\/de\/family-hotels\/miramonti-family-spa-frabosa-soprana#breadcrumb\"},\"inLanguage\":\"de\",\"potentialAction\":[{\"@type\":\"ReadAction\",\"target\":[\"https:\/\/www.italyfamilyhotels.it\/de\/family-hotels\/miramonti-family-spa-frabosa-soprana\"]}]},{\"@type\":\"BreadcrumbList\",\"@id\":\"https:\/\/www.italyfamilyhotels.it\/de\/family-hotels\/miramonti-family-spa-frabosa-soprana#breadcrumb\",\"itemListElement\":[{\"@type\":\"ListItem\",\"position\":1,\"name\":\"Home\",\"item\":\"https:\/\/www.italyfamilyhotels.it\/de\"},{\"@type\":\"ListItem\",\"position\":2,\"name\":\"Family Hotels\",\"item\":\"https:\/\/www.italyfamilyhotels.it\/de\/family-hotels\"},{\"@type\":\"ListItem\",\"position\":3,\"name\":\"MiraMonti Family &amp; Spa\"}]},{\"@type\":\"WebSite\",\"@id\":\"https:\/\/www.italyfamilyhotels.it\/#website\",\"url\":\"https:\/\/www.italyfamilyhotels.it\/\",\"name\":\"Italy Family Hotels\",\"description\":\"\",\"potentialAction\":[{\"@type\":\"SearchAction\",\"target\":{\"@type\":\"EntryPoint\",\"urlTemplate\":\"https:\/\/www.italyfamilyhotels.it\/?s={search_term_string}\"},\"query-input\":{\"@type\":\"PropertyValueSpecification\",\"valueRequired\":true,\"valueName\":\"search_term_string\"}}],\"inLanguage\":\"de\"}]}<\/script>\n<!-- \/ Yoast SEO plugin. -->","yoast_head_json":{"title":"MiraMonti Family & Spa 3-Sterne, Frabosa Soprana","description":"Lust auf Familienurlaub? Entdecken Sie die Familienangebote f\u00fcr MiraMonti GFamily ourmet & Spa in Frabosa Soprana","robots":{"index":"index","follow":"follow","max-snippet":"max-snippet:-1","max-image-preview":"max-image-preview:large","max-video-preview":"max-video-preview:-1"},"canonical":"https:\/\/www.italyfamilyhotels.it\/de\/family-hotels\/miramonti-family-spa-frabosa-soprana","og_locale":"de_DE","og_type":"article","og_title":"MiraMonti Family & Spa 3-Sterne, Frabosa Soprana","og_description":"Lust auf Familienurlaub? Entdecken Sie die Familienangebote f\u00fcr MiraMonti GFamily ourmet & Spa in Frabosa Soprana","og_url":"https:\/\/www.italyfamilyhotels.it\/de\/family-hotels\/miramonti-family-spa-frabosa-soprana","og_site_name":"Italy Family Hotels","article_publisher":"https:\/\/www.facebook.com\/ItalyFamilyHotels\/","article_modified_time":"2023-02-16T15:40:38+00:00","twitter_card":"summary_large_image","twitter_misc":{"Gesch\u00e4tzte Lesezeit":"1\u00a0Minute"},"schema":{"@context":"https:\/\/schema.org","@graph":[{"@type":"WebPage","@id":"https:\/\/www.italyfamilyhotels.it\/de\/family-hotels\/miramonti-family-spa-frabosa-soprana","url":"https:\/\/www.italyfamilyhotels.it\/de\/family-hotels\/miramonti-family-spa-frabosa-soprana","name":"MiraMonti Family & Spa 3-Sterne, Frabosa Soprana","isPartOf":{"@id":"https:\/\/www.italyfamilyhotels.it\/#website"},"datePublished":"2022-03-14T11:37:01+00:00","dateModified":"2023-02-16T15:40:38+00:00","description":"Lust auf Familienurlaub? Entdecken Sie die Familienangebote f\u00fcr MiraMonti GFamily ourmet & Spa in Frabosa Soprana","breadcrumb":{"@id":"https:\/\/www.italyfamilyhotels.it\/de\/family-hotels\/miramonti-family-spa-frabosa-soprana#breadcrumb"},"inLanguage":"de","potentialAction":[{"@type":"ReadAction","target":["https:\/\/www.italyfamilyhotels.it\/de\/family-hotels\/miramonti-family-spa-frabosa-soprana"]}]},{"@type":"BreadcrumbList","@id":"https:\/\/www.italyfamilyhotels.it\/de\/family-hotels\/miramonti-family-spa-frabosa-soprana#breadcrumb","itemListElement":[{"@type":"ListItem","position":1,"name":"Home","item":"https:\/\/www.italyfamilyhotels.it\/de"},{"@type":"ListItem","position":2,"name":"Family Hotels","item":"https:\/\/www.italyfamilyhotels.it\/de\/family-hotels"},{"@type":"ListItem","position":3,"name":"MiraMonti Family &amp; Spa"}]},{"@type":"WebSite","@id":"https:\/\/www.italyfamilyhotels.it\/#website","url":"https:\/\/www.italyfamilyhotels.it\/","name":"Italy Family Hotels","description":"","potentialAction":[{"@type":"SearchAction","target":{"@type":"EntryPoint","urlTemplate":"https:\/\/www.italyfamilyhotels.it\/?s={search_term_string}"},"query-input":{"@type":"PropertyValueSpecification","valueRequired":true,"valueName":"search_term_string"}}],"inLanguage":"de"}]}},"_links":{"self":[{"href":"https:\/\/www.italyfamilyhotels.it\/de\/wp-json\/wp\/v2\/pages\/4092","targetHints":{"allow":["GET"]}}],"collection":[{"href":"https:\/\/www.italyfamilyhotels.it\/de\/wp-json\/wp\/v2\/pages"}],"about":[{"href":"https:\/\/www.italyfamilyhotels.it\/de\/wp-json\/wp\/v2\/types\/page"}],"author":[{"embeddable":true,"href":"https:\/\/www.italyfamilyhotels.it\/de\/wp-json\/wp\/v2\/users\/82"}],"replies":[{"embeddable":true,"href":"https:\/\/www.italyfamilyhotels.it\/de\/wp-json\/wp\/v2\/comments?post=4092"}],"version-history":[{"count":8,"href":"https:\/\/www.italyfamilyhotels.it\/de\/wp-json\/wp\/v2\/pages\/4092\/revisions"}],"predecessor-version":[{"id":46386,"href":"https:\/\/www.italyfamilyhotels.it\/de\/wp-json\/wp\/v2\/pages\/4092\/revisions\/46386"}],"up":[{"embeddable":true,"href":"https:\/\/www.italyfamilyhotels.it\/de\/wp-json\/wp\/v2\/pages\/94"}],"wp:attachment":[{"href":"https:\/\/www.italyfamilyhotels.it\/de\/wp-json\/wp\/v2\/media?parent=4092"}],"curies":[{"name":"wp","href":"https:\/\/api.w.org\/{rel}","templated":true}]}}