{"id":4087,"date":"2022-03-14T12:37:00","date_gmt":"2022-03-14T11:37:00","guid":{"rendered":"https:\/\/www.italyfamilyhotels.it\/family-hotels\/emhotel-europa-monetti"},"modified":"2025-05-21T13:11:11","modified_gmt":"2025-05-21T11:11:11","slug":"emhotel-europa-monetti-cattolica","status":"publish","type":"page","link":"https:\/\/www.italyfamilyhotels.it\/de\/family-hotels\/emhotel-europa-monetti-cattolica","title":{"rendered":"EM|Europa Monetti"},"content":{"rendered":"\n<p>Wir begr\u00fc\u00dfen Sie im <b>EM|Europa Monetti<\/b>, einem Hotel f\u00fcr gl\u00fcckliche Kinder&#8230; und entspannte Eltern! Wir befinden uns direkt im Zentrum, mit Blick auf die elegante <b>Fu\u00dfg\u00e4ngerzone von Cattolica<\/b>. Es ist nur ein kurzer Spaziergang zu unserem <b>Privatstrand<\/b> mit Sonnenschirmen, Liegest\u00fchlen, wundersch\u00f6nen Pavillons, Unterhaltung, Beach-Volleyball und Beach-Tennisplatz, Dog Beach, wo Komfort, Entspannung und Spa\u00df im Vordergrund stehen.<\/p>\n\n\n\n<p>Wenn Sie sich lieber im Hotel aufhalten wollen, finden Sie dort einen gro\u00dfen <b>Swimmingpool mit Hydromassage und Wasserfall<\/b>, der in drei Zonen unterteilt und daher auch f\u00fcr Kinder geeignet ist. Augen auf, es k\u00f6nnte sein, dass eine lustige Flosse aus dem Wasser auftaucht: Keine Sorge, das ist <b>Pasqualo<\/b>! Unser Maskottchen ist ein verspielter kleiner Hai, der gern Spa\u00df hat, Streiche spielt und zusammen mit dem professionellen Animationsteam <b>sieben Tage lang f\u00fcr pausenlose Unterhaltung<\/b> sorgt. Am Strand, am Swimmingpool und im Spielraum <b>La Baia di Pasqualo<\/b>, der Pasqualo-Bucht, finden Aktivit\u00e4ten, Workshops, Schatzsuchen, Miniturniere und Shows statt. Es werden auch <b>gef\u00fchrte Bootsausfl\u00fcge<\/b> nach Gradara, zum Aquarium von Cattolica und fantastische <b>Abendessen mit Animateuren<\/b> angeboten.<\/p>\n\n\n\n<p>Wir wissen, wie wichtig es ist, sich Zeit f\u00fcr sich selbst zu nehmen und abzuschalten. W\u00e4hrend sich Ihre Kinder bei uns am\u00fcsieren, k\u00f6nnen Sie <b>im Wellnessbereich ein verj\u00fcngendes, multisensorisches Erlebnis<\/b> genie\u00dfen, der eine Erlebnisdusche, eine schottische Dusche, einen Minipool mit Hydromassage, Behandlungen und einen Entspannungsbereich mit Kr\u00e4utertees umfasst.<\/p>\n\n\n\n<p>Wir m\u00f6chten Ihnen jetzt ein Geheimnis verraten, das Ihnen sicher gefallen wird: Sie k\u00f6nnen sich von Anfang an entspannen, denn <b>alles, was Sie f\u00fcr Ihren Urlaub mit Ihren Kindern brauchen, ist schon da<\/b>. In Ihrem Zimmer finden Sie ein Kinderbett, eine Babybadewanne, einen Wickeltisch, einen Flaschenw\u00e4rmer, einen Kinder-Toilettensitz; im <b>kleinen Restaurant La Taverna di Pasqualo<\/b> gibt es Babybesteck, Hochst\u00fchle, leckere Men\u00fcs; die <b>Babynahrungsk\u00fcche ist rund um die Uhr ge\u00f6ffnet<\/b>, mit allem, was Sie zum Abstillen brauchen. Sie packen nur die Kleidung ein, wir k\u00fcmmern uns um den Rest, sogar um <b>p\u00e4diatrische Betreuung<\/b>!<\/p>\n","protected":false},"excerpt":{"rendered":"<p>Wir begr\u00fc\u00dfen Sie im EM|Europa Monetti, einem Hotel f\u00fcr gl\u00fcckliche Kinder&#8230; und entspannte Eltern! Wir befinden uns direkt im Zentrum, mit Blick auf die elegante Fu\u00dfg\u00e4ngerzone von Cattolica. Es ist nur ein kurzer Spaziergang zu unserem Privatstrand mit Sonnenschirmen, Liegest\u00fchlen, wundersch\u00f6nen Pavillons, Unterhaltung, Beach-Volleyball und Beach-Tennisplatz, Dog Beach, wo Komfort, Entspannung und Spa\u00df im Vordergrund &hellip;<\/p>\n","protected":false},"author":23,"featured_media":0,"parent":94,"menu_order":0,"comment_status":"closed","ping_status":"closed","template":"page-templates\/scheda_hotel.php","meta":{"_acf_changed":false,"inline_featured_image":false,"footnotes":""},"class_list":["post-4087","page","type-page","status-publish","hentry"],"acf":[],"yoast_head":"<!-- This site is optimized with the Yoast SEO plugin v27.1 - https:\/\/yoast.com\/product\/yoast-seo-wordpress\/ -->\n<title>EM|Europa Monetti, 4 Sterne, Cattolica<\/title>\n<meta name=\"description\" content=\"Lust auf Urlaub mit Ihrer Familie? Entdecken Sie die Familienangebote im EM|Europa Monetti in Cattolica\" \/>\n<meta name=\"robots\" content=\"index, follow, max-snippet:-1, max-image-preview:large, max-video-preview:-1\" \/>\n<link rel=\"canonical\" href=\"https:\/\/www.italyfamilyhotels.it\/de\/family-hotels\/emhotel-europa-monetti-cattolica\" \/>\n<meta property=\"og:locale\" content=\"de_DE\" \/>\n<meta property=\"og:type\" content=\"article\" \/>\n<meta property=\"og:title\" content=\"EM|Europa Monetti, 4 Sterne, Cattolica\" \/>\n<meta property=\"og:description\" content=\"Lust auf Urlaub mit Ihrer Familie? Entdecken Sie die Familienangebote im EM|Europa Monetti in Cattolica\" \/>\n<meta property=\"og:url\" content=\"https:\/\/www.italyfamilyhotels.it\/de\/family-hotels\/emhotel-europa-monetti-cattolica\" \/>\n<meta property=\"og:site_name\" content=\"Italy Family Hotels\" \/>\n<meta property=\"article:publisher\" content=\"https:\/\/www.facebook.com\/ItalyFamilyHotels\/\" \/>\n<meta property=\"article:modified_time\" content=\"2025-05-21T11:11:11+00:00\" \/>\n<meta name=\"twitter:card\" content=\"summary_large_image\" \/>\n<meta name=\"twitter:label1\" content=\"Gesch\u00e4tzte Lesezeit\" \/>\n\t<meta name=\"twitter:data1\" content=\"1\u00a0Minute\" \/>\n<script type=\"application\/ld+json\" class=\"yoast-schema-graph\">{\"@context\":\"https:\/\/schema.org\",\"@graph\":[{\"@type\":\"WebPage\",\"@id\":\"https:\/\/www.italyfamilyhotels.it\/de\/family-hotels\/emhotel-europa-monetti-cattolica\",\"url\":\"https:\/\/www.italyfamilyhotels.it\/de\/family-hotels\/emhotel-europa-monetti-cattolica\",\"name\":\"EM|Europa Monetti, 4 Sterne, Cattolica\",\"isPartOf\":{\"@id\":\"https:\/\/www.italyfamilyhotels.it\/#website\"},\"datePublished\":\"2022-03-14T11:37:00+00:00\",\"dateModified\":\"2025-05-21T11:11:11+00:00\",\"description\":\"Lust auf Urlaub mit Ihrer Familie? Entdecken Sie die Familienangebote im EM|Europa Monetti in Cattolica\",\"breadcrumb\":{\"@id\":\"https:\/\/www.italyfamilyhotels.it\/de\/family-hotels\/emhotel-europa-monetti-cattolica#breadcrumb\"},\"inLanguage\":\"de\",\"potentialAction\":[{\"@type\":\"ReadAction\",\"target\":[\"https:\/\/www.italyfamilyhotels.it\/de\/family-hotels\/emhotel-europa-monetti-cattolica\"]}]},{\"@type\":\"BreadcrumbList\",\"@id\":\"https:\/\/www.italyfamilyhotels.it\/de\/family-hotels\/emhotel-europa-monetti-cattolica#breadcrumb\",\"itemListElement\":[{\"@type\":\"ListItem\",\"position\":1,\"name\":\"Home\",\"item\":\"https:\/\/www.italyfamilyhotels.it\/de\"},{\"@type\":\"ListItem\",\"position\":2,\"name\":\"Family Hotels\",\"item\":\"https:\/\/www.italyfamilyhotels.it\/de\/family-hotels\"},{\"@type\":\"ListItem\",\"position\":3,\"name\":\"EM|Europa Monetti\"}]},{\"@type\":\"WebSite\",\"@id\":\"https:\/\/www.italyfamilyhotels.it\/#website\",\"url\":\"https:\/\/www.italyfamilyhotels.it\/\",\"name\":\"Italy Family Hotels\",\"description\":\"\",\"potentialAction\":[{\"@type\":\"SearchAction\",\"target\":{\"@type\":\"EntryPoint\",\"urlTemplate\":\"https:\/\/www.italyfamilyhotels.it\/?s={search_term_string}\"},\"query-input\":{\"@type\":\"PropertyValueSpecification\",\"valueRequired\":true,\"valueName\":\"search_term_string\"}}],\"inLanguage\":\"de\"}]}<\/script>\n<!-- \/ Yoast SEO plugin. -->","yoast_head_json":{"title":"EM|Europa Monetti, 4 Sterne, Cattolica","description":"Lust auf Urlaub mit Ihrer Familie? Entdecken Sie die Familienangebote im EM|Europa Monetti in Cattolica","robots":{"index":"index","follow":"follow","max-snippet":"max-snippet:-1","max-image-preview":"max-image-preview:large","max-video-preview":"max-video-preview:-1"},"canonical":"https:\/\/www.italyfamilyhotels.it\/de\/family-hotels\/emhotel-europa-monetti-cattolica","og_locale":"de_DE","og_type":"article","og_title":"EM|Europa Monetti, 4 Sterne, Cattolica","og_description":"Lust auf Urlaub mit Ihrer Familie? Entdecken Sie die Familienangebote im EM|Europa Monetti in Cattolica","og_url":"https:\/\/www.italyfamilyhotels.it\/de\/family-hotels\/emhotel-europa-monetti-cattolica","og_site_name":"Italy Family Hotels","article_publisher":"https:\/\/www.facebook.com\/ItalyFamilyHotels\/","article_modified_time":"2025-05-21T11:11:11+00:00","twitter_card":"summary_large_image","twitter_misc":{"Gesch\u00e4tzte Lesezeit":"1\u00a0Minute"},"schema":{"@context":"https:\/\/schema.org","@graph":[{"@type":"WebPage","@id":"https:\/\/www.italyfamilyhotels.it\/de\/family-hotels\/emhotel-europa-monetti-cattolica","url":"https:\/\/www.italyfamilyhotels.it\/de\/family-hotels\/emhotel-europa-monetti-cattolica","name":"EM|Europa Monetti, 4 Sterne, Cattolica","isPartOf":{"@id":"https:\/\/www.italyfamilyhotels.it\/#website"},"datePublished":"2022-03-14T11:37:00+00:00","dateModified":"2025-05-21T11:11:11+00:00","description":"Lust auf Urlaub mit Ihrer Familie? Entdecken Sie die Familienangebote im EM|Europa Monetti in Cattolica","breadcrumb":{"@id":"https:\/\/www.italyfamilyhotels.it\/de\/family-hotels\/emhotel-europa-monetti-cattolica#breadcrumb"},"inLanguage":"de","potentialAction":[{"@type":"ReadAction","target":["https:\/\/www.italyfamilyhotels.it\/de\/family-hotels\/emhotel-europa-monetti-cattolica"]}]},{"@type":"BreadcrumbList","@id":"https:\/\/www.italyfamilyhotels.it\/de\/family-hotels\/emhotel-europa-monetti-cattolica#breadcrumb","itemListElement":[{"@type":"ListItem","position":1,"name":"Home","item":"https:\/\/www.italyfamilyhotels.it\/de"},{"@type":"ListItem","position":2,"name":"Family Hotels","item":"https:\/\/www.italyfamilyhotels.it\/de\/family-hotels"},{"@type":"ListItem","position":3,"name":"EM|Europa Monetti"}]},{"@type":"WebSite","@id":"https:\/\/www.italyfamilyhotels.it\/#website","url":"https:\/\/www.italyfamilyhotels.it\/","name":"Italy Family Hotels","description":"","potentialAction":[{"@type":"SearchAction","target":{"@type":"EntryPoint","urlTemplate":"https:\/\/www.italyfamilyhotels.it\/?s={search_term_string}"},"query-input":{"@type":"PropertyValueSpecification","valueRequired":true,"valueName":"search_term_string"}}],"inLanguage":"de"}]}},"_links":{"self":[{"href":"https:\/\/www.italyfamilyhotels.it\/de\/wp-json\/wp\/v2\/pages\/4087","targetHints":{"allow":["GET"]}}],"collection":[{"href":"https:\/\/www.italyfamilyhotels.it\/de\/wp-json\/wp\/v2\/pages"}],"about":[{"href":"https:\/\/www.italyfamilyhotels.it\/de\/wp-json\/wp\/v2\/types\/page"}],"author":[{"embeddable":true,"href":"https:\/\/www.italyfamilyhotels.it\/de\/wp-json\/wp\/v2\/users\/23"}],"replies":[{"embeddable":true,"href":"https:\/\/www.italyfamilyhotels.it\/de\/wp-json\/wp\/v2\/comments?post=4087"}],"version-history":[{"count":9,"href":"https:\/\/www.italyfamilyhotels.it\/de\/wp-json\/wp\/v2\/pages\/4087\/revisions"}],"predecessor-version":[{"id":69315,"href":"https:\/\/www.italyfamilyhotels.it\/de\/wp-json\/wp\/v2\/pages\/4087\/revisions\/69315"}],"up":[{"embeddable":true,"href":"https:\/\/www.italyfamilyhotels.it\/de\/wp-json\/wp\/v2\/pages\/94"}],"wp:attachment":[{"href":"https:\/\/www.italyfamilyhotels.it\/de\/wp-json\/wp\/v2\/media?parent=4087"}],"curies":[{"name":"wp","href":"https:\/\/api.w.org\/{rel}","templated":true}]}}