{"id":4082,"date":"2022-03-14T12:36:59","date_gmt":"2022-03-14T11:36:59","guid":{"rendered":"https:\/\/www.italyfamilyhotels.it\/family-hotels\/hotel-fedora"},"modified":"2026-04-01T16:47:23","modified_gmt":"2026-04-01T14:47:23","slug":"hotel-fedora-riccione","status":"publish","type":"page","link":"https:\/\/www.italyfamilyhotels.it\/de\/family-hotels\/hotel-fedora-riccione","title":{"rendered":"Hotel Fedora"},"content":{"rendered":"\n<p><b>Direkt am Meer von Riccione gelegen, k\u00f6nnen Sie im Hotel Fedora<\/b> bequem von der Veranda zum Strand hinuntergehen und in wenigen Schritten liegen Sie schon auf einer Liege und entspannen sich in der Sonne, w\u00e4hrend unsere Animateure die kleinen G\u00e4ste mit den zahlreichen Aktivit\u00e4ten des <b>Mini-Clubs<\/b> besch\u00e4ftigen. \u00a0Aber Spa\u00df und Entspannung gibt es auch in unseren <b>drei herrlichen<\/b>, <b>vom 1. Juni bis zum 30. September beheizten Au\u00dfenpools<\/b>, einer mit <b>flachem Wasser und Rutsche<\/b>, wo die Kinder in Ruhe planschen k\u00f6nnen, w\u00e4hrend Sie den <b>Gef\u00e4\u00dfparcour, den Wasserfall und den Whirlpool<\/b> genie\u00dfen k\u00f6nnen. Wir achten stets auf das Wohl unserer kleinen G\u00e4ste, angefangen bei der Ausstattung der Zimmer <b>mit Kinderbetten, Wickeltischen, Flaschenw\u00e4rmern und Nachtlichtern<\/b> <b>bis hin zur Kochecke f\u00fcr die Zubereitung von Babynahrung und den Baby-Men\u00fcs.<\/b> Im <b>Panoramarestaurant mit Blick auf das Meer und den Strand<\/b> finden Sie jeden Tag ein reichhaltiges <b>Buffet mit unverf\u00e4lschten und raffinierten Gerichten<\/b>, <b>Bio- und Z\u00f6liakieprodukten<\/b>, und jede Woche werden Sie mit dem unvergesslichen <b>\u201eRomagnamia\u201c<\/b>-Abend auf eine Reise durch die <b>Aromen der Romagna-Tradition<\/b> mitgenommen. Und wenn Sie sich einen Moment v\u00f6lliger Ruhe g\u00f6nnen wollen, k\u00f6nnen Sie sich in unserem <b>Wellnessbereich<\/b> <b>Areastone<\/b> verw\u00f6hnen lassen, einem raffinierten und intimen Ort, wo Sie zwischen <b>Sauna, t\u00fcrkischem Bad, Whirlpool, Sch\u00f6nheitsbehandlungen und Massagen<\/b> w\u00e4hlen k\u00f6nnen.<\/p>\n","protected":false},"excerpt":{"rendered":"<p>Direkt am Meer von Riccione gelegen, k\u00f6nnen Sie im Hotel Fedora bequem von der Veranda zum Strand hinuntergehen und in wenigen Schritten liegen Sie schon auf einer Liege und entspannen sich in der Sonne, w\u00e4hrend unsere Animateure die kleinen G\u00e4ste mit den zahlreichen Aktivit\u00e4ten des Mini-Clubs besch\u00e4ftigen. \u00a0Aber Spa\u00df und Entspannung gibt es auch in &hellip;<\/p>\n","protected":false},"author":63,"featured_media":0,"parent":94,"menu_order":0,"comment_status":"closed","ping_status":"closed","template":"page-templates\/scheda_hotel.php","meta":{"_acf_changed":false,"inline_featured_image":false,"footnotes":""},"class_list":["post-4082","page","type-page","status-publish","hentry"],"acf":[],"yoast_head":"<!-- This site is optimized with the Yoast SEO plugin v27.1 - https:\/\/yoast.com\/product\/yoast-seo-wordpress\/ -->\n<title>Hotel Fedora, 3 Sterne Superior, Riccione<\/title>\n<meta name=\"description\" content=\"Lust auf einen Urlaub mit Ihrer Familie? Entdecken Sie die Familienangebote im Hotel Fedora in Riccione\" \/>\n<meta name=\"robots\" content=\"index, follow, max-snippet:-1, max-image-preview:large, max-video-preview:-1\" \/>\n<link rel=\"canonical\" href=\"https:\/\/www.italyfamilyhotels.it\/de\/family-hotels\/hotel-fedora-riccione\" \/>\n<meta property=\"og:locale\" content=\"de_DE\" \/>\n<meta property=\"og:type\" content=\"article\" \/>\n<meta property=\"og:title\" content=\"Hotel Fedora, 3 Sterne Superior, Riccione\" \/>\n<meta property=\"og:description\" content=\"Lust auf einen Urlaub mit Ihrer Familie? Entdecken Sie die Familienangebote im Hotel Fedora in Riccione\" \/>\n<meta property=\"og:url\" content=\"https:\/\/www.italyfamilyhotels.it\/de\/family-hotels\/hotel-fedora-riccione\" \/>\n<meta property=\"og:site_name\" content=\"Italy Family Hotels\" \/>\n<meta property=\"article:publisher\" content=\"https:\/\/www.facebook.com\/ItalyFamilyHotels\/\" \/>\n<meta property=\"article:modified_time\" content=\"2026-04-01T14:47:23+00:00\" \/>\n<meta name=\"twitter:card\" content=\"summary_large_image\" \/>\n<meta name=\"twitter:label1\" content=\"Gesch\u00e4tzte Lesezeit\" \/>\n\t<meta name=\"twitter:data1\" content=\"1\u00a0Minute\" \/>\n<script type=\"application\/ld+json\" class=\"yoast-schema-graph\">{\"@context\":\"https:\/\/schema.org\",\"@graph\":[{\"@type\":\"WebPage\",\"@id\":\"https:\/\/www.italyfamilyhotels.it\/de\/family-hotels\/hotel-fedora-riccione\",\"url\":\"https:\/\/www.italyfamilyhotels.it\/de\/family-hotels\/hotel-fedora-riccione\",\"name\":\"Hotel Fedora, 3 Sterne Superior, Riccione\",\"isPartOf\":{\"@id\":\"https:\/\/www.italyfamilyhotels.it\/#website\"},\"datePublished\":\"2022-03-14T11:36:59+00:00\",\"dateModified\":\"2026-04-01T14:47:23+00:00\",\"description\":\"Lust auf einen Urlaub mit Ihrer Familie? Entdecken Sie die Familienangebote im Hotel Fedora in Riccione\",\"breadcrumb\":{\"@id\":\"https:\/\/www.italyfamilyhotels.it\/de\/family-hotels\/hotel-fedora-riccione#breadcrumb\"},\"inLanguage\":\"de\",\"potentialAction\":[{\"@type\":\"ReadAction\",\"target\":[\"https:\/\/www.italyfamilyhotels.it\/de\/family-hotels\/hotel-fedora-riccione\"]}]},{\"@type\":\"BreadcrumbList\",\"@id\":\"https:\/\/www.italyfamilyhotels.it\/de\/family-hotels\/hotel-fedora-riccione#breadcrumb\",\"itemListElement\":[{\"@type\":\"ListItem\",\"position\":1,\"name\":\"Home\",\"item\":\"https:\/\/www.italyfamilyhotels.it\/de\"},{\"@type\":\"ListItem\",\"position\":2,\"name\":\"Family Hotels\",\"item\":\"https:\/\/www.italyfamilyhotels.it\/de\/family-hotels\"},{\"@type\":\"ListItem\",\"position\":3,\"name\":\"Hotel Fedora\"}]},{\"@type\":\"WebSite\",\"@id\":\"https:\/\/www.italyfamilyhotels.it\/#website\",\"url\":\"https:\/\/www.italyfamilyhotels.it\/\",\"name\":\"Italy Family Hotels\",\"description\":\"\",\"potentialAction\":[{\"@type\":\"SearchAction\",\"target\":{\"@type\":\"EntryPoint\",\"urlTemplate\":\"https:\/\/www.italyfamilyhotels.it\/?s={search_term_string}\"},\"query-input\":{\"@type\":\"PropertyValueSpecification\",\"valueRequired\":true,\"valueName\":\"search_term_string\"}}],\"inLanguage\":\"de\"}]}<\/script>\n<!-- \/ Yoast SEO plugin. -->","yoast_head_json":{"title":"Hotel Fedora, 3 Sterne Superior, Riccione","description":"Lust auf einen Urlaub mit Ihrer Familie? Entdecken Sie die Familienangebote im Hotel Fedora in Riccione","robots":{"index":"index","follow":"follow","max-snippet":"max-snippet:-1","max-image-preview":"max-image-preview:large","max-video-preview":"max-video-preview:-1"},"canonical":"https:\/\/www.italyfamilyhotels.it\/de\/family-hotels\/hotel-fedora-riccione","og_locale":"de_DE","og_type":"article","og_title":"Hotel Fedora, 3 Sterne Superior, Riccione","og_description":"Lust auf einen Urlaub mit Ihrer Familie? Entdecken Sie die Familienangebote im Hotel Fedora in Riccione","og_url":"https:\/\/www.italyfamilyhotels.it\/de\/family-hotels\/hotel-fedora-riccione","og_site_name":"Italy Family Hotels","article_publisher":"https:\/\/www.facebook.com\/ItalyFamilyHotels\/","article_modified_time":"2026-04-01T14:47:23+00:00","twitter_card":"summary_large_image","twitter_misc":{"Gesch\u00e4tzte Lesezeit":"1\u00a0Minute"},"schema":{"@context":"https:\/\/schema.org","@graph":[{"@type":"WebPage","@id":"https:\/\/www.italyfamilyhotels.it\/de\/family-hotels\/hotel-fedora-riccione","url":"https:\/\/www.italyfamilyhotels.it\/de\/family-hotels\/hotel-fedora-riccione","name":"Hotel Fedora, 3 Sterne Superior, Riccione","isPartOf":{"@id":"https:\/\/www.italyfamilyhotels.it\/#website"},"datePublished":"2022-03-14T11:36:59+00:00","dateModified":"2026-04-01T14:47:23+00:00","description":"Lust auf einen Urlaub mit Ihrer Familie? Entdecken Sie die Familienangebote im Hotel Fedora in Riccione","breadcrumb":{"@id":"https:\/\/www.italyfamilyhotels.it\/de\/family-hotels\/hotel-fedora-riccione#breadcrumb"},"inLanguage":"de","potentialAction":[{"@type":"ReadAction","target":["https:\/\/www.italyfamilyhotels.it\/de\/family-hotels\/hotel-fedora-riccione"]}]},{"@type":"BreadcrumbList","@id":"https:\/\/www.italyfamilyhotels.it\/de\/family-hotels\/hotel-fedora-riccione#breadcrumb","itemListElement":[{"@type":"ListItem","position":1,"name":"Home","item":"https:\/\/www.italyfamilyhotels.it\/de"},{"@type":"ListItem","position":2,"name":"Family Hotels","item":"https:\/\/www.italyfamilyhotels.it\/de\/family-hotels"},{"@type":"ListItem","position":3,"name":"Hotel Fedora"}]},{"@type":"WebSite","@id":"https:\/\/www.italyfamilyhotels.it\/#website","url":"https:\/\/www.italyfamilyhotels.it\/","name":"Italy Family Hotels","description":"","potentialAction":[{"@type":"SearchAction","target":{"@type":"EntryPoint","urlTemplate":"https:\/\/www.italyfamilyhotels.it\/?s={search_term_string}"},"query-input":{"@type":"PropertyValueSpecification","valueRequired":true,"valueName":"search_term_string"}}],"inLanguage":"de"}]}},"_links":{"self":[{"href":"https:\/\/www.italyfamilyhotels.it\/de\/wp-json\/wp\/v2\/pages\/4082","targetHints":{"allow":["GET"]}}],"collection":[{"href":"https:\/\/www.italyfamilyhotels.it\/de\/wp-json\/wp\/v2\/pages"}],"about":[{"href":"https:\/\/www.italyfamilyhotels.it\/de\/wp-json\/wp\/v2\/types\/page"}],"author":[{"embeddable":true,"href":"https:\/\/www.italyfamilyhotels.it\/de\/wp-json\/wp\/v2\/users\/63"}],"replies":[{"embeddable":true,"href":"https:\/\/www.italyfamilyhotels.it\/de\/wp-json\/wp\/v2\/comments?post=4082"}],"version-history":[{"count":9,"href":"https:\/\/www.italyfamilyhotels.it\/de\/wp-json\/wp\/v2\/pages\/4082\/revisions"}],"predecessor-version":[{"id":76720,"href":"https:\/\/www.italyfamilyhotels.it\/de\/wp-json\/wp\/v2\/pages\/4082\/revisions\/76720"}],"up":[{"embeddable":true,"href":"https:\/\/www.italyfamilyhotels.it\/de\/wp-json\/wp\/v2\/pages\/94"}],"wp:attachment":[{"href":"https:\/\/www.italyfamilyhotels.it\/de\/wp-json\/wp\/v2\/media?parent=4082"}],"curies":[{"name":"wp","href":"https:\/\/api.w.org\/{rel}","templated":true}]}}