{"id":4077,"date":"2022-03-14T12:36:59","date_gmt":"2022-03-14T11:36:59","guid":{"rendered":"https:\/\/www.italyfamilyhotels.it\/family-hotels\/gallia-club-hotel"},"modified":"2022-09-16T13:55:23","modified_gmt":"2022-09-16T11:55:23","slug":"gallia-club-hotel-cesenatico","status":"publish","type":"page","link":"https:\/\/www.italyfamilyhotels.it\/de\/family-hotels\/gallia-club-hotel-cesenatico","title":{"rendered":"Gallia Club Hotel"},"content":{"rendered":"\n<p>In <b>Cesenatico<\/b> bietet das <b>Gallia Club Hotel<\/b> einen idealen Familienurlaub, eine Kombination aus Freiheit, Entspannung, herzlichem Empfang und der <b>All-Inclusive<\/b>-Formel der Ferienclubs, bei der es verboten ist, an etwas anderes zu denken, als sich um sich selbst zu k\u00fcmmern und Spa\u00df zu haben.<\/p>\n\n\n\n<p>Wir verf\u00fcgen \u00fcber einen wundersch\u00f6nen <b>Privatstrand<\/b>, <b>Gallia Beach<\/b>, der mit Sonnenschirmen, Liegest\u00fchlen, Spiel- und Unterhaltungsm\u00f6glichkeiten f\u00fcr Kinder, Sportpl\u00e4tzen, einem haustierfreundlichen Bereich und einem Restaurant ausgestattet ist, sowie \u00fcber <b>drei Swimmingpools im Hotel<\/b>: einen auf 24 \u00b0C beheizten f\u00fcr Erwachsene, einen mit Hydromassage, Gegenstromanlage und Sprungbrett und ein Kinderbecken mit einer Tiefe von 50 cm.<\/p>\n\n\n\n<p>Schon bei ihrer Ankunft werden die Kinder mit einem L\u00e4cheln und einem kleinen <b>Willkommensgeschenk<\/b> begr\u00fc\u00dft. W\u00e4hrend des Urlaubs organisiert unser <b>Animationsteam <\/b>Workshops, lustige und lehrreiche Aktivit\u00e4ten, Gruppenspiele und Schatzsuchen, sowohl im farbenfrohen Babyzimmer als auch am Strand.<\/p>\n\n\n\n<p>W\u00e4hrend die Kinder bei uns besch\u00e4ftigt sind, k\u00f6nnen sich Mama und Papa ein paar romantische Momente im <b>Wellnessbereich<\/b> mit Sauna und Hydromassage g\u00f6nnen oder in unserem <b>Fitnessstudio<\/b> mit den Ger\u00e4ten trainieren.<\/p>\n\n\n\n<p>Hier finden Sie nicht nur ein, sondern gleich <b>zwei Restaurants<\/b> &#8211; eines direkt am Meer, am Privatstrand &#8211; die den Geschmack der romagnolischen Tradition verk\u00f6rpern und ihn mit internationalen Aromen verbinden. F\u00fcr Kinder gibt es eigenes <b>Besteck und<\/b> <b>Babygeschirr<\/b>, spezielle<b> Men\u00fcs<\/b> und <b>bunte Tischsets<\/b>. In Ihrem Zimmer finden Sie alles, was Sie brauchen, um mit leichtem Gep\u00e4ck zu reisen, z. B. Rausfallschutz, Babybetten, Badewannen, Flaschenw\u00e4rmer und Kinder-Toilettensitz.<\/p>\n","protected":false},"excerpt":{"rendered":"<p>In Cesenatico bietet das Gallia Club Hotel einen idealen Familienurlaub, eine Kombination aus Freiheit, Entspannung, herzlichem Empfang und der All-Inclusive-Formel der Ferienclubs, bei der es verboten ist, an etwas anderes zu denken, als sich um sich selbst zu k\u00fcmmern und Spa\u00df zu haben. Wir verf\u00fcgen \u00fcber einen wundersch\u00f6nen Privatstrand, Gallia Beach, der mit Sonnenschirmen, Liegest\u00fchlen, &hellip;<\/p>\n","protected":false},"author":37,"featured_media":0,"parent":94,"menu_order":0,"comment_status":"closed","ping_status":"closed","template":"page-templates\/scheda_hotel.php","meta":{"_acf_changed":false,"inline_featured_image":false,"footnotes":""},"class_list":["post-4077","page","type-page","status-publish","hentry"],"acf":[],"yoast_head":"<!-- This site is optimized with the Yoast SEO plugin v27.1 - https:\/\/yoast.com\/product\/yoast-seo-wordpress\/ -->\n<title>Gallia Club Hotel, 3 Sterne, Cesenatico<\/title>\n<meta name=\"description\" content=\"Lust auf Urlaub mit Ihrer Familie? Entdecken Sie die Familienangebote im Gallia Club Hotel in Cesenatico\" \/>\n<meta name=\"robots\" content=\"index, follow, max-snippet:-1, max-image-preview:large, max-video-preview:-1\" \/>\n<link rel=\"canonical\" href=\"https:\/\/www.italyfamilyhotels.it\/de\/family-hotels\/gallia-club-hotel-cesenatico\" \/>\n<meta property=\"og:locale\" content=\"de_DE\" \/>\n<meta property=\"og:type\" content=\"article\" \/>\n<meta property=\"og:title\" content=\"Gallia Club Hotel, 3 Sterne, Cesenatico\" \/>\n<meta property=\"og:description\" content=\"Lust auf Urlaub mit Ihrer Familie? Entdecken Sie die Familienangebote im Gallia Club Hotel in Cesenatico\" \/>\n<meta property=\"og:url\" content=\"https:\/\/www.italyfamilyhotels.it\/de\/family-hotels\/gallia-club-hotel-cesenatico\" \/>\n<meta property=\"og:site_name\" content=\"Italy Family Hotels\" \/>\n<meta property=\"article:publisher\" content=\"https:\/\/www.facebook.com\/ItalyFamilyHotels\/\" \/>\n<meta property=\"article:modified_time\" content=\"2022-09-16T11:55:23+00:00\" \/>\n<meta name=\"twitter:card\" content=\"summary_large_image\" \/>\n<meta name=\"twitter:label1\" content=\"Gesch\u00e4tzte Lesezeit\" \/>\n\t<meta name=\"twitter:data1\" content=\"1\u00a0Minute\" \/>\n<script type=\"application\/ld+json\" class=\"yoast-schema-graph\">{\"@context\":\"https:\/\/schema.org\",\"@graph\":[{\"@type\":\"WebPage\",\"@id\":\"https:\/\/www.italyfamilyhotels.it\/de\/family-hotels\/gallia-club-hotel-cesenatico\",\"url\":\"https:\/\/www.italyfamilyhotels.it\/de\/family-hotels\/gallia-club-hotel-cesenatico\",\"name\":\"Gallia Club Hotel, 3 Sterne, Cesenatico\",\"isPartOf\":{\"@id\":\"https:\/\/www.italyfamilyhotels.it\/#website\"},\"datePublished\":\"2022-03-14T11:36:59+00:00\",\"dateModified\":\"2022-09-16T11:55:23+00:00\",\"description\":\"Lust auf Urlaub mit Ihrer Familie? Entdecken Sie die Familienangebote im Gallia Club Hotel in Cesenatico\",\"breadcrumb\":{\"@id\":\"https:\/\/www.italyfamilyhotels.it\/de\/family-hotels\/gallia-club-hotel-cesenatico#breadcrumb\"},\"inLanguage\":\"de\",\"potentialAction\":[{\"@type\":\"ReadAction\",\"target\":[\"https:\/\/www.italyfamilyhotels.it\/de\/family-hotels\/gallia-club-hotel-cesenatico\"]}]},{\"@type\":\"BreadcrumbList\",\"@id\":\"https:\/\/www.italyfamilyhotels.it\/de\/family-hotels\/gallia-club-hotel-cesenatico#breadcrumb\",\"itemListElement\":[{\"@type\":\"ListItem\",\"position\":1,\"name\":\"Home\",\"item\":\"https:\/\/www.italyfamilyhotels.it\/de\"},{\"@type\":\"ListItem\",\"position\":2,\"name\":\"Family Hotels\",\"item\":\"https:\/\/www.italyfamilyhotels.it\/de\/family-hotels\"},{\"@type\":\"ListItem\",\"position\":3,\"name\":\"Gallia Club Hotel\"}]},{\"@type\":\"WebSite\",\"@id\":\"https:\/\/www.italyfamilyhotels.it\/#website\",\"url\":\"https:\/\/www.italyfamilyhotels.it\/\",\"name\":\"Italy Family Hotels\",\"description\":\"\",\"potentialAction\":[{\"@type\":\"SearchAction\",\"target\":{\"@type\":\"EntryPoint\",\"urlTemplate\":\"https:\/\/www.italyfamilyhotels.it\/?s={search_term_string}\"},\"query-input\":{\"@type\":\"PropertyValueSpecification\",\"valueRequired\":true,\"valueName\":\"search_term_string\"}}],\"inLanguage\":\"de\"}]}<\/script>\n<!-- \/ Yoast SEO plugin. -->","yoast_head_json":{"title":"Gallia Club Hotel, 3 Sterne, Cesenatico","description":"Lust auf Urlaub mit Ihrer Familie? Entdecken Sie die Familienangebote im Gallia Club Hotel in Cesenatico","robots":{"index":"index","follow":"follow","max-snippet":"max-snippet:-1","max-image-preview":"max-image-preview:large","max-video-preview":"max-video-preview:-1"},"canonical":"https:\/\/www.italyfamilyhotels.it\/de\/family-hotels\/gallia-club-hotel-cesenatico","og_locale":"de_DE","og_type":"article","og_title":"Gallia Club Hotel, 3 Sterne, Cesenatico","og_description":"Lust auf Urlaub mit Ihrer Familie? Entdecken Sie die Familienangebote im Gallia Club Hotel in Cesenatico","og_url":"https:\/\/www.italyfamilyhotels.it\/de\/family-hotels\/gallia-club-hotel-cesenatico","og_site_name":"Italy Family Hotels","article_publisher":"https:\/\/www.facebook.com\/ItalyFamilyHotels\/","article_modified_time":"2022-09-16T11:55:23+00:00","twitter_card":"summary_large_image","twitter_misc":{"Gesch\u00e4tzte Lesezeit":"1\u00a0Minute"},"schema":{"@context":"https:\/\/schema.org","@graph":[{"@type":"WebPage","@id":"https:\/\/www.italyfamilyhotels.it\/de\/family-hotels\/gallia-club-hotel-cesenatico","url":"https:\/\/www.italyfamilyhotels.it\/de\/family-hotels\/gallia-club-hotel-cesenatico","name":"Gallia Club Hotel, 3 Sterne, Cesenatico","isPartOf":{"@id":"https:\/\/www.italyfamilyhotels.it\/#website"},"datePublished":"2022-03-14T11:36:59+00:00","dateModified":"2022-09-16T11:55:23+00:00","description":"Lust auf Urlaub mit Ihrer Familie? Entdecken Sie die Familienangebote im Gallia Club Hotel in Cesenatico","breadcrumb":{"@id":"https:\/\/www.italyfamilyhotels.it\/de\/family-hotels\/gallia-club-hotel-cesenatico#breadcrumb"},"inLanguage":"de","potentialAction":[{"@type":"ReadAction","target":["https:\/\/www.italyfamilyhotels.it\/de\/family-hotels\/gallia-club-hotel-cesenatico"]}]},{"@type":"BreadcrumbList","@id":"https:\/\/www.italyfamilyhotels.it\/de\/family-hotels\/gallia-club-hotel-cesenatico#breadcrumb","itemListElement":[{"@type":"ListItem","position":1,"name":"Home","item":"https:\/\/www.italyfamilyhotels.it\/de"},{"@type":"ListItem","position":2,"name":"Family Hotels","item":"https:\/\/www.italyfamilyhotels.it\/de\/family-hotels"},{"@type":"ListItem","position":3,"name":"Gallia Club Hotel"}]},{"@type":"WebSite","@id":"https:\/\/www.italyfamilyhotels.it\/#website","url":"https:\/\/www.italyfamilyhotels.it\/","name":"Italy Family Hotels","description":"","potentialAction":[{"@type":"SearchAction","target":{"@type":"EntryPoint","urlTemplate":"https:\/\/www.italyfamilyhotels.it\/?s={search_term_string}"},"query-input":{"@type":"PropertyValueSpecification","valueRequired":true,"valueName":"search_term_string"}}],"inLanguage":"de"}]}},"_links":{"self":[{"href":"https:\/\/www.italyfamilyhotels.it\/de\/wp-json\/wp\/v2\/pages\/4077","targetHints":{"allow":["GET"]}}],"collection":[{"href":"https:\/\/www.italyfamilyhotels.it\/de\/wp-json\/wp\/v2\/pages"}],"about":[{"href":"https:\/\/www.italyfamilyhotels.it\/de\/wp-json\/wp\/v2\/types\/page"}],"author":[{"embeddable":true,"href":"https:\/\/www.italyfamilyhotels.it\/de\/wp-json\/wp\/v2\/users\/37"}],"replies":[{"embeddable":true,"href":"https:\/\/www.italyfamilyhotels.it\/de\/wp-json\/wp\/v2\/comments?post=4077"}],"version-history":[{"count":8,"href":"https:\/\/www.italyfamilyhotels.it\/de\/wp-json\/wp\/v2\/pages\/4077\/revisions"}],"predecessor-version":[{"id":40460,"href":"https:\/\/www.italyfamilyhotels.it\/de\/wp-json\/wp\/v2\/pages\/4077\/revisions\/40460"}],"up":[{"embeddable":true,"href":"https:\/\/www.italyfamilyhotels.it\/de\/wp-json\/wp\/v2\/pages\/94"}],"wp:attachment":[{"href":"https:\/\/www.italyfamilyhotels.it\/de\/wp-json\/wp\/v2\/media?parent=4077"}],"curies":[{"name":"wp","href":"https:\/\/api.w.org\/{rel}","templated":true}]}}