{"id":4072,"date":"2022-03-14T12:36:58","date_gmt":"2022-03-14T11:36:58","guid":{"rendered":"https:\/\/www.italyfamilyhotels.it\/family-hotels\/bibione-palace-spa-hotel-s"},"modified":"2026-03-23T12:51:15","modified_gmt":"2026-03-23T11:51:15","slug":"bibione-palace-spa-hotel-s-bibione","status":"publish","type":"page","link":"https:\/\/www.italyfamilyhotels.it\/de\/family-hotels\/bibione-palace-spa-hotel-s-bibione","title":{"rendered":"Bibione Palace Spa Hotel"},"content":{"rendered":"\n<p>Wir begr\u00fc\u00dfen Sie und Ihre Kinder ganz in der N\u00e4he des Meeres! Ja, denn wenn Sie hier im <b>Bibione Palace Suite Hotel in Bibione di San Michele<\/b> ankommen, der Strand zum Greifen nah, um unbeschwerte Momente mit Ihren Kindern zu verbringen. <b>Pavillon, Liegest\u00fchle und Sonnenschirme sind exklusiv f\u00fcr sie reserviert<\/b>, damit Sie sich br\u00e4unen und abschalten k\u00f6nnen, w\u00e4hrend die Kinder mit unseren Animateuren spielen.<\/p>\n\n\n\n<p>Das <b>Unterhaltungsprogramm<\/b> ist reichhaltig und immer spannend: aufregende <b>Strandturniere<\/b>, <b>Junior-Meisterk\u00f6che<\/b>, <b>Schatzsuchen<\/b>, und nicht zu vergessen <b>Poolspiele<\/b> und Wassergewehrschlachten. Passen Sie auf frische Geschosse auf und denken Sie daran: nicht \u00e4rgern, denn das beheizte <b>Kinderbecken<\/b> befindet sich in einem f\u00fcr die Kinder reservierten Bereich, in dem sie sich austoben, Schabernack treiben und die bunte Rutsche hinuntersausen k\u00f6nnen!<\/p>\n\n\n\n<p>Es gibt <b>zwei Pools<\/b> f\u00fcr Sie: einen <b>25-Meter-Au\u00dfenpool<\/b>, ebenfalls mit einer eigenen Schwimmbahn, und einen sch\u00f6nen Innenpool in der 6. Etage, neben dem <b>Sky Spa<\/b>, um exklusive <b>Entspannung mit Panoramablick<\/b> zu genie\u00dfen. Wir k\u00fcmmern uns um Ihre Kinder, und Sie k\u00f6nnen sich in der <b>Sauna<\/b>, im <b>t\u00fcrkischen Bad<\/b>, unter der <b>Farbdusche<\/b>, bei einer <b>Massage<\/b> oder einer <b>Behandlung<\/b> entspannen, bevor Sie sich im warmen Wasser des Pools treiben lassen.<\/p>\n\n\n\n<p>Am Tisch k\u00f6nnen Sie sich auf die geschickten H\u00e4nde des <b>Chefkochs Michele Nobile<\/b> verlassen, der nach den besten <b>Bio-Zutaten aus der unmittelbaren Umgebung<\/b> sucht, um Ihren Gaumen mit <b>traditionellen Rezepten<\/b> zu verbl\u00fcffen und die <b>Kinder mit speziellen Men\u00fcs<\/b> und tollen babysicheren Nachmittagssnacks zu verw\u00f6hnen!<\/p>\n","protected":false},"excerpt":{"rendered":"<p>Wir begr\u00fc\u00dfen Sie und Ihre Kinder ganz in der N\u00e4he des Meeres! Ja, denn wenn Sie hier im Bibione Palace Suite Hotel in Bibione di San Michele ankommen, der Strand zum Greifen nah, um unbeschwerte Momente mit Ihren Kindern zu verbringen. Pavillon, Liegest\u00fchle und Sonnenschirme sind exklusiv f\u00fcr sie reserviert, damit Sie sich br\u00e4unen und &hellip;<\/p>\n","protected":false},"author":12,"featured_media":0,"parent":94,"menu_order":0,"comment_status":"closed","ping_status":"closed","template":"page-templates\/scheda_hotel.php","meta":{"_acf_changed":false,"inline_featured_image":false,"footnotes":""},"class_list":["post-4072","page","type-page","status-publish","hentry"],"acf":[],"yoast_head":"<!-- This site is optimized with the Yoast SEO plugin v27.1 - https:\/\/yoast.com\/product\/yoast-seo-wordpress\/ -->\n<title>Bibione Palace Spa Hotel **** S, 4 Sterne Superior, Bibione<\/title>\n<meta name=\"description\" content=\"Lust auf Urlaub mit Ihrer Familie? Entdecken Sie die Familienangebote im Bibione Palace Spa Hotel **** S in Bibione\" \/>\n<meta name=\"robots\" content=\"index, follow, max-snippet:-1, max-image-preview:large, max-video-preview:-1\" \/>\n<link rel=\"canonical\" href=\"https:\/\/www.italyfamilyhotels.it\/de\/family-hotels\/bibione-palace-spa-hotel-s-bibione\" \/>\n<meta property=\"og:locale\" content=\"de_DE\" \/>\n<meta property=\"og:type\" content=\"article\" \/>\n<meta property=\"og:title\" content=\"Bibione Palace Spa Hotel **** S, 4 Sterne Superior, Bibione\" \/>\n<meta property=\"og:description\" content=\"Lust auf Urlaub mit Ihrer Familie? Entdecken Sie die Familienangebote im Bibione Palace Spa Hotel **** S in Bibione\" \/>\n<meta property=\"og:url\" content=\"https:\/\/www.italyfamilyhotels.it\/de\/family-hotels\/bibione-palace-spa-hotel-s-bibione\" \/>\n<meta property=\"og:site_name\" content=\"Italy Family Hotels\" \/>\n<meta property=\"article:publisher\" content=\"https:\/\/www.facebook.com\/ItalyFamilyHotels\/\" \/>\n<meta property=\"article:modified_time\" content=\"2026-03-23T11:51:15+00:00\" \/>\n<meta name=\"twitter:card\" content=\"summary_large_image\" \/>\n<meta name=\"twitter:label1\" content=\"Gesch\u00e4tzte Lesezeit\" \/>\n\t<meta name=\"twitter:data1\" content=\"1\u00a0Minute\" \/>\n<script type=\"application\/ld+json\" class=\"yoast-schema-graph\">{\"@context\":\"https:\/\/schema.org\",\"@graph\":[{\"@type\":\"WebPage\",\"@id\":\"https:\/\/www.italyfamilyhotels.it\/de\/family-hotels\/bibione-palace-spa-hotel-s-bibione\",\"url\":\"https:\/\/www.italyfamilyhotels.it\/de\/family-hotels\/bibione-palace-spa-hotel-s-bibione\",\"name\":\"Bibione Palace Spa Hotel **** S, 4 Sterne Superior, Bibione\",\"isPartOf\":{\"@id\":\"https:\/\/www.italyfamilyhotels.it\/#website\"},\"datePublished\":\"2022-03-14T11:36:58+00:00\",\"dateModified\":\"2026-03-23T11:51:15+00:00\",\"description\":\"Lust auf Urlaub mit Ihrer Familie? Entdecken Sie die Familienangebote im Bibione Palace Spa Hotel **** S in Bibione\",\"breadcrumb\":{\"@id\":\"https:\/\/www.italyfamilyhotels.it\/de\/family-hotels\/bibione-palace-spa-hotel-s-bibione#breadcrumb\"},\"inLanguage\":\"de\",\"potentialAction\":[{\"@type\":\"ReadAction\",\"target\":[\"https:\/\/www.italyfamilyhotels.it\/de\/family-hotels\/bibione-palace-spa-hotel-s-bibione\"]}]},{\"@type\":\"BreadcrumbList\",\"@id\":\"https:\/\/www.italyfamilyhotels.it\/de\/family-hotels\/bibione-palace-spa-hotel-s-bibione#breadcrumb\",\"itemListElement\":[{\"@type\":\"ListItem\",\"position\":1,\"name\":\"Home\",\"item\":\"https:\/\/www.italyfamilyhotels.it\/de\"},{\"@type\":\"ListItem\",\"position\":2,\"name\":\"Family Hotels\",\"item\":\"https:\/\/www.italyfamilyhotels.it\/de\/family-hotels\"},{\"@type\":\"ListItem\",\"position\":3,\"name\":\"Bibione Palace Spa Hotel\"}]},{\"@type\":\"WebSite\",\"@id\":\"https:\/\/www.italyfamilyhotels.it\/#website\",\"url\":\"https:\/\/www.italyfamilyhotels.it\/\",\"name\":\"Italy Family Hotels\",\"description\":\"\",\"potentialAction\":[{\"@type\":\"SearchAction\",\"target\":{\"@type\":\"EntryPoint\",\"urlTemplate\":\"https:\/\/www.italyfamilyhotels.it\/?s={search_term_string}\"},\"query-input\":{\"@type\":\"PropertyValueSpecification\",\"valueRequired\":true,\"valueName\":\"search_term_string\"}}],\"inLanguage\":\"de\"}]}<\/script>\n<!-- \/ Yoast SEO plugin. -->","yoast_head_json":{"title":"Bibione Palace Spa Hotel **** S, 4 Sterne Superior, Bibione","description":"Lust auf Urlaub mit Ihrer Familie? Entdecken Sie die Familienangebote im Bibione Palace Spa Hotel **** S in Bibione","robots":{"index":"index","follow":"follow","max-snippet":"max-snippet:-1","max-image-preview":"max-image-preview:large","max-video-preview":"max-video-preview:-1"},"canonical":"https:\/\/www.italyfamilyhotels.it\/de\/family-hotels\/bibione-palace-spa-hotel-s-bibione","og_locale":"de_DE","og_type":"article","og_title":"Bibione Palace Spa Hotel **** S, 4 Sterne Superior, Bibione","og_description":"Lust auf Urlaub mit Ihrer Familie? Entdecken Sie die Familienangebote im Bibione Palace Spa Hotel **** S in Bibione","og_url":"https:\/\/www.italyfamilyhotels.it\/de\/family-hotels\/bibione-palace-spa-hotel-s-bibione","og_site_name":"Italy Family Hotels","article_publisher":"https:\/\/www.facebook.com\/ItalyFamilyHotels\/","article_modified_time":"2026-03-23T11:51:15+00:00","twitter_card":"summary_large_image","twitter_misc":{"Gesch\u00e4tzte Lesezeit":"1\u00a0Minute"},"schema":{"@context":"https:\/\/schema.org","@graph":[{"@type":"WebPage","@id":"https:\/\/www.italyfamilyhotels.it\/de\/family-hotels\/bibione-palace-spa-hotel-s-bibione","url":"https:\/\/www.italyfamilyhotels.it\/de\/family-hotels\/bibione-palace-spa-hotel-s-bibione","name":"Bibione Palace Spa Hotel **** S, 4 Sterne Superior, Bibione","isPartOf":{"@id":"https:\/\/www.italyfamilyhotels.it\/#website"},"datePublished":"2022-03-14T11:36:58+00:00","dateModified":"2026-03-23T11:51:15+00:00","description":"Lust auf Urlaub mit Ihrer Familie? Entdecken Sie die Familienangebote im Bibione Palace Spa Hotel **** S in Bibione","breadcrumb":{"@id":"https:\/\/www.italyfamilyhotels.it\/de\/family-hotels\/bibione-palace-spa-hotel-s-bibione#breadcrumb"},"inLanguage":"de","potentialAction":[{"@type":"ReadAction","target":["https:\/\/www.italyfamilyhotels.it\/de\/family-hotels\/bibione-palace-spa-hotel-s-bibione"]}]},{"@type":"BreadcrumbList","@id":"https:\/\/www.italyfamilyhotels.it\/de\/family-hotels\/bibione-palace-spa-hotel-s-bibione#breadcrumb","itemListElement":[{"@type":"ListItem","position":1,"name":"Home","item":"https:\/\/www.italyfamilyhotels.it\/de"},{"@type":"ListItem","position":2,"name":"Family Hotels","item":"https:\/\/www.italyfamilyhotels.it\/de\/family-hotels"},{"@type":"ListItem","position":3,"name":"Bibione Palace Spa Hotel"}]},{"@type":"WebSite","@id":"https:\/\/www.italyfamilyhotels.it\/#website","url":"https:\/\/www.italyfamilyhotels.it\/","name":"Italy Family Hotels","description":"","potentialAction":[{"@type":"SearchAction","target":{"@type":"EntryPoint","urlTemplate":"https:\/\/www.italyfamilyhotels.it\/?s={search_term_string}"},"query-input":{"@type":"PropertyValueSpecification","valueRequired":true,"valueName":"search_term_string"}}],"inLanguage":"de"}]}},"_links":{"self":[{"href":"https:\/\/www.italyfamilyhotels.it\/de\/wp-json\/wp\/v2\/pages\/4072","targetHints":{"allow":["GET"]}}],"collection":[{"href":"https:\/\/www.italyfamilyhotels.it\/de\/wp-json\/wp\/v2\/pages"}],"about":[{"href":"https:\/\/www.italyfamilyhotels.it\/de\/wp-json\/wp\/v2\/types\/page"}],"author":[{"embeddable":true,"href":"https:\/\/www.italyfamilyhotels.it\/de\/wp-json\/wp\/v2\/users\/12"}],"replies":[{"embeddable":true,"href":"https:\/\/www.italyfamilyhotels.it\/de\/wp-json\/wp\/v2\/comments?post=4072"}],"version-history":[{"count":8,"href":"https:\/\/www.italyfamilyhotels.it\/de\/wp-json\/wp\/v2\/pages\/4072\/revisions"}],"predecessor-version":[{"id":76600,"href":"https:\/\/www.italyfamilyhotels.it\/de\/wp-json\/wp\/v2\/pages\/4072\/revisions\/76600"}],"up":[{"embeddable":true,"href":"https:\/\/www.italyfamilyhotels.it\/de\/wp-json\/wp\/v2\/pages\/94"}],"wp:attachment":[{"href":"https:\/\/www.italyfamilyhotels.it\/de\/wp-json\/wp\/v2\/media?parent=4072"}],"curies":[{"name":"wp","href":"https:\/\/api.w.org\/{rel}","templated":true}]}}