{"id":4067,"date":"2022-03-14T12:36:57","date_gmt":"2022-03-14T11:36:57","guid":{"rendered":"https:\/\/www.italyfamilyhotels.it\/family-hotels\/cavallino-bianco-family-spa-grand-hotel"},"modified":"2024-06-11T16:43:15","modified_gmt":"2024-06-11T14:43:15","slug":"cavallino-bianco-family-spa-grand-hotel-ortisei-in-val-gardena","status":"publish","type":"page","link":"https:\/\/www.italyfamilyhotels.it\/de\/family-hotels\/cavallino-bianco-family-spa-grand-hotel-ortisei-in-val-gardena","title":{"rendered":"Cavallino Bianco Family Spa Grand Hotel"},"content":{"rendered":"\n<p>Sch\u00f6nheit und Luxus im lieblichen <b>Gr\u00f6dnertal<\/b> unter den spektakul\u00e4rsten Gipfeln der S\u00fcdtiroler Dolomiten, das erwartet Euch im <b>All-In Cavallino Bianco.<\/b> Bei uns ist Euer <b>Familienurlaub<\/b> jeden Tag <b>ein neues Erlebnis<\/b>, ein Traum der Wirklichkeit wird, <b>voller Emotionen und exklusiver Wohltaten.<\/b><\/p>\n\n\n\n<p>Freut Euch auf das Beste von allem: Komfort, Kultiviertheit, kulinarische Leckerbissen, ein eigenes Restaurant f\u00fcr die kleinen G\u00e4ste, nach Altersgruppen differenzierte Animation,  interne Ski- und Bike-Schule, Wellnessangebote jeder Art \u2013 alles was man sich von einem<b> Luxusurlaub in den Bergen <\/b>w\u00fcnschen kann. Ein <b>Spa<\/b> f\u00fcr gestresste Erwachsene ist eine feine Sache, unseres bietet <b>Wellness-Erlebnisse schon von der Wiege an!<\/b><\/p>\n\n\n\n<p>Drehpunkt der Animation ist das <b>Lino Land<\/b>, eine 1.000 m\u00b2 gro\u00dfe Zone mit Spielen, Attraktionen, einem Ziegen-H\u00e4uschen und <b>durchgehender Betreung an allen Tagen<\/b>, auch f\u00fcr Kleinkinder.<\/p>\n\n\n\n<p><b>Baby, Kind, Teenager<\/b> \u2013 jede(r) bekommt die Aufmerksamkeit, die er\/sie verdient.<\/p>\n\n\n\n<div class=\"wp-block-group tabella_tariffe\"><div class=\"wp-block-group__inner-container is-layout-flow wp-block-group-is-layout-flow\">\n<h3 class=\"wp-block-heading\">Preisbeispiel f\u00fcr &#8220;SMART SUITE&#8221; (3 Personen), pro Tag<\/h3>\n\n\n\n<figure class=\"wp-block-table\"><table><tbody><tr><th>Monat<\/th><th>Tagespreis Formel All-In<\/th><th>Tagespreis Formel Light<\/th><\/tr><tr><td>Juni<\/td><td>Ab \u20ac 604 bis \u20ac 751<\/td><td>Ab \u20ac 542 bis \u20ac 693<\/td><\/tr><tr><td>Juli<\/td><td>Ab \u20ac 840 bis \u20ac 920<\/td><td>Ab \u20ac 785 bis \u20ac 867<\/td><\/tr><tr><td>August<\/td><td>Ab \u20ac 970 bis \u20ac 1105<\/td><td>Ab \u20ac 918 bis \u20ac 1056<\/td><\/tr><tr><td>September<\/td><td>Ab \u20ac 571 bis \u20ac 650<\/td><td>Ab \u20ac 503 bis \u20ac 589<\/td><\/tr><tr><td>Oktober<\/td><td>Ab \u20ac 571 bis \u20ac 599<\/td><td>Ab \u20ac 503 bis \u20ac 532<\/td><\/tr><tr><td>November<\/td><td>Ab \u20ac 524 bis \u20ac 738<\/td><td>Ab \u20ac 455 bis \u20ac 662<\/td><\/tr><\/tbody><\/table><\/figure>\n<\/div><\/div>\n","protected":false},"excerpt":{"rendered":"<p>Sch\u00f6nheit und Luxus im lieblichen Gr\u00f6dnertal unter den spektakul\u00e4rsten Gipfeln der S\u00fcdtiroler Dolomiten, das erwartet Euch im All-In Cavallino Bianco. Bei uns ist Euer Familienurlaub jeden Tag ein neues Erlebnis, ein Traum der Wirklichkeit wird, voller Emotionen und exklusiver Wohltaten. Freut Euch auf das Beste von allem: Komfort, Kultiviertheit, kulinarische Leckerbissen, ein eigenes Restaurant f\u00fcr &hellip;<\/p>\n","protected":false},"author":15,"featured_media":0,"parent":94,"menu_order":0,"comment_status":"closed","ping_status":"closed","template":"page-templates\/scheda_hotel.php","meta":{"_acf_changed":false,"inline_featured_image":false,"footnotes":""},"class_list":["post-4067","page","type-page","status-publish","hentry"],"acf":[],"yoast_head":"<!-- This site is optimized with the Yoast SEO plugin v27.1 - https:\/\/yoast.com\/product\/yoast-seo-wordpress\/ -->\n<title>Cavallino Bianco Family Spa Grand Hotel 4-Sterne-Superior, Ortisei in Val Gardena<\/title>\n<meta name=\"description\" content=\"Lust auf Familienurlaub? Entdecken Sie die Familienangebote f\u00fcr Cavallino Bianco Family Spa Grand Hotel in Ortisei in Val Gardena\" \/>\n<meta name=\"robots\" content=\"index, follow, max-snippet:-1, max-image-preview:large, max-video-preview:-1\" \/>\n<link rel=\"canonical\" href=\"https:\/\/www.italyfamilyhotels.it\/de\/family-hotels\/cavallino-bianco-family-spa-grand-hotel-ortisei-in-val-gardena\" \/>\n<meta property=\"og:locale\" content=\"de_DE\" \/>\n<meta property=\"og:type\" content=\"article\" \/>\n<meta property=\"og:title\" content=\"Cavallino Bianco Family Spa Grand Hotel 4-Sterne-Superior, Ortisei in Val Gardena\" \/>\n<meta property=\"og:description\" content=\"Lust auf Familienurlaub? Entdecken Sie die Familienangebote f\u00fcr Cavallino Bianco Family Spa Grand Hotel in Ortisei in Val Gardena\" \/>\n<meta property=\"og:url\" content=\"https:\/\/www.italyfamilyhotels.it\/de\/family-hotels\/cavallino-bianco-family-spa-grand-hotel-ortisei-in-val-gardena\" \/>\n<meta property=\"og:site_name\" content=\"Italy Family Hotels\" \/>\n<meta property=\"article:publisher\" content=\"https:\/\/www.facebook.com\/ItalyFamilyHotels\/\" \/>\n<meta property=\"article:modified_time\" content=\"2024-06-11T14:43:15+00:00\" \/>\n<meta name=\"twitter:card\" content=\"summary_large_image\" \/>\n<meta name=\"twitter:label1\" content=\"Gesch\u00e4tzte Lesezeit\" \/>\n\t<meta name=\"twitter:data1\" content=\"2\u00a0Minuten\" \/>\n<script type=\"application\/ld+json\" class=\"yoast-schema-graph\">{\"@context\":\"https:\/\/schema.org\",\"@graph\":[{\"@type\":\"WebPage\",\"@id\":\"https:\/\/www.italyfamilyhotels.it\/de\/family-hotels\/cavallino-bianco-family-spa-grand-hotel-ortisei-in-val-gardena\",\"url\":\"https:\/\/www.italyfamilyhotels.it\/de\/family-hotels\/cavallino-bianco-family-spa-grand-hotel-ortisei-in-val-gardena\",\"name\":\"Cavallino Bianco Family Spa Grand Hotel 4-Sterne-Superior, Ortisei in Val Gardena\",\"isPartOf\":{\"@id\":\"https:\/\/www.italyfamilyhotels.it\/#website\"},\"datePublished\":\"2022-03-14T11:36:57+00:00\",\"dateModified\":\"2024-06-11T14:43:15+00:00\",\"description\":\"Lust auf Familienurlaub? Entdecken Sie die Familienangebote f\u00fcr Cavallino Bianco Family Spa Grand Hotel in Ortisei in Val Gardena\",\"breadcrumb\":{\"@id\":\"https:\/\/www.italyfamilyhotels.it\/de\/family-hotels\/cavallino-bianco-family-spa-grand-hotel-ortisei-in-val-gardena#breadcrumb\"},\"inLanguage\":\"de\",\"potentialAction\":[{\"@type\":\"ReadAction\",\"target\":[\"https:\/\/www.italyfamilyhotels.it\/de\/family-hotels\/cavallino-bianco-family-spa-grand-hotel-ortisei-in-val-gardena\"]}]},{\"@type\":\"BreadcrumbList\",\"@id\":\"https:\/\/www.italyfamilyhotels.it\/de\/family-hotels\/cavallino-bianco-family-spa-grand-hotel-ortisei-in-val-gardena#breadcrumb\",\"itemListElement\":[{\"@type\":\"ListItem\",\"position\":1,\"name\":\"Home\",\"item\":\"https:\/\/www.italyfamilyhotels.it\/de\"},{\"@type\":\"ListItem\",\"position\":2,\"name\":\"Family Hotels\",\"item\":\"https:\/\/www.italyfamilyhotels.it\/de\/family-hotels\"},{\"@type\":\"ListItem\",\"position\":3,\"name\":\"Cavallino Bianco Family Spa Grand Hotel\"}]},{\"@type\":\"WebSite\",\"@id\":\"https:\/\/www.italyfamilyhotels.it\/#website\",\"url\":\"https:\/\/www.italyfamilyhotels.it\/\",\"name\":\"Italy Family Hotels\",\"description\":\"\",\"potentialAction\":[{\"@type\":\"SearchAction\",\"target\":{\"@type\":\"EntryPoint\",\"urlTemplate\":\"https:\/\/www.italyfamilyhotels.it\/?s={search_term_string}\"},\"query-input\":{\"@type\":\"PropertyValueSpecification\",\"valueRequired\":true,\"valueName\":\"search_term_string\"}}],\"inLanguage\":\"de\"}]}<\/script>\n<!-- \/ Yoast SEO plugin. -->","yoast_head_json":{"title":"Cavallino Bianco Family Spa Grand Hotel 4-Sterne-Superior, Ortisei in Val Gardena","description":"Lust auf Familienurlaub? Entdecken Sie die Familienangebote f\u00fcr Cavallino Bianco Family Spa Grand Hotel in Ortisei in Val Gardena","robots":{"index":"index","follow":"follow","max-snippet":"max-snippet:-1","max-image-preview":"max-image-preview:large","max-video-preview":"max-video-preview:-1"},"canonical":"https:\/\/www.italyfamilyhotels.it\/de\/family-hotels\/cavallino-bianco-family-spa-grand-hotel-ortisei-in-val-gardena","og_locale":"de_DE","og_type":"article","og_title":"Cavallino Bianco Family Spa Grand Hotel 4-Sterne-Superior, Ortisei in Val Gardena","og_description":"Lust auf Familienurlaub? Entdecken Sie die Familienangebote f\u00fcr Cavallino Bianco Family Spa Grand Hotel in Ortisei in Val Gardena","og_url":"https:\/\/www.italyfamilyhotels.it\/de\/family-hotels\/cavallino-bianco-family-spa-grand-hotel-ortisei-in-val-gardena","og_site_name":"Italy Family Hotels","article_publisher":"https:\/\/www.facebook.com\/ItalyFamilyHotels\/","article_modified_time":"2024-06-11T14:43:15+00:00","twitter_card":"summary_large_image","twitter_misc":{"Gesch\u00e4tzte Lesezeit":"2\u00a0Minuten"},"schema":{"@context":"https:\/\/schema.org","@graph":[{"@type":"WebPage","@id":"https:\/\/www.italyfamilyhotels.it\/de\/family-hotels\/cavallino-bianco-family-spa-grand-hotel-ortisei-in-val-gardena","url":"https:\/\/www.italyfamilyhotels.it\/de\/family-hotels\/cavallino-bianco-family-spa-grand-hotel-ortisei-in-val-gardena","name":"Cavallino Bianco Family Spa Grand Hotel 4-Sterne-Superior, Ortisei in Val Gardena","isPartOf":{"@id":"https:\/\/www.italyfamilyhotels.it\/#website"},"datePublished":"2022-03-14T11:36:57+00:00","dateModified":"2024-06-11T14:43:15+00:00","description":"Lust auf Familienurlaub? Entdecken Sie die Familienangebote f\u00fcr Cavallino Bianco Family Spa Grand Hotel in Ortisei in Val Gardena","breadcrumb":{"@id":"https:\/\/www.italyfamilyhotels.it\/de\/family-hotels\/cavallino-bianco-family-spa-grand-hotel-ortisei-in-val-gardena#breadcrumb"},"inLanguage":"de","potentialAction":[{"@type":"ReadAction","target":["https:\/\/www.italyfamilyhotels.it\/de\/family-hotels\/cavallino-bianco-family-spa-grand-hotel-ortisei-in-val-gardena"]}]},{"@type":"BreadcrumbList","@id":"https:\/\/www.italyfamilyhotels.it\/de\/family-hotels\/cavallino-bianco-family-spa-grand-hotel-ortisei-in-val-gardena#breadcrumb","itemListElement":[{"@type":"ListItem","position":1,"name":"Home","item":"https:\/\/www.italyfamilyhotels.it\/de"},{"@type":"ListItem","position":2,"name":"Family Hotels","item":"https:\/\/www.italyfamilyhotels.it\/de\/family-hotels"},{"@type":"ListItem","position":3,"name":"Cavallino Bianco Family Spa Grand Hotel"}]},{"@type":"WebSite","@id":"https:\/\/www.italyfamilyhotels.it\/#website","url":"https:\/\/www.italyfamilyhotels.it\/","name":"Italy Family Hotels","description":"","potentialAction":[{"@type":"SearchAction","target":{"@type":"EntryPoint","urlTemplate":"https:\/\/www.italyfamilyhotels.it\/?s={search_term_string}"},"query-input":{"@type":"PropertyValueSpecification","valueRequired":true,"valueName":"search_term_string"}}],"inLanguage":"de"}]}},"_links":{"self":[{"href":"https:\/\/www.italyfamilyhotels.it\/de\/wp-json\/wp\/v2\/pages\/4067","targetHints":{"allow":["GET"]}}],"collection":[{"href":"https:\/\/www.italyfamilyhotels.it\/de\/wp-json\/wp\/v2\/pages"}],"about":[{"href":"https:\/\/www.italyfamilyhotels.it\/de\/wp-json\/wp\/v2\/types\/page"}],"author":[{"embeddable":true,"href":"https:\/\/www.italyfamilyhotels.it\/de\/wp-json\/wp\/v2\/users\/15"}],"replies":[{"embeddable":true,"href":"https:\/\/www.italyfamilyhotels.it\/de\/wp-json\/wp\/v2\/comments?post=4067"}],"version-history":[{"count":18,"href":"https:\/\/www.italyfamilyhotels.it\/de\/wp-json\/wp\/v2\/pages\/4067\/revisions"}],"predecessor-version":[{"id":59735,"href":"https:\/\/www.italyfamilyhotels.it\/de\/wp-json\/wp\/v2\/pages\/4067\/revisions\/59735"}],"up":[{"embeddable":true,"href":"https:\/\/www.italyfamilyhotels.it\/de\/wp-json\/wp\/v2\/pages\/94"}],"wp:attachment":[{"href":"https:\/\/www.italyfamilyhotels.it\/de\/wp-json\/wp\/v2\/media?parent=4067"}],"curies":[{"name":"wp","href":"https:\/\/api.w.org\/{rel}","templated":true}]}}