{"id":4062,"date":"2022-03-14T12:36:56","date_gmt":"2022-03-14T11:36:56","guid":{"rendered":"https:\/\/www.italyfamilyhotels.it\/family-hotels\/hotel-dory-suite"},"modified":"2022-09-15T10:22:17","modified_gmt":"2022-09-15T08:22:17","slug":"hotel-dory-suite-riccione","status":"publish","type":"page","link":"https:\/\/www.italyfamilyhotels.it\/de\/family-hotels\/hotel-dory-suite-riccione","title":{"rendered":"Hotel Dory &#038; Suite"},"content":{"rendered":"\n<p>Im <b>Hotel Dory<\/b> <b>in Riccione<\/b> empfangen wir Ihre Familie seit mehr als 60 Jahren mit einem <b>unverwechselbaren Stil<\/b> und der M\u00f6glichkeit, einen <b>entschleunigten Tourismus<\/b> mit <b>authentischen Familienerlebnisse<\/b>n zu genie\u00dfen, die Sie gemeinsam mit Ihren Kindern erleben k\u00f6nnen, mit dem unverf\u00e4lschten Geschmack <b>lokaler Produkte<\/b>, mit<b> Entspannung am 80 m entfernten Strand<\/b> oder <b>am Pool<\/b>. Ein <b>110 cm tiefes Becken<\/b>, ideal auch f\u00fcr die Kleinsten, die wie kleine Fische schwimmen und dabei Wasserf\u00e4lle, Geysire und Springbrunnen genie\u00dfen k\u00f6nnen!<\/p>\n\n\n\n<p>Das Urlaubsrezept hat hier besondere Zutaten: ein <b>Family Spa<\/b>, in dem Sie gemeinsam mit Ihren Kindern Behandlungen und Entspannung in den <b>gro\u00dfen Whirlpools<\/b> genie\u00dfen k\u00f6nnen; ein <b>spezialisiertes Animationsteam<\/b>, das Freizeitaktivit\u00e4ten wie Wasserschlachten im Meer, Abenteuer im Sky Park, Rollschuhlaufen und Go-Kart-Herausforderungen organisiert; renovierte, <b>ger\u00e4umige und gut gepflegte Zimmer<\/b>, in denen Sie viele Serviceleistungen f\u00fcr Ihre Familie wie zu Hause vorfinden; <b>hochwertige Speisen und Weine<\/b>, die sich durch die unverwechselbaren Aromen der Region auszeichnen und vom K\u00fcchenchef Solideo mit Raffinesse und Liebe zubereitet werden. <b>Ab Juli<\/b> k\u00f6nnen Sie unsere Gerichte auch genie\u00dfen, w\u00e4hrend <b>die Kinder mit den Kinderbetreuern im Garten des angrenzenden D-Place essen<\/b>.<\/p>\n\n\n\n<p>Aber die \u00dcberraschungen sind damit noch nicht zu Ende, denn wenn Sie im <b>Formula Style<\/b> buchen, sind Strandservice, Parkplatz und einige <b>besondere Geschenke<\/b> inbegriffen: zwei <b>Feldflaschen<\/b> und eine exklusiv f\u00fcr unser Hotel geschriebene <b>Kindergeschichte<\/b>, deren Erl\u00f6s der Reinigung der Adria zugutekommt. Auf diese Weise <b>helfen Sie mit Ihrem Urlaub auch der Umwelt<\/b>!<\/p>\n\n\n\n<p>Dank des bequemen <b>Online-Check-ins<\/b> k\u00f6nnen Sie die <b>Warteschlange an der Rezeption \u00fcberspringen<\/b> und sofort mit einem Familienerlebnis beginnen, das Sie jeden Tag aufs Neue begeistert!<\/p>\n","protected":false},"excerpt":{"rendered":"<p>Im Hotel Dory in Riccione empfangen wir Ihre Familie seit mehr als 60 Jahren mit einem unverwechselbaren Stil und der M\u00f6glichkeit, einen entschleunigten Tourismus mit authentischen Familienerlebnissen zu genie\u00dfen, die Sie gemeinsam mit Ihren Kindern erleben k\u00f6nnen, mit dem unverf\u00e4lschten Geschmack lokaler Produkte, mit Entspannung am 80 m entfernten Strand oder am Pool. Ein 110 &hellip;<\/p>\n","protected":false},"author":56,"featured_media":0,"parent":94,"menu_order":0,"comment_status":"closed","ping_status":"closed","template":"page-templates\/scheda_hotel.php","meta":{"_acf_changed":false,"inline_featured_image":false,"footnotes":""},"class_list":["post-4062","page","type-page","status-publish","hentry"],"acf":[],"yoast_head":"<!-- This site is optimized with the Yoast SEO plugin v27.1 - https:\/\/yoast.com\/product\/yoast-seo-wordpress\/ -->\n<title>Hotel Dory &amp; Suite, 4 Sterne, Riccione<\/title>\n<meta name=\"description\" content=\"Lust auf einen Urlaub mit Ihrer Familie? Entdecken Sie die Familienangebote im Hotel Dory &amp; Suite in Riccione\" \/>\n<meta name=\"robots\" content=\"index, follow, max-snippet:-1, max-image-preview:large, max-video-preview:-1\" \/>\n<link rel=\"canonical\" href=\"https:\/\/www.italyfamilyhotels.it\/de\/family-hotels\/hotel-dory-suite-riccione\" \/>\n<meta property=\"og:locale\" content=\"de_DE\" \/>\n<meta property=\"og:type\" content=\"article\" \/>\n<meta property=\"og:title\" content=\"Hotel Dory &amp; Suite, 4 Sterne, Riccione\" \/>\n<meta property=\"og:description\" content=\"Lust auf einen Urlaub mit Ihrer Familie? Entdecken Sie die Familienangebote im Hotel Dory &amp; Suite in Riccione\" \/>\n<meta property=\"og:url\" content=\"https:\/\/www.italyfamilyhotels.it\/de\/family-hotels\/hotel-dory-suite-riccione\" \/>\n<meta property=\"og:site_name\" content=\"Italy Family Hotels\" \/>\n<meta property=\"article:publisher\" content=\"https:\/\/www.facebook.com\/ItalyFamilyHotels\/\" \/>\n<meta property=\"article:modified_time\" content=\"2022-09-15T08:22:17+00:00\" \/>\n<meta name=\"twitter:card\" content=\"summary_large_image\" \/>\n<meta name=\"twitter:label1\" content=\"Gesch\u00e4tzte Lesezeit\" \/>\n\t<meta name=\"twitter:data1\" content=\"2\u00a0Minuten\" \/>\n<script type=\"application\/ld+json\" class=\"yoast-schema-graph\">{\"@context\":\"https:\/\/schema.org\",\"@graph\":[{\"@type\":\"WebPage\",\"@id\":\"https:\/\/www.italyfamilyhotels.it\/de\/family-hotels\/hotel-dory-suite-riccione\",\"url\":\"https:\/\/www.italyfamilyhotels.it\/de\/family-hotels\/hotel-dory-suite-riccione\",\"name\":\"Hotel Dory & Suite, 4 Sterne, Riccione\",\"isPartOf\":{\"@id\":\"https:\/\/www.italyfamilyhotels.it\/#website\"},\"datePublished\":\"2022-03-14T11:36:56+00:00\",\"dateModified\":\"2022-09-15T08:22:17+00:00\",\"description\":\"Lust auf einen Urlaub mit Ihrer Familie? Entdecken Sie die Familienangebote im Hotel Dory & Suite in Riccione\",\"breadcrumb\":{\"@id\":\"https:\/\/www.italyfamilyhotels.it\/de\/family-hotels\/hotel-dory-suite-riccione#breadcrumb\"},\"inLanguage\":\"de\",\"potentialAction\":[{\"@type\":\"ReadAction\",\"target\":[\"https:\/\/www.italyfamilyhotels.it\/de\/family-hotels\/hotel-dory-suite-riccione\"]}]},{\"@type\":\"BreadcrumbList\",\"@id\":\"https:\/\/www.italyfamilyhotels.it\/de\/family-hotels\/hotel-dory-suite-riccione#breadcrumb\",\"itemListElement\":[{\"@type\":\"ListItem\",\"position\":1,\"name\":\"Home\",\"item\":\"https:\/\/www.italyfamilyhotels.it\/de\"},{\"@type\":\"ListItem\",\"position\":2,\"name\":\"Family Hotels\",\"item\":\"https:\/\/www.italyfamilyhotels.it\/de\/family-hotels\"},{\"@type\":\"ListItem\",\"position\":3,\"name\":\"Hotel Dory &#038; Suite\"}]},{\"@type\":\"WebSite\",\"@id\":\"https:\/\/www.italyfamilyhotels.it\/#website\",\"url\":\"https:\/\/www.italyfamilyhotels.it\/\",\"name\":\"Italy Family Hotels\",\"description\":\"\",\"potentialAction\":[{\"@type\":\"SearchAction\",\"target\":{\"@type\":\"EntryPoint\",\"urlTemplate\":\"https:\/\/www.italyfamilyhotels.it\/?s={search_term_string}\"},\"query-input\":{\"@type\":\"PropertyValueSpecification\",\"valueRequired\":true,\"valueName\":\"search_term_string\"}}],\"inLanguage\":\"de\"}]}<\/script>\n<!-- \/ Yoast SEO plugin. -->","yoast_head_json":{"title":"Hotel Dory & Suite, 4 Sterne, Riccione","description":"Lust auf einen Urlaub mit Ihrer Familie? Entdecken Sie die Familienangebote im Hotel Dory & Suite in Riccione","robots":{"index":"index","follow":"follow","max-snippet":"max-snippet:-1","max-image-preview":"max-image-preview:large","max-video-preview":"max-video-preview:-1"},"canonical":"https:\/\/www.italyfamilyhotels.it\/de\/family-hotels\/hotel-dory-suite-riccione","og_locale":"de_DE","og_type":"article","og_title":"Hotel Dory & Suite, 4 Sterne, Riccione","og_description":"Lust auf einen Urlaub mit Ihrer Familie? Entdecken Sie die Familienangebote im Hotel Dory & Suite in Riccione","og_url":"https:\/\/www.italyfamilyhotels.it\/de\/family-hotels\/hotel-dory-suite-riccione","og_site_name":"Italy Family Hotels","article_publisher":"https:\/\/www.facebook.com\/ItalyFamilyHotels\/","article_modified_time":"2022-09-15T08:22:17+00:00","twitter_card":"summary_large_image","twitter_misc":{"Gesch\u00e4tzte Lesezeit":"2\u00a0Minuten"},"schema":{"@context":"https:\/\/schema.org","@graph":[{"@type":"WebPage","@id":"https:\/\/www.italyfamilyhotels.it\/de\/family-hotels\/hotel-dory-suite-riccione","url":"https:\/\/www.italyfamilyhotels.it\/de\/family-hotels\/hotel-dory-suite-riccione","name":"Hotel Dory & Suite, 4 Sterne, Riccione","isPartOf":{"@id":"https:\/\/www.italyfamilyhotels.it\/#website"},"datePublished":"2022-03-14T11:36:56+00:00","dateModified":"2022-09-15T08:22:17+00:00","description":"Lust auf einen Urlaub mit Ihrer Familie? Entdecken Sie die Familienangebote im Hotel Dory & Suite in Riccione","breadcrumb":{"@id":"https:\/\/www.italyfamilyhotels.it\/de\/family-hotels\/hotel-dory-suite-riccione#breadcrumb"},"inLanguage":"de","potentialAction":[{"@type":"ReadAction","target":["https:\/\/www.italyfamilyhotels.it\/de\/family-hotels\/hotel-dory-suite-riccione"]}]},{"@type":"BreadcrumbList","@id":"https:\/\/www.italyfamilyhotels.it\/de\/family-hotels\/hotel-dory-suite-riccione#breadcrumb","itemListElement":[{"@type":"ListItem","position":1,"name":"Home","item":"https:\/\/www.italyfamilyhotels.it\/de"},{"@type":"ListItem","position":2,"name":"Family Hotels","item":"https:\/\/www.italyfamilyhotels.it\/de\/family-hotels"},{"@type":"ListItem","position":3,"name":"Hotel Dory &#038; Suite"}]},{"@type":"WebSite","@id":"https:\/\/www.italyfamilyhotels.it\/#website","url":"https:\/\/www.italyfamilyhotels.it\/","name":"Italy Family Hotels","description":"","potentialAction":[{"@type":"SearchAction","target":{"@type":"EntryPoint","urlTemplate":"https:\/\/www.italyfamilyhotels.it\/?s={search_term_string}"},"query-input":{"@type":"PropertyValueSpecification","valueRequired":true,"valueName":"search_term_string"}}],"inLanguage":"de"}]}},"_links":{"self":[{"href":"https:\/\/www.italyfamilyhotels.it\/de\/wp-json\/wp\/v2\/pages\/4062","targetHints":{"allow":["GET"]}}],"collection":[{"href":"https:\/\/www.italyfamilyhotels.it\/de\/wp-json\/wp\/v2\/pages"}],"about":[{"href":"https:\/\/www.italyfamilyhotels.it\/de\/wp-json\/wp\/v2\/types\/page"}],"author":[{"embeddable":true,"href":"https:\/\/www.italyfamilyhotels.it\/de\/wp-json\/wp\/v2\/users\/56"}],"replies":[{"embeddable":true,"href":"https:\/\/www.italyfamilyhotels.it\/de\/wp-json\/wp\/v2\/comments?post=4062"}],"version-history":[{"count":5,"href":"https:\/\/www.italyfamilyhotels.it\/de\/wp-json\/wp\/v2\/pages\/4062\/revisions"}],"predecessor-version":[{"id":40454,"href":"https:\/\/www.italyfamilyhotels.it\/de\/wp-json\/wp\/v2\/pages\/4062\/revisions\/40454"}],"up":[{"embeddable":true,"href":"https:\/\/www.italyfamilyhotels.it\/de\/wp-json\/wp\/v2\/pages\/94"}],"wp:attachment":[{"href":"https:\/\/www.italyfamilyhotels.it\/de\/wp-json\/wp\/v2\/media?parent=4062"}],"curies":[{"name":"wp","href":"https:\/\/api.w.org\/{rel}","templated":true}]}}