{"id":4057,"date":"2022-03-14T12:36:56","date_gmt":"2022-03-14T11:36:56","guid":{"rendered":"https:\/\/www.italyfamilyhotels.it\/family-hotels\/villa-giada-resort"},"modified":"2024-12-16T11:22:08","modified_gmt":"2024-12-16T10:22:08","slug":"villa-giada-resort-imperia","status":"publish","type":"page","link":"https:\/\/www.italyfamilyhotels.it\/de\/family-hotels\/villa-giada-resort-imperia","title":{"rendered":"Villa Giada Resort"},"content":{"rendered":"\n<p>Wir hei\u00dfen Sie herzlich willkommen in der traumhaften Welt des<b> Villa Giada<\/b> <b>spEace &amp; Family Resorts<\/b>, wo Ihr Urlaub wahr wird und sich mit Freiheit und Freude f\u00fcllt! Das <b>einzige Family Resort SPeACE &amp; STAY<\/b> an der <b>Blumenriviera<\/b>, in Ligurien, mitten in einem uralten Olivenhain, mit einem atemberaubenden <b>Panorama<\/b>, nur <b>5 Minuten vom Meer <\/b>entfernt, das mit der \u201eBlauen Flagge\u201c ausgezeichnet wurde.<\/p>\n\n\n\n<p>Wir haben f\u00fcr Ihre Familie an <b>25+1 Resort-Serviceleistungen<\/b> gedacht, wodurch jeder Moment des Urlaubs unvergesslich wird. Sie k\u00f6nnen zwischen Ferien im <b>Residence<\/b> &#8211; in unseren gem\u00fctlichen Apartments mit halb-unabh\u00e4ngigem Eingang und gut ausgestatteter K\u00fcche &#8211; und dem <b>Hotel<\/b>, in gro\u00dfz\u00fcgigen Familiensuiten, w\u00e4hlen: In beiden F\u00e4llen verw\u00f6hnen wir Sie mit den <b>besten Serviceleistungen unseres Family Resorts<\/b>.<\/p>\n\n\n\n<p>Der <b>SPeACE-Urlaub ist hier ein Rundum-Erlebnis<\/b>: <b>ein t\u00e4gliches Unterhaltungsprogramm<\/b>, das Kinder und Erwachsene gl\u00fccklich macht. Kulinarische Workshops f\u00fcr kleine, angehende K\u00f6che, Verkostungen von Wein und Craftbeer f\u00fcr Mama und Papa, das Giada Music Festival und viele andere unvergessliche Angebote; <b>Sport<\/b>, der das <b>ganze Jahr \u00fcber<\/b> ein Erlebnis ist, mit Fahrradtouren oder Wanderungen, Jogging inmitten von Olivenb\u00e4umen, Tennis oder Fu\u00dfball; Entspannung im <b>Aiga-Wellness-Center<\/b>, der perfekten Location, um sich bei einem Dampfbad, in der Sauna, unter der Erlebnisdusche, in einer duftenden und entspannenden Stimmung zu erholen.<\/p>\n\n\n\n<p>Tauchen Sie in die tollen Pools ein: das \u00fcberdachte Schwimmbad &#8216;<strong>Piscina Azzurra&#8217;<\/strong> ist immer zug\u00e4nglich <strong>mit Wasser, das ab 20\u00b0C <\/strong>beheizt wird und im <b>Au\u00dfenpool mit Wasserf\u00e4llen<\/b> \u201e<b>Piscina delle Cascate\u201c<\/b> k\u00f6nnen sich Gro\u00df und Klein in der sch\u00f6nen Jahreszeit vergn\u00fcgen, um dann auf der Sonnenterrasse mit gepflegtem Rasen angenehme, gemeinsame Momente zu verbringen.<\/p>\n\n\n\n<p>Auf was warten Sie noch? Kommen Sie einfach zu uns und erleben Sie eine <b>wahre SPeACE &amp; STAY-Experience<\/b> mit Ihren Kindern!<\/p>\n","protected":false},"excerpt":{"rendered":"<p>Wir hei\u00dfen Sie herzlich willkommen in der traumhaften Welt des Villa Giada spEace &amp; Family Resorts, wo Ihr Urlaub wahr wird und sich mit Freiheit und Freude f\u00fcllt! Das einzige Family Resort SPeACE &amp; STAY an der Blumenriviera, in Ligurien, mitten in einem uralten Olivenhain, mit einem atemberaubenden Panorama, nur 5 Minuten vom Meer entfernt, &hellip;<\/p>\n","protected":false},"author":166,"featured_media":0,"parent":94,"menu_order":0,"comment_status":"closed","ping_status":"closed","template":"page-templates\/scheda_hotel.php","meta":{"_acf_changed":false,"inline_featured_image":false,"footnotes":""},"class_list":["post-4057","page","type-page","status-publish","hentry"],"acf":[],"yoast_head":"<!-- This site is optimized with the Yoast SEO plugin v27.1 - https:\/\/yoast.com\/product\/yoast-seo-wordpress\/ -->\n<title>Villa Giada Resort, Imperia<\/title>\n<meta name=\"description\" content=\"Lust auf einen Urlaub mit Ihrer Familie? Entdecken Sie die Familienangebote im Villa Giada Resort in Imperia\" \/>\n<meta name=\"robots\" content=\"index, follow, max-snippet:-1, max-image-preview:large, max-video-preview:-1\" \/>\n<link rel=\"canonical\" href=\"https:\/\/www.italyfamilyhotels.it\/de\/family-hotels\/villa-giada-resort-imperia\" \/>\n<meta property=\"og:locale\" content=\"de_DE\" \/>\n<meta property=\"og:type\" content=\"article\" \/>\n<meta property=\"og:title\" content=\"Villa Giada Resort, Imperia\" \/>\n<meta property=\"og:description\" content=\"Lust auf einen Urlaub mit Ihrer Familie? Entdecken Sie die Familienangebote im Villa Giada Resort in Imperia\" \/>\n<meta property=\"og:url\" content=\"https:\/\/www.italyfamilyhotels.it\/de\/family-hotels\/villa-giada-resort-imperia\" \/>\n<meta property=\"og:site_name\" content=\"Italy Family Hotels\" \/>\n<meta property=\"article:publisher\" content=\"https:\/\/www.facebook.com\/ItalyFamilyHotels\/\" \/>\n<meta property=\"article:modified_time\" content=\"2024-12-16T10:22:08+00:00\" \/>\n<meta name=\"twitter:card\" content=\"summary_large_image\" \/>\n<meta name=\"twitter:label1\" content=\"Gesch\u00e4tzte Lesezeit\" \/>\n\t<meta name=\"twitter:data1\" content=\"2\u00a0Minuten\" \/>\n<script type=\"application\/ld+json\" class=\"yoast-schema-graph\">{\"@context\":\"https:\/\/schema.org\",\"@graph\":[{\"@type\":\"WebPage\",\"@id\":\"https:\/\/www.italyfamilyhotels.it\/de\/family-hotels\/villa-giada-resort-imperia\",\"url\":\"https:\/\/www.italyfamilyhotels.it\/de\/family-hotels\/villa-giada-resort-imperia\",\"name\":\"Villa Giada Resort, Imperia\",\"isPartOf\":{\"@id\":\"https:\/\/www.italyfamilyhotels.it\/#website\"},\"datePublished\":\"2022-03-14T11:36:56+00:00\",\"dateModified\":\"2024-12-16T10:22:08+00:00\",\"description\":\"Lust auf einen Urlaub mit Ihrer Familie? Entdecken Sie die Familienangebote im Villa Giada Resort in Imperia\",\"breadcrumb\":{\"@id\":\"https:\/\/www.italyfamilyhotels.it\/de\/family-hotels\/villa-giada-resort-imperia#breadcrumb\"},\"inLanguage\":\"de\",\"potentialAction\":[{\"@type\":\"ReadAction\",\"target\":[\"https:\/\/www.italyfamilyhotels.it\/de\/family-hotels\/villa-giada-resort-imperia\"]}]},{\"@type\":\"BreadcrumbList\",\"@id\":\"https:\/\/www.italyfamilyhotels.it\/de\/family-hotels\/villa-giada-resort-imperia#breadcrumb\",\"itemListElement\":[{\"@type\":\"ListItem\",\"position\":1,\"name\":\"Home\",\"item\":\"https:\/\/www.italyfamilyhotels.it\/de\"},{\"@type\":\"ListItem\",\"position\":2,\"name\":\"Family Hotels\",\"item\":\"https:\/\/www.italyfamilyhotels.it\/de\/family-hotels\"},{\"@type\":\"ListItem\",\"position\":3,\"name\":\"Villa Giada Resort\"}]},{\"@type\":\"WebSite\",\"@id\":\"https:\/\/www.italyfamilyhotels.it\/#website\",\"url\":\"https:\/\/www.italyfamilyhotels.it\/\",\"name\":\"Italy Family Hotels\",\"description\":\"\",\"potentialAction\":[{\"@type\":\"SearchAction\",\"target\":{\"@type\":\"EntryPoint\",\"urlTemplate\":\"https:\/\/www.italyfamilyhotels.it\/?s={search_term_string}\"},\"query-input\":{\"@type\":\"PropertyValueSpecification\",\"valueRequired\":true,\"valueName\":\"search_term_string\"}}],\"inLanguage\":\"de\"}]}<\/script>\n<!-- \/ Yoast SEO plugin. -->","yoast_head_json":{"title":"Villa Giada Resort, Imperia","description":"Lust auf einen Urlaub mit Ihrer Familie? Entdecken Sie die Familienangebote im Villa Giada Resort in Imperia","robots":{"index":"index","follow":"follow","max-snippet":"max-snippet:-1","max-image-preview":"max-image-preview:large","max-video-preview":"max-video-preview:-1"},"canonical":"https:\/\/www.italyfamilyhotels.it\/de\/family-hotels\/villa-giada-resort-imperia","og_locale":"de_DE","og_type":"article","og_title":"Villa Giada Resort, Imperia","og_description":"Lust auf einen Urlaub mit Ihrer Familie? Entdecken Sie die Familienangebote im Villa Giada Resort in Imperia","og_url":"https:\/\/www.italyfamilyhotels.it\/de\/family-hotels\/villa-giada-resort-imperia","og_site_name":"Italy Family Hotels","article_publisher":"https:\/\/www.facebook.com\/ItalyFamilyHotels\/","article_modified_time":"2024-12-16T10:22:08+00:00","twitter_card":"summary_large_image","twitter_misc":{"Gesch\u00e4tzte Lesezeit":"2\u00a0Minuten"},"schema":{"@context":"https:\/\/schema.org","@graph":[{"@type":"WebPage","@id":"https:\/\/www.italyfamilyhotels.it\/de\/family-hotels\/villa-giada-resort-imperia","url":"https:\/\/www.italyfamilyhotels.it\/de\/family-hotels\/villa-giada-resort-imperia","name":"Villa Giada Resort, Imperia","isPartOf":{"@id":"https:\/\/www.italyfamilyhotels.it\/#website"},"datePublished":"2022-03-14T11:36:56+00:00","dateModified":"2024-12-16T10:22:08+00:00","description":"Lust auf einen Urlaub mit Ihrer Familie? Entdecken Sie die Familienangebote im Villa Giada Resort in Imperia","breadcrumb":{"@id":"https:\/\/www.italyfamilyhotels.it\/de\/family-hotels\/villa-giada-resort-imperia#breadcrumb"},"inLanguage":"de","potentialAction":[{"@type":"ReadAction","target":["https:\/\/www.italyfamilyhotels.it\/de\/family-hotels\/villa-giada-resort-imperia"]}]},{"@type":"BreadcrumbList","@id":"https:\/\/www.italyfamilyhotels.it\/de\/family-hotels\/villa-giada-resort-imperia#breadcrumb","itemListElement":[{"@type":"ListItem","position":1,"name":"Home","item":"https:\/\/www.italyfamilyhotels.it\/de"},{"@type":"ListItem","position":2,"name":"Family Hotels","item":"https:\/\/www.italyfamilyhotels.it\/de\/family-hotels"},{"@type":"ListItem","position":3,"name":"Villa Giada Resort"}]},{"@type":"WebSite","@id":"https:\/\/www.italyfamilyhotels.it\/#website","url":"https:\/\/www.italyfamilyhotels.it\/","name":"Italy Family Hotels","description":"","potentialAction":[{"@type":"SearchAction","target":{"@type":"EntryPoint","urlTemplate":"https:\/\/www.italyfamilyhotels.it\/?s={search_term_string}"},"query-input":{"@type":"PropertyValueSpecification","valueRequired":true,"valueName":"search_term_string"}}],"inLanguage":"de"}]}},"_links":{"self":[{"href":"https:\/\/www.italyfamilyhotels.it\/de\/wp-json\/wp\/v2\/pages\/4057","targetHints":{"allow":["GET"]}}],"collection":[{"href":"https:\/\/www.italyfamilyhotels.it\/de\/wp-json\/wp\/v2\/pages"}],"about":[{"href":"https:\/\/www.italyfamilyhotels.it\/de\/wp-json\/wp\/v2\/types\/page"}],"author":[{"embeddable":true,"href":"https:\/\/www.italyfamilyhotels.it\/de\/wp-json\/wp\/v2\/users\/166"}],"replies":[{"embeddable":true,"href":"https:\/\/www.italyfamilyhotels.it\/de\/wp-json\/wp\/v2\/comments?post=4057"}],"version-history":[{"count":20,"href":"https:\/\/www.italyfamilyhotels.it\/de\/wp-json\/wp\/v2\/pages\/4057\/revisions"}],"predecessor-version":[{"id":63366,"href":"https:\/\/www.italyfamilyhotels.it\/de\/wp-json\/wp\/v2\/pages\/4057\/revisions\/63366"}],"up":[{"embeddable":true,"href":"https:\/\/www.italyfamilyhotels.it\/de\/wp-json\/wp\/v2\/pages\/94"}],"wp:attachment":[{"href":"https:\/\/www.italyfamilyhotels.it\/de\/wp-json\/wp\/v2\/media?parent=4057"}],"curies":[{"name":"wp","href":"https:\/\/api.w.org\/{rel}","templated":true}]}}