{"id":4052,"date":"2022-03-14T12:36:55","date_gmt":"2022-03-14T11:36:55","guid":{"rendered":"https:\/\/www.italyfamilyhotels.it\/family-hotels\/hotel-adlon"},"modified":"2026-01-08T15:07:39","modified_gmt":"2026-01-08T14:07:39","slug":"hotel-adlon-riccione","status":"publish","type":"page","link":"https:\/\/www.italyfamilyhotels.it\/de\/family-hotels\/hotel-adlon-riccione","title":{"rendered":"Hotel Adlon"},"content":{"rendered":"\n<p>Ein <b>&#8220;kindergerechter Qualit\u00e4tsurlaub&#8221; \u2013 <\/b>das ist unser Versprechen \u2013 erwartet Euch bei uns im <b>Hotel Adlon<\/b>, am Strand von Riccione. Ausstattung, Service und Atmosph\u00e4re unseres Hauses sind solide Grundlagen  f\u00fcr die Entspannung, das Wohlbefinden und das Vergn\u00fcgen unserer G\u00e4ste. Schon<b> seit 1963<\/b> geh\u00f6rt zu unserem Angebot <b>ein volles Programm von Ausfl\u00fcgen, Veranstaltungen, kostenlosen Kursen, thematischen Abendessen und Shows<\/b>; sowie spezifische <b>Serviceleistungen f\u00fcr Radsportler. <\/b>Zum wenige Schritte entfernten <b>Meer <\/b>kommt Ihr, <b>ohne eine Stra\u00dfe zu \u00fcberqueren<\/b>.<\/p>\n\n\n\n<p>Dem Lockruf der &#8220;Movida&#8221; in Ricciones Stra\u00dfen und Bars nachzugehen ist kein Muss, aber eine M\u00f6glichkeit.<\/p>\n\n\n\n<p>Damit Euer Urlaub frei von von Bedenken ist, steht ein <b>Ansprechpartner<\/b> zur Verf\u00fcgung, an den Ihr Euch in<b> Fragen der Sicherheit<\/b> jederzeit wenden k\u00f6nnt. \u00dcberall im Hotel findet Ihr <b>Informationstafeln, Hinweise und Markierungen<\/b>, so dass Ihr Euch sicher und entpannt bewegen k\u00f6nnt. Wir haben auch eine praktische <b>App, \u00fcber die Ihr mit dem Smartphone Hotelleistungen anfordern k\u00f6nnt; <\/b>mit dem <b>Online-Check-In <\/b> beginnt Euer Urlaub sofort bei der Ankunft! <\/p>\n","protected":false},"excerpt":{"rendered":"<p>Ein &#8220;kindergerechter Qualit\u00e4tsurlaub&#8221; \u2013 das ist unser Versprechen \u2013 erwartet Euch bei uns im Hotel Adlon, am Strand von Riccione. Ausstattung, Service und Atmosph\u00e4re unseres Hauses sind solide Grundlagen f\u00fcr die Entspannung, das Wohlbefinden und das Vergn\u00fcgen unserer G\u00e4ste. Schon seit 1963 geh\u00f6rt zu unserem Angebot ein volles Programm von Ausfl\u00fcgen, Veranstaltungen, kostenlosen Kursen, thematischen &hellip;<\/p>\n","protected":false},"author":41,"featured_media":0,"parent":94,"menu_order":0,"comment_status":"closed","ping_status":"closed","template":"page-templates\/scheda_hotel.php","meta":{"_acf_changed":false,"inline_featured_image":false,"footnotes":""},"class_list":["post-4052","page","type-page","status-publish","hentry"],"acf":[],"yoast_head":"<!-- This site is optimized with the Yoast SEO plugin v27.1 - https:\/\/yoast.com\/product\/yoast-seo-wordpress\/ -->\n<title>Hotel Adlon 3-Sterne, Riccione<\/title>\n<meta name=\"description\" content=\"Lust auf Familienurlaub? Entdecken Sie die Familienangebote f\u00fcr Hotel Adlon in Riccione\" \/>\n<meta name=\"robots\" content=\"index, follow, max-snippet:-1, max-image-preview:large, max-video-preview:-1\" \/>\n<link rel=\"canonical\" href=\"https:\/\/www.italyfamilyhotels.it\/de\/family-hotels\/hotel-adlon-riccione\" \/>\n<meta property=\"og:locale\" content=\"de_DE\" \/>\n<meta property=\"og:type\" content=\"article\" \/>\n<meta property=\"og:title\" content=\"Hotel Adlon 3-Sterne, Riccione\" \/>\n<meta property=\"og:description\" content=\"Lust auf Familienurlaub? Entdecken Sie die Familienangebote f\u00fcr Hotel Adlon in Riccione\" \/>\n<meta property=\"og:url\" content=\"https:\/\/www.italyfamilyhotels.it\/de\/family-hotels\/hotel-adlon-riccione\" \/>\n<meta property=\"og:site_name\" content=\"Italy Family Hotels\" \/>\n<meta property=\"article:publisher\" content=\"https:\/\/www.facebook.com\/ItalyFamilyHotels\/\" \/>\n<meta property=\"article:modified_time\" content=\"2026-01-08T14:07:39+00:00\" \/>\n<meta name=\"twitter:card\" content=\"summary_large_image\" \/>\n<meta name=\"twitter:label1\" content=\"Gesch\u00e4tzte Lesezeit\" \/>\n\t<meta name=\"twitter:data1\" content=\"1\u00a0Minute\" \/>\n<script type=\"application\/ld+json\" class=\"yoast-schema-graph\">{\"@context\":\"https:\/\/schema.org\",\"@graph\":[{\"@type\":\"WebPage\",\"@id\":\"https:\/\/www.italyfamilyhotels.it\/de\/family-hotels\/hotel-adlon-riccione\",\"url\":\"https:\/\/www.italyfamilyhotels.it\/de\/family-hotels\/hotel-adlon-riccione\",\"name\":\"Hotel Adlon 3-Sterne, Riccione\",\"isPartOf\":{\"@id\":\"https:\/\/www.italyfamilyhotels.it\/#website\"},\"datePublished\":\"2022-03-14T11:36:55+00:00\",\"dateModified\":\"2026-01-08T14:07:39+00:00\",\"description\":\"Lust auf Familienurlaub? Entdecken Sie die Familienangebote f\u00fcr Hotel Adlon in Riccione\",\"breadcrumb\":{\"@id\":\"https:\/\/www.italyfamilyhotels.it\/de\/family-hotels\/hotel-adlon-riccione#breadcrumb\"},\"inLanguage\":\"de\",\"potentialAction\":[{\"@type\":\"ReadAction\",\"target\":[\"https:\/\/www.italyfamilyhotels.it\/de\/family-hotels\/hotel-adlon-riccione\"]}]},{\"@type\":\"BreadcrumbList\",\"@id\":\"https:\/\/www.italyfamilyhotels.it\/de\/family-hotels\/hotel-adlon-riccione#breadcrumb\",\"itemListElement\":[{\"@type\":\"ListItem\",\"position\":1,\"name\":\"Home\",\"item\":\"https:\/\/www.italyfamilyhotels.it\/de\"},{\"@type\":\"ListItem\",\"position\":2,\"name\":\"Family Hotels\",\"item\":\"https:\/\/www.italyfamilyhotels.it\/de\/family-hotels\"},{\"@type\":\"ListItem\",\"position\":3,\"name\":\"Hotel Adlon\"}]},{\"@type\":\"WebSite\",\"@id\":\"https:\/\/www.italyfamilyhotels.it\/#website\",\"url\":\"https:\/\/www.italyfamilyhotels.it\/\",\"name\":\"Italy Family Hotels\",\"description\":\"\",\"potentialAction\":[{\"@type\":\"SearchAction\",\"target\":{\"@type\":\"EntryPoint\",\"urlTemplate\":\"https:\/\/www.italyfamilyhotels.it\/?s={search_term_string}\"},\"query-input\":{\"@type\":\"PropertyValueSpecification\",\"valueRequired\":true,\"valueName\":\"search_term_string\"}}],\"inLanguage\":\"de\"}]}<\/script>\n<!-- \/ Yoast SEO plugin. -->","yoast_head_json":{"title":"Hotel Adlon 3-Sterne, Riccione","description":"Lust auf Familienurlaub? Entdecken Sie die Familienangebote f\u00fcr Hotel Adlon in Riccione","robots":{"index":"index","follow":"follow","max-snippet":"max-snippet:-1","max-image-preview":"max-image-preview:large","max-video-preview":"max-video-preview:-1"},"canonical":"https:\/\/www.italyfamilyhotels.it\/de\/family-hotels\/hotel-adlon-riccione","og_locale":"de_DE","og_type":"article","og_title":"Hotel Adlon 3-Sterne, Riccione","og_description":"Lust auf Familienurlaub? Entdecken Sie die Familienangebote f\u00fcr Hotel Adlon in Riccione","og_url":"https:\/\/www.italyfamilyhotels.it\/de\/family-hotels\/hotel-adlon-riccione","og_site_name":"Italy Family Hotels","article_publisher":"https:\/\/www.facebook.com\/ItalyFamilyHotels\/","article_modified_time":"2026-01-08T14:07:39+00:00","twitter_card":"summary_large_image","twitter_misc":{"Gesch\u00e4tzte Lesezeit":"1\u00a0Minute"},"schema":{"@context":"https:\/\/schema.org","@graph":[{"@type":"WebPage","@id":"https:\/\/www.italyfamilyhotels.it\/de\/family-hotels\/hotel-adlon-riccione","url":"https:\/\/www.italyfamilyhotels.it\/de\/family-hotels\/hotel-adlon-riccione","name":"Hotel Adlon 3-Sterne, Riccione","isPartOf":{"@id":"https:\/\/www.italyfamilyhotels.it\/#website"},"datePublished":"2022-03-14T11:36:55+00:00","dateModified":"2026-01-08T14:07:39+00:00","description":"Lust auf Familienurlaub? Entdecken Sie die Familienangebote f\u00fcr Hotel Adlon in Riccione","breadcrumb":{"@id":"https:\/\/www.italyfamilyhotels.it\/de\/family-hotels\/hotel-adlon-riccione#breadcrumb"},"inLanguage":"de","potentialAction":[{"@type":"ReadAction","target":["https:\/\/www.italyfamilyhotels.it\/de\/family-hotels\/hotel-adlon-riccione"]}]},{"@type":"BreadcrumbList","@id":"https:\/\/www.italyfamilyhotels.it\/de\/family-hotels\/hotel-adlon-riccione#breadcrumb","itemListElement":[{"@type":"ListItem","position":1,"name":"Home","item":"https:\/\/www.italyfamilyhotels.it\/de"},{"@type":"ListItem","position":2,"name":"Family Hotels","item":"https:\/\/www.italyfamilyhotels.it\/de\/family-hotels"},{"@type":"ListItem","position":3,"name":"Hotel Adlon"}]},{"@type":"WebSite","@id":"https:\/\/www.italyfamilyhotels.it\/#website","url":"https:\/\/www.italyfamilyhotels.it\/","name":"Italy Family Hotels","description":"","potentialAction":[{"@type":"SearchAction","target":{"@type":"EntryPoint","urlTemplate":"https:\/\/www.italyfamilyhotels.it\/?s={search_term_string}"},"query-input":{"@type":"PropertyValueSpecification","valueRequired":true,"valueName":"search_term_string"}}],"inLanguage":"de"}]}},"_links":{"self":[{"href":"https:\/\/www.italyfamilyhotels.it\/de\/wp-json\/wp\/v2\/pages\/4052","targetHints":{"allow":["GET"]}}],"collection":[{"href":"https:\/\/www.italyfamilyhotels.it\/de\/wp-json\/wp\/v2\/pages"}],"about":[{"href":"https:\/\/www.italyfamilyhotels.it\/de\/wp-json\/wp\/v2\/types\/page"}],"author":[{"embeddable":true,"href":"https:\/\/www.italyfamilyhotels.it\/de\/wp-json\/wp\/v2\/users\/41"}],"replies":[{"embeddable":true,"href":"https:\/\/www.italyfamilyhotels.it\/de\/wp-json\/wp\/v2\/comments?post=4052"}],"version-history":[{"count":8,"href":"https:\/\/www.italyfamilyhotels.it\/de\/wp-json\/wp\/v2\/pages\/4052\/revisions"}],"predecessor-version":[{"id":73598,"href":"https:\/\/www.italyfamilyhotels.it\/de\/wp-json\/wp\/v2\/pages\/4052\/revisions\/73598"}],"up":[{"embeddable":true,"href":"https:\/\/www.italyfamilyhotels.it\/de\/wp-json\/wp\/v2\/pages\/94"}],"wp:attachment":[{"href":"https:\/\/www.italyfamilyhotels.it\/de\/wp-json\/wp\/v2\/media?parent=4052"}],"curies":[{"name":"wp","href":"https:\/\/api.w.org\/{rel}","templated":true}]}}