{"id":4047,"date":"2022-03-14T12:36:54","date_gmt":"2022-03-14T11:36:54","guid":{"rendered":"https:\/\/www.italyfamilyhotels.it\/family-hotels\/hotel-haway"},"modified":"2025-10-14T11:12:20","modified_gmt":"2025-10-14T09:12:20","slug":"hotel-hawaii-villa-rosa-di-martinsicuro","status":"publish","type":"page","link":"https:\/\/www.italyfamilyhotels.it\/de\/family-hotels\/hotel-hawaii-villa-rosa-di-martinsicuro","title":{"rendered":"Hotel Hawaii"},"content":{"rendered":"\n<p>Hier im <b>Hotel Hawaii in Villa Rosa di Martinsicuro<\/b> haben wir gerne Familien zu Gast, und wir betrachten Ihre Kinder auch gerne ein bisschen als unsere! Wir liegen ganz vorn am Meer und haben einen <strong>Privatstrand<\/strong>, der nur 200 Meter entfernt ist. Ein kleiner Spaziergang reicht aus, um sich auf den beiden Liegen und unter dem Sonnenschirm, die wir f\u00fcr Sie reserviert haben, zu entspannen.<\/p>\n\n\n\n<p>Wir verf\u00fcgen auch \u00fcber einen <b>Swimmingpool mit Sonnenterrasse<\/b>, wo Sie sich zwischen den k\u00fchlen Wasserg\u00e4ngen entspannen, einen Cocktail am Kiosk im Freien zu sich nehmen oder das von den Animateuren mittags organisierte Aperitifspiel genie\u00dfen k\u00f6nnen. Apropos Animation, bei uns gibt es Aktivit\u00e4ten f\u00fcr die ganze Familie, sowohl am Strand als auch im Hotel, wobei wir ein Herz f\u00fcr die Kinder haben und sie <b>t\u00e4glich in 8 Stunden fantastische Unterhaltung<\/b> einbeziehen, Workshops im <b>Hawayland-Spielraum<\/b>, <b>Abendshows <\/b>und <b>Trib\u00f9 Dance<\/b>.<\/p>\n\n\n\n<p>Unsere G\u00e4ste scherzen oft mit uns, dass man hier zu gut isst und deshalb dick wird&#8230; Tats\u00e4chlich geh\u00f6rt eine <b>gute Qualit\u00e4tsk\u00fcche<\/b> zum Urlaub dazu, und Chefk\u00f6chin Rossella versteht es, alle G\u00e4ste zu verw\u00f6hnen, von den anspruchsvollsten Eltern \u00fcber Z\u00f6liakiekranke &#8211; denn sie ist <b>AIC-zertifiziert<\/b> &#8211; bis hin zu den Kleinsten, f\u00fcr die sie <b>ganz spezielle Babymen\u00fcs<\/b> f\u00fcr ein Abendessen mit den Animateuren zubereitet! Aber keine Sorge: Mit <b>Spinning und Fitboxing im Garten<\/b>, Schwimmen, Spazierg\u00e4ngen an der K\u00fcste und Sportturnieren am Strand bleiben Sie fit und haben jede Menge Spa\u00df.<\/p>\n\n\n\n<p>Wenn Sie die Umgebung mit Kindern erkunden m\u00f6chten, stellen wir Ihnen <b>Fahrr\u00e4der<\/b>, <b>BMX-R\u00e4der<\/b> und <b>Kinderr\u00e4der ohne Pedale<\/b> zur Verf\u00fcgung. Au\u00dferdem beginnt Ihr Urlaub bei uns mit Entspannung, denn bei uns <b>finden Sie alles, was Sie f\u00fcr die Reise mit Ihren Kindern brauchen<\/b>: Babyartikel, Windeleimer, Babybetten, Rausfallschutz, Babybadewanne, Flaschenw\u00e4rmer, Wickeltisch, Kinder-Toilettensitz, T\u00f6pfchen, Hocker, Steckdosenabdeckung, Nachtlicht.<\/p>\n\n\n\n<p>Ihr Urlaub soll ganz exklusiv sein? Dann w\u00e4hlen Sie die <strong>Formel \u201eMare pi\u00f9\u201c<\/strong>, die gegen einen kleinen Aufpreis erh\u00e4ltlich ist und viele Serviceleistungen anbietet, ein wahres Verw\u00f6hn-Paket: Jeden Morgen 2 frische <strong>Strandt\u00fccher<\/strong>, t\u00e4gliches <strong>Waschen <\/strong>und <strong>Trocknen <\/strong>der <strong>W\u00e4sche <\/strong>Ihrer Kinder bis 6 Jahre; die <strong>Erfrischungsgetr\u00e4nke der Minibar <\/strong>sind bei einigen Zimmerkategorien inbegriffen; und bei der Ankunft k\u00f6nnen Sie Ihre bevorzugte <strong>Tageszeitung <\/strong>und Ihre Wochenzeitschrift w\u00e4hlen!<\/p>\n","protected":false},"excerpt":{"rendered":"<p>Hier im Hotel Hawaii in Villa Rosa di Martinsicuro haben wir gerne Familien zu Gast, und wir betrachten Ihre Kinder auch gerne ein bisschen als unsere! Wir liegen ganz vorn am Meer und haben einen Privatstrand, der nur 200 Meter entfernt ist. Ein kleiner Spaziergang reicht aus, um sich auf den beiden Liegen und unter &hellip;<\/p>\n","protected":false},"author":68,"featured_media":0,"parent":94,"menu_order":0,"comment_status":"closed","ping_status":"closed","template":"page-templates\/scheda_hotel.php","meta":{"_acf_changed":false,"inline_featured_image":false,"footnotes":""},"class_list":["post-4047","page","type-page","status-publish","hentry"],"acf":[],"yoast_head":"<!-- This site is optimized with the Yoast SEO plugin v27.1 - https:\/\/yoast.com\/product\/yoast-seo-wordpress\/ -->\n<title>Hotel Hawaii, 3 Sterne, Villa Rosa di Martinsicuro<\/title>\n<meta name=\"description\" content=\"Lust auf Urlaub mit Ihrer Familie? Entdecken Sie die Familienangebote im Hotel Hawaii in Villa Rosa di Martinsicuro\" \/>\n<meta name=\"robots\" content=\"index, follow, max-snippet:-1, max-image-preview:large, max-video-preview:-1\" \/>\n<link rel=\"canonical\" href=\"https:\/\/www.italyfamilyhotels.it\/de\/family-hotels\/hotel-hawaii-villa-rosa-di-martinsicuro\" \/>\n<meta property=\"og:locale\" content=\"de_DE\" \/>\n<meta property=\"og:type\" content=\"article\" \/>\n<meta property=\"og:title\" content=\"Hotel Hawaii, 3 Sterne, Villa Rosa di Martinsicuro\" \/>\n<meta property=\"og:description\" content=\"Lust auf Urlaub mit Ihrer Familie? Entdecken Sie die Familienangebote im Hotel Hawaii in Villa Rosa di Martinsicuro\" \/>\n<meta property=\"og:url\" content=\"https:\/\/www.italyfamilyhotels.it\/de\/family-hotels\/hotel-hawaii-villa-rosa-di-martinsicuro\" \/>\n<meta property=\"og:site_name\" content=\"Italy Family Hotels\" \/>\n<meta property=\"article:publisher\" content=\"https:\/\/www.facebook.com\/ItalyFamilyHotels\/\" \/>\n<meta property=\"article:modified_time\" content=\"2025-10-14T09:12:20+00:00\" \/>\n<meta name=\"twitter:card\" content=\"summary_large_image\" \/>\n<meta name=\"twitter:label1\" content=\"Gesch\u00e4tzte Lesezeit\" \/>\n\t<meta name=\"twitter:data1\" content=\"1\u00a0Minute\" \/>\n<script type=\"application\/ld+json\" class=\"yoast-schema-graph\">{\"@context\":\"https:\/\/schema.org\",\"@graph\":[{\"@type\":\"WebPage\",\"@id\":\"https:\/\/www.italyfamilyhotels.it\/de\/family-hotels\/hotel-hawaii-villa-rosa-di-martinsicuro\",\"url\":\"https:\/\/www.italyfamilyhotels.it\/de\/family-hotels\/hotel-hawaii-villa-rosa-di-martinsicuro\",\"name\":\"Hotel Hawaii, 3 Sterne, Villa Rosa di Martinsicuro\",\"isPartOf\":{\"@id\":\"https:\/\/www.italyfamilyhotels.it\/#website\"},\"datePublished\":\"2022-03-14T11:36:54+00:00\",\"dateModified\":\"2025-10-14T09:12:20+00:00\",\"description\":\"Lust auf Urlaub mit Ihrer Familie? Entdecken Sie die Familienangebote im Hotel Hawaii in Villa Rosa di Martinsicuro\",\"breadcrumb\":{\"@id\":\"https:\/\/www.italyfamilyhotels.it\/de\/family-hotels\/hotel-hawaii-villa-rosa-di-martinsicuro#breadcrumb\"},\"inLanguage\":\"de\",\"potentialAction\":[{\"@type\":\"ReadAction\",\"target\":[\"https:\/\/www.italyfamilyhotels.it\/de\/family-hotels\/hotel-hawaii-villa-rosa-di-martinsicuro\"]}]},{\"@type\":\"BreadcrumbList\",\"@id\":\"https:\/\/www.italyfamilyhotels.it\/de\/family-hotels\/hotel-hawaii-villa-rosa-di-martinsicuro#breadcrumb\",\"itemListElement\":[{\"@type\":\"ListItem\",\"position\":1,\"name\":\"Home\",\"item\":\"https:\/\/www.italyfamilyhotels.it\/de\"},{\"@type\":\"ListItem\",\"position\":2,\"name\":\"Family Hotels\",\"item\":\"https:\/\/www.italyfamilyhotels.it\/de\/family-hotels\"},{\"@type\":\"ListItem\",\"position\":3,\"name\":\"Hotel Hawaii\"}]},{\"@type\":\"WebSite\",\"@id\":\"https:\/\/www.italyfamilyhotels.it\/#website\",\"url\":\"https:\/\/www.italyfamilyhotels.it\/\",\"name\":\"Italy Family Hotels\",\"description\":\"\",\"potentialAction\":[{\"@type\":\"SearchAction\",\"target\":{\"@type\":\"EntryPoint\",\"urlTemplate\":\"https:\/\/www.italyfamilyhotels.it\/?s={search_term_string}\"},\"query-input\":{\"@type\":\"PropertyValueSpecification\",\"valueRequired\":true,\"valueName\":\"search_term_string\"}}],\"inLanguage\":\"de\"}]}<\/script>\n<!-- \/ Yoast SEO plugin. -->","yoast_head_json":{"title":"Hotel Hawaii, 3 Sterne, Villa Rosa di Martinsicuro","description":"Lust auf Urlaub mit Ihrer Familie? Entdecken Sie die Familienangebote im Hotel Hawaii in Villa Rosa di Martinsicuro","robots":{"index":"index","follow":"follow","max-snippet":"max-snippet:-1","max-image-preview":"max-image-preview:large","max-video-preview":"max-video-preview:-1"},"canonical":"https:\/\/www.italyfamilyhotels.it\/de\/family-hotels\/hotel-hawaii-villa-rosa-di-martinsicuro","og_locale":"de_DE","og_type":"article","og_title":"Hotel Hawaii, 3 Sterne, Villa Rosa di Martinsicuro","og_description":"Lust auf Urlaub mit Ihrer Familie? Entdecken Sie die Familienangebote im Hotel Hawaii in Villa Rosa di Martinsicuro","og_url":"https:\/\/www.italyfamilyhotels.it\/de\/family-hotels\/hotel-hawaii-villa-rosa-di-martinsicuro","og_site_name":"Italy Family Hotels","article_publisher":"https:\/\/www.facebook.com\/ItalyFamilyHotels\/","article_modified_time":"2025-10-14T09:12:20+00:00","twitter_card":"summary_large_image","twitter_misc":{"Gesch\u00e4tzte Lesezeit":"1\u00a0Minute"},"schema":{"@context":"https:\/\/schema.org","@graph":[{"@type":"WebPage","@id":"https:\/\/www.italyfamilyhotels.it\/de\/family-hotels\/hotel-hawaii-villa-rosa-di-martinsicuro","url":"https:\/\/www.italyfamilyhotels.it\/de\/family-hotels\/hotel-hawaii-villa-rosa-di-martinsicuro","name":"Hotel Hawaii, 3 Sterne, Villa Rosa di Martinsicuro","isPartOf":{"@id":"https:\/\/www.italyfamilyhotels.it\/#website"},"datePublished":"2022-03-14T11:36:54+00:00","dateModified":"2025-10-14T09:12:20+00:00","description":"Lust auf Urlaub mit Ihrer Familie? Entdecken Sie die Familienangebote im Hotel Hawaii in Villa Rosa di Martinsicuro","breadcrumb":{"@id":"https:\/\/www.italyfamilyhotels.it\/de\/family-hotels\/hotel-hawaii-villa-rosa-di-martinsicuro#breadcrumb"},"inLanguage":"de","potentialAction":[{"@type":"ReadAction","target":["https:\/\/www.italyfamilyhotels.it\/de\/family-hotels\/hotel-hawaii-villa-rosa-di-martinsicuro"]}]},{"@type":"BreadcrumbList","@id":"https:\/\/www.italyfamilyhotels.it\/de\/family-hotels\/hotel-hawaii-villa-rosa-di-martinsicuro#breadcrumb","itemListElement":[{"@type":"ListItem","position":1,"name":"Home","item":"https:\/\/www.italyfamilyhotels.it\/de"},{"@type":"ListItem","position":2,"name":"Family Hotels","item":"https:\/\/www.italyfamilyhotels.it\/de\/family-hotels"},{"@type":"ListItem","position":3,"name":"Hotel Hawaii"}]},{"@type":"WebSite","@id":"https:\/\/www.italyfamilyhotels.it\/#website","url":"https:\/\/www.italyfamilyhotels.it\/","name":"Italy Family Hotels","description":"","potentialAction":[{"@type":"SearchAction","target":{"@type":"EntryPoint","urlTemplate":"https:\/\/www.italyfamilyhotels.it\/?s={search_term_string}"},"query-input":{"@type":"PropertyValueSpecification","valueRequired":true,"valueName":"search_term_string"}}],"inLanguage":"de"}]}},"_links":{"self":[{"href":"https:\/\/www.italyfamilyhotels.it\/de\/wp-json\/wp\/v2\/pages\/4047","targetHints":{"allow":["GET"]}}],"collection":[{"href":"https:\/\/www.italyfamilyhotels.it\/de\/wp-json\/wp\/v2\/pages"}],"about":[{"href":"https:\/\/www.italyfamilyhotels.it\/de\/wp-json\/wp\/v2\/types\/page"}],"author":[{"embeddable":true,"href":"https:\/\/www.italyfamilyhotels.it\/de\/wp-json\/wp\/v2\/users\/68"}],"replies":[{"embeddable":true,"href":"https:\/\/www.italyfamilyhotels.it\/de\/wp-json\/wp\/v2\/comments?post=4047"}],"version-history":[{"count":8,"href":"https:\/\/www.italyfamilyhotels.it\/de\/wp-json\/wp\/v2\/pages\/4047\/revisions"}],"predecessor-version":[{"id":71638,"href":"https:\/\/www.italyfamilyhotels.it\/de\/wp-json\/wp\/v2\/pages\/4047\/revisions\/71638"}],"up":[{"embeddable":true,"href":"https:\/\/www.italyfamilyhotels.it\/de\/wp-json\/wp\/v2\/pages\/94"}],"wp:attachment":[{"href":"https:\/\/www.italyfamilyhotels.it\/de\/wp-json\/wp\/v2\/media?parent=4047"}],"curies":[{"name":"wp","href":"https:\/\/api.w.org\/{rel}","templated":true}]}}