{"id":4042,"date":"2022-03-14T12:36:54","date_gmt":"2022-03-14T11:36:54","guid":{"rendered":"https:\/\/www.italyfamilyhotels.it\/family-hotels\/hotel-belvedere"},"modified":"2022-07-07T10:32:52","modified_gmt":"2022-07-07T08:32:52","slug":"hotel-belvedere-riccione","status":"publish","type":"page","link":"https:\/\/www.italyfamilyhotels.it\/de\/family-hotels\/hotel-belvedere-riccione","title":{"rendered":"Hotel Belveere"},"content":{"rendered":"\n<p>Wir erwarten Euch in <b>Riccione<\/b>, im Herzen der<b> Romagnolischen Adriak\u00fcste. <\/b>Im Hotel Belvedere stehen <b>Stil und Eleganz<\/b> im Dienst von <b>Harmonie und Entspannung. <\/b>Unser <b>Privatstrand <\/b>direkt vor dem Hotel und das <b>gro\u00dfe Schwimmbad im Freien <\/b>gew\u00e4hren gro\u00dfen und kleinen G\u00e4sten<\/p>\n\n\n\n<p>ein Maximum an Bequemlichkeit und Spa\u00df. In den <b>kultiviert eingerichteten Zimmern<\/b> umf\u00e4ngt Euch eine<b> warme, gem\u00fctliche Atmosph\u00e4re<\/b>. Familien mit Kindern finden eine<b> umfassende<\/b> <b>Ausstattung<\/b>, wie <b>Kinderbettchen<\/b>, <b>Wickeltisch<\/b>, <b>Badew\u00e4nnchen<\/b> und <b>Flaschenw\u00e4rmer, <\/b>die<b> Euch den Aufenthalt echt bequem macht.<\/b> Ein weiteres Plus ist die au\u00dfergew\u00f6hnliche  <b>450 m\u00b2 gro\u00dfe Wellness-Zone <\/b>mit <b>Spa,<\/b> <b>Schwimmbad<\/b>, <b>Unterwassermassage, Biosauna<\/b>, <b>T\u00fcrkischem Bad,<\/b> <b>K\u00e4ltegrotte<\/b>, <b>Erlebnisdusche<\/b> und <b>Kneipp-Parcours<\/b>, in der intensive <b>Wohlf\u00fchlerlebnisse <\/b>auf Euch warten.<\/p>\n\n\n\n<p><b>Gaumenfreuden<\/b> sind ein weiterer Pfeiler des Urlaubsgl\u00fccks unserer G\u00e4ste. Von der <b>traditionellen Kochkunst der Romagna <\/b>bis zu <b>exklusiven kulinarischen Kreationen<\/b>, stets auf der Basis <b>frischer Zutaten bester Qualit\u00e4t<\/b>, bietet unsere K\u00fcche viel K\u00f6stliches. Ein <b>&quot;Chef der Breikost&quot;<\/b> sorgt f\u00fcr gute Babynahrung, und ein<b> Bereich des Speisesaals ist f\u00fcr Familien mit Kindern reserviert.<\/b><\/p>\n","protected":false},"excerpt":{"rendered":"<p>Wir erwarten Euch in Riccione, im Herzen der Romagnolischen Adriak\u00fcste. Im Hotel Belvedere stehen Stil und Eleganz im Dienst von Harmonie und Entspannung. Unser Privatstrand direkt vor dem Hotel und das gro\u00dfe Schwimmbad im Freien gew\u00e4hren gro\u00dfen und kleinen G\u00e4sten ein Maximum an Bequemlichkeit und Spa\u00df. In den kultiviert eingerichteten Zimmern umf\u00e4ngt Euch eine warme, &hellip;<\/p>\n","protected":false},"author":47,"featured_media":0,"parent":94,"menu_order":0,"comment_status":"closed","ping_status":"closed","template":"page-templates\/scheda_hotel.php","meta":{"_acf_changed":false,"inline_featured_image":false,"footnotes":""},"class_list":["post-4042","page","type-page","status-publish","hentry"],"acf":[],"yoast_head":"<!-- This site is optimized with the Yoast SEO plugin v27.1 - https:\/\/yoast.com\/product\/yoast-seo-wordpress\/ -->\n<title>4-Sterne-Hotel Belvedere, Riccione<\/title>\n<meta name=\"description\" content=\"Lust auf Urlaub mit Deiner Familie? Sieh Dir die Familien-Angebote des Hotel Belvedere in Riccione an!\" \/>\n<meta name=\"robots\" content=\"index, follow, max-snippet:-1, max-image-preview:large, max-video-preview:-1\" \/>\n<link rel=\"canonical\" href=\"https:\/\/www.italyfamilyhotels.it\/de\/family-hotels\/hotel-belvedere-riccione\" \/>\n<meta property=\"og:locale\" content=\"de_DE\" \/>\n<meta property=\"og:type\" content=\"article\" \/>\n<meta property=\"og:title\" content=\"4-Sterne-Hotel Belvedere, Riccione\" \/>\n<meta property=\"og:description\" content=\"Lust auf Urlaub mit Deiner Familie? Sieh Dir die Familien-Angebote des Hotel Belvedere in Riccione an!\" \/>\n<meta property=\"og:url\" content=\"https:\/\/www.italyfamilyhotels.it\/de\/family-hotels\/hotel-belvedere-riccione\" \/>\n<meta property=\"og:site_name\" content=\"Italy Family Hotels\" \/>\n<meta property=\"article:publisher\" content=\"https:\/\/www.facebook.com\/ItalyFamilyHotels\/\" \/>\n<meta property=\"article:modified_time\" content=\"2022-07-07T08:32:52+00:00\" \/>\n<meta name=\"twitter:card\" content=\"summary_large_image\" \/>\n<meta name=\"twitter:label1\" content=\"Gesch\u00e4tzte Lesezeit\" \/>\n\t<meta name=\"twitter:data1\" content=\"1\u00a0Minute\" \/>\n<script type=\"application\/ld+json\" class=\"yoast-schema-graph\">{\"@context\":\"https:\/\/schema.org\",\"@graph\":[{\"@type\":\"WebPage\",\"@id\":\"https:\/\/www.italyfamilyhotels.it\/de\/family-hotels\/hotel-belvedere-riccione\",\"url\":\"https:\/\/www.italyfamilyhotels.it\/de\/family-hotels\/hotel-belvedere-riccione\",\"name\":\"4-Sterne-Hotel Belvedere, Riccione\",\"isPartOf\":{\"@id\":\"https:\/\/www.italyfamilyhotels.it\/#website\"},\"datePublished\":\"2022-03-14T11:36:54+00:00\",\"dateModified\":\"2022-07-07T08:32:52+00:00\",\"description\":\"Lust auf Urlaub mit Deiner Familie? Sieh Dir die Familien-Angebote des Hotel Belvedere in Riccione an!\",\"breadcrumb\":{\"@id\":\"https:\/\/www.italyfamilyhotels.it\/de\/family-hotels\/hotel-belvedere-riccione#breadcrumb\"},\"inLanguage\":\"de\",\"potentialAction\":[{\"@type\":\"ReadAction\",\"target\":[\"https:\/\/www.italyfamilyhotels.it\/de\/family-hotels\/hotel-belvedere-riccione\"]}]},{\"@type\":\"BreadcrumbList\",\"@id\":\"https:\/\/www.italyfamilyhotels.it\/de\/family-hotels\/hotel-belvedere-riccione#breadcrumb\",\"itemListElement\":[{\"@type\":\"ListItem\",\"position\":1,\"name\":\"Home\",\"item\":\"https:\/\/www.italyfamilyhotels.it\/de\"},{\"@type\":\"ListItem\",\"position\":2,\"name\":\"Family Hotels\",\"item\":\"https:\/\/www.italyfamilyhotels.it\/de\/family-hotels\"},{\"@type\":\"ListItem\",\"position\":3,\"name\":\"Hotel Belveere\"}]},{\"@type\":\"WebSite\",\"@id\":\"https:\/\/www.italyfamilyhotels.it\/#website\",\"url\":\"https:\/\/www.italyfamilyhotels.it\/\",\"name\":\"Italy Family Hotels\",\"description\":\"\",\"potentialAction\":[{\"@type\":\"SearchAction\",\"target\":{\"@type\":\"EntryPoint\",\"urlTemplate\":\"https:\/\/www.italyfamilyhotels.it\/?s={search_term_string}\"},\"query-input\":{\"@type\":\"PropertyValueSpecification\",\"valueRequired\":true,\"valueName\":\"search_term_string\"}}],\"inLanguage\":\"de\"}]}<\/script>\n<!-- \/ Yoast SEO plugin. -->","yoast_head_json":{"title":"4-Sterne-Hotel Belvedere, Riccione","description":"Lust auf Urlaub mit Deiner Familie? Sieh Dir die Familien-Angebote des Hotel Belvedere in Riccione an!","robots":{"index":"index","follow":"follow","max-snippet":"max-snippet:-1","max-image-preview":"max-image-preview:large","max-video-preview":"max-video-preview:-1"},"canonical":"https:\/\/www.italyfamilyhotels.it\/de\/family-hotels\/hotel-belvedere-riccione","og_locale":"de_DE","og_type":"article","og_title":"4-Sterne-Hotel Belvedere, Riccione","og_description":"Lust auf Urlaub mit Deiner Familie? Sieh Dir die Familien-Angebote des Hotel Belvedere in Riccione an!","og_url":"https:\/\/www.italyfamilyhotels.it\/de\/family-hotels\/hotel-belvedere-riccione","og_site_name":"Italy Family Hotels","article_publisher":"https:\/\/www.facebook.com\/ItalyFamilyHotels\/","article_modified_time":"2022-07-07T08:32:52+00:00","twitter_card":"summary_large_image","twitter_misc":{"Gesch\u00e4tzte Lesezeit":"1\u00a0Minute"},"schema":{"@context":"https:\/\/schema.org","@graph":[{"@type":"WebPage","@id":"https:\/\/www.italyfamilyhotels.it\/de\/family-hotels\/hotel-belvedere-riccione","url":"https:\/\/www.italyfamilyhotels.it\/de\/family-hotels\/hotel-belvedere-riccione","name":"4-Sterne-Hotel Belvedere, Riccione","isPartOf":{"@id":"https:\/\/www.italyfamilyhotels.it\/#website"},"datePublished":"2022-03-14T11:36:54+00:00","dateModified":"2022-07-07T08:32:52+00:00","description":"Lust auf Urlaub mit Deiner Familie? Sieh Dir die Familien-Angebote des Hotel Belvedere in Riccione an!","breadcrumb":{"@id":"https:\/\/www.italyfamilyhotels.it\/de\/family-hotels\/hotel-belvedere-riccione#breadcrumb"},"inLanguage":"de","potentialAction":[{"@type":"ReadAction","target":["https:\/\/www.italyfamilyhotels.it\/de\/family-hotels\/hotel-belvedere-riccione"]}]},{"@type":"BreadcrumbList","@id":"https:\/\/www.italyfamilyhotels.it\/de\/family-hotels\/hotel-belvedere-riccione#breadcrumb","itemListElement":[{"@type":"ListItem","position":1,"name":"Home","item":"https:\/\/www.italyfamilyhotels.it\/de"},{"@type":"ListItem","position":2,"name":"Family Hotels","item":"https:\/\/www.italyfamilyhotels.it\/de\/family-hotels"},{"@type":"ListItem","position":3,"name":"Hotel Belveere"}]},{"@type":"WebSite","@id":"https:\/\/www.italyfamilyhotels.it\/#website","url":"https:\/\/www.italyfamilyhotels.it\/","name":"Italy Family Hotels","description":"","potentialAction":[{"@type":"SearchAction","target":{"@type":"EntryPoint","urlTemplate":"https:\/\/www.italyfamilyhotels.it\/?s={search_term_string}"},"query-input":{"@type":"PropertyValueSpecification","valueRequired":true,"valueName":"search_term_string"}}],"inLanguage":"de"}]}},"_links":{"self":[{"href":"https:\/\/www.italyfamilyhotels.it\/de\/wp-json\/wp\/v2\/pages\/4042","targetHints":{"allow":["GET"]}}],"collection":[{"href":"https:\/\/www.italyfamilyhotels.it\/de\/wp-json\/wp\/v2\/pages"}],"about":[{"href":"https:\/\/www.italyfamilyhotels.it\/de\/wp-json\/wp\/v2\/types\/page"}],"author":[{"embeddable":true,"href":"https:\/\/www.italyfamilyhotels.it\/de\/wp-json\/wp\/v2\/users\/47"}],"replies":[{"embeddable":true,"href":"https:\/\/www.italyfamilyhotels.it\/de\/wp-json\/wp\/v2\/comments?post=4042"}],"version-history":[{"count":4,"href":"https:\/\/www.italyfamilyhotels.it\/de\/wp-json\/wp\/v2\/pages\/4042\/revisions"}],"predecessor-version":[{"id":38553,"href":"https:\/\/www.italyfamilyhotels.it\/de\/wp-json\/wp\/v2\/pages\/4042\/revisions\/38553"}],"up":[{"embeddable":true,"href":"https:\/\/www.italyfamilyhotels.it\/de\/wp-json\/wp\/v2\/pages\/94"}],"wp:attachment":[{"href":"https:\/\/www.italyfamilyhotels.it\/de\/wp-json\/wp\/v2\/media?parent=4042"}],"curies":[{"name":"wp","href":"https:\/\/api.w.org\/{rel}","templated":true}]}}