{"id":3885,"date":"2022-02-15T09:35:58","date_gmt":"2022-02-15T08:35:58","guid":{"rendered":"https:\/\/www.italyfamilyhotels.it\/?page_id=3885"},"modified":"2022-05-02T15:52:30","modified_gmt":"2022-05-02T13:52:30","slug":"tarvisio","status":"publish","type":"page","link":"https:\/\/www.italyfamilyhotels.it\/de\/destinationen\/friauler-dolomiten\/tarvisio","title":{"rendered":"Tarvisio"},"content":{"rendered":"\n<p><b>Tarvisio<\/b> ist ein h\u00fcbscher Gebirgsort im <b>Valcanale-Tal <\/b>an der Grenze zu \u00d6sterreich und Slowenien; sonnige Sommer und schneereiche Winter machen es f\u00fcr kleine und gro\u00dfe Urlauber attraktiv.<\/p>\n\n\n\n<p><b>Im Sommer<\/b> ist Tarvisio idealer Ausgangspunkt f\u00fcr <b>leichte Wanderungen mit Kindern<\/b>, zum Beispiel an den sch\u00f6nen Seen <b>Laghi di Fusine<\/b>, auf dem &quot;Zwergenweg&quot; <b>Sentiero degli Gnomi<\/b> beim Sturzbach Bartolo, auf den Bergen <b>Monti Lussari <\/b>und auf dem <b>Sentiero Animalborghetto<\/b>, ein Themenweg zum Kennenlernen der einheimischen Tiere.<\/p>\n\n\n\n<p><b>Im Winter<\/b> verwandelt der Schnee Tarvisio in eine Traumwelt f\u00fcr Liebhaber winterlicher Natur und f\u00fcr angehende Sportler, die zusammen mit Mama und Papa erste Erfahrungen mit Skiern, Schneeschuhen und Schlitten machen. Es fehlt nicht an <b>Aufstiegsanlagen, winterlichen Vergn\u00fcgungsparks \u2013<\/b> der Snow Park in Tarvisio, Nevelandia in Sappada und Piancavallo, Fantasy Snow Park in Forni di Sopra \u2013 und einem spannenden <b>Bob auf Schienen<\/b><\/p>\n","protected":false},"excerpt":{"rendered":"<p>Tarvisio ist ein h\u00fcbscher Gebirgsort im Valcanale-Tal an der Grenze zu \u00d6sterreich und Slowenien; sonnige Sommer und schneereiche Winter machen es f\u00fcr kleine und gro\u00dfe Urlauber attraktiv. Im Sommer ist Tarvisio idealer Ausgangspunkt f\u00fcr leichte Wanderungen mit Kindern, zum Beispiel an den sch\u00f6nen Seen Laghi di Fusine, auf dem &quot;Zwergenweg&quot; Sentiero degli Gnomi beim Sturzbach &hellip;<\/p>\n","protected":false},"author":2,"featured_media":0,"parent":3862,"menu_order":0,"comment_status":"closed","ping_status":"closed","template":"page-templates\/scheda_localita.php","meta":{"_acf_changed":false,"inline_featured_image":false,"footnotes":""},"class_list":["post-3885","page","type-page","status-publish","hentry"],"acf":[],"yoast_head":"<!-- This site is optimized with the Yoast SEO plugin v27.1 - https:\/\/yoast.com\/product\/yoast-seo-wordpress\/ -->\n<title>Familienhotels in Tarvisio, Urlaub f\u00fcr Familien in Italien<\/title>\n<meta name=\"description\" content=\"Lust auf Familienurlaub? Wir haben die besten Hotel f\u00fcr Familien in Tarvisio, Italien\" \/>\n<meta name=\"robots\" content=\"index, follow, max-snippet:-1, max-image-preview:large, max-video-preview:-1\" \/>\n<link rel=\"canonical\" href=\"https:\/\/www.italyfamilyhotels.it\/de\/destinationen\/friauler-dolomiten\/tarvisio\" \/>\n<meta property=\"og:locale\" content=\"de_DE\" \/>\n<meta property=\"og:type\" content=\"article\" \/>\n<meta property=\"og:title\" content=\"Familienhotels in Tarvisio, Urlaub f\u00fcr Familien in Italien\" \/>\n<meta property=\"og:description\" content=\"Lust auf Familienurlaub? Wir haben die besten Hotel f\u00fcr Familien in Tarvisio, Italien\" \/>\n<meta property=\"og:url\" content=\"https:\/\/www.italyfamilyhotels.it\/de\/destinationen\/friauler-dolomiten\/tarvisio\" \/>\n<meta property=\"og:site_name\" content=\"Italy Family Hotels\" \/>\n<meta property=\"article:publisher\" content=\"https:\/\/www.facebook.com\/ItalyFamilyHotels\/\" \/>\n<meta property=\"article:modified_time\" content=\"2022-05-02T13:52:30+00:00\" \/>\n<meta name=\"twitter:card\" content=\"summary_large_image\" \/>\n<meta name=\"twitter:label1\" content=\"Gesch\u00e4tzte Lesezeit\" \/>\n\t<meta name=\"twitter:data1\" content=\"1\u00a0Minute\" \/>\n<script type=\"application\/ld+json\" class=\"yoast-schema-graph\">{\"@context\":\"https:\/\/schema.org\",\"@graph\":[{\"@type\":\"WebPage\",\"@id\":\"https:\/\/www.italyfamilyhotels.it\/de\/destinationen\/friauler-dolomiten\/tarvisio\",\"url\":\"https:\/\/www.italyfamilyhotels.it\/de\/destinationen\/friauler-dolomiten\/tarvisio\",\"name\":\"Familienhotels in Tarvisio, Urlaub f\u00fcr Familien in Italien\",\"isPartOf\":{\"@id\":\"https:\/\/www.italyfamilyhotels.it\/#website\"},\"datePublished\":\"2022-02-15T08:35:58+00:00\",\"dateModified\":\"2022-05-02T13:52:30+00:00\",\"description\":\"Lust auf Familienurlaub? Wir haben die besten Hotel f\u00fcr Familien in Tarvisio, Italien\",\"breadcrumb\":{\"@id\":\"https:\/\/www.italyfamilyhotels.it\/de\/destinationen\/friauler-dolomiten\/tarvisio#breadcrumb\"},\"inLanguage\":\"de\",\"potentialAction\":[{\"@type\":\"ReadAction\",\"target\":[\"https:\/\/www.italyfamilyhotels.it\/de\/destinationen\/friauler-dolomiten\/tarvisio\"]}]},{\"@type\":\"BreadcrumbList\",\"@id\":\"https:\/\/www.italyfamilyhotels.it\/de\/destinationen\/friauler-dolomiten\/tarvisio#breadcrumb\",\"itemListElement\":[{\"@type\":\"ListItem\",\"position\":1,\"name\":\"Home\",\"item\":\"https:\/\/www.italyfamilyhotels.it\/de\"},{\"@type\":\"ListItem\",\"position\":2,\"name\":\"Destinationen\",\"item\":\"https:\/\/www.italyfamilyhotels.it\/de\/destinationen\"},{\"@type\":\"ListItem\",\"position\":3,\"name\":\"Friauler Dolomiten\",\"item\":\"https:\/\/www.italyfamilyhotels.it\/de\/destinationen\/friauler-dolomiten\"},{\"@type\":\"ListItem\",\"position\":4,\"name\":\"Tarvisio\"}]},{\"@type\":\"WebSite\",\"@id\":\"https:\/\/www.italyfamilyhotels.it\/#website\",\"url\":\"https:\/\/www.italyfamilyhotels.it\/\",\"name\":\"Italy Family Hotels\",\"description\":\"\",\"potentialAction\":[{\"@type\":\"SearchAction\",\"target\":{\"@type\":\"EntryPoint\",\"urlTemplate\":\"https:\/\/www.italyfamilyhotels.it\/?s={search_term_string}\"},\"query-input\":{\"@type\":\"PropertyValueSpecification\",\"valueRequired\":true,\"valueName\":\"search_term_string\"}}],\"inLanguage\":\"de\"}]}<\/script>\n<!-- \/ Yoast SEO plugin. -->","yoast_head_json":{"title":"Familienhotels in Tarvisio, Urlaub f\u00fcr Familien in Italien","description":"Lust auf Familienurlaub? Wir haben die besten Hotel f\u00fcr Familien in Tarvisio, Italien","robots":{"index":"index","follow":"follow","max-snippet":"max-snippet:-1","max-image-preview":"max-image-preview:large","max-video-preview":"max-video-preview:-1"},"canonical":"https:\/\/www.italyfamilyhotels.it\/de\/destinationen\/friauler-dolomiten\/tarvisio","og_locale":"de_DE","og_type":"article","og_title":"Familienhotels in Tarvisio, Urlaub f\u00fcr Familien in Italien","og_description":"Lust auf Familienurlaub? Wir haben die besten Hotel f\u00fcr Familien in Tarvisio, Italien","og_url":"https:\/\/www.italyfamilyhotels.it\/de\/destinationen\/friauler-dolomiten\/tarvisio","og_site_name":"Italy Family Hotels","article_publisher":"https:\/\/www.facebook.com\/ItalyFamilyHotels\/","article_modified_time":"2022-05-02T13:52:30+00:00","twitter_card":"summary_large_image","twitter_misc":{"Gesch\u00e4tzte Lesezeit":"1\u00a0Minute"},"schema":{"@context":"https:\/\/schema.org","@graph":[{"@type":"WebPage","@id":"https:\/\/www.italyfamilyhotels.it\/de\/destinationen\/friauler-dolomiten\/tarvisio","url":"https:\/\/www.italyfamilyhotels.it\/de\/destinationen\/friauler-dolomiten\/tarvisio","name":"Familienhotels in Tarvisio, Urlaub f\u00fcr Familien in Italien","isPartOf":{"@id":"https:\/\/www.italyfamilyhotels.it\/#website"},"datePublished":"2022-02-15T08:35:58+00:00","dateModified":"2022-05-02T13:52:30+00:00","description":"Lust auf Familienurlaub? Wir haben die besten Hotel f\u00fcr Familien in Tarvisio, Italien","breadcrumb":{"@id":"https:\/\/www.italyfamilyhotels.it\/de\/destinationen\/friauler-dolomiten\/tarvisio#breadcrumb"},"inLanguage":"de","potentialAction":[{"@type":"ReadAction","target":["https:\/\/www.italyfamilyhotels.it\/de\/destinationen\/friauler-dolomiten\/tarvisio"]}]},{"@type":"BreadcrumbList","@id":"https:\/\/www.italyfamilyhotels.it\/de\/destinationen\/friauler-dolomiten\/tarvisio#breadcrumb","itemListElement":[{"@type":"ListItem","position":1,"name":"Home","item":"https:\/\/www.italyfamilyhotels.it\/de"},{"@type":"ListItem","position":2,"name":"Destinationen","item":"https:\/\/www.italyfamilyhotels.it\/de\/destinationen"},{"@type":"ListItem","position":3,"name":"Friauler Dolomiten","item":"https:\/\/www.italyfamilyhotels.it\/de\/destinationen\/friauler-dolomiten"},{"@type":"ListItem","position":4,"name":"Tarvisio"}]},{"@type":"WebSite","@id":"https:\/\/www.italyfamilyhotels.it\/#website","url":"https:\/\/www.italyfamilyhotels.it\/","name":"Italy Family Hotels","description":"","potentialAction":[{"@type":"SearchAction","target":{"@type":"EntryPoint","urlTemplate":"https:\/\/www.italyfamilyhotels.it\/?s={search_term_string}"},"query-input":{"@type":"PropertyValueSpecification","valueRequired":true,"valueName":"search_term_string"}}],"inLanguage":"de"}]}},"_links":{"self":[{"href":"https:\/\/www.italyfamilyhotels.it\/de\/wp-json\/wp\/v2\/pages\/3885","targetHints":{"allow":["GET"]}}],"collection":[{"href":"https:\/\/www.italyfamilyhotels.it\/de\/wp-json\/wp\/v2\/pages"}],"about":[{"href":"https:\/\/www.italyfamilyhotels.it\/de\/wp-json\/wp\/v2\/types\/page"}],"author":[{"embeddable":true,"href":"https:\/\/www.italyfamilyhotels.it\/de\/wp-json\/wp\/v2\/users\/2"}],"replies":[{"embeddable":true,"href":"https:\/\/www.italyfamilyhotels.it\/de\/wp-json\/wp\/v2\/comments?post=3885"}],"version-history":[{"count":4,"href":"https:\/\/www.italyfamilyhotels.it\/de\/wp-json\/wp\/v2\/pages\/3885\/revisions"}],"predecessor-version":[{"id":26886,"href":"https:\/\/www.italyfamilyhotels.it\/de\/wp-json\/wp\/v2\/pages\/3885\/revisions\/26886"}],"up":[{"embeddable":true,"href":"https:\/\/www.italyfamilyhotels.it\/de\/wp-json\/wp\/v2\/pages\/3862"}],"wp:attachment":[{"href":"https:\/\/www.italyfamilyhotels.it\/de\/wp-json\/wp\/v2\/media?parent=3885"}],"curies":[{"name":"wp","href":"https:\/\/api.w.org\/{rel}","templated":true}]}}