{"id":3862,"date":"2022-02-15T09:12:10","date_gmt":"2022-02-15T08:12:10","guid":{"rendered":"https:\/\/www.italyfamilyhotels.it\/?page_id=3862"},"modified":"2023-02-03T11:10:18","modified_gmt":"2023-02-03T10:10:18","slug":"friauler-dolomiten","status":"publish","type":"page","link":"https:\/\/www.italyfamilyhotels.it\/de\/destinationen\/friauler-dolomiten","title":{"rendered":"Friauler Dolomiten"},"content":{"rendered":"\n<p>Die <strong>Friauler Dolomiten<\/strong> sind eine Mischung aus Stilen und Kulturen, mit einer starken multiethnischen und mitteleurop\u00e4ischen Seele. Familien <strong>mit Kindern<\/strong> finden hier ein <strong>familienfreundliches Gebiet<\/strong> vor, in dem jede Jahreszeit die M\u00f6glichkeit bietet, gemeinsame Erlebnisse und Aktivit\u00e4ten im Freien zu erleben! <strong>Auch f\u00fcr Kinder geeignete Ausfl\u00fcge<\/strong>, z.B. in die <strong>Wildnisgebiete <\/strong>von Cimolais und Forni di Sopra; die aufregende <strong>Besichtigung der Vajont-Staumauer<\/strong> und der Schlucht entlang der <strong>alten Valcellina-Stra\u00dfe<\/strong> am Barcis-See; eine einzigartige Erfahrung auf der Suche nach <strong>Dinosaurier-Fu\u00dfabdr\u00fccken<\/strong> in Casera Casavento. Und dann gibt es noch den <strong>Snow Park<\/strong>, die Skischulen, M\u00f6glichkeit zum <strong>Schneeschuhwandern<\/strong> auf auch f\u00fcr die Kleinsten idealen Wegen oder das Abenteuer des <strong>Bobfahrens auf Schienen<\/strong>. Die <strong>Friauler Dolomiten<\/strong> beherbergen auch eine <strong>tausendj\u00e4hrige Kultur<\/strong>, mit Burgen, alten Prachtbauten, Denkm\u00e4lern, historischen St\u00e4tten, Kunstgalerien, Museen und kleinen D\u00f6rfern, die die die Kr\u00f6nung eines Urlaubs sind, der die W\u00fcnsche einer jeden Familie erf\u00fcllen kann.<\/p>\n","protected":false},"excerpt":{"rendered":"<p>Die Friauler Dolomiten sind eine Mischung aus Stilen und Kulturen, mit einer starken multiethnischen und mitteleurop\u00e4ischen Seele. Familien mit Kindern finden hier ein familienfreundliches Gebiet vor, in dem jede Jahreszeit die M\u00f6glichkeit bietet, gemeinsame Erlebnisse und Aktivit\u00e4ten im Freien zu erleben! Auch f\u00fcr Kinder geeignete Ausfl\u00fcge, z.B. in die Wildnisgebiete von Cimolais und Forni di &hellip;<\/p>\n","protected":false},"author":2,"featured_media":0,"parent":890,"menu_order":0,"comment_status":"closed","ping_status":"closed","template":"page-templates\/scheda_destinazione.php","meta":{"_acf_changed":false,"inline_featured_image":false,"footnotes":""},"class_list":["post-3862","page","type-page","status-publish","hentry"],"acf":[],"yoast_head":"<!-- This site is optimized with the Yoast SEO plugin v27.1 - https:\/\/yoast.com\/product\/yoast-seo-wordpress\/ -->\n<title>Family Hotels in den Friauler Dolomiten: Die besten Family Hotels in den Friauler Dolomiten<\/title>\n<meta name=\"description\" content=\"Lust auf einen Urlaub mit Ihrer Familie? Wir haben die besten Family Hotels in den Friauler Dolomiten ausgew\u00e4hlt\" \/>\n<meta name=\"robots\" content=\"index, follow, max-snippet:-1, max-image-preview:large, max-video-preview:-1\" \/>\n<link rel=\"canonical\" href=\"https:\/\/www.italyfamilyhotels.it\/de\/destinationen\/friauler-dolomiten\" \/>\n<meta property=\"og:locale\" content=\"de_DE\" \/>\n<meta property=\"og:type\" content=\"article\" \/>\n<meta property=\"og:title\" content=\"Family Hotels in den Friauler Dolomiten: Die besten Family Hotels in den Friauler Dolomiten\" \/>\n<meta property=\"og:description\" content=\"Lust auf einen Urlaub mit Ihrer Familie? Wir haben die besten Family Hotels in den Friauler Dolomiten ausgew\u00e4hlt\" \/>\n<meta property=\"og:url\" content=\"https:\/\/www.italyfamilyhotels.it\/de\/destinationen\/friauler-dolomiten\" \/>\n<meta property=\"og:site_name\" content=\"Italy Family Hotels\" \/>\n<meta property=\"article:publisher\" content=\"https:\/\/www.facebook.com\/ItalyFamilyHotels\/\" \/>\n<meta property=\"article:modified_time\" content=\"2023-02-03T10:10:18+00:00\" \/>\n<meta name=\"twitter:card\" content=\"summary_large_image\" \/>\n<meta name=\"twitter:label1\" content=\"Gesch\u00e4tzte Lesezeit\" \/>\n\t<meta name=\"twitter:data1\" content=\"1\u00a0Minute\" \/>\n<script type=\"application\/ld+json\" class=\"yoast-schema-graph\">{\"@context\":\"https:\/\/schema.org\",\"@graph\":[{\"@type\":\"WebPage\",\"@id\":\"https:\/\/www.italyfamilyhotels.it\/de\/destinationen\/friauler-dolomiten\",\"url\":\"https:\/\/www.italyfamilyhotels.it\/de\/destinationen\/friauler-dolomiten\",\"name\":\"Family Hotels in den Friauler Dolomiten: Die besten Family Hotels in den Friauler Dolomiten\",\"isPartOf\":{\"@id\":\"https:\/\/www.italyfamilyhotels.it\/#website\"},\"datePublished\":\"2022-02-15T08:12:10+00:00\",\"dateModified\":\"2023-02-03T10:10:18+00:00\",\"description\":\"Lust auf einen Urlaub mit Ihrer Familie? Wir haben die besten Family Hotels in den Friauler Dolomiten ausgew\u00e4hlt\",\"breadcrumb\":{\"@id\":\"https:\/\/www.italyfamilyhotels.it\/de\/destinationen\/friauler-dolomiten#breadcrumb\"},\"inLanguage\":\"de\",\"potentialAction\":[{\"@type\":\"ReadAction\",\"target\":[\"https:\/\/www.italyfamilyhotels.it\/de\/destinationen\/friauler-dolomiten\"]}]},{\"@type\":\"BreadcrumbList\",\"@id\":\"https:\/\/www.italyfamilyhotels.it\/de\/destinationen\/friauler-dolomiten#breadcrumb\",\"itemListElement\":[{\"@type\":\"ListItem\",\"position\":1,\"name\":\"Home\",\"item\":\"https:\/\/www.italyfamilyhotels.it\/de\"},{\"@type\":\"ListItem\",\"position\":2,\"name\":\"Destinationen\",\"item\":\"https:\/\/www.italyfamilyhotels.it\/de\/destinationen\"},{\"@type\":\"ListItem\",\"position\":3,\"name\":\"Friauler Dolomiten\"}]},{\"@type\":\"WebSite\",\"@id\":\"https:\/\/www.italyfamilyhotels.it\/#website\",\"url\":\"https:\/\/www.italyfamilyhotels.it\/\",\"name\":\"Italy Family Hotels\",\"description\":\"\",\"potentialAction\":[{\"@type\":\"SearchAction\",\"target\":{\"@type\":\"EntryPoint\",\"urlTemplate\":\"https:\/\/www.italyfamilyhotels.it\/?s={search_term_string}\"},\"query-input\":{\"@type\":\"PropertyValueSpecification\",\"valueRequired\":true,\"valueName\":\"search_term_string\"}}],\"inLanguage\":\"de\"}]}<\/script>\n<!-- \/ Yoast SEO plugin. -->","yoast_head_json":{"title":"Family Hotels in den Friauler Dolomiten: Die besten Family Hotels in den Friauler Dolomiten","description":"Lust auf einen Urlaub mit Ihrer Familie? Wir haben die besten Family Hotels in den Friauler Dolomiten ausgew\u00e4hlt","robots":{"index":"index","follow":"follow","max-snippet":"max-snippet:-1","max-image-preview":"max-image-preview:large","max-video-preview":"max-video-preview:-1"},"canonical":"https:\/\/www.italyfamilyhotels.it\/de\/destinationen\/friauler-dolomiten","og_locale":"de_DE","og_type":"article","og_title":"Family Hotels in den Friauler Dolomiten: Die besten Family Hotels in den Friauler Dolomiten","og_description":"Lust auf einen Urlaub mit Ihrer Familie? Wir haben die besten Family Hotels in den Friauler Dolomiten ausgew\u00e4hlt","og_url":"https:\/\/www.italyfamilyhotels.it\/de\/destinationen\/friauler-dolomiten","og_site_name":"Italy Family Hotels","article_publisher":"https:\/\/www.facebook.com\/ItalyFamilyHotels\/","article_modified_time":"2023-02-03T10:10:18+00:00","twitter_card":"summary_large_image","twitter_misc":{"Gesch\u00e4tzte Lesezeit":"1\u00a0Minute"},"schema":{"@context":"https:\/\/schema.org","@graph":[{"@type":"WebPage","@id":"https:\/\/www.italyfamilyhotels.it\/de\/destinationen\/friauler-dolomiten","url":"https:\/\/www.italyfamilyhotels.it\/de\/destinationen\/friauler-dolomiten","name":"Family Hotels in den Friauler Dolomiten: Die besten Family Hotels in den Friauler Dolomiten","isPartOf":{"@id":"https:\/\/www.italyfamilyhotels.it\/#website"},"datePublished":"2022-02-15T08:12:10+00:00","dateModified":"2023-02-03T10:10:18+00:00","description":"Lust auf einen Urlaub mit Ihrer Familie? Wir haben die besten Family Hotels in den Friauler Dolomiten ausgew\u00e4hlt","breadcrumb":{"@id":"https:\/\/www.italyfamilyhotels.it\/de\/destinationen\/friauler-dolomiten#breadcrumb"},"inLanguage":"de","potentialAction":[{"@type":"ReadAction","target":["https:\/\/www.italyfamilyhotels.it\/de\/destinationen\/friauler-dolomiten"]}]},{"@type":"BreadcrumbList","@id":"https:\/\/www.italyfamilyhotels.it\/de\/destinationen\/friauler-dolomiten#breadcrumb","itemListElement":[{"@type":"ListItem","position":1,"name":"Home","item":"https:\/\/www.italyfamilyhotels.it\/de"},{"@type":"ListItem","position":2,"name":"Destinationen","item":"https:\/\/www.italyfamilyhotels.it\/de\/destinationen"},{"@type":"ListItem","position":3,"name":"Friauler Dolomiten"}]},{"@type":"WebSite","@id":"https:\/\/www.italyfamilyhotels.it\/#website","url":"https:\/\/www.italyfamilyhotels.it\/","name":"Italy Family Hotels","description":"","potentialAction":[{"@type":"SearchAction","target":{"@type":"EntryPoint","urlTemplate":"https:\/\/www.italyfamilyhotels.it\/?s={search_term_string}"},"query-input":{"@type":"PropertyValueSpecification","valueRequired":true,"valueName":"search_term_string"}}],"inLanguage":"de"}]}},"_links":{"self":[{"href":"https:\/\/www.italyfamilyhotels.it\/de\/wp-json\/wp\/v2\/pages\/3862","targetHints":{"allow":["GET"]}}],"collection":[{"href":"https:\/\/www.italyfamilyhotels.it\/de\/wp-json\/wp\/v2\/pages"}],"about":[{"href":"https:\/\/www.italyfamilyhotels.it\/de\/wp-json\/wp\/v2\/types\/page"}],"author":[{"embeddable":true,"href":"https:\/\/www.italyfamilyhotels.it\/de\/wp-json\/wp\/v2\/users\/2"}],"replies":[{"embeddable":true,"href":"https:\/\/www.italyfamilyhotels.it\/de\/wp-json\/wp\/v2\/comments?post=3862"}],"version-history":[{"count":7,"href":"https:\/\/www.italyfamilyhotels.it\/de\/wp-json\/wp\/v2\/pages\/3862\/revisions"}],"predecessor-version":[{"id":45248,"href":"https:\/\/www.italyfamilyhotels.it\/de\/wp-json\/wp\/v2\/pages\/3862\/revisions\/45248"}],"up":[{"embeddable":true,"href":"https:\/\/www.italyfamilyhotels.it\/de\/wp-json\/wp\/v2\/pages\/890"}],"wp:attachment":[{"href":"https:\/\/www.italyfamilyhotels.it\/de\/wp-json\/wp\/v2\/media?parent=3862"}],"curies":[{"name":"wp","href":"https:\/\/api.w.org\/{rel}","templated":true}]}}