{"id":3816,"date":"2021-12-17T15:23:30","date_gmt":"2021-12-17T14:23:30","guid":{"rendered":"https:\/\/www.italyfamilyhotels.it\/?page_id=3816"},"modified":"2022-05-02T15:52:29","modified_gmt":"2022-05-02T13:52:29","slug":"tortoreto-lido","status":"publish","type":"page","link":"https:\/\/www.italyfamilyhotels.it\/de\/destinationen\/abruzzo-meer\/tortoreto-lido","title":{"rendered":"Tortoreto Lido"},"content":{"rendered":"\n<p>Der <b>4 km lange Strand<\/b> von <b>Tortoreto Lido<\/b>, an der Adriak\u00fcste in der Region Abruzzen, ist die B\u00fchne f\u00fcr <b>sommerliches Vergn\u00fcgen und Entspannung. <\/b>Frei zug\u00e4ngliche Abschnitte wechseln ab mit<b> Strandb\u00e4dern<\/b>, die alle Annehmlichkeiten bieten, darunter umfangreiche<b> Animationsprogramme f\u00fcr Kinder.<\/b> Auch der weiche Sand, das sehr saubere Wasser und das nur ganz allm\u00e4hlich tiefer werdende Meer sind <b>f\u00fcr die kleinen Badeg\u00e4ste ideal.<\/b> L\u00e4ngs der lebendigen<b> Strandpromenade<\/b> gibt es Spielpl\u00e4tze unter Palmen, einen <b>Radweg<\/b>, Rastpl\u00e4tze und nat\u00fcrlich viele Lokale.<\/p>\n","protected":false},"excerpt":{"rendered":"<p>Der 4 km lange Strand von Tortoreto Lido, an der Adriak\u00fcste in der Region Abruzzen, ist die B\u00fchne f\u00fcr sommerliches Vergn\u00fcgen und Entspannung. Frei zug\u00e4ngliche Abschnitte wechseln ab mit Strandb\u00e4dern, die alle Annehmlichkeiten bieten, darunter umfangreiche Animationsprogramme f\u00fcr Kinder. Auch der weiche Sand, das sehr saubere Wasser und das nur ganz allm\u00e4hlich tiefer werdende Meer &hellip;<\/p>\n","protected":false},"author":2,"featured_media":0,"parent":1103,"menu_order":0,"comment_status":"closed","ping_status":"closed","template":"page-templates\/scheda_localita.php","meta":{"_acf_changed":false,"inline_featured_image":false,"footnotes":""},"class_list":["post-3816","page","type-page","status-publish","hentry"],"acf":[],"yoast_head":"<!-- This site is optimized with the Yoast SEO plugin v27.1 - https:\/\/yoast.com\/product\/yoast-seo-wordpress\/ -->\n<title>Familienhotels in Tortoreto Lido, Urlaub f\u00fcr Familien in Italien<\/title>\n<meta name=\"description\" content=\"Lust auf Familienurlaub? Wir haben die besten Hotel f\u00fcr Familien in Tortoreto Lido, Italien\" \/>\n<meta name=\"robots\" content=\"index, follow, max-snippet:-1, max-image-preview:large, max-video-preview:-1\" \/>\n<link rel=\"canonical\" href=\"https:\/\/www.italyfamilyhotels.it\/de\/destinationen\/abruzzo-meer\/tortoreto-lido\" \/>\n<meta property=\"og:locale\" content=\"de_DE\" \/>\n<meta property=\"og:type\" content=\"article\" \/>\n<meta property=\"og:title\" content=\"Familienhotels in Tortoreto Lido, Urlaub f\u00fcr Familien in Italien\" \/>\n<meta property=\"og:description\" content=\"Lust auf Familienurlaub? Wir haben die besten Hotel f\u00fcr Familien in Tortoreto Lido, Italien\" \/>\n<meta property=\"og:url\" content=\"https:\/\/www.italyfamilyhotels.it\/de\/destinationen\/abruzzo-meer\/tortoreto-lido\" \/>\n<meta property=\"og:site_name\" content=\"Italy Family Hotels\" \/>\n<meta property=\"article:publisher\" content=\"https:\/\/www.facebook.com\/ItalyFamilyHotels\/\" \/>\n<meta property=\"article:modified_time\" content=\"2022-05-02T13:52:29+00:00\" \/>\n<meta name=\"twitter:card\" content=\"summary_large_image\" \/>\n<meta name=\"twitter:label1\" content=\"Gesch\u00e4tzte Lesezeit\" \/>\n\t<meta name=\"twitter:data1\" content=\"1\u00a0Minute\" \/>\n<script type=\"application\/ld+json\" class=\"yoast-schema-graph\">{\"@context\":\"https:\/\/schema.org\",\"@graph\":[{\"@type\":\"WebPage\",\"@id\":\"https:\/\/www.italyfamilyhotels.it\/de\/destinationen\/abruzzo-meer\/tortoreto-lido\",\"url\":\"https:\/\/www.italyfamilyhotels.it\/de\/destinationen\/abruzzo-meer\/tortoreto-lido\",\"name\":\"Familienhotels in Tortoreto Lido, Urlaub f\u00fcr Familien in Italien\",\"isPartOf\":{\"@id\":\"https:\/\/www.italyfamilyhotels.it\/#website\"},\"datePublished\":\"2021-12-17T14:23:30+00:00\",\"dateModified\":\"2022-05-02T13:52:29+00:00\",\"description\":\"Lust auf Familienurlaub? Wir haben die besten Hotel f\u00fcr Familien in Tortoreto Lido, Italien\",\"breadcrumb\":{\"@id\":\"https:\/\/www.italyfamilyhotels.it\/de\/destinationen\/abruzzo-meer\/tortoreto-lido#breadcrumb\"},\"inLanguage\":\"de\",\"potentialAction\":[{\"@type\":\"ReadAction\",\"target\":[\"https:\/\/www.italyfamilyhotels.it\/de\/destinationen\/abruzzo-meer\/tortoreto-lido\"]}]},{\"@type\":\"BreadcrumbList\",\"@id\":\"https:\/\/www.italyfamilyhotels.it\/de\/destinationen\/abruzzo-meer\/tortoreto-lido#breadcrumb\",\"itemListElement\":[{\"@type\":\"ListItem\",\"position\":1,\"name\":\"Home\",\"item\":\"https:\/\/www.italyfamilyhotels.it\/de\"},{\"@type\":\"ListItem\",\"position\":2,\"name\":\"Destinationen\",\"item\":\"https:\/\/www.italyfamilyhotels.it\/de\/destinationen\"},{\"@type\":\"ListItem\",\"position\":3,\"name\":\"Abruzzen\",\"item\":\"https:\/\/www.italyfamilyhotels.it\/de\/destinationen\/abruzzo-meer\"},{\"@type\":\"ListItem\",\"position\":4,\"name\":\"Tortoreto Lido\"}]},{\"@type\":\"WebSite\",\"@id\":\"https:\/\/www.italyfamilyhotels.it\/#website\",\"url\":\"https:\/\/www.italyfamilyhotels.it\/\",\"name\":\"Italy Family Hotels\",\"description\":\"\",\"potentialAction\":[{\"@type\":\"SearchAction\",\"target\":{\"@type\":\"EntryPoint\",\"urlTemplate\":\"https:\/\/www.italyfamilyhotels.it\/?s={search_term_string}\"},\"query-input\":{\"@type\":\"PropertyValueSpecification\",\"valueRequired\":true,\"valueName\":\"search_term_string\"}}],\"inLanguage\":\"de\"}]}<\/script>\n<!-- \/ Yoast SEO plugin. -->","yoast_head_json":{"title":"Familienhotels in Tortoreto Lido, Urlaub f\u00fcr Familien in Italien","description":"Lust auf Familienurlaub? Wir haben die besten Hotel f\u00fcr Familien in Tortoreto Lido, Italien","robots":{"index":"index","follow":"follow","max-snippet":"max-snippet:-1","max-image-preview":"max-image-preview:large","max-video-preview":"max-video-preview:-1"},"canonical":"https:\/\/www.italyfamilyhotels.it\/de\/destinationen\/abruzzo-meer\/tortoreto-lido","og_locale":"de_DE","og_type":"article","og_title":"Familienhotels in Tortoreto Lido, Urlaub f\u00fcr Familien in Italien","og_description":"Lust auf Familienurlaub? Wir haben die besten Hotel f\u00fcr Familien in Tortoreto Lido, Italien","og_url":"https:\/\/www.italyfamilyhotels.it\/de\/destinationen\/abruzzo-meer\/tortoreto-lido","og_site_name":"Italy Family Hotels","article_publisher":"https:\/\/www.facebook.com\/ItalyFamilyHotels\/","article_modified_time":"2022-05-02T13:52:29+00:00","twitter_card":"summary_large_image","twitter_misc":{"Gesch\u00e4tzte Lesezeit":"1\u00a0Minute"},"schema":{"@context":"https:\/\/schema.org","@graph":[{"@type":"WebPage","@id":"https:\/\/www.italyfamilyhotels.it\/de\/destinationen\/abruzzo-meer\/tortoreto-lido","url":"https:\/\/www.italyfamilyhotels.it\/de\/destinationen\/abruzzo-meer\/tortoreto-lido","name":"Familienhotels in Tortoreto Lido, Urlaub f\u00fcr Familien in Italien","isPartOf":{"@id":"https:\/\/www.italyfamilyhotels.it\/#website"},"datePublished":"2021-12-17T14:23:30+00:00","dateModified":"2022-05-02T13:52:29+00:00","description":"Lust auf Familienurlaub? Wir haben die besten Hotel f\u00fcr Familien in Tortoreto Lido, Italien","breadcrumb":{"@id":"https:\/\/www.italyfamilyhotels.it\/de\/destinationen\/abruzzo-meer\/tortoreto-lido#breadcrumb"},"inLanguage":"de","potentialAction":[{"@type":"ReadAction","target":["https:\/\/www.italyfamilyhotels.it\/de\/destinationen\/abruzzo-meer\/tortoreto-lido"]}]},{"@type":"BreadcrumbList","@id":"https:\/\/www.italyfamilyhotels.it\/de\/destinationen\/abruzzo-meer\/tortoreto-lido#breadcrumb","itemListElement":[{"@type":"ListItem","position":1,"name":"Home","item":"https:\/\/www.italyfamilyhotels.it\/de"},{"@type":"ListItem","position":2,"name":"Destinationen","item":"https:\/\/www.italyfamilyhotels.it\/de\/destinationen"},{"@type":"ListItem","position":3,"name":"Abruzzen","item":"https:\/\/www.italyfamilyhotels.it\/de\/destinationen\/abruzzo-meer"},{"@type":"ListItem","position":4,"name":"Tortoreto Lido"}]},{"@type":"WebSite","@id":"https:\/\/www.italyfamilyhotels.it\/#website","url":"https:\/\/www.italyfamilyhotels.it\/","name":"Italy Family Hotels","description":"","potentialAction":[{"@type":"SearchAction","target":{"@type":"EntryPoint","urlTemplate":"https:\/\/www.italyfamilyhotels.it\/?s={search_term_string}"},"query-input":{"@type":"PropertyValueSpecification","valueRequired":true,"valueName":"search_term_string"}}],"inLanguage":"de"}]}},"_links":{"self":[{"href":"https:\/\/www.italyfamilyhotels.it\/de\/wp-json\/wp\/v2\/pages\/3816","targetHints":{"allow":["GET"]}}],"collection":[{"href":"https:\/\/www.italyfamilyhotels.it\/de\/wp-json\/wp\/v2\/pages"}],"about":[{"href":"https:\/\/www.italyfamilyhotels.it\/de\/wp-json\/wp\/v2\/types\/page"}],"author":[{"embeddable":true,"href":"https:\/\/www.italyfamilyhotels.it\/de\/wp-json\/wp\/v2\/users\/2"}],"replies":[{"embeddable":true,"href":"https:\/\/www.italyfamilyhotels.it\/de\/wp-json\/wp\/v2\/comments?post=3816"}],"version-history":[{"count":4,"href":"https:\/\/www.italyfamilyhotels.it\/de\/wp-json\/wp\/v2\/pages\/3816\/revisions"}],"predecessor-version":[{"id":26884,"href":"https:\/\/www.italyfamilyhotels.it\/de\/wp-json\/wp\/v2\/pages\/3816\/revisions\/26884"}],"up":[{"embeddable":true,"href":"https:\/\/www.italyfamilyhotels.it\/de\/wp-json\/wp\/v2\/pages\/1103"}],"wp:attachment":[{"href":"https:\/\/www.italyfamilyhotels.it\/de\/wp-json\/wp\/v2\/media?parent=3816"}],"curies":[{"name":"wp","href":"https:\/\/api.w.org\/{rel}","templated":true}]}}