{"id":3761,"date":"2021-12-03T09:49:01","date_gmt":"2021-12-03T08:49:01","guid":{"rendered":"https:\/\/www.italyfamilyhotels.it\/?page_id=3761"},"modified":"2022-05-02T16:15:46","modified_gmt":"2022-05-02T14:15:46","slug":"pellizzano","status":"publish","type":"page","link":"https:\/\/www.italyfamilyhotels.it\/de\/destinationen\/trentino-sudtirol\/pellizzano","title":{"rendered":"Pellizzano"},"content":{"rendered":"\n<p>Eine kleine anheimelnde <b>Ortschaft im Val di Sole<\/b>, nordwestlich von Trient, wo Ihr einen <b>erholsamen Urlaub in der Natur<\/b> verbringen k\u00f6nnt. Hier sind alte Traditionen noch lebendig, und die Ausgeglichenheit des l\u00e4ndlichen Lebens \u00fcbertr\u00e4gt sich auf Erwachsene und Kinder. <b>Es ist alles da, <\/b>gleich nebenan oder m\u00fchelos ereichbar: Gesch\u00e4fte, Gastst\u00e4tten, <b>Langlauf-Loipen<\/b>, Routen f\u00fcr alpine<b> Skitouren, <\/b>ebene <b>Radwege<\/b>,<b> Wanderwege,<\/b> die auch mit Kindern Freude machen. Im Winter bringt Euch ein <b>kostenloser Skibus<\/b> in wenigen Minuten zu den Anlagen von Marilleva, in der <b>SkiArea Campiglio-Dolomiti di Brenta<\/b>. Nicht weit weg sind auch die <b>Wintersportzentren <\/b>von <b>Pejo <\/b>und <b>Passo del Tonale<\/b>.<\/p>\n","protected":false},"excerpt":{"rendered":"<p>Eine kleine anheimelnde Ortschaft im Val di Sole, nordwestlich von Trient, wo Ihr einen erholsamen Urlaub in der Natur verbringen k\u00f6nnt. Hier sind alte Traditionen noch lebendig, und die Ausgeglichenheit des l\u00e4ndlichen Lebens \u00fcbertr\u00e4gt sich auf Erwachsene und Kinder. Es ist alles da, gleich nebenan oder m\u00fchelos ereichbar: Gesch\u00e4fte, Gastst\u00e4tten, Langlauf-Loipen, Routen f\u00fcr alpine Skitouren, &hellip;<\/p>\n","protected":false},"author":2,"featured_media":0,"parent":1426,"menu_order":0,"comment_status":"closed","ping_status":"closed","template":"page-templates\/scheda_localita.php","meta":{"_acf_changed":false,"inline_featured_image":false,"footnotes":""},"class_list":["post-3761","page","type-page","status-publish","hentry"],"acf":[],"yoast_head":"<!-- This site is optimized with the Yoast SEO plugin v27.1 - https:\/\/yoast.com\/product\/yoast-seo-wordpress\/ -->\n<title>Familienhotels in Pellizzano, Urlaub f\u00fcr Familien in Italien<\/title>\n<meta name=\"description\" content=\"Lust auf Familienurlaub? Wir haben die besten Hotel f\u00fcr Familien in Pellizzano, Italien\" \/>\n<meta name=\"robots\" content=\"index, follow, max-snippet:-1, max-image-preview:large, max-video-preview:-1\" \/>\n<link rel=\"canonical\" href=\"https:\/\/www.italyfamilyhotels.it\/de\/destinationen\/trentino-sudtirol\/pellizzano\" \/>\n<meta property=\"og:locale\" content=\"de_DE\" \/>\n<meta property=\"og:type\" content=\"article\" \/>\n<meta property=\"og:title\" content=\"Familienhotels in Pellizzano, Urlaub f\u00fcr Familien in Italien\" \/>\n<meta property=\"og:description\" content=\"Lust auf Familienurlaub? Wir haben die besten Hotel f\u00fcr Familien in Pellizzano, Italien\" \/>\n<meta property=\"og:url\" content=\"https:\/\/www.italyfamilyhotels.it\/de\/destinationen\/trentino-sudtirol\/pellizzano\" \/>\n<meta property=\"og:site_name\" content=\"Italy Family Hotels\" \/>\n<meta property=\"article:publisher\" content=\"https:\/\/www.facebook.com\/ItalyFamilyHotels\/\" \/>\n<meta property=\"article:modified_time\" content=\"2022-05-02T14:15:46+00:00\" \/>\n<meta name=\"twitter:card\" content=\"summary_large_image\" \/>\n<meta name=\"twitter:label1\" content=\"Gesch\u00e4tzte Lesezeit\" \/>\n\t<meta name=\"twitter:data1\" content=\"1\u00a0Minute\" \/>\n<script type=\"application\/ld+json\" class=\"yoast-schema-graph\">{\"@context\":\"https:\/\/schema.org\",\"@graph\":[{\"@type\":\"WebPage\",\"@id\":\"https:\/\/www.italyfamilyhotels.it\/de\/destinationen\/trentino-sudtirol\/pellizzano\",\"url\":\"https:\/\/www.italyfamilyhotels.it\/de\/destinationen\/trentino-sudtirol\/pellizzano\",\"name\":\"Familienhotels in Pellizzano, Urlaub f\u00fcr Familien in Italien\",\"isPartOf\":{\"@id\":\"https:\/\/www.italyfamilyhotels.it\/#website\"},\"datePublished\":\"2021-12-03T08:49:01+00:00\",\"dateModified\":\"2022-05-02T14:15:46+00:00\",\"description\":\"Lust auf Familienurlaub? Wir haben die besten Hotel f\u00fcr Familien in Pellizzano, Italien\",\"breadcrumb\":{\"@id\":\"https:\/\/www.italyfamilyhotels.it\/de\/destinationen\/trentino-sudtirol\/pellizzano#breadcrumb\"},\"inLanguage\":\"de\",\"potentialAction\":[{\"@type\":\"ReadAction\",\"target\":[\"https:\/\/www.italyfamilyhotels.it\/de\/destinationen\/trentino-sudtirol\/pellizzano\"]}]},{\"@type\":\"BreadcrumbList\",\"@id\":\"https:\/\/www.italyfamilyhotels.it\/de\/destinationen\/trentino-sudtirol\/pellizzano#breadcrumb\",\"itemListElement\":[{\"@type\":\"ListItem\",\"position\":1,\"name\":\"Home\",\"item\":\"https:\/\/www.italyfamilyhotels.it\/de\"},{\"@type\":\"ListItem\",\"position\":2,\"name\":\"Destinationen\",\"item\":\"https:\/\/www.italyfamilyhotels.it\/de\/destinationen\"},{\"@type\":\"ListItem\",\"position\":3,\"name\":\"Trentino-S\u00fcdtirol\",\"item\":\"https:\/\/www.italyfamilyhotels.it\/de\/destinationen\/trentino-sudtirol\"},{\"@type\":\"ListItem\",\"position\":4,\"name\":\"Pellizzano\"}]},{\"@type\":\"WebSite\",\"@id\":\"https:\/\/www.italyfamilyhotels.it\/#website\",\"url\":\"https:\/\/www.italyfamilyhotels.it\/\",\"name\":\"Italy Family Hotels\",\"description\":\"\",\"potentialAction\":[{\"@type\":\"SearchAction\",\"target\":{\"@type\":\"EntryPoint\",\"urlTemplate\":\"https:\/\/www.italyfamilyhotels.it\/?s={search_term_string}\"},\"query-input\":{\"@type\":\"PropertyValueSpecification\",\"valueRequired\":true,\"valueName\":\"search_term_string\"}}],\"inLanguage\":\"de\"}]}<\/script>\n<!-- \/ Yoast SEO plugin. -->","yoast_head_json":{"title":"Familienhotels in Pellizzano, Urlaub f\u00fcr Familien in Italien","description":"Lust auf Familienurlaub? Wir haben die besten Hotel f\u00fcr Familien in Pellizzano, Italien","robots":{"index":"index","follow":"follow","max-snippet":"max-snippet:-1","max-image-preview":"max-image-preview:large","max-video-preview":"max-video-preview:-1"},"canonical":"https:\/\/www.italyfamilyhotels.it\/de\/destinationen\/trentino-sudtirol\/pellizzano","og_locale":"de_DE","og_type":"article","og_title":"Familienhotels in Pellizzano, Urlaub f\u00fcr Familien in Italien","og_description":"Lust auf Familienurlaub? Wir haben die besten Hotel f\u00fcr Familien in Pellizzano, Italien","og_url":"https:\/\/www.italyfamilyhotels.it\/de\/destinationen\/trentino-sudtirol\/pellizzano","og_site_name":"Italy Family Hotels","article_publisher":"https:\/\/www.facebook.com\/ItalyFamilyHotels\/","article_modified_time":"2022-05-02T14:15:46+00:00","twitter_card":"summary_large_image","twitter_misc":{"Gesch\u00e4tzte Lesezeit":"1\u00a0Minute"},"schema":{"@context":"https:\/\/schema.org","@graph":[{"@type":"WebPage","@id":"https:\/\/www.italyfamilyhotels.it\/de\/destinationen\/trentino-sudtirol\/pellizzano","url":"https:\/\/www.italyfamilyhotels.it\/de\/destinationen\/trentino-sudtirol\/pellizzano","name":"Familienhotels in Pellizzano, Urlaub f\u00fcr Familien in Italien","isPartOf":{"@id":"https:\/\/www.italyfamilyhotels.it\/#website"},"datePublished":"2021-12-03T08:49:01+00:00","dateModified":"2022-05-02T14:15:46+00:00","description":"Lust auf Familienurlaub? Wir haben die besten Hotel f\u00fcr Familien in Pellizzano, Italien","breadcrumb":{"@id":"https:\/\/www.italyfamilyhotels.it\/de\/destinationen\/trentino-sudtirol\/pellizzano#breadcrumb"},"inLanguage":"de","potentialAction":[{"@type":"ReadAction","target":["https:\/\/www.italyfamilyhotels.it\/de\/destinationen\/trentino-sudtirol\/pellizzano"]}]},{"@type":"BreadcrumbList","@id":"https:\/\/www.italyfamilyhotels.it\/de\/destinationen\/trentino-sudtirol\/pellizzano#breadcrumb","itemListElement":[{"@type":"ListItem","position":1,"name":"Home","item":"https:\/\/www.italyfamilyhotels.it\/de"},{"@type":"ListItem","position":2,"name":"Destinationen","item":"https:\/\/www.italyfamilyhotels.it\/de\/destinationen"},{"@type":"ListItem","position":3,"name":"Trentino-S\u00fcdtirol","item":"https:\/\/www.italyfamilyhotels.it\/de\/destinationen\/trentino-sudtirol"},{"@type":"ListItem","position":4,"name":"Pellizzano"}]},{"@type":"WebSite","@id":"https:\/\/www.italyfamilyhotels.it\/#website","url":"https:\/\/www.italyfamilyhotels.it\/","name":"Italy Family Hotels","description":"","potentialAction":[{"@type":"SearchAction","target":{"@type":"EntryPoint","urlTemplate":"https:\/\/www.italyfamilyhotels.it\/?s={search_term_string}"},"query-input":{"@type":"PropertyValueSpecification","valueRequired":true,"valueName":"search_term_string"}}],"inLanguage":"de"}]}},"_links":{"self":[{"href":"https:\/\/www.italyfamilyhotels.it\/de\/wp-json\/wp\/v2\/pages\/3761","targetHints":{"allow":["GET"]}}],"collection":[{"href":"https:\/\/www.italyfamilyhotels.it\/de\/wp-json\/wp\/v2\/pages"}],"about":[{"href":"https:\/\/www.italyfamilyhotels.it\/de\/wp-json\/wp\/v2\/types\/page"}],"author":[{"embeddable":true,"href":"https:\/\/www.italyfamilyhotels.it\/de\/wp-json\/wp\/v2\/users\/2"}],"replies":[{"embeddable":true,"href":"https:\/\/www.italyfamilyhotels.it\/de\/wp-json\/wp\/v2\/comments?post=3761"}],"version-history":[{"count":5,"href":"https:\/\/www.italyfamilyhotels.it\/de\/wp-json\/wp\/v2\/pages\/3761\/revisions"}],"predecessor-version":[{"id":26921,"href":"https:\/\/www.italyfamilyhotels.it\/de\/wp-json\/wp\/v2\/pages\/3761\/revisions\/26921"}],"up":[{"embeddable":true,"href":"https:\/\/www.italyfamilyhotels.it\/de\/wp-json\/wp\/v2\/pages\/1426"}],"wp:attachment":[{"href":"https:\/\/www.italyfamilyhotels.it\/de\/wp-json\/wp\/v2\/media?parent=3761"}],"curies":[{"name":"wp","href":"https:\/\/api.w.org\/{rel}","templated":true}]}}